{"id":33,"date":"2021-10-13T16:42:08","date_gmt":"2021-10-13T13:42:08","guid":{"rendered":"https:\/\/blogi.savonia.fi\/portfolioat\/?page_id=33"},"modified":"2022-11-23T00:44:16","modified_gmt":"2022-11-22T22:44:16","slug":"matkailu-ja-majoituspalvelujen-historia","status":"publish","type":"page","link":"https:\/\/blogi.savonia.fi\/portfolioat\/opinnot\/it-opinnot\/matkailu-ja-majoituspalvelujen-historia\/","title":{"rendered":"Matkailu ja majoituspalvelujen perusteet"},"content":{"rendered":"\n<h2 class=\"wp-block-heading\">1. Historia<\/h2>\n\n\n\n<p>Matkailun kehityksess\u00e4 on merkityksellisi\u00e4 vaiheita. Ensimm\u00e4isi\u00e4 matkailuun liittyvi\u00e4 kokemuksia olivat kaupank\u00e4ynnin takia edellytett\u00e4v\u00e4t matkailut. Ihmisten t\u00e4ytyi matkustaa pitki\u00e4 matkoja saadakseen erilaisia tarvikkeita. Matkailua suoritettiin niin k\u00e4vellen, kuin vesitse. <\/p>\n\n\n\n<p>My\u00f6hemmin alkoi lis\u00e4\u00e4ntym\u00e4\u00e4n kaupank\u00e4ynnin lis\u00e4ksi my\u00f6s vapaa-ajan matkustaminen. Seuraava merkitt\u00e4v\u00e4 vaihe matkailussa oli matkustusturvallisuuden kehitt\u00e4minen ja vaunujen k\u00e4ytt\u00f6\u00f6notto.<\/p>\n\n\n\n<p>Kreikkalaisten matkailua pidet\u00e4\u00e4n nykyajan matkailun perustana. Alettiin enemm\u00e4n suosimaan vapaa-ajan matkailua fetivaalien ja urheilutapahtumien takia. Kreikan kaupunki alkoi my\u00f6s hyv\u00e4ksym\u00e4\u00e4n ulkomaan rahaa maksuissa, valuutanvaihdon ansiosta. <\/p>\n\n\n\n<p>Seuraavia merkitt\u00e4vi\u00e4 tapahtumia matkailun kannalta olivat y\u00f6pymispaikkojen rakentaminen. Varakkaat alkoivat suosimaan kylpyl\u00f6it\u00e4 ja gladiaattoritapahtumien suosio nousi. <\/p>\n\n\n\n<p>Keskiajalla matkustaminen alkoi v\u00e4hentym\u00e4\u00e4n vaarallisuuden vuoksi. Ry\u00f6st\u00e4ji\u00e4 oli matkareiteill\u00e4 enemm\u00e4n ja se lis\u00e4si turvattomuuden tunnetta. Merkitt\u00e4vi\u00e4 asioita matkailun kannalta keskiajalla olivat V\u00e4limeren kauppareitit ja Silkkitie, Hansa-liitto ja viikinkien matkat.<\/p>\n\n\n\n<p>Yksi merkitt\u00e4vi\u00e4 tapahtumia matkailun kannalta ovat l\u00f6yt\u00f6retket. L\u00f6ydettiin uusia kohteita ja samalla tieto alkoi levi\u00e4m\u00e4\u00e4n suuremmin. <\/p>\n\n\n\n<p>Matkailun historia on eritt\u00e4in kiinnostavaa. En olisi osannut ajatella, kuinka iso merkitys pienill\u00e4kin asioilla on ollut matkailun kannalta. My\u00f6s se yll\u00e4tti miten tasaisesti matkailu on kehittynyt. <\/p>\n\n\n\n<h2 class=\"wp-block-heading\">2. Toimiala ja elinkeino<\/h2>\n\n\n\n<p>Matkailu toimialana on hyvin laaja kokonaisuus. Tyypillis\u00e4 matkailun toimialojat ovat:<\/p>\n\n\n\n<ul class=\"wp-block-list\">\n<li>Majoituspalvelut<\/li>\n\n\n\n<li>Ravitsemispalvelut<\/li>\n\n\n\n<li>Varauspalvelut<\/li>\n\n\n\n<li>Liikennett\u00e4 palveleva toiminta<\/li>\n\n\n\n<li>Kulttuuri- ja viihdetoiminta<\/li>\n\n\n\n<li>Urheilutoiminta<\/li>\n\n\n\n<li>Huvi- ja virkistyspalvelut<\/li>\n<\/ul>\n\n\n\n<p>Matkailun tuomat tulot vaikuttaa positiivisesti my\u00f6s muiden toimialojen yrityksiin. Matkailutoimialoilla ty\u00f6skenteli vuonna 2018 yhteens\u00e4 142 100 henkil\u00f6\u00e4. <\/p>\n\n\n\n<p>Matkailun toimialaa tutkiessa huomasi, kuinka k\u00e4ymme koulussa laajasti juuri n\u00e4it\u00e4 asioita, mit\u00e4 matkailun toimialoihin kuuluu.<\/p>\n\n\n\n<h2 class=\"wp-block-heading\">3. Jakelukanavat<\/h2>\n\n\n\n<blockquote class=\"wp-block-quote is-layout-flow wp-block-quote-is-layout-flow\">\n<p><strong>\u201dMiten palvelu saadaan asiakkaalle ja asiakas palvelun luo\u201d<\/strong><\/p>\n<\/blockquote>\n\n\n\n<p>Revenue management on tuoton johtamista.<\/p>\n\n\n\n<p><em>Oikea tuote, oikeaan aikaan, oikealla hinnalla, oikealle asiakkaalle, oikeassa jakelukanavassa = PARAS TUOTOS<\/em><\/p>\n\n\n\n<p>Jakelukanavat on osa hotellien sek\u00e4 muiden matkailutuotteiden ja palvelujen markkinointia sek\u00e4 myynti\u00e4. Hotelliketjuissa jakelukanavia ovat mm. varauksien tekeminen suoraan hotellista, omat verkkosivut sek\u00e4 myyntipalvelu. Sis\u00e4ist\u00e4 jakelukanavaa on hotellin oma varauskanava. Asiakas pystyy myyntipalvelun kautta varaamaan huoneen mink\u00e4 tahansa  hotelliketjun hotelleista.<\/p>\n\n\n\n<p>Jakeluteiden teht\u00e4v\u00e4n\u00e4 on esimerkiksi jakaa tietoa, edist\u00e4\u00e4 myynti\u00e4, luoda yhteyksi\u00e4. Jakeluteit\u00e4 k\u00e4ytett\u00e4ess\u00e4 on hy\u00f6tyj\u00e4 kuluttajille. Kuluttaja voi v\u00e4ltt\u00e4\u00e4 palvelujen etsimisen ja varaamisen kustannuksia kun hoitaa keskitetysti yhden kanavan kautta ostamisen. Oikeanlaisen jakelukanavan l\u00f6yt\u00e4ess\u00e4 tavoittaa palvelu suuria m\u00e4\u00e4ri\u00e4 asikkaita, mik\u00e4 laajentaa palvelun tietoisuutta kuluttajien keskuudess\u00e4, sek\u00e4 saavuttaa enemm\u00e4n tuottoa. <\/p>\n\n\n\n<p>Jakelutie vaihtoehtoja:<\/p>\n\n\n\n<ol class=\"wp-block-list\">\n<li>kotimaiset ja ulkomaiset matkanj\u00e4rjest\u00e4j\u00e4t sek\u00e4 matkatoimistot<\/li>\n\n\n\n<li>varaamot<\/li>\n\n\n\n<li>liikenneyhti\u00f6t<\/li>\n\n\n\n<li>alueelliset ja paikalliset matkailuorganisaatiot\u00a0<\/li>\n\n\n\n<li>elektroniset jakelutiet.<\/li>\n<\/ol>\n\n\n\n<p>T\u00e4m\u00e4 aihe oli itselleni hieman haastava ymm\u00e4rt\u00e4\u00e4 ja t\u00e4t\u00e4 portfoliota tehdess\u00e4 vaikein osuus. <\/p>\n\n\n\n<h2 class=\"wp-block-heading\">4. Matkailukohteet ja vetovoimatekij\u00e4t<\/h2>\n\n\n\n<p>Matkakohde tarkoittaa: <\/p>\n\n\n\n<ul class=\"wp-block-list\">\n<li>Maantieteellisesti rajattua aluetta, jossa matkailija odottaa saavansa kokemuksia<\/li>\n\n\n\n<li>Pysyv\u00e4\u00e4 palveluymp\u00e4rist\u00f6\u00e4<\/li>\n\n\n\n<li>Yksitt\u00e4ist\u00e4 paikkaa, lomakeskusta, matkailualueta, valtiota, maanosaa tai ilmansuuntaa<\/li>\n\n\n\n<li>Toiminnallisuutta<\/li>\n\n\n\n<li>Sek\u00e4 my\u00f6s tunnetilaa, mielenmaisemaa tai imagoa.<\/li>\n<\/ul>\n\n\n\n<figure class=\"wp-block-image size-full\"><img loading=\"lazy\" decoding=\"async\" width=\"869\" height=\"622\" src=\"https:\/\/blogi.savonia.fi\/portfolioat\/wp-content\/uploads\/sites\/9002\/2022\/11\/Nayttokuva-24.png\" alt=\"\" class=\"wp-image-72\" srcset=\"https:\/\/blogi.savonia.fi\/portfolioat\/wp-content\/uploads\/sites\/9002\/2022\/11\/Nayttokuva-24.png 869w, https:\/\/blogi.savonia.fi\/portfolioat\/wp-content\/uploads\/sites\/9002\/2022\/11\/Nayttokuva-24-300x215.png 300w, https:\/\/blogi.savonia.fi\/portfolioat\/wp-content\/uploads\/sites\/9002\/2022\/11\/Nayttokuva-24-768x550.png 768w\" sizes=\"auto, (max-width: 869px) 100vw, 869px\" \/><\/figure>\n\n\n\n<p>Suomessa matkailijoita vet\u00e4\u00e4 puoleensa alueena: <\/p>\n\n\n\n<ul class=\"wp-block-list\">\n<li>Lappi<\/li>\n\n\n\n<li>Helsinki &#8211; Turku &#8211; Naantali<\/li>\n\n\n\n<li>Vaara-alueet<\/li>\n<\/ul>\n\n\n\n<p>Suomen vetovoimatekij\u00f6in\u00e4 ovat siis mielest\u00e4ni Suomen luonto, puhtaus, luotettavuus sek\u00e4 suomalainen el\u00e4m\u00e4ntapa ja kulttuuri.<\/p>\n\n\n\n<p>Vetovoimatekij\u00e4t eli attraktiot vet\u00e4v\u00e4t erilaisia matkailijoita puoleensa erilaisiin kohteisiin. N\u00e4m\u00e4 voidaan jakaa prim\u00e4\u00e4riseen, sekundaariseen, keskitettyyn sek\u00e4 kohdeattraktioon. <strong>Prim\u00e4\u00e4rinen attraktio<\/strong> on matkalijan p\u00e4\u00e4asiallinen matkakohde. N\u00e4it\u00e4 ovat esimerkiksi rantakohteet ja hiihtokeskukset, sek\u00e4 niiss\u00e4 viivyt\u00e4\u00e4n useampi y\u00f6. <strong>Sekundaarinen attraktio <\/strong>tarkoittaa v\u00e4lietappeja tai pist\u00e4ytymispaikkoja. <strong>Keskitetty attraktio<\/strong> on alueellisesti tiivis ja hajautettu kohdeattraktio. <strong>Kohdeattraktiossa<\/strong> puoleensa vet\u00e4\u00e4 fyysinen paikka, kuten tietty kaupunki tai maantieteellinen pysyv\u00e4 alue. <\/p>\n\n\n\n<h2 class=\"wp-block-heading\">5. Turvallisuus<\/h2>\n\n\n\n<figure class=\"wp-block-image size-full is-resized\"><img loading=\"lazy\" decoding=\"async\" src=\"https:\/\/blogi.savonia.fi\/portfolioat\/wp-content\/uploads\/sites\/9002\/2022\/10\/Nayttokuva-23.png\" alt=\"\" class=\"wp-image-64\" width=\"335\" height=\"188\" srcset=\"https:\/\/blogi.savonia.fi\/portfolioat\/wp-content\/uploads\/sites\/9002\/2022\/10\/Nayttokuva-23.png 977w, https:\/\/blogi.savonia.fi\/portfolioat\/wp-content\/uploads\/sites\/9002\/2022\/10\/Nayttokuva-23-300x169.png 300w, https:\/\/blogi.savonia.fi\/portfolioat\/wp-content\/uploads\/sites\/9002\/2022\/10\/Nayttokuva-23-768x432.png 768w\" sizes=\"auto, (max-width: 335px) 100vw, 335px\" \/><\/figure>\n\n\n\n<p>Turvallisuus on matkailussa perusarvo sek\u00e4 odotus. Se vaikuttaa ihmisten ostop\u00e4\u00e4t\u00f6kseen ostaa matkailupalvelun tuotteita. Odotuksena on matkailun turvallisuudessa se, ett\u00e4 asiakas saa palvelut turvallisesti, henkil\u00f6st\u00f6 voi tehd\u00e4 ty\u00f6ns\u00e4 turvallisesti sek\u00e4 yritt\u00e4j\u00e4 ett\u00e4 kunta  hy\u00f6tyv\u00e4t turvallisesti. <\/p>\n\n\n\n<p>Turvallisuus matkailussa itsell\u00e4ni n\u00e4kyy my\u00f6s vahvasti. Lentoja varatessa k\u00e4y l\u00e4pi turvallisen vaihtoehdon ja samoin my\u00f6s majoitusta varatessa k\u00e4yn l\u00e4pi tarkasti tiedot ja tutkin asiaa monelta eri l\u00e4hteelt\u00e4. <\/p>\n\n\n\n<p>Turvallisuuden tunteeseen matkailussa vaikuttavat esimerkiksi kokemus, tieto,  ymp\u00e4rist\u00f6, ihmisten n\u00e4kyv\u00e4 k\u00e4ytt\u00e4ytyminen ja ihmisten toiminta. Turvallisuuden toiminnan tavoitteena on pyrki\u00e4 parempaan, onnettomuuksien est\u00e4minen sek\u00e4 riskien hallinta. On t\u00e4rke\u00e4\u00e4 tunnistaa isoimmat riskit ja n\u00e4in tiet\u00e4\u00e4 mihin kohdistaa kehitt\u00e4v\u00e4t toimenpiteet turvallisuuden takaamiseksi. <\/p>\n\n\n\n<p>Turvallisuuden merkitys on matkailupalveluissa kasvanut ja n\u00e4ihin vaikuttavat my\u00f6s lains\u00e4\u00e4d\u00e4nn\u00f6llisetkin s\u00e4\u00e4d\u00f6kset. N\u00e4iden lakien my\u00f6t\u00e4 on matkustaminen turvallisempaa sek\u00e4 siihen kiinnitet\u00e4\u00e4n enemm\u00e4n huomiota. N\u00e4it\u00e4 matkailuun vaikuttavia ovat esimerkiksi seuraavat:<\/p>\n\n\n\n<ul class=\"wp-block-list\">\n<li>Kuluttajansuojas\u00e4\u00e4d\u00f6kset<\/li>\n\n\n\n<li>Ymp\u00e4rist\u00f6s\u00e4\u00e4d\u00f6kset<\/li>\n\n\n\n<li>Vahingonkorvauss\u00e4\u00e4d\u00f6kset<\/li>\n\n\n\n<li>Liikennes\u00e4\u00e4d\u00f6kset.<\/li>\n<\/ul>\n\n\n\n<h2 class=\"wp-block-heading\">6. Majoitusmuodot<\/h2>\n\n\n\n<p>Tilastokeskus jakaa majoitusliikkeiden y\u00f6pymiset majoitustavan mukaan kolmeen ryhm\u00e4\u00e4n. <\/p>\n\n\n\n<ul class=\"wp-block-list\">\n<li>Huone, m\u00f6kki<\/li>\n\n\n\n<li>Matkailuvaunu<\/li>\n\n\n\n<li>Teltta tai muu majoitustapa<\/li>\n<\/ul>\n\n\n\n<p>Majoitusmuotoja on monia erilaisia vaihtoehtoja juuri asiakkaan tarpeisiin suunnattuja. Majoitustyyppej\u00e4 ovat esimerkiksi hotelli, motelli, hostelli, leirint\u00e4alueet, airbnb sek\u00e4 bed &amp; breakfast. N\u00e4ist\u00e4 yleisin ja tunnetuin on varmasti hotellimajoitus. Kerron nyt muutamasta majoitusmuodosta hieman tarkemmin.<\/p>\n\n\n\n<p>Esnimm\u00e4isen\u00e4 hotellimajoitus joka on varmasti monille tunnetuin ja yleisin majoitusmuoto. T\u00e4m\u00e4 pit\u00e4\u00e4 my\u00f6s paikkaansa minun kohdallani. Hotelli majoituksena on luotettava ja helppo. Sijainnin  puolesta hotellit my\u00f6s sijoittuvat l\u00e4helle monia muita palveluita, sek\u00e4 ovat hyvien kulkuyhteyksien l\u00e4hettyvill\u00e4. Hotelleista l\u00f6ytyy my\u00f6s monia erilaisia vaihtoehtoja muunmuassa budjetin mukaan. Huoneissa on my\u00f6s vaihtoehtoja niiden kokojen ja lis\u00e4palveluiden puolesta. <\/p>\n\n\n\n<p>Motelli eroaa hotelleista esimerkiksi hinnaltaan, niiden ollessa edullisempi vaihtoehto. My\u00f6sk\u00e4\u00e4n motelleista ei v\u00e4ltt\u00e4m\u00e4tt\u00e4 l\u00f6ydy huoneesta omia WC- tai peseytymismahdollisuutta, toisin kuten hotelleista l\u00f6ytyy. Motelli on saanut nimens\u00e4 sen sijainnin perustella, sill\u00e4 motellit yleisesti sijaitsevat moottoritien varrella ja t\u00e4st\u00e4 tulee nimi moottorihotelli. My\u00f6skin motelleissa y\u00f6pyminen on yleens\u00e4 tarkoitettu vain yhteen y\u00f6h\u00f6n, kun taas hotelleissa saatetaan majoittautua pidempikin aika. <\/p>\n\n\n\n<p>Viime vuosien aikana yleistynyt, sek\u00e4 itselleni tuttu ja eritt\u00e4in hyv\u00e4ksi todettu majoitusmuoto on Airbnb. T\u00e4ss\u00e4 voivat asiakkaat laittaa itse oman asuntonsa vuokrattavaksi tai vain osan asunnostaan. T\u00e4m\u00e4 kotimajoitusten v\u00e4litt\u00e4j\u00e4organisaatio tarjoaa verkkoalustan, jonka kautta voidaan etsi\u00e4 itselle sopiva asunto sopivasta paikasta, ja n\u00e4in siten vuokrata se haluamaksi ajankohdaksi. T\u00e4ss\u00e4 majoitusmuodossa ovat asunnot erihintaisia sek\u00e4 -kokoisia, kerrostaloasunnosta m\u00f6kkeihin tai rantahuviloihin. <\/p>\n\n\n\n<p>Matkaillessa voi siis asiakas valita monista vaihtoehdoista itselleen mieluisimman majoitusmuodon hinnan, palvelujen, keston sek\u00e4 mieltymyksien mukaan. <\/p>\n\n\n\n<h2 class=\"wp-block-heading\">7. Matkailijatyypit<\/h2>\n\n\n\n<p>Matkailijatyypeist\u00e4 on hyv\u00e4 tiet\u00e4\u00e4 suunnitellessa markkinointia ja kehitt\u00e4ess\u00e4 palveluja. T\u00e4m\u00e4n avulla pidet\u00e4\u00e4n matkailun ksysnt\u00e4\u00e4 yll\u00e4, sek\u00e4 varmistetaan etteiv\u00e4t kohteet samankaltaistu. N\u00e4in jokainen matkailija pystyy valistemaan itselleen sopiva kohde. Luokittelutapoja on monia ja yksi niist\u00e4 on mitata matkailijoita kovilla, selke\u00e4sti mitattavilla ja m\u00e4\u00e4ritett\u00e4vill\u00e4 tekij\u00f6ill\u00e4.<\/p>\n\n\n\n<ul class=\"wp-block-list\">\n<li>Demograafiset tekij\u00e4t <\/li>\n\n\n\n<li>Maantieteelliset tekij\u00e4t <\/li>\n\n\n\n<li>Sosioekonomiset tekij\u00e4t <\/li>\n\n\n\n<li>Harrastukset<\/li>\n<\/ul>\n\n\n\n<p>N\u00e4m\u00e4 m\u00e4\u00e4rittelev\u00e4t matkailijat siis joko heid\u00e4n v\u00e4est\u00f6llisien tekij\u00f6iden, maantieteellisen taustan, rahan, koulutuksen sek\u00e4 harrastuksien, jotka ohjaavat matkailuk\u00e4ytt\u00e4ytymist\u00e4 mukaan. <\/p>\n\n\n\n<p>Pehmeit\u00e4 tekij\u00f6it\u00e4 matkailijan kuvaajana ovat sosiaaliset ja psykogoliset tekij\u00e4t. N\u00e4m\u00e4 luokittelut huomioivat ihmiset tietynlaisina ihmisin\u00e4, eiv\u00e4tk\u00e4 siten siihen vaikuta esimerkiksi eri el\u00e4m\u00e4nkaaren vaiheet tai roolit el\u00e4m\u00e4ss\u00e4. <\/p>\n\n\n\n<p>Luokittelutapoja eri matkailijatyypeist\u00e4 on monia erilaisia n\u00e4kemyksi\u00e4. N\u00e4ist\u00e4 ehk\u00e4 tunnetuin on Stanley Plogin vuonna 1974 tekem\u00e4 jaottelu. Siin\u00e4 matkailijat jaetaan psykosentrikkoihin, allosentrikkoihin ja midsentrikkoihin. Psykosentrikot suosivat matkallaan tuttua ja turvallista, kun taas allosentrikot hakevat enempi uusia ja j\u00e4nnitt\u00e4v\u00e4mpi\u00e4 kokemuksia. N\u00e4iden v\u00e4liss\u00e4 on midsentrikko, jolla l\u00f6ytyy molempien piirteiden ominaisuuksia, ja t\u00e4h\u00e4n valtaosa matkailijoista kuuluu. My\u00f6s min\u00e4 koen ett\u00e4 olen enemm\u00e4n matkailijana midsentrikko, vaikkakin enempi piirteist\u00e4ni sopii allosentrikkoon.<\/p>\n\n\n\n<p>Muita luokituksia matkailijatyypeist\u00e4 ovat tehneet \u00a0Smith (1977, 1989), Cohen (1972) ja Perreault, Dorren &amp; Dorren (1979), sek\u00e4 suomalaisista Hiltunen (2019).<\/p>\n\n\n\n<p>Perreault, Dorden ja Dorden jaottelevat matkailijat viiteen eri tyyppiin. N\u00e4ist\u00e4 ensimm\u00e4inen on <strong>budjettimatkailijat<\/strong>, jotka suosivat halvempia matkoja, mutta ovat kuitenkin keskituloisia. Seuraavana on <strong>seikkalijat<\/strong>, jotka suosivat aktiivisia ja seikkailullisia matkoja. He ovat varakkaita sek\u00e4 hyvin koulutettuja. Kolmantena matkailijatyyppin\u00e4 l\u00f6ytyy <strong>kotikissa<\/strong>-matkailijat, he ovat varovaisia ihmisi\u00e4, jotka eiv\u00e4t keskustelu lomistaan muiden kanssa, sek\u00e4 j\u00e4tt\u00e4v\u00e4t niukaksi matkasuunnittelun j\u00e4rjestelyt. <strong>Lomailijat <\/strong>ovat pieni ryhm\u00e4 aktiivisia ihmisi\u00e4, jotka k\u00e4ytt\u00e4v\u00e4t aikansa seuraavan matkan suunniteluun. Viimeisen\u00e4 on <strong>maltilliset matkailijat<\/strong>, jotka ovat halukkaita matkustamaan, mutta heid\u00e4n matkansa ovat pidempikestoisia, eiv\u00e4tk\u00e4 he ole kiinnostuneet urheilusta.<\/p>\n\n\n\n<h2 class=\"wp-block-heading\">L\u00e4hteet<\/h2>\n\n\n\n<div class=\"wp-block-group is-vertical is-layout-flex wp-container-core-group-is-layout-8cf370e7 wp-block-group-is-layout-flex\">\n<p>Opintojakson moodlen materiaalit<\/p>\n\n\n\n<p>rantapallo.fi\/hotellit<\/p>\n\n\n\n<p>airbnb.fi<\/p>\n\n\n\n<p>businessfinland.fi<\/p>\n\n\n\n<p>tui.fi\/inspiration\/matkailun-historia-varhaiset-vuodet\/<\/p>\n<\/div>\n","protected":false},"excerpt":{"rendered":"<p>1. Historia Matkailun kehityksess\u00e4 on merkityksellisi\u00e4 vaiheita. Ensimm\u00e4isi\u00e4 matkailuun liittyvi\u00e4 kokemuksia olivat kaupank\u00e4ynnin takia edellytett\u00e4v\u00e4t matkailut. Ihmisten t\u00e4ytyi matkustaa pitki\u00e4 matkoja saadakseen erilaisia tarvikkeita. Matkailua suoritettiin niin k\u00e4vellen, kuin vesitse. My\u00f6hemmin alkoi lis\u00e4\u00e4ntym\u00e4\u00e4n kaupank\u00e4ynnin lis\u00e4ksi my\u00f6s vapaa-ajan matkustaminen. Seuraava merkitt\u00e4v\u00e4 vaihe matkailussa oli matkustusturvallisuuden kehitt\u00e4minen ja vaunujen k\u00e4ytt\u00f6\u00f6notto. Kreikkalaisten matkailua pidet\u00e4\u00e4n nykyajan matkailun perustana. Alettiin &hellip; <a href=\"https:\/\/blogi.savonia.fi\/portfolioat\/opinnot\/it-opinnot\/matkailu-ja-majoituspalvelujen-historia\/\" class=\"more-link\">Jatka lukemista <span class=\"screen-reader-text\">Matkailu ja majoituspalvelujen perusteet<\/span> <span class=\"meta-nav\">&rarr;<\/span><\/a><\/p>\n","protected":false},"author":6982,"featured_media":0,"parent":12,"menu_order":0,"comment_status":"closed","ping_status":"closed","template":"","meta":{"footnotes":""},"class_list":["post-33","page","type-page","status-publish","hentry"],"_links":{"self":[{"href":"https:\/\/blogi.savonia.fi\/portfolioat\/wp-json\/wp\/v2\/pages\/33","targetHints":{"allow":["GET"]}}],"collection":[{"href":"https:\/\/blogi.savonia.fi\/portfolioat\/wp-json\/wp\/v2\/pages"}],"about":[{"href":"https:\/\/blogi.savonia.fi\/portfolioat\/wp-json\/wp\/v2\/types\/page"}],"author":[{"embeddable":true,"href":"https:\/\/blogi.savonia.fi\/portfolioat\/wp-json\/wp\/v2\/users\/6982"}],"replies":[{"embeddable":true,"href":"https:\/\/blogi.savonia.fi\/portfolioat\/wp-json\/wp\/v2\/comments?post=33"}],"version-history":[{"count":11,"href":"https:\/\/blogi.savonia.fi\/portfolioat\/wp-json\/wp\/v2\/pages\/33\/revisions"}],"predecessor-version":[{"id":71,"href":"https:\/\/blogi.savonia.fi\/portfolioat\/wp-json\/wp\/v2\/pages\/33\/revisions\/71"}],"up":[{"embeddable":true,"href":"https:\/\/blogi.savonia.fi\/portfolioat\/wp-json\/wp\/v2\/pages\/12"}],"wp:attachment":[{"href":"https:\/\/blogi.savonia.fi\/portfolioat\/wp-json\/wp\/v2\/media?parent=33"}],"curies":[{"name":"wp","href":"https:\/\/api.w.org\/{rel}","templated":true}]}}