{"id":4,"date":"2020-10-07T10:23:31","date_gmt":"2020-10-07T07:23:31","guid":{"rendered":"https:\/\/blogi.savonia.fi\/portfolioat\/?page_id=4"},"modified":"2024-12-15T15:18:38","modified_gmt":"2024-12-15T13:18:38","slug":"tietoa-minusta","status":"publish","type":"page","link":"https:\/\/blogi.savonia.fi\/portfolioat\/","title":{"rendered":"ePortfolio"},"content":{"rendered":"\n<h3 class=\"wp-block-heading\">Tietoa minusta<\/h3>\n\n\n\n<p>Olen viimeisen vuoden restonomi opiskelija. Kotoisin olen Joroisista ja Kuopioon muutin vuoden 2020 loppu kes\u00e4st\u00e4, opiskeluiden per\u00e4ss\u00e4. Olen 24-vuotias ja harrastuksiini kuuluu muunmuassa lenkkeily, laskettelu ja monipuolinen ulkoilu. Vapaa-ajallani viihdyn kavereideni seurassa tai is\u00e4ni maatilalla pikkuveljieni kanssa. Tykk\u00e4\u00e4n kuunnella paljon musiikkia ja el\u00e4\u00e4 hetkess\u00e4. Kuvailisin itse\u00e4ni spontaaniksi, ja siit\u00e4 saan my\u00f6s monesti el\u00e4m\u00e4\u00e4ni ihanimpia muistoja.<\/p>\n\n\n\n<p>Restonomiksi opiskeleminen minua kiinnosti alan monipuolisuuden takia. Viel\u00e4 en tied\u00e4 mit\u00e4 haluan isona tehd\u00e4 tai onko t\u00e4m\u00e4 juuri minun alani, mutta t\u00e4h\u00e4n asti olen viihtynyt ja nauttinut uusien asioiden oppimisesta. Kaipaan el\u00e4m\u00e4\u00e4ni uutta ja j\u00e4nnitt\u00e4v\u00e4\u00e4 ja ensimm\u00e4inen vuosi ammattikorkeakoulu opiskelijana on sit\u00e4 kyll\u00e4 ollut. <\/p>\n\n\n\n<p>Aikaisempaa ty\u00f6kokemusta minulla enimm\u00e4kseen on asiakaspalveluty\u00f6st\u00e4. Olen my\u00f6s ollut siivoushommissa, taimitarhalla, sisustustehtaalla sek\u00e4 tehnyt erilaisia korjaus\/pihat\u00f6it\u00e4. Ty\u00f6skentelij\u00e4n\u00e4 olen eritt\u00e4in vastuuntuntoinen, enk\u00e4 pysty aloittamaani ty\u00f6teht\u00e4v\u00e4\u00e4 kesken lopettamaan. Ty\u00f6skentely minulta onnistuu sek\u00e4 yksin ett\u00e4 muiden kanssa. <\/p>\n\n\n\n<h3 class=\"wp-block-heading\">Oman oppimiseni dokumentointi<\/h3>\n\n\n\n<p>Mystery shopping teht\u00e4v\u00e4 aloitettiin valitsemalla ryhm\u00e4t sek\u00e4 yritys, jossa vierailimme. T\u00e4m\u00e4 oli meid\u00e4n ensimm\u00e4inen raporttiteht\u00e4v\u00e4. Teht\u00e4v\u00e4\u00e4 l\u00e4hdettiin suunnittelemaan ja toteuttamaan odottavaisin mielin, sill\u00e4 oli aihe ja teht\u00e4v\u00e4 t\u00e4ss\u00e4 todella mielenkiintoinen ja aivan uusi. Ei ollut kyseess\u00e4 vain pelkk\u00e4 essee teht\u00e4v\u00e4 vaan raporttia varten piti tehd\u00e4 huolellinen esivalmistelu, suunnittelu, sek\u00e4 itse paikanp\u00e4\u00e4ll\u00e4 vierailu. <\/p>\n\n\n\n<p>Valitsimme ravintolaksi King&#8217;s Crownin, joka oli osalle ryhm\u00e4st\u00e4 aivan uusi, mutta yhdelle meid\u00e4n ryhm\u00e4mme j\u00e4senist\u00e4 eritt\u00e4in tuttu, sill\u00e4 h\u00e4n oli siell\u00e4 ty\u00f6skennellyt. K\u00e4ynti oli hauska ja eritt\u00e4in mielenkiintoinen, sill\u00e4 oli paljon mit\u00e4 ravintolassa vierraillessa piti huomioida, mit\u00e4 ei ennen ole miettinytk\u00e4\u00e4n.<\/p>\n\n\n\n<p>Ryhm\u00e4mme ty\u00f6skentely sujui ongelmitta ja saimme raportin kirjoitettua hyvin. Jaoimme jokaiselle jo alussa omat teht\u00e4v\u00e4t, mit\u00e4 kukin tutki ja n\u00e4ist\u00e4 my\u00f6s kirjoitti. Teht\u00e4v\u00e4 kokonaisuudessaan oli mielenkiintoinen ja kiva tehd\u00e4. Siin\u00e4 p\u00e4\u00e4si ryhm\u00e4n\u00e4 tekem\u00e4\u00e4n alusta loppuun ja siihen kuului paljon eri asioita. Palaute auttoi my\u00f6s jatkoa varten paljon. <\/p>\n\n\n\n<p>Pop Up -ravintola oli silt\u00e4 kannalta merkitt\u00e4v\u00e4 oman oppimiseni kannalta, sill\u00e4 n\u00e4in p\u00e4\u00e4sin n\u00e4kem\u00e4\u00e4n mik\u00e4 ei ole minua varten ja n\u00e4in ollen keskittym\u00e4\u00e4n opinnoissani enemm\u00e4n niihin mitk\u00e4 tuntuu enemm\u00e4n omalta jutulta. Noin isossa ryhm\u00e4ss\u00e4 ty\u00f6skentely tuotti haasteita, sek\u00e4 koronan takia ei edes p\u00e4\u00e4sty teht\u00e4v\u00e4\u00e4 toteuttamaan. Pop Up -ravintolan toteuttaminen olisi varmasti ollut mukava kokemus kokonaisuudessaan. Teht\u00e4v\u00e4ss\u00e4 minua kiinnosti varsinkin markkinointi ja posterin suunnittelu, sek\u00e4 ylip\u00e4\u00e4t\u00e4\u00e4n oli mukava kuitenkin n\u00e4hd\u00e4 mit\u00e4 kaikkea vastaavanlainen teht\u00e4v\u00e4 vaatii.<\/p>\n\n\n\n<h5 class=\"wp-block-heading\"><strong>2. Vastuullisen toimialalla kurssi<\/strong><\/h5>\n\n\n\n<p>Kurssilla k\u00e4sittelimme vastuullisuuden ja kest\u00e4v\u00e4n kehityksen integroimista yrityksen toimintaan. Opin analysoimaan yritysten toimintatapoja vastuullisuuden n\u00e4k\u00f6kulmasta ja l\u00f6ysin keinoja, miten pienill\u00e4 muutoksilla voi olla suuri vaikutus ymp\u00e4rist\u00f6\u00f6n ja yrityksen imagoon. Vastuullisuus on keskeinen osa nykyaikaista palveluliiketoimintaa, ja ymm\u00e4rryksen syvent\u00e4minen t\u00e4ll\u00e4 alalla antoi minulle valmiuksia soveltaa n\u00e4it\u00e4 periaatteita my\u00f6s omassa ty\u00f6ss\u00e4ni ja tulevassa urassani.<\/p>\n\n\n\n<h5 class=\"wp-block-heading\"><strong>3. Ty\u00f6harjoittelu<\/strong><\/h5>\n\n\n\n<p>Ty\u00f6harjoittelujakson aikana syvensin osaamistani asiakaspalvelussa ja myynniss\u00e4. Sain k\u00e4yt\u00e4nn\u00f6n kokemusta palveluiden ja tuotteiden yhdist\u00e4misest\u00e4 asiakkaiden tarpeisiin. Harjoittelu tarjosi my\u00f6s mahdollisuuden kehitt\u00e4\u00e4 omaa itseohjautuvuuttani ja vastuunottoa. Ty\u00f6harjoittelun kautta opin, miten opintojen aikana hankittuja teoreettisia tietoja voidaan soveltaa k\u00e4yt\u00e4nn\u00f6ss\u00e4. T\u00e4m\u00e4 kokemus auttoi minua ymm\u00e4rt\u00e4m\u00e4\u00e4n, mit\u00e4 asiantuntijuus tarkoittaa arjen ty\u00f6el\u00e4m\u00e4ss\u00e4.<\/p>\n\n\n\n<h4 class=\"wp-block-heading\"><strong>Tulevaisuuden tavoitteeni<\/strong><\/h4>\n\n\n\n<ul class=\"wp-block-list\">\n<li><strong>Osaamisen syvent\u00e4minen:<\/strong> Haluaisin syvent\u00e4\u00e4 osaamistani erityisesti vastuullisen liiketoiminnan ja palvelumuotoilun alueilla. N\u00e4ill\u00e4 taidoilla on suuri merkitys tulevaisuuden ty\u00f6el\u00e4m\u00e4ss\u00e4.<\/li>\n\n\n\n<li><strong>Kansainv\u00e4lisyys:<\/strong> Tavoitteenani on kehitt\u00e4\u00e4 kielitaitoani ja mahdollisesti ty\u00f6skennell\u00e4 kansainv\u00e4lisess\u00e4 ymp\u00e4rist\u00f6ss\u00e4.<\/li>\n\n\n\n<li><strong>Johtamisroolit:<\/strong> Pitk\u00e4n aikav\u00e4lin tavoitteenani on edet\u00e4 vastuullisiin rooleihin, joissa voin hy\u00f6dynt\u00e4\u00e4 laaja-alaista osaamistani ja kehitt\u00e4\u00e4 uusia innovatiivisia ratkaisuja palvelualalle.<\/li>\n<\/ul>\n","protected":false},"excerpt":{"rendered":"<p>Tietoa minusta Olen viimeisen vuoden restonomi opiskelija. Kotoisin olen Joroisista ja Kuopioon muutin vuoden 2020 loppu kes\u00e4st\u00e4, opiskeluiden per\u00e4ss\u00e4. Olen 24-vuotias ja harrastuksiini kuuluu muunmuassa lenkkeily, laskettelu ja monipuolinen ulkoilu. Vapaa-ajallani viihdyn kavereideni seurassa tai is\u00e4ni maatilalla pikkuveljieni kanssa. Tykk\u00e4\u00e4n kuunnella paljon musiikkia ja el\u00e4\u00e4 hetkess\u00e4. Kuvailisin itse\u00e4ni spontaaniksi, ja siit\u00e4 saan my\u00f6s monesti el\u00e4m\u00e4\u00e4ni &hellip; <a href=\"https:\/\/blogi.savonia.fi\/portfolioat\/\" class=\"more-link\">Jatka lukemista <span class=\"screen-reader-text\">ePortfolio<\/span> <span class=\"meta-nav\">&rarr;<\/span><\/a><\/p>\n","protected":false},"author":6982,"featured_media":0,"parent":0,"menu_order":0,"comment_status":"closed","ping_status":"closed","template":"","meta":{"footnotes":""},"class_list":["post-4","page","type-page","status-publish","hentry"],"_links":{"self":[{"href":"https:\/\/blogi.savonia.fi\/portfolioat\/wp-json\/wp\/v2\/pages\/4","targetHints":{"allow":["GET"]}}],"collection":[{"href":"https:\/\/blogi.savonia.fi\/portfolioat\/wp-json\/wp\/v2\/pages"}],"about":[{"href":"https:\/\/blogi.savonia.fi\/portfolioat\/wp-json\/wp\/v2\/types\/page"}],"author":[{"embeddable":true,"href":"https:\/\/blogi.savonia.fi\/portfolioat\/wp-json\/wp\/v2\/users\/6982"}],"replies":[{"embeddable":true,"href":"https:\/\/blogi.savonia.fi\/portfolioat\/wp-json\/wp\/v2\/comments?post=4"}],"version-history":[{"count":6,"href":"https:\/\/blogi.savonia.fi\/portfolioat\/wp-json\/wp\/v2\/pages\/4\/revisions"}],"predecessor-version":[{"id":95,"href":"https:\/\/blogi.savonia.fi\/portfolioat\/wp-json\/wp\/v2\/pages\/4\/revisions\/95"}],"wp:attachment":[{"href":"https:\/\/blogi.savonia.fi\/portfolioat\/wp-json\/wp\/v2\/media?parent=4"}],"curies":[{"name":"wp","href":"https:\/\/api.w.org\/{rel}","templated":true}]}}