{"id":19,"date":"2021-01-23T14:38:53","date_gmt":"2021-01-23T12:38:53","guid":{"rendered":"https:\/\/blogi.savonia.fi\/portfoliojasminalasaari\/?page_id=19"},"modified":"2021-05-07T15:43:20","modified_gmt":"2021-05-07T12:43:20","slug":"matkailu-ja-majoituspalveluiden-perusteet","status":"publish","type":"page","link":"https:\/\/blogi.savonia.fi\/portfoliojasminalasaari\/matkailu-ja-majoituspalveluiden-perusteet\/","title":{"rendered":"Matkailu- ja majoituspalveluiden perusteet"},"content":{"rendered":"\n<h2 class=\"has-normal-font-size wp-block-heading\">Matkailun historia<\/h2>\n\n\n\n<p class=\"has-white-color has-dark-gray-background-color has-text-color has-background has-normal-font-size\"><em>Jos et tunne menneisytt\u00e4, et voi hahmottaa nykyisytt\u00e4 ja suunnitella tulevaisuutta<\/em>.<\/p>\n\n\n\n<p>Historian tiet\u00e4minen auttaa hahmottamaan sit\u00e4, miten ollaan saavuttu pisteeseen, jossa nyt ollaan. T\u00e4m\u00e4 p\u00e4tee my\u00f6s matkailussa.<\/p>\n\n\n\n<p>Minulle tuli yll\u00e4tyksen\u00e4 kuinka kauan ihmiskunta on matkustanut. Muinaisten valtakuntien kehitys ja keksinn\u00f6t ovat perustana meid\u00e4n nykyp\u00e4iv\u00e4n matkailulle. Erityisesti yll\u00e4tti se, ett\u00e4 jo vanhojen valtakuntien aikana 5000-1000 eKr. my\u00f6s vapaa-ajan matkailu on alkanut kehitty\u00e4. Matkailuun ovat aina vaikuttaneet liikkumistapojen kehitys, kuten lentoliikenne,  sek\u00e4 kansan varallisuus (Verhel\u00e4, 2016). Nyky\u00e4\u00e4nkin vilkas matkailu on enemm\u00e4n parempiosaisten huvi.<\/p>\n\n\n\n<p>Matkailu on taas vaikuttanut matkustuskohteisiin. Paikalliset ovat kehitt\u00e4neet palveluita turistimassoja varten. Vapaa-ajan matkustajat haluavat el\u00e4myksi\u00e4, joten heit\u00e4 varten on kehitetty esimerkiksi aktiviteetteja ja kylpyl\u00f6it\u00e4. Sesonkiaikana turistit voivat kasvattaa huimasti paikan normaalia v\u00e4kilukua, joten heit\u00e4 varten pit\u00e4\u00e4 tehd\u00e4 ruokailu- ja majoitusmahdollisuuksia. <\/p>\n\n\n\n<p>Esimerkiksi Ylen artikkelin mukaan Kittil\u00e4n kunnassa asuu 6384 ihmist\u00e4, mutta siell\u00e4 vierailee vuosittain yli puoli miljoonaa ihmist\u00e4. Siksi sinne on rakennettu noin 60 ravintolaa. (L\u00e4nsman, 2019)<\/p>\n\n\n\n<p>L\u00e4hteet:<\/p>\n\n\n\n<ul class=\"wp-block-list\"><li>L\u00e4nsman, K. 18.7.2019, Yle uutiset (Viitattu 23.1.2021)   <a href=\"https:\/\/yle.fi\/uutiset\/3-10881253\">https:\/\/yle.fi\/uutiset\/3-10881253<\/a><\/li><li>Verhel\u00e4, Pauli. 2016. Matkailun perusteet. 2. painos. Kuopio: SH Traveledu<\/li><\/ul>\n\n\n\n<h2 class=\"has-normal-font-size wp-block-heading\">Perusk\u00e4sitteet<\/h2>\n\n\n\n<p class=\"has-white-color has-dark-gray-background-color has-text-color has-background\"><em>Matkailuun liittyy aina matkustamista, mutta kaikki matkustaminen ei ole matkailua<\/em>.<\/p>\n\n\n\n<p>Matkailun opiskelun avulla saadaan k\u00e4teen avaimet, joiden avulla voidaan tuottaa asiakkaille mahdollisimman hyvi\u00e4 kokemuksia. Tyytyv\u00e4iset asiakkaat ovat t\u00e4rke\u00e4 osa tuottavaa bisnest\u00e4.<\/p>\n\n\n\n<p>Matkailualalla asiakastyytyv\u00e4isyyden saavuttaminen vaatii monialaista asiakkaiden ymm\u00e4rt\u00e4mist\u00e4. On tiedostettava tekij\u00e4t asiakkaan valintojen taustalla, kuten henkil\u00f6kohtaiset motiivit sek\u00e4 mink\u00e4laisen mielikuvan asiakas on matkailukohteesta saanut. T\u00e4m\u00e4n j\u00e4lkeen on mahdollista tuottaa matkailijoille sopivia palveluita, joilla voi my\u00f6s tienata. Sitten pystyt\u00e4\u00e4n my\u00f6s huomioimaan paikallisten ja ymp\u00e4rist\u00f6n tarpeet liiketoiminnassa. (Verhel\u00e4, 2016)<\/p>\n\n\n\n<p>L\u00e4hteet:<\/p>\n\n\n\n<p>Verhel\u00e4, Pauli. 2016. Matkailun perusteet. 2. painos. Kuopio: SH Traveledu<\/p>\n\n\n\n<h2 class=\"wp-block-heading\" style=\"font-size:15px\">Toimiala ja matkailuelinkeino<\/h2>\n\n\n\n<p>Matkailualaan liittyy paljon outoja ennakkok\u00e4sityksi\u00e4. Esimerkiksi ett\u00e4 matkailu Suomessa olisi muihin toimialoihin verrattuna suhteellisen pieni elinkeino. Matkailu on kuitenkin suuri vientituote ja matkailun 4,9 miljardin tulot vuonna 2018 olivat yht\u00e4 suuret kuin Suomen kaikki korkean teknologian vienti yhteens\u00e4  (Visit Finland, 2019). On huomioitava my\u00f6s, ett\u00e4 matkailuelinkeino on koko ajan kasvussa Suomessa. Ty\u00f6-ja elinkeinoministeri\u00f6n johtavan asiantuntijan Sanna Kyyr\u00e4n mukaan Suomen matkailuelinkeino on viime vuosina kasvanut ja kansainv\u00e4listynyt muita toimialoja nopeammin ja matkailusta on tullut kansallisesti merkitt\u00e4v\u00e4 vientitoimiala ja ty\u00f6llist\u00e4j\u00e4. Suomen syrj\u00e4isemmill\u00e4 alueilla, esimerkiksi pohjoisessa, matkailu ty\u00f6llist\u00e4\u00e4 merkitt\u00e4v\u00e4n osan paikallisista joko suoraan tai v\u00e4lillisesti. <\/p>\n\n\n\n<p>Monenlaiset tilastot Suomen matkailuun liittyen ovat mielenkiintoisia. Matkailubisnekseen linkittyy monen eri alan tekij\u00f6it\u00e4, joten se ty\u00f6llist\u00e4\u00e4 yll\u00e4tt\u00e4v\u00e4n paljon ihmisi\u00e4. Ravitsemus- ja ohjelmapalveluiden parissa ty\u00f6skentelevien lis\u00e4ksi matkailusta tuloja saavat esimerkiksi henkil\u00f6liikenteess\u00e4 ja ja vuokrauksessa&amp;leasingissa ty\u00f6skentelev\u00e4t (Toimiala Online\/Tilastokeskus). 1 matkailueuro tuo 56 sentti\u00e4 muille toimialoille (Visit Finland, 2019).<\/p>\n\n\n\n<p>On tehty my\u00f6s tilastoja siit\u00e4, mist\u00e4 maista meille tulee matkailijoita, kuinka paljon he kuluttavat rahaa Suomessa ja miten he y\u00f6pyv\u00e4t majoitusliikkeiss\u00e4. Esimerkiksi vuonna 2018 ven\u00e4l\u00e4iset ja kiinalaiset kuluttivat eniten rahaa (Visit Finland, 2019). Vuosittaisia muutoksia on mielenkiintoista seurata, koska nyky\u00e4\u00e4n ven\u00e4l\u00e4iset kuluttavat v\u00e4hemm\u00e4n ja kiinalaiset enemm\u00e4n. Kiinalaisten matkailu on ollut koko ajan kasvussa ja on j\u00e4nnitt\u00e4v\u00e4\u00e4 n\u00e4hd\u00e4 millaiseksi tilanne palautuu koronaviruksen j\u00e4lkeen.<\/p>\n\n\n\n<p>L\u00e4hteet:<\/p>\n\n\n\n<p>Visit Finland, TEM. 2019. Matkailu vientialana infograafi 2019. Pfd- tiedosto <a rel=\"noreferrer noopener\" href=\"https:\/\/www.businessfinland.fi\/494339\/globalassets\/julkaisut\/visit-finland\/tutkimukset\/2020\/2019-matkailu-vientialana-infograafi.pdf\" target=\"_blank\">https:\/\/www.businessfinland.fi\/494339\/globalassets\/julkaisut\/visit-finland\/tutkimukset\/2020\/2019-matkailu-vientialana-infograafi.pdf<\/a><\/p>\n\n\n\n<p>Toimiala Online\/Tilastokeskus (luentomateriaali)<\/p>\n\n\n\n<h2 class=\"wp-block-heading\" style=\"font-size:15px\">Matkailijatyypit<\/h2>\n\n\n\n<p class=\"has-white-color has-dark-gray-background-color has-text-color has-background\">&#8221;<em>Please be a traveler, not a tourist. Try new things, meet new people, and look beyond what\u2019s right in front of you. Those are the keys to understanding this amazing world we live in.<\/em>&#8221; (Andrew Zimmer)<\/p>\n\n\n\n<p>Matkailijoita ja heid\u00e4n matkustamistaan mitataan ja kuvaillaan kovilla, selke\u00e4sti mitattavilla ja m\u00e4\u00e4ritett\u00e4vill\u00e4 tekij\u00f6ill\u00e4. Tekij\u00f6it\u00e4 ovat demografiset (ik\u00e4, sukupuoli etc.), maantieteelliset , sosio-ekonomiset tekij\u00e4t (esim. koulutus ja tulotaso) sek\u00e4 harrastukset. (Verhel\u00e4, 2016)<\/p>\n\n\n\n<p>Kovien tekij\u00f6iden lis\u00e4ksi on pehmeit\u00e4 muuttujia, jotka kuvaavat henkil\u00f6iden k\u00e4ytt\u00e4ytymist\u00e4. N\u00e4m\u00e4 psykologiset ja sosiaaliset tekij\u00e4t ovat pohjana matkailutypologioille. Typologiat luokittelevat matkailijat tietynlaisiksi henkil\u00f6iksi ottamatta huomioon ihmisen el\u00e4m\u00e4nkaaren vaihetta, sen hetkist\u00e4 roolia tai mahdollista olosuhteiden pakonalaista toimintaa. (Verhel\u00e4, 2016)<\/p>\n\n\n\n<p>Yksi esitetyist\u00e4 matkailijatypologioista: American Express (1989) <\/p>\n\n\n\n<ul class=\"wp-block-list\"><li><strong>Seikkailijat<\/strong>: Itsen\u00e4isi\u00e4 ja luottavaisia matkailijoita, jotka haluavat kokeilla uusia aktiviteetteja. <ul><li>Uuden ajan matkailijat ovat usein t\u00e4llaisia. Erityisesti nuoret matkailijat haluavat kokea kaikenlaista uutta. Haluavat mahdollisesti v\u00e4ltell\u00e4 geneerisi\u00e4 turistikohteita. He ottavat asioista paljon itse selv\u00e4\u00e4.<\/li><\/ul><\/li><li><strong>Huolehtijat<\/strong>: Huolestuneita matkustamisen stressaavuudesta sek\u00e4 omasta turvallisuudestaan loman aikana.<ul><li>V\u00e4h\u00e4n matkustavat ihmiset voivat olla huolehtijoita. Uutisvirrassa seilaamisen my\u00f6t\u00e4 he voivat alkaa kyseenalaistamaan turvallisuuttaan ulkomailla.<\/li><\/ul><\/li><li><strong>Uneksijat<\/strong>: Lumoutuvat jo ajatuksesta matkasta. Lukevat paljon matkakohteista ja kertovat paljon matkael\u00e4myksist\u00e4\u00e4n.<ul><li>Uneksijat suunnittelevat paljon matkaa ja haluavat n\u00e4hd\u00e4 paljon. Heille on t\u00e4rke\u00e4\u00e4 p\u00e4\u00e4st\u00e4 kertomaan my\u00f6s muille matkoistaan.<\/li><\/ul><\/li><li><strong>S\u00e4\u00e4steli\u00e4\u00e4t<\/strong>: Matka ei ole erityinen osa el\u00e4m\u00e4\u00e4 vaan rutiininomainen rentoutumistapa. Siksi nauttivat lomasta halvimmalla mahdollisella hinnalla.<ul><li>Heid\u00e4n matkallansa on selke\u00e4 tavoite eli rentoutuminen. He tiet\u00e4v\u00e4t, mill\u00e4 resursseilla tavoitteeseen p\u00e4\u00e4st\u00e4\u00e4n. Ylim\u00e4\u00e4r\u00e4isiin asioihin ei k\u00e4ytet\u00e4 rahaa.<\/li><\/ul><\/li><li><strong>Nautiskelijat<\/strong>: haluavat nauttia lomalla hemmottelusta. <ul><li>Haluavat rentoutua lomalla. Eiv\u00e4t l\u00e4hde matkalle suorittamaan eli n\u00e4kem\u00e4\u00e4n ja tekem\u00e4\u00e4n kaikkea mit\u00e4 matkakohteella on tarjottavana. Nautiskelijoille lomat saattavat olla harvinaisia, koska arki on ty\u00f6nt\u00e4yteist\u00e4. He k\u00e4ytt\u00e4v\u00e4t rahaa esimerkiksi kaikenlaisiin hoitoihin.<\/li><\/ul><\/li><\/ul>\n\n\n\n<p>L\u00e4hteet:<\/p>\n\n\n\n<p>Verhel\u00e4, Pauli. 2016. Matkailun perusteet. 2. painos. Kuopio: SH Traveledu<\/p>\n\n\n\n<h2 class=\"wp-block-heading\" style=\"font-size:15px\">Matkailutuote ja jakelukanavat<\/h2>\n\n\n\n<p>Matkailussa halutaan myyd\u00e4 abstrakteja asioita: tunteita ja kokemuksia. Kokemuksien muuttaminen myyt\u00e4viksi tuotteiksi eli tuotteistaminen ei ole kovin helppoa. Matkailussa tuotteita on hyv\u00e4 myyd\u00e4 my\u00f6s monen palvelun pakettina.<\/p>\n\n\n\n<p class=\"has-white-color has-dark-gray-background-color has-text-color has-background\"><em>Hospitality<\/em> = vieraanvaraisuus (Bachelor of Hospitality Management)<\/p>\n\n\n\n<p>Smithin yleisess\u00e4 matkailutuotteen mallissa keski\u00f6ss\u00e4 on fyysinen paikka. Paikka voi esimerkiksi olla jokin maantieteellisesti m\u00e4\u00e4r\u00e4tty paikka, rakennus, luonnonymp\u00e4rist\u00f6 tai olosuhteet. Paikan fyysinen ja rakenne vaikuttaa merkitt\u00e4v\u00e4sti matkailijan kokemukseen. Pelkk\u00e4 paikka ei kuitenkaan riit\u00e4. Palvelut, vieraanvaraisuus, valinnan vapaus, asiakkaan osallistuminen ovat Smithin mallin mukaan t\u00e4rkeit\u00e4 asioita paikan lis\u00e4ksi. (Verhel\u00e4, 2016)<\/p>\n\n\n\n<p>Is\u00e4ni toimii Levill\u00e4 yritt\u00e4j\u00e4n\u00e4 ja h\u00e4n myy omaa matkailutuotettaan eli poroajeluita. Asiakkaiden oman innokkuuden mukaan on j\u00e4rjestetty kaikkea muuta kivaa, jossa asiakas p\u00e4\u00e4see itse aktiivisesti osallistumaan. Matkailijat ovat olleet todella innostuneita p\u00e4\u00e4stess\u00e4\u00e4n itse esimerkiksi ruokkimaan ja taluttamaan poroja. Koen, ett\u00e4 kun huomioidaan Smithin mallin kaikki sektorit niin uskon ett\u00e4 pystyt\u00e4\u00e4n luomaan matkailijalle aidosti ikimuistoinen el\u00e4mys.<\/p>\n\n\n\n<p>L\u00e4hteet:<\/p>\n\n\n\n<p>Verhel\u00e4, Pauli. 2016. Matkailun perusteet. 2. painos. Kuopio: SH Traveledu<\/p>\n\n\n\n<h2 class=\"wp-block-heading\" style=\"font-size:15px\">Matkailukohteet ja vetovoimatekij\u00e4t<\/h2>\n\n\n\n<p>Matkakohde tarkoittaa usein maantieteellisesti rajattua kohdetta, esimerkiksi lomakeskus tai valtio. Matkailijat odottavat matkakohteesta kokemuksia. Matkakohde voi tarkoittaa my\u00f6s jotain abstraktimpaa kuten tunnetta tai imagoa. (Verhel\u00e4, 2016)<\/p>\n\n\n\n<p class=\"has-white-color has-dark-gray-background-color has-text-color has-background\">\u201dSuomen vetovoimatekij\u00e4t perustuvat luontoon ja yh\u00e4 enemm\u00e4n my\u00f6s suomalaisen el\u00e4m\u00e4ntavan ja kulttuurin kokemiseen.\u201d (Valtioneuvosto, 2019)<\/p>\n\n\n\n<p>Matkakohteen vetovoima houkuttelee matkailijaa l\u00e4htem\u00e4\u00e4n. Kohteessa on oltava jotain h\u00e4nt\u00e4 kiinnostavaa, ett\u00e4 h\u00e4n p\u00e4\u00e4tt\u00e4\u00e4 l\u00e4hte\u00e4 juuri sinne. Pelk\u00e4st\u00e4\u00e4n Suomessa on vaihtelevasti alueita, joilla on erilaisia vetovoimatekij\u00f6it\u00e4. Usein ne ovat luontoon tai kulttuuriin liittyvi\u00e4 tekij\u00f6it\u00e4.<\/p>\n\n\n\n<p class=\"has-dark-gray-color has-text-color\">Monilla nettisivuilla on listattuna Suomen hienoimpia matkakohteita. Useaan otteeseen esille nostetaan Helsingin Suomenlinna, Tampereen Pyynikki ja Porin Yyteri hiekkadyyneineen. Suomalaisia kiinnostaa esimerkiksi historialliset kohteet, museot, luontokohteet, laskettelukeskukset ja kaikenlaiset el\u00e4myspuistot. <\/p>\n\n\n\n<p>L\u00e4hteet:<\/p>\n\n\n\n<ul class=\"wp-block-list\"><li>Verhel\u00e4, Pauli. 2016. Matkailun perusteet. 2. painos. Kuopio: SH Traveledu<\/li><li>Hietala, Maria. 2020. Suomen 30 parasta kes\u00e4kohdetta \u2013 kotimaan klassikot ja salatut helmet. Rantapallo. Verkkojulkaisu. <a href=\"https:\/\/www.rantapallo.fi\/suomen-matkailu\/suomen-ihanat-kesakohteet-kotimaan-salatut-helmet\/\">https:\/\/www.rantapallo.fi\/suomen-matkailu\/suomen-ihanat-kesakohteet-kotimaan-salatut-helmet\/<\/a><\/li><\/ul>\n\n\n\n<h2 class=\"wp-block-heading\" style=\"font-size:15px\">Turvallisuus<\/h2>\n\n\n\n<p class=\"has-white-color has-dark-gray-background-color has-text-color has-background\"><em>&#8221;TURVALLINEN&#8221; tarkoittaa asiaa, joka aiheuttaa turvallisuuden tunteen ja her\u00e4tt\u00e4\u00e4 luottamusta.<\/em> (Nykysuomen sanakirja)<\/p>\n\n\n\n<p>Risteilyaluksen ajaminen karille antaa yritykselle huonoa julkisuutta ja vaikuttaa suoraan negatiivisesti  tuotteen kysynt\u00e4\u00e4n. Turvallisuus on ep\u00e4ilem\u00e4tt\u00e4 matkailijoille t\u00e4rke\u00e4\u00e4. Inhimillisi\u00e4 virheit\u00e4 kuitenkin tapahtuu my\u00f6s meid\u00e4n alallamme. <\/p>\n\n\n\n<p>Vastuu matkailijoiden turvallisuudesta vaihtelee. Maan sis\u00e4inen turvallisuus (esim. mik\u00e4 on turvallisuuden taso ylip\u00e4\u00e4t\u00e4\u00e4n eri alueilla) sek\u00e4 ulkoinen turvallisuusymp\u00e4rist\u00f6 (esim. pandemiat, sodat) vaikuttavat aina matkailun turvallisuuteen. Turvallisuus on monelle matkailijalle perusarvo. Esimerkiksi uutisotsikkoja ylitt\u00e4neiden luonnonkatastrofien takia turvallisuus on matkailijoille entist\u00e4 t\u00e4rke\u00e4mp\u00e4\u00e4\u00e4. Turvallisuus vaikuttaa asiakkaan ostop\u00e4\u00e4t\u00f6ksen tekemiseen. (Verhel\u00e4, 2016)<\/p>\n\n\n\n<p>Kuluttajaturvallisuuslain mukaan kaikkien palveluiden oltava jokaisessa vaiheessa kaikille turvallista. Palvelun tarjoajan pit\u00e4\u00e4 siis huolehtia, ett\u00e4 h\u00e4nen toimintansa ei aiheuta vaaraa kenenk\u00e4\u00e4n, ei edes ulkopuolisen ohikulkijan, terveydelle tai omaisuudelle. Palvelun tarjoajia ovat esimerkiksi elinkeinoharjoittajat, urheiluseurat ja seurakunnat. Palvelun tarjoajan on t\u00e4rke\u00e4\u00e4 tehd\u00e4 riskianalyysi. Jos palvelussa ilmenee korkeita riskej\u00e4, on laadittava turvallisuusasiakirja sek\u00e4 ilmoittaa valvontaviranomaiselle toiminnan aloittamisesta. (Verhel\u00e4, 2016)<\/p>\n\n\n\n<p>Uskon, ett\u00e4 jokainen palveluntarjoaja haluaa luoda mahdollisimman turvallisen el\u00e4myksen matkailijoille. Kiinnostavaa on ett\u00e4 fyysinen turvallisuus ei ole aina yhteydess\u00e4 psykologiseen turvallisuuteen eli asiakkaan omaan kokemukseen turvallisuudesta. Asiakkaan kokemusta ei pysty koskaan t\u00e4ysin kontrolloimaan. Voimme kuitenkin tehd\u00e4 paljon ajattelemalla asiakasl\u00e4ht\u00f6isesti ja ker\u00e4\u00e4m\u00e4ll\u00e4 palautetta.<\/p>\n\n\n\n<p>L\u00e4hteet:<\/p>\n\n\n\n<p>Verhel\u00e4, Pauli. 2016. Matkailun perusteet. 2. painos. Kuopio: SH Traveledu<\/p>\n\n\n\n<h2 class=\"wp-block-heading\" style=\"font-size:15px\">Majoitusmuodot<\/h2>\n\n\n\n<p>Majoitustilastoissa majoitusmuodot jaetaan kolmeen ryhm\u00e4\u00e4n<\/p>\n\n\n\n<ul class=\"wp-block-list\"><li>huone, m\u00f6kki<\/li><li>matkailuvaunu<\/li><li>teltta tai muu majoitustapa<\/li><\/ul>\n\n\n\n<p>Tutustuimme majoitusmuotoihin ryhm\u00e4teht\u00e4v\u00e4n avulla siten, ett\u00e4 jokainen muutaman hengen ryhm\u00e4 sai yhden majoitusmuodon tarkasteltavaksi. Omasta aiheesta tehtiin esitys lopulle luokalle. Meid\u00e4n aiheenamme oli leirint\u00e4alueet. Oli kiva perehty\u00e4 aiheeseen hieman erilaisella l\u00e4hestymistavalla. <\/p>\n\n\n\n<p>Halusin tutustua paremmin, millaisia erikoisia majoitusmuotoja Suomessa on kehitelty:<\/p>\n\n\n\n<p>Herrankukkaro Turun saaristossa on virkistyspaikka meren \u00e4\u00e4rell\u00e4, jossa voi majoittua j\u00e4ttim\u00e4isess\u00e4 luksuslinnunp\u00f6nt\u00f6ss\u00e4. Paikka on muutenkin erikoinen kaksikerroksine huusseineen eli varmasti kokemisen arvoinen. (Kinnunen, 2020)<\/p>\n\n\n\n<p>Lasi-iglumajoitus ei ole en\u00e4\u00e4 niin uniikki ilmestys, koska igluja on noussut hyvin moneen paikkaan sen j\u00e4lkeen kun trendi rantautui Suomeen. Rukan alueella sijaitsee Magical Pond iglukyl\u00e4, josta l\u00f6ytyy 20 lasista iglua, joista l\u00f6ytyy pieni keitti\u00f6 ja kylpyhuone. Iglumajoituksen voi varata 170 euron hintaan sis\u00e4lt\u00e4en aamupalan. <\/p>\n\n\n\n<div class=\"wp-block-group\"><div class=\"wp-block-group__inner-container is-layout-flow wp-block-group-is-layout-flow\">\n<p> L\u00e4hteet:<\/p>\n\n\n\n<ul class=\"wp-block-list\"><li>Kinnunen, Veera. 2020. 3 x kiinnostava majapaikka luontoyst\u00e4v\u00e4n Suomessa. Seikkailijattaret.  <a href=\"https:\/\/www.seikkailijattaret.fi\/3-x-kiinnostava-majapaikka-luontoystavan-suomessa\/\">https:\/\/www.seikkailijattaret.fi\/3-x-kiinnostava-majapaikka-luontoystavan-suomessa<\/a>\/<\/li><\/ul>\n\n\n\n<ul class=\"wp-block-list\"><li>Magical Pond. julkaisuaika tuntematon.  <a href=\"https:\/\/www.magicalpond.com\/\">https:\/\/www.magicalpond.com\/<\/a><\/li><\/ul>\n<\/div><\/div>\n\n\n\n<h2 class=\"wp-block-heading\" style=\"font-size:15px\">Vastuullinen ja kest\u00e4v\u00e4 matkailu ja Anu Nylund<\/h2>\n\n\n\n<p class=\"has-white-color has-dark-gray-background-color has-text-color has-background\"><em>Kest\u00e4v\u00e4 matkailu on matkailua, joka vastaa nykymatkailijoiden ja kohdealueiden tarpeisiin samalla suojellen ja rakentaen kehitysmahdollisuuksia my\u00f6s tulevaisuudessa<\/em><\/p>\n\n\n\n<p>Kest\u00e4v\u00e4st\u00e4 matkailusta puhuttaessa nostetaan esiin ymp\u00e4rist\u00f6vaikutuksia ja ekologista n\u00e4k\u00f6kulmaa. Niiden lis\u00e4ksi t\u00e4ytyy yht\u00e4 lailla huomioida taloudelliset ja sosiokulttuuriset vaikutukset. Palveluntarjoajat ovat vastuussa kest\u00e4vist\u00e4 valinnoista, mutta niin my\u00f6s asiakkaat omistaan. Vastuullinen toiminta on pitk\u00e4\u00e4 aikav\u00e4li\u00e4 ajattellen ainoa tapa tuottaa matkailupalveluita. (Vehvil\u00e4inen, 2018)<\/p>\n\n\n\n<p>TEM:n (ty\u00f6-ja elinkeinoministeri\u00f6) laatiman matkailustrategian Suomesta ollaan tekem\u00e4ss\u00e4 pohjoismaiden kest\u00e4vimmin kasvavaa matkailukohdetta, jossa matkailu on vastuullista ja tuo ty\u00f6paikkoja ja hyvinvointia Suomessa ymp\u00e4rivuotisesti. (Nylund, 2021)<\/p>\n\n\n\n<p>L\u00e4hteet:<\/p>\n\n\n\n<ul class=\"wp-block-list\"><li>Nylund, Anu. 2021. Vastuullinen matkailu. Luentoaineisto.<\/li><li>Vehvil\u00e4inen, Merja. 2018. Vastuullinen ja kest\u00e4v\u00e4 matkailu. <\/li><\/ul>\n\n\n\n<h2 class=\"wp-block-heading\" style=\"font-size:15px\">P\u00e4ivitt\u00e4inen toiminta hotelleissa<\/h2>\n\n\n\n<p class=\"has-white-color has-dark-gray-background-color has-text-color has-background\"><em>Hotellin vastaanotto on usein hotellin toiminnan keskipiste.<\/em><\/p>\n\n\n\n<p>Hotellin vastaanotto on t\u00e4rkein kontakti asiakkaalle. Vastaanoton henkil\u00f6kunnalla on suuri rooli luomassa asiakkaan kokonaiskuvaa yrityksest\u00e4. Vastaanotto voi olla jopa ainoa suora kontakti, mit\u00e4 asiakkaalla on yritykseen majoituksensa aikana. Vastaanoton palveluprosessi jaetaan varauksen vastaanottamiseen, saapumisen valmisteluun, saapumiseen (Check in) ja sis\u00e4\u00e4nkirjaamiseen, palveluun oleskelun aikana ja asiakkaan uloskirjaamiseen (Check out).  Hotellissa ty\u00f6voimakustannukset ovat korkeat esimerkiksi koska asiakkaille t\u00e4ytyy tarjota palvelua ymp\u00e4rivuorokautisesti. (Korhonen, Vehvil\u00e4inen, 2021)<\/p>\n\n\n\n<p>Vastaanoton lis\u00e4ksi hotellin organisaatiossa on muita osastoja, kuten esimerkiksi ravintolapalvelut,  myyntipalvelut, housekeeping ja varsinkin isoimmissa hotelleissa viel\u00e4 kokousosasto. Organisaatioissa voidaan k\u00e4ytt\u00e4\u00e4 vuokrattua ty\u00f6voimaa tai ulkoistaa kokonaan esimerkiksi kerroshuolto toiselle yritykselle. (Korhonen, Vehvil\u00e4inen, 2021) Esimerkiksi Holiday Club Kuusamon Tropiikki on ulkoistanut kerrossiivouksen ja muun huollon N-cleanille. <\/p>\n\n\n\n<p>L\u00e4hteet:<\/p>\n\n\n\n<ul class=\"wp-block-list\"><li>Korhonen, Jorma. Vehvil\u00e4inen, Merja. 2021. Hotellin p\u00e4ivitt\u00e4inen toiminta. Verkkojulkaisu.<\/li><\/ul>\n\n\n\n<p><\/p>\n\n\n\n<h2 class=\"wp-block-heading\" style=\"font-size:15px\">Ketjuhotellit ja hotelliketjut sek\u00e4 vierailija George Ubbelohde <\/h2>\n\n\n\n<p>Hotelliketjuilla on monenlaisia etuja. Esimerkiksi myynti ja markkinointi asiakkaille on ketjuilla helpompaa. Erityisesti pienille hotelleille ketjuuntuminen antaa mahdollisuuden laajaan markkinointiin edullisesti. Hotelliketjuissa tyypillist\u00e4 on kanta-asiakkuusj\u00e4rjestelm\u00e4, jolla yritet\u00e4\u00e4n sitouttaa asiakas k\u00e4ytt\u00e4m\u00e4\u00e4n vain oman ketjun hotelleja. Suomen suurin suomalaisomisteinen hotelliketju on Sokos Hotels. Toinen Suomessa viel\u00e4 v\u00e4h\u00e4n yleisempi hotelliketju on Scandic, mutta se ei ole suomalaisomisteinen. Scandic vaikuttaa muissakin naapurivaltioissa. (Verhel\u00e4, 2016)<\/p>\n\n\n\n<p>Ubbelohde luennoi meille muun muassa turismin t\u00e4rkeydest\u00e4. H\u00e4n esitti v\u00e4lill\u00e4 kysymyksi\u00e4 itselle mietitt\u00e4v\u00e4ksi. UNWTO:n mukaan vuosi 2020 oli surkein vuosi turismin historiassa. Kuitenkin h\u00e4n korosti sit\u00e4, ett\u00e4 meid\u00e4n ensimm\u00e4isen vuoden opiskelijoiden valmistuttua matkailu olisi alkanut jo parantumaan entiseen. Oli mielenkiintoista kuulla kaikkien arvailuja, millaiseksi matkailu muuttuu pandemian j\u00e4lkeen. H\u00e4n esitteli meille my\u00f6s statistiiikkoja hotelleista ymp\u00e4ri maailmaa, esimerkiksi kuinka paljon uusia hotelleita l\u00e4hivuosina on avattu ja miss\u00e4.  H\u00e4n n\u00e4ytti videoita ja kuvia eri case-hotelleista ja tutkailimme tulevaisuuden n\u00e4kymi\u00e4.(Ubbelohde, 2021)<\/p>\n\n\n\n<p>L\u00e4hteet:<\/p>\n\n\n\n<ul class=\"wp-block-list\"><li>Ubbelohde, George. 2021. Luentoaineisto<\/li><li>Verhel\u00e4, Pauli. 2016. Matkailun perusteet. 2. painos. Kuopio: SH Traveledu<\/li><\/ul>\n\n\n\n<p><\/p>\n","protected":false},"excerpt":{"rendered":"<p>Matkailun historia Jos et tunne menneisytt\u00e4, et voi hahmottaa nykyisytt\u00e4 ja suunnitella tulevaisuutta. Historian tiet\u00e4minen auttaa hahmottamaan sit\u00e4, miten ollaan saavuttu pisteeseen, jossa nyt ollaan. T\u00e4m\u00e4 p\u00e4tee my\u00f6s matkailussa. Minulle tuli yll\u00e4tyksen\u00e4 kuinka kauan ihmiskunta on matkustanut. Muinaisten valtakuntien kehitys ja keksinn\u00f6t ovat perustana meid\u00e4n nykyp\u00e4iv\u00e4n matkailulle. Erityisesti yll\u00e4tti se, ett\u00e4 jo vanhojen valtakuntien aikana &hellip; <a href=\"https:\/\/blogi.savonia.fi\/portfoliojasminalasaari\/matkailu-ja-majoituspalveluiden-perusteet\/\" class=\"more-link\">Jatka lukemista <span class=\"screen-reader-text\">Matkailu- ja majoituspalveluiden perusteet<\/span> <span class=\"meta-nav\">&rarr;<\/span><\/a><\/p>\n","protected":false},"author":7371,"featured_media":0,"parent":0,"menu_order":3,"comment_status":"closed","ping_status":"closed","template":"","meta":{"footnotes":""},"class_list":["post-19","page","type-page","status-publish","hentry"],"_links":{"self":[{"href":"https:\/\/blogi.savonia.fi\/portfoliojasminalasaari\/wp-json\/wp\/v2\/pages\/19","targetHints":{"allow":["GET"]}}],"collection":[{"href":"https:\/\/blogi.savonia.fi\/portfoliojasminalasaari\/wp-json\/wp\/v2\/pages"}],"about":[{"href":"https:\/\/blogi.savonia.fi\/portfoliojasminalasaari\/wp-json\/wp\/v2\/types\/page"}],"author":[{"embeddable":true,"href":"https:\/\/blogi.savonia.fi\/portfoliojasminalasaari\/wp-json\/wp\/v2\/users\/7371"}],"replies":[{"embeddable":true,"href":"https:\/\/blogi.savonia.fi\/portfoliojasminalasaari\/wp-json\/wp\/v2\/comments?post=19"}],"version-history":[{"count":26,"href":"https:\/\/blogi.savonia.fi\/portfoliojasminalasaari\/wp-json\/wp\/v2\/pages\/19\/revisions"}],"predecessor-version":[{"id":82,"href":"https:\/\/blogi.savonia.fi\/portfoliojasminalasaari\/wp-json\/wp\/v2\/pages\/19\/revisions\/82"}],"wp:attachment":[{"href":"https:\/\/blogi.savonia.fi\/portfoliojasminalasaari\/wp-json\/wp\/v2\/media?parent=19"}],"curies":[{"name":"wp","href":"https:\/\/api.w.org\/{rel}","templated":true}]}}