{"id":4,"date":"2022-02-24T10:28:17","date_gmt":"2022-02-24T08:28:17","guid":{"rendered":"https:\/\/blogi.savonia.fi\/portfoliopentikainen\/?page_id=4"},"modified":"2024-05-20T18:12:43","modified_gmt":"2024-05-20T15:12:43","slug":"tietoja-minusta","status":"publish","type":"page","link":"https:\/\/blogi.savonia.fi\/portfoliopentikainen\/tietoja-minusta\/","title":{"rendered":"Tietoja minusta"},"content":{"rendered":"Olen Vilma, 23-vuotias nuori opiskelija, ja Savoniassa kolmannen vuoden restonomiopiskelija lukiopohjalla. K\u00e4vin lukion Kuopion taidelukio Lumitissa peruslinjalla. olen hyvin nuoresta asti ollut kova tekem\u00e4\u00e4n t\u00f6it\u00e4 ja aloitin kes\u00e4ty\u00f6t kaupoissa ja muissa nuorille kohdennetuissa ty\u00f6teht\u00e4viss\u00e4. Siit\u00e4 ty\u00f6ni\nkehittyiv\u00e4t osa-aikat\u00f6ihin ja kokemuksia minulla on jo kertynyt monen laisista eri ammateista kuten siivoojana, Sushi kokkina ja koruliikkeen myyj\u00e4n\u00e4.\n\n<!-- \/wp:post-content --><!-- wp:paragraph -->\n\nOlen hyvin aktiivinen ja luova henkil\u00f6. t\u00e4m\u00e4 n\u00e4kyy my\u00f6s ty\u00f6nj\u00e4ljess\u00e4ni. Ty\u00f6taitoja vuosien varrella minulle on kehittynyt vaikka mit\u00e4 ja joitakin mit\u00e4 olen jo omaksunut osaan nyt k\u00e4ytt\u00e4\u00e4 paremmin. Olen eritt\u00e4in sosiaalinen ja osaan lukea niin ihmisi\u00e4 kuin my\u00f6s tilanteita eritt\u00e4in hyvin. nyky\u00e4\u00e4n pystyn k\u00e4ytt\u00e4m\u00e4\u00e4n n\u00e4it\u00e4 taitoja esimerkiksi asiakaspalvelussa taikka erilaisten sopimusten ja kokouksien aikana. Koulussa k\u00e4yt\u00e4nn\u00f6n j\u00e4rki on p\u00e4\u00e4ssyt kehittym\u00e4\u00e4n eri kurssien ja opetusten avulla ja nyky\u00e4\u00e4n my\u00f6s asiantuntijuuden taidot ovat kasvaneet. Hr-taidoissa olen kehittynyt huomattavasti sill\u00e4 sen lis\u00e4ksi ett\u00e4 osaan olla my\u00f6t\u00e4tuntoinen tied\u00e4n my\u00f6s milloin tarvitsee olla tiukempi jotta asiat hoituvat siististi, kuitenkin muistaen asiallisen kielenk\u00e4yt\u00f6n ja pehmeyden niin ett\u00e4 ty\u00f6henki pysyy hyv\u00e4n\u00e4.\n\n<!-- \/wp:paragraph --><!-- wp:paragraph -->\n\nMuistan kuinka jo ensimm\u00e4isen vuoden aikana<span class=\"msoIns\"><ins cite=\"mailto:Microsoft%20Word\" datetime=\"2024-05-20T23:59\">, <\/ins><\/span>restonomiala opetti minulle paljon ja sain <span style=\"font-family: 'Calibri',sans-serif\">my\u00f6s kokea paljon kaikkea monipuolisesti<\/span>. Saan paljon ev\u00e4it\u00e4 tulevaa ty\u00f6el\u00e4m\u00e4\u00e4 varten. eniten olen hy\u00f6tynyt koulussa tehdyit\u00e4 projekteista sek\u00e4 oppimismatkoista. Merkitt\u00e4vin projekti minulle oli ensimm\u00e4isell\u00e4 vuodella tehty Mystery Shopping. Ty\u00f6ss\u00e4 opin arvioimaan asiakaspalvelua ja huomioimaan asioita, joita en ennen edes osannut ajatella, esimerkiksi asiakaspalvelussa tai yrityksen yll\u00e4pidossa, joka voi vaikuttaa asiakkaan ensivaikutelmaan ja kokemukseen ravintolasta. Ty\u00f6 my\u00f6s oli ensimm\u00e4inen maistiainne, kuinka voin j\u00e4rkev\u00e4sti aikatauluttaa ryhm\u00e4ty\u00f6n etenemist\u00e4 ja kuinka voin hallita ryhm\u00e4n panostusta lopputy\u00f6n laatuun vaikuttaen. Ty\u00f6 oli my\u00f6s ensimm\u00e4inen maistiainen oikean raportin kirjoittamisesta, kun ennen t\u00e4t\u00e4 olin vain kirjoittanut essee muodossa, enk\u00e4 tiennyt kuinka oikeaoppisesti esimerkiksi l\u00e4hteet kirjoitettiin tai kuinka lauseita ja kappaleita viitattiin.\n\n<!-- \/wp:paragraph --><!-- wp:paragraph -->\n\nOpintomatkoista merkitt\u00e4vin oli my\u00f6s ensimm\u00e4inen opintoreissumme J\u00e4rvisaareen. Vierailun kohteena oli muitakin majoitussijainteja, mutta minulle p\u00e4\u00e4llimm\u00e4iseksi mieleen j\u00e4i nimenomaan J\u00e4rvisaari. Paikan yll\u00e4pit\u00e4j\u00e4t ja omistajat olivat tarkkaan ottaneet huomioon kaikki asiakkaan mahdolliset tarpeet niin ett\u00e4 mik\u00e4\u00e4n tai kukaan ei j\u00e4\u00e4 huomiotta. Vierailun aikana sain kokea ensimm\u00e4ist\u00e4 kertaa, miksi jotkut ihmiset sijoittavat esimerkiksi ulkomailla enemm\u00e4n matka budjettiaan majoitukseen enemm\u00e4n sen sijaan ett\u00e4 rahaa s\u00e4\u00e4stet\u00e4\u00e4n varaamalla halpa hotelli, jossa on tyydytt\u00e4v\u00e4 s\u00e4nky ja l\u00e4mmitys. J\u00e4rvisaaressa osoitettiin, kuinka pienill\u00e4 muutoksilla voidaan nostaa kokemus kattoon, huolenpidolla ja asiakkaan hoidolla itse majoitus voi olla matka. T\u00e4m\u00e4 oli se reissu, joka muutti oman n\u00e4kemykseni siit\u00e4, mit\u00e4 majoitus oikeasti voi olla, ja mit\u00e4 kaikkea se voikaan tarjota.\n\n<!-- \/wp:paragraph -->","protected":false},"excerpt":{"rendered":"<p>Olen Vilma, 23-vuotias nuori opiskelija, ja Savoniassa kolmannen vuoden restonomiopiskelija lukiopohjalla. K\u00e4vin lukion Kuopion taidelukio Lumitissa peruslinjalla. olen hyvin nuoresta asti ollut kova tekem\u00e4\u00e4n t\u00f6it\u00e4 ja aloitin kes\u00e4ty\u00f6t kaupoissa ja muissa nuorille kohdennetuissa ty\u00f6teht\u00e4viss\u00e4. Siit\u00e4 ty\u00f6ni kehittyiv\u00e4t osa-aikat\u00f6ihin ja kokemuksia&#8230; <a class=\"more-link\" href=\"https:\/\/blogi.savonia.fi\/portfoliopentikainen\/tietoja-minusta\/\">Continue Reading &rarr;<\/a><\/p>\n","protected":false},"author":9087,"featured_media":0,"parent":0,"menu_order":0,"comment_status":"closed","ping_status":"closed","template":"","meta":{"footnotes":""},"class_list":["post-4","page","type-page","status-publish","hentry"],"_links":{"self":[{"href":"https:\/\/blogi.savonia.fi\/portfoliopentikainen\/wp-json\/wp\/v2\/pages\/4","targetHints":{"allow":["GET"]}}],"collection":[{"href":"https:\/\/blogi.savonia.fi\/portfoliopentikainen\/wp-json\/wp\/v2\/pages"}],"about":[{"href":"https:\/\/blogi.savonia.fi\/portfoliopentikainen\/wp-json\/wp\/v2\/types\/page"}],"author":[{"embeddable":true,"href":"https:\/\/blogi.savonia.fi\/portfoliopentikainen\/wp-json\/wp\/v2\/users\/9087"}],"replies":[{"embeddable":true,"href":"https:\/\/blogi.savonia.fi\/portfoliopentikainen\/wp-json\/wp\/v2\/comments?post=4"}],"version-history":[{"count":4,"href":"https:\/\/blogi.savonia.fi\/portfoliopentikainen\/wp-json\/wp\/v2\/pages\/4\/revisions"}],"predecessor-version":[{"id":19,"href":"https:\/\/blogi.savonia.fi\/portfoliopentikainen\/wp-json\/wp\/v2\/pages\/4\/revisions\/19"}],"wp:attachment":[{"href":"https:\/\/blogi.savonia.fi\/portfoliopentikainen\/wp-json\/wp\/v2\/media?parent=4"}],"curies":[{"name":"wp","href":"https:\/\/api.w.org\/{rel}","templated":true}]}}