{"id":5,"date":"2024-09-15T13:06:26","date_gmt":"2024-09-15T10:06:26","guid":{"rendered":"https:\/\/blogi.savonia.fi\/riikalonn\/?page_id=5"},"modified":"2024-09-15T13:19:39","modified_gmt":"2024-09-15T10:19:39","slug":"matkani","status":"publish","type":"page","link":"https:\/\/blogi.savonia.fi\/riikalonn\/matkani\/","title":{"rendered":"Matkani"},"content":{"rendered":"\n<p class=\"has-text-align-center has-white-background-color has-background\" style=\"font-size:16px;font-style:italic;font-weight:300\">Min\u00e4 olen syntyj\u00e4\u00e4n pohjoissavolainen ja se, ett\u00e4 olen t\u00e4ss\u00e4 Savonia Ammattikorkeakoulussa opiskelemassa fysioterapeutiksi<br> on usean erilaisen mutkan ja polun tulos.<br><br>Lyhyk\u00e4isyydess\u00e4\u00e4n lukiosta valmistumiseni j\u00e4lkeen l\u00e4hdin opiskelemaan restonomiksi Tampereen ammattikorkeakouluun matkailun koulutusohjelmaan. Olin lukiossa lukenut useita kieli\u00e4 ja toivoin, ett\u00e4 voisin n\u00e4it\u00e4 hy\u00f6dynt\u00e4\u00e4 tukevaisuudessa. Jokainen t\u00e4t\u00e4 teksti\u00e4 lukeva tiet\u00e4\u00e4 millaisia muutoksia matkailunalalla on tapahtunut viimeisen kymmenen vuoden aikana ja ty\u00f6t painottuvat kovasti hotelli- ja ravintola-alalle tai sitten ihan konkreettisesti ulkomaille kohteisiin. Matkatoimistossa p\u00e4\u00e4sin ty\u00f6skentelem\u00e4\u00e4n viel\u00e4 opiskeluaikana mutta en en\u00e4\u00e4 sen j\u00e4lkeen. <br><br>Restonomin paperit taskussa palasin Kuopioon 2012 ja p\u00e4\u00e4dyin kaupanalalle t\u00f6ihin. Se ei kuitenkaan koskaan ollut se minun juttu ja muutaman vuoden j\u00e4lkeen p\u00e4\u00e4ss\u00e4 alkoi kyte\u00e4 idea el\u00e4inalalle kouluttautumisesta. Samaan aikaan kotoa l\u00f6ytyi siis kaksi koiraa ja harrastukset niiden mukaan. 2019 aloitin maatalousalan perustutkinnon, el\u00e4intenhoidon osaamisala. Siit\u00e4 sitten harjoittelupaikan valinnan seurauksena p\u00e4\u00e4dyin el\u00e4inklinikalle opiskelemaan oppisopimuksella klinikkael\u00e4inhoitajan ammattitutkintoa ja perustutkinto j\u00e4i sitten kesken. Valmistuin t\u00e4h\u00e4n ammattiin 2020 jouluna. <br><br>Klinikkael\u00e4inhoitajan t\u00f6it\u00e4 tein useamman vuoden ja koiraluku kasvoi kolmeen sattuman kautta. Adoptoitiin i\u00e4k\u00e4s terrieri el\u00e4kekotiin- ajatuksella. Sitten t\u00e4lt\u00e4 terrierilt\u00e4 meni takajalasta polven ristiside. Ristiside operoitiin kuntoon ja kuntoutettiin el\u00e4infysioterapiassa. Kuntouttaminen ja fysioterapia antoi meille aivan valtavasti. Arvostan meid\u00e4n fysioterapeuttia aivan \u00e4lytt\u00f6m\u00e4sti. Sitten joku heitti minulle kysymyksen, ett\u00e4 miksi en itse l\u00e4htisi lukemaan fysioterapeutiksi? Ja kyll\u00e4h\u00e4n se kiinnosti, mutta alkuun se oli vain sellainen &#8221;heitto&#8221;. Kunnes asiaa mietti enemm\u00e4n ja el\u00e4m\u00e4 tuli ja tapahtui. Hain syksyll\u00e4 2023 Savoniaan monimuotokoulutukseen fysioterapeutiksi. Hakijoita oli paljon ja ep\u00e4ilin jo koko hommaa. Kunnes tuli valintap\u00e4\u00e4t\u00f6s: Tarjoamme sinulle opiskelupaikkaa!<br><br>Tammikuussa 2024 astelin ekaa kertaa Savonian Microkadun kampukselle ja siit\u00e4 alkoi matkani fysioterapeutiksi. <br><br>-Riika-<\/p>\n\n\n\n<p><\/p>\n","protected":false},"excerpt":{"rendered":"<p>Min\u00e4 olen syntyj\u00e4\u00e4n pohjoissavolainen ja se, ett\u00e4 olen t\u00e4ss\u00e4 Savonia Ammattikorkeakoulussa opiskelemassa fysioterapeutiksi on usean erilaisen mutkan ja polun tulos. Lyhyk\u00e4isyydess\u00e4\u00e4n lukiosta valmistumiseni j\u00e4lkeen l\u00e4hdin opiskelemaan restonomiksi Tampereen ammattikorkeakouluun matkailun koulutusohjelmaan. Olin lukiossa lukenut useita kieli\u00e4 ja toivoin, ett\u00e4 voisin n\u00e4it\u00e4 hy\u00f6dynt\u00e4\u00e4 tukevaisuudessa. Jokainen t\u00e4t\u00e4 teksti\u00e4 lukeva tiet\u00e4\u00e4 millaisia muutoksia &#8230; <a class=\"continue-reading-link\" href=\"https:\/\/blogi.savonia.fi\/riikalonn\/matkani\/\"> Continue reading<\/a><\/p>\n","protected":false},"author":11534,"featured_media":0,"parent":0,"menu_order":0,"comment_status":"closed","ping_status":"closed","template":"","meta":{"footnotes":""},"class_list":["post-5","page","type-page","status-publish","hentry"],"_links":{"self":[{"href":"https:\/\/blogi.savonia.fi\/riikalonn\/wp-json\/wp\/v2\/pages\/5","targetHints":{"allow":["GET"]}}],"collection":[{"href":"https:\/\/blogi.savonia.fi\/riikalonn\/wp-json\/wp\/v2\/pages"}],"about":[{"href":"https:\/\/blogi.savonia.fi\/riikalonn\/wp-json\/wp\/v2\/types\/page"}],"author":[{"embeddable":true,"href":"https:\/\/blogi.savonia.fi\/riikalonn\/wp-json\/wp\/v2\/users\/11534"}],"replies":[{"embeddable":true,"href":"https:\/\/blogi.savonia.fi\/riikalonn\/wp-json\/wp\/v2\/comments?post=5"}],"version-history":[{"count":6,"href":"https:\/\/blogi.savonia.fi\/riikalonn\/wp-json\/wp\/v2\/pages\/5\/revisions"}],"predecessor-version":[{"id":27,"href":"https:\/\/blogi.savonia.fi\/riikalonn\/wp-json\/wp\/v2\/pages\/5\/revisions\/27"}],"wp:attachment":[{"href":"https:\/\/blogi.savonia.fi\/riikalonn\/wp-json\/wp\/v2\/media?parent=5"}],"curies":[{"name":"wp","href":"https:\/\/api.w.org\/{rel}","templated":true}]}}