{"id":113,"date":"2023-11-21T14:24:07","date_gmt":"2023-11-21T12:24:07","guid":{"rendered":"https:\/\/blogi.savonia.fi\/s2304947\/?page_id=113"},"modified":"2023-11-21T14:24:34","modified_gmt":"2023-11-21T12:24:34","slug":"mondo-ja-turusta-kertova-artikkeli","status":"publish","type":"page","link":"https:\/\/blogi.savonia.fi\/s2304947\/maailma-niin-lahella-ja-kuitenkin-niin-kaukana\/mondo-ja-turusta-kertova-artikkeli\/","title":{"rendered":"Mondo ja Turusta kertova artikkeli"},"content":{"rendered":"\n<p>Mondo- lehdess\u00e4 on Jenni Arbeliuksen artikkeli, jossa Olli Sallinen ja Saana Sipil\u00e4 esittelev\u00e4t Turkua ja sen k\u00e4tkettyj\u00e4 helmi\u00e4. Alkuun oppaat esittelev\u00e4t Cafe Qwenseli\u00e4 apteekkimuseon sis\u00e4pihalta. Kohteiden lis\u00e4ksi avataan oppaiden henkil\u00f6historiaa heid\u00e4n ollessa mainetta niitt\u00e4neit\u00e4 suunnittelijoita. Heid\u00e4n suunnittelut\u00f6it\u00e4\u00e4n tilataan kotimaahan ja ulkomaille s\u00e4\u00e4nn\u00f6llisesti. Artikkelissa kerrotaan pariskunnan tavanneen laittomissa mets\u00e4bileiss\u00e4 ja nykyp\u00e4iv\u00e4n\u00e4 ovat tottuneita Turun vierailijoiden ohjeistajia ( Arbelius 2023, 56).<\/p>\n\n\n\n<p>Matka jatkuu Turun kaupungin museoon, WAMiin. N\u00e4ht\u00e4vyydeksi mainitaan suuri akvaario eri lajeineen, sek\u00e4 helmikuussa avautuva Iiu Susirajan n\u00e4yttely. Seuraavana vuorossa on kest\u00e4v\u00e4sti tuotetun suomalaisen desingin pop- up- marketti PUF. Matkan varrella pariskunta kertoo lempibaareistaan ja kehuvat Turkua fiilikselt\u00e4\u00e4n rennoksi. Artikkelissa kerrotaan porukan poikenneen T\u00e5get-baariin, lasten kirppiksell\u00e4 nimelt\u00e4 Taika ja n\u00e4iden kautta Kakolanm\u00e4elle. Oppaat kertovat Turun ravintolael\u00e4m\u00e4n laajenemisesta keskustasta kohti Turun linnaa( Arbelius 2023, 56-60).<\/p>\n\n\n\n<p>Kierros p\u00e4\u00e4tet\u00e4\u00e4n Kuuvannokkaan, luontokohteeseen ruissaloon. Sivulla 61. on Ollin ja Saanan suosittelemat paikat kartalla, joka sis\u00e4lt\u00e4\u00e4 ruokapaikkoja, baareja, kahviloita, putiikkeja, kulttuurikohteita, lasten kanssa vierailtavia, luontokohteita, sek\u00e4 saunoja ja uintipaikkoja( Arbelius 2023, 61).<\/p>\n\n\n<div class=\"wp-block-image\">\n<figure class=\"aligncenter size-large is-resized\"><img loading=\"lazy\" decoding=\"async\" width=\"768\" height=\"1024\" src=\"https:\/\/blogi.savonia.fi\/s2304947\/wp-content\/uploads\/sites\/12356\/2023\/11\/IMG_20231121_130305-768x1024.jpg\" alt=\"\" class=\"wp-image-111\" style=\"aspect-ratio:0.75;width:438px;height:auto\" srcset=\"https:\/\/blogi.savonia.fi\/s2304947\/wp-content\/uploads\/sites\/12356\/2023\/11\/IMG_20231121_130305-768x1024.jpg 768w, https:\/\/blogi.savonia.fi\/s2304947\/wp-content\/uploads\/sites\/12356\/2023\/11\/IMG_20231121_130305-225x300.jpg 225w, https:\/\/blogi.savonia.fi\/s2304947\/wp-content\/uploads\/sites\/12356\/2023\/11\/IMG_20231121_130305-1152x1536.jpg 1152w, https:\/\/blogi.savonia.fi\/s2304947\/wp-content\/uploads\/sites\/12356\/2023\/11\/IMG_20231121_130305-1536x2048.jpg 1536w, https:\/\/blogi.savonia.fi\/s2304947\/wp-content\/uploads\/sites\/12356\/2023\/11\/IMG_20231121_130305-600x800.jpg 600w, https:\/\/blogi.savonia.fi\/s2304947\/wp-content\/uploads\/sites\/12356\/2023\/11\/IMG_20231121_130305-945x1260.jpg 945w, https:\/\/blogi.savonia.fi\/s2304947\/wp-content\/uploads\/sites\/12356\/2023\/11\/IMG_20231121_130305-scaled.jpg 1920w\" sizes=\"auto, (max-width: 768px) 100vw, 768px\" \/><figcaption class=\"wp-element-caption\">Kuva 1. Saanan ja Ollin vinkit mielenkiintoisiin paikkoihin Turun keskustassa. Kuva otettu Mondo- lehdest\u00e4 12\/2023 (Kortelainen 2023).<\/figcaption><\/figure>\n<\/div>\n\n\n<p>Valitsin t\u00e4m\u00e4n artikkelin, koska jostain syyst\u00e4 Turku on aina kiehtonut minua kaupunkina, vaikken koskaan ole siell\u00e4 asti p\u00e4\u00e4ssyt k\u00e4ym\u00e4\u00e4n. Turussa asuu yst\u00e4v\u00e4pariskunta, jotka kertovat aina mielenkiintoisia tarinoita sielt\u00e4p\u00e4in ja kehuvat kaupungin el\u00e4m\u00e4\u00e4 ja tapahtumia. Toki kuuluu v\u00e4lill\u00e4 my\u00f6s negatiivistakin puhetta, kuten ettei siell\u00e4 voi edes talvella hiiht\u00e4\u00e4, mik\u00e4 ei minun korvaani ole miinus ollenkaan intohimoisena hiihdon inhoajajana. Syksyll\u00e4 oli my\u00f6s tunnilla teht\u00e4v\u00e4n\u00e4 keksi\u00e4 ja esitell\u00e4 matkakohde luokkalaisille, jota sitten \u00e4\u00e4nestettiin. Ryhm\u00e4mme esitteli Turkua, joka vastoin kaikkia odotuksia sai muutaman \u00e4\u00e4nen, joten voi olla ett\u00e4 p\u00e4\u00e4sen Turkuun viel\u00e4 t\u00e4m\u00e4n koulun aikana.<\/p>\n\n\n\n<p>Veikkaan ett\u00e4 ihastukseeni on vaikuttanut Vares- elokuvat, jotka sijoittuvat Turkuun. My\u00f6s kes\u00e4ll\u00e4 tutustuin podcastiin, jossa kerrottiin Turkulaisesta urbaani legendasta, Aurajoki- hukuttajasta, joka piinaa humalaisia Aurajoen rannoilla \u00f6isin. Identifioidun matkailijana Dark-turism- ryhm\u00e4\u00e4n, jossa p\u00e4\u00e4motivaattori matkailuun on paikat, joissa mahdollisesti kummittelee tai on tapahtunut murhia tai muita kauheuksia. Ajatuksena todella karmivaa investoida ja j\u00e4rjest\u00e4\u00e4 matka, jonka p\u00e4\u00e4n\u00e4ht\u00e4vyys on jokin kauhistus tai murhapaikka. Olen perustellut perversioitani matkakohteiden valinnassa sill\u00e4, ett\u00e4 my\u00f6s historia kiinnostaa minua melkein yht\u00e4 paljon kuin kummitukset. Olemme siskojeni kanssa vierailleet it\u00e4rajalla vanhoilla juoksuhaudoilla ja sotatantereilla ja olemme yhteisesti jakaneet kiinnostuksen suomen sotahistoriaan. Olen k\u00e4ynyt Puolassa Auswitchissa, vanhassa juutalaiskorttelissa ja kauhupakohuoneessa, mutta k\u00e4vin my\u00f6s katsomassa linnoja, kirkkoja ja historiallisia toreja, aukioita ja patsaita.<\/p>\n\n\n\n<p>Ep\u00e4ilenkin kiinnostuksen her\u00e4\u00e4v\u00e4n traagisista ihmiskohtaloista, jotka esimerkiksi kauhuelokuvien tapaan her\u00e4tt\u00e4v\u00e4t suuria tunteita ja empaattisena ihmisen\u00e4 on ehk\u00e4p\u00e4 helppo tuntea surua ja tuskaa hetkellisesti pahojen asioiden \u00e4\u00e4rell\u00e4 ja palata siit\u00e4 omaan maailmaan, jossa on kaikki kuitenkin hyvin.<\/p>\n","protected":false},"excerpt":{"rendered":"<p>Mondo- lehdess\u00e4 on Jenni Arbeliuksen artikkeli, jossa Olli Sallinen ja Saana Sipil\u00e4 esittelev\u00e4t Turkua ja sen k\u00e4tkettyj\u00e4 helmi\u00e4. Alkuun oppaat esittelev\u00e4t Cafe Qwenseli\u00e4 apteekkimuseon sis\u00e4pihalta. Kohteiden lis\u00e4ksi avataan oppaiden henkil\u00f6historiaa heid\u00e4n ollessa mainetta niitt\u00e4neit\u00e4 suunnittelijoita. Heid\u00e4n suunnittelut\u00f6it\u00e4\u00e4n tilataan kotimaahan ja&#8230; <a class=\"more-link\" href=\"https:\/\/blogi.savonia.fi\/s2304947\/maailma-niin-lahella-ja-kuitenkin-niin-kaukana\/mondo-ja-turusta-kertova-artikkeli\/\">Continue Reading &rarr;<\/a><\/p>\n","protected":false},"author":10471,"featured_media":0,"parent":11,"menu_order":7,"comment_status":"closed","ping_status":"closed","template":"","meta":{"footnotes":""},"class_list":["post-113","page","type-page","status-publish","hentry"],"_links":{"self":[{"href":"https:\/\/blogi.savonia.fi\/s2304947\/wp-json\/wp\/v2\/pages\/113","targetHints":{"allow":["GET"]}}],"collection":[{"href":"https:\/\/blogi.savonia.fi\/s2304947\/wp-json\/wp\/v2\/pages"}],"about":[{"href":"https:\/\/blogi.savonia.fi\/s2304947\/wp-json\/wp\/v2\/types\/page"}],"author":[{"embeddable":true,"href":"https:\/\/blogi.savonia.fi\/s2304947\/wp-json\/wp\/v2\/users\/10471"}],"replies":[{"embeddable":true,"href":"https:\/\/blogi.savonia.fi\/s2304947\/wp-json\/wp\/v2\/comments?post=113"}],"version-history":[{"count":1,"href":"https:\/\/blogi.savonia.fi\/s2304947\/wp-json\/wp\/v2\/pages\/113\/revisions"}],"predecessor-version":[{"id":114,"href":"https:\/\/blogi.savonia.fi\/s2304947\/wp-json\/wp\/v2\/pages\/113\/revisions\/114"}],"up":[{"embeddable":true,"href":"https:\/\/blogi.savonia.fi\/s2304947\/wp-json\/wp\/v2\/pages\/11"}],"wp:attachment":[{"href":"https:\/\/blogi.savonia.fi\/s2304947\/wp-json\/wp\/v2\/media?parent=113"}],"curies":[{"name":"wp","href":"https:\/\/api.w.org\/{rel}","templated":true}]}}