{"id":121,"date":"2023-11-21T21:18:54","date_gmt":"2023-11-21T19:18:54","guid":{"rendered":"https:\/\/blogi.savonia.fi\/s2304947\/?page_id=121"},"modified":"2023-11-23T14:39:19","modified_gmt":"2023-11-23T12:39:19","slug":"panorama-hotelli-tahkolla","status":"publish","type":"page","link":"https:\/\/blogi.savonia.fi\/s2304947\/maailma-niin-lahella-ja-kuitenkin-niin-kaukana\/panorama-hotelli-tahkolla\/","title":{"rendered":"Panorama Hotelli tahkolla"},"content":{"rendered":"\n<p>Travelnews on 19. lokakuuta t\u00e4n\u00e4 vuonna julkaissut artikkelin Tahkovuorelle avatusta panorama landscape hotellista, jota luokkamme k\u00e4vi syysmyrskyss\u00e4 rakennusvaiheessa ihmettelem\u00e4ss\u00e4. Artikkelissa vilisee kuuluisia nimi\u00e4 ja jutun kirjoittajaksi mainitaan Kuopio- Tahko markkinointi ja t\u00e4m\u00e4 n\u00e4kyy. Panorama landscape hotellin konsepti on saanut vaikutteita japanilaisista onsen- kylpyl\u00f6ist\u00e4 ja ravintola Havu- kitchen ja bar, sek\u00e4 mets\u00e4kylpyl\u00e4 L\u00e4hde kunnioittavat japanilaista herkkyytt\u00e4. Arkkitehtina on h\u00e4\u00e4rinyt professori Sami Rintala ja projektin budjetin sanotaan olleen viisi miljoonaa. Mainittu on my\u00f6s vastuullisuus veden ja l\u00e4mm\u00f6n yhdist\u00e4misess\u00e4 nykyteknologian avulla. Keitti\u00f6n puolella on palkittu ja arvostettu, monessa Michelin- t\u00e4hden omaavassa ravintolassa ymp\u00e4ri maailman ty\u00f6skennellyt 34- vuotias Kim Mustonen (Travelnews. 19.9.2023 11:07).<\/p>\n\n\n\n<p>Artikkeli on markkinointimieless\u00e4 kirjoitettu ja todentotta lukiessa pystyi kuvittelemaan itsens\u00e4 kylpyl\u00e4\u00e4n ulkoaltaaseen lumen leijaillessa hiljalleen maahan ja Michelin- t\u00e4htien sinkoillessa keitti\u00f6ss\u00e4 kun Kimi R\u00e4ikk\u00f6nen hakee Tommi M\u00e4kisen kanssa drinksua. Ajatuksen juoksun keskeytt\u00e4\u00e4 kysymys, paljonkohan lysti maksaa? Tein testiksi varauksen joulukuun ensimm\u00e4iselle p\u00e4iv\u00e4lle yhdeksi y\u00f6ksi yhdelle hengelle ja sain n\u00e4kyville huonehinnat. Kuten ep\u00e4ilin, ei Kimin ja Tommin kanssa drinksuille tyhj\u00e4taskuopiskelijana p\u00e4\u00e4se. Halvimmillaan olisi p\u00e4\u00e4ssyt Susi- maisemasviitiss\u00e4 440\u20ac hintaan y\u00f6, kalleimmillaan olisi 49 neli\u00f6n Hirvi- maisemasviitist\u00e4 saanut maksaa 850\u20ac yhdest\u00e4 y\u00f6st\u00e4 (Panorama Landscape Hotel, julkaisuaika tuntematon).<\/p>\n\n\n\n<p>Lannistavaa, mutta valitettavan yleist\u00e4. Jos kylpyl\u00e4- hotellin rakennusprojekti on maksanut viisi miljoonaa, ei toiminta kannata muutamilla kympeill\u00e4 pidett\u00e4vist\u00e4 huonehinnoista. Yll\u00e4pitokustannukset ovat varmasti t\u00e4htitaivaalliset, ellei nykyteknologia auta siin\u00e4 jotenkin. Tuskin palkittu dynaaminen nuori kokinlahjakkuus on taulukkopalkalla suostunut tulemaan Nilsi\u00e4\u00e4n t\u00f6ihin. Kustannuksia siis on ja ne nostavat huone- ja palveluhintoja heti. Olen muun muassa halunnut aina k\u00e4yd\u00e4 J\u00e4rvisyd\u00e4mmess\u00e4, mutta siin\u00e4kin iskee aina hinta vastaan. Onneksi saan nauttia ty\u00f6ni takia S-ryhm\u00e4n henkil\u00f6kuntaeduista ja p\u00e4\u00e4semme silloin t\u00e4ll\u00f6in avopuolisoni kanssa reissuun ja hotelliin y\u00f6pym\u00e4\u00e4n. Mutta siin\u00e4 rajautuu monta upeaa kohdetta pois hintojen vuoksi.<\/p>\n\n\n\n<p>T\u00e4ss\u00e4 on turha ruveta pohtimaan miksi kaikki maksaa, se on itsest\u00e4\u00e4n selv\u00e4\u00e4, eik\u00e4 opiskelijoiden tulotasostakaan kannata narista. On tutkittu ett\u00e4 luovuus kasvaa kun tulotaso tippuu ja luovuutta ei opiskellessa voi olla liikoja. Olisiko systeemi jopa toinen toistaan tukeva t\u00e4lt\u00e4 n\u00e4k\u00f6kantilta. Lis\u00e4\u00e4n siis panorama hotellin ja mets\u00e4kylpyl\u00e4n pitk\u00e4\u00e4n haavelistaani paikoista joissa k\u00e4yd\u00e4 kun olen menestynyt ja rikas uranainen.<\/p>\n","protected":false},"excerpt":{"rendered":"<p>Travelnews on 19. lokakuuta t\u00e4n\u00e4 vuonna julkaissut artikkelin Tahkovuorelle avatusta panorama landscape hotellista, jota luokkamme k\u00e4vi syysmyrskyss\u00e4 rakennusvaiheessa ihmettelem\u00e4ss\u00e4. Artikkelissa vilisee kuuluisia nimi\u00e4 ja jutun kirjoittajaksi mainitaan Kuopio- Tahko markkinointi ja t\u00e4m\u00e4 n\u00e4kyy. Panorama landscape hotellin konsepti on saanut vaikutteita&#8230; <a class=\"more-link\" href=\"https:\/\/blogi.savonia.fi\/s2304947\/maailma-niin-lahella-ja-kuitenkin-niin-kaukana\/panorama-hotelli-tahkolla\/\">Continue Reading &rarr;<\/a><\/p>\n","protected":false},"author":10471,"featured_media":0,"parent":11,"menu_order":7,"comment_status":"closed","ping_status":"closed","template":"","meta":{"footnotes":""},"class_list":["post-121","page","type-page","status-publish","hentry"],"_links":{"self":[{"href":"https:\/\/blogi.savonia.fi\/s2304947\/wp-json\/wp\/v2\/pages\/121","targetHints":{"allow":["GET"]}}],"collection":[{"href":"https:\/\/blogi.savonia.fi\/s2304947\/wp-json\/wp\/v2\/pages"}],"about":[{"href":"https:\/\/blogi.savonia.fi\/s2304947\/wp-json\/wp\/v2\/types\/page"}],"author":[{"embeddable":true,"href":"https:\/\/blogi.savonia.fi\/s2304947\/wp-json\/wp\/v2\/users\/10471"}],"replies":[{"embeddable":true,"href":"https:\/\/blogi.savonia.fi\/s2304947\/wp-json\/wp\/v2\/comments?post=121"}],"version-history":[{"count":2,"href":"https:\/\/blogi.savonia.fi\/s2304947\/wp-json\/wp\/v2\/pages\/121\/revisions"}],"predecessor-version":[{"id":144,"href":"https:\/\/blogi.savonia.fi\/s2304947\/wp-json\/wp\/v2\/pages\/121\/revisions\/144"}],"up":[{"embeddable":true,"href":"https:\/\/blogi.savonia.fi\/s2304947\/wp-json\/wp\/v2\/pages\/11"}],"wp:attachment":[{"href":"https:\/\/blogi.savonia.fi\/s2304947\/wp-json\/wp\/v2\/media?parent=121"}],"curies":[{"name":"wp","href":"https:\/\/api.w.org\/{rel}","templated":true}]}}