{"id":13,"date":"2023-10-02T09:20:33","date_gmt":"2023-10-02T06:20:33","guid":{"rendered":"https:\/\/blogi.savonia.fi\/s2304947\/?page_id=13"},"modified":"2023-11-21T21:27:52","modified_gmt":"2023-11-21T19:27:52","slug":"lahteet","status":"publish","type":"page","link":"https:\/\/blogi.savonia.fi\/s2304947\/lahteet\/","title":{"rendered":"L\u00e4hteet"},"content":{"rendered":"\n<p><strong>Islannin h\u00e4t\u00e4tila ja vulkaaninen toiminta<\/strong><\/p>\n\n\n\n<p>YLE 2023. Uutiset. Video: Grindavikin p\u00e4\u00e4katu halki- Islannissa valmistaudutaan l\u00e4hip\u00e4ivien tulivuorenpurkaukseen. Verkkojulkaisu. YLE\/uutiset.fi Uutinen. P\u00e4ivitetty&nbsp;19.11. 12:46. <a href=\"https:\/\/yle.fi\/a\/74-20061006\">Video: Grindavikin p\u00e4\u00e4katu halki \u2013 Islannissa valmistaudutaan l\u00e4hip\u00e4ivien tulivuorenpurkaukseen | Yle Uutiset<\/a> Viitattu 21.11.2023.<\/p>\n\n\n\n<p><strong>Matkailun edist\u00e4misen tietovisa.<\/strong><\/p>\n\n\n\n<p>Visit Finland 2023. Testaa matkailun edist\u00e4misen tietosi! Verkkojulkaisu. visitfinland.fi Uutinen p\u00e4ivitetty 08.05.2023. <a href=\"https:\/\/www.visitfinland.fi\/ajankohtaista\/uutiset\/2023\/testaa-matkailun-edistamisen-tietosi\">Testaa matkailun edist\u00e4misen tietosi! &#8211; Visit Finland<\/a> Viitattu 30.10.2023<\/p>\n\n\n\n<p><strong>Mondo, Turun artikkeli<\/strong><\/p>\n\n\n\n<p>Arbelius, Jenni 2023. Turku paikallisten seurassa. Oppaina suunnitelijapariskunta Saana ja Olli. Mondo Nro 12\/2023, Artikkelit 56.-61. Viitattu 21.11.2023<\/p>\n\n\n\n<p><strong>Panorama hotelli Tahkolla<\/strong><\/p>\n\n\n\n<p>Travelnews 2023. Kuopio- Tahko Markkinointi. Verkkojulkaisu. Panorama Landscape Hotel avataan Tahkolla- mukana Kimi R\u00e4ikk\u00f6nen ja Tommi M\u00e4kinen. P\u00e4ivitetty 19 .10.2023 11:07. <a href=\"https:\/\/travelnews.fi\/fi\/hotelliuutisia\/panorama-landscape-hotel-avataan-tahkolla\">Panorama Landscape Hotel avataan Tahkolla \u2013 mukana Kimi R\u00e4ikk\u00f6nen ja Tommi M\u00e4kinen (travelnews.fi)<\/a> Viitattu 21.11.2023<\/p>\n\n\n\n<p>Panorama Landscape Hotel- moder 2023. Huonevaraus. Verkkojulkaisu. <a href=\"https:\/\/app.moder.fi\/panoramahotel?lang=fi&amp;start=2023-12-01&amp;end=2023-12-02&amp;adults=1&amp;children=0&amp;flexible_date_search=\">Panorama Landscape Hotel &#8211; Moder<\/a> Julkaisuaika tuntematon. Viitattu 21.11.2023<\/p>\n\n\n\n<p><strong>Some\/ Visit finland, Northern Norway, Voyaged<\/strong><\/p>\n\n\n\n<p>Kuva 1. Coron, Palawan. @agusleohalim #voyaged #travel #adventure <a href=\"https:\/\/www.instagram.com\/p\/CBAue3JJx_9\/?epik=dj0yJnU9aHBES0Z3SGVFQU9zVnU1UXRmbk5pcjRoZ09XYy15SXQmcD0wJm49MTBtVFZRaXcxbmxRQVdGT2lzeW5fUSZ0PUFBQUFBR1ZiUFk4\">Whom would you like to have a morning dip with here in this twin lagoon in the Philippines? \u2014 \ud83d\udccc #Coron #Palawan \u2014 \ud83d\udcf7\u2026 | Instagram<\/a><\/p>\n\n\n\n<p>Northen Norway, Instagram k\u00e4ytt\u00e4j\u00e4 @northernnorway <a href=\"https:\/\/www.instagram.com\/northernnorway\/\">Northern Norway Tourist Board (@northernnorway) \u2022 Instagram-kuvat ja -videot<\/a> Viitattu 20.11.2023<\/p>\n\n\n\n<p>Our Finland, Instagram k\u00e4ytt\u00e4j\u00e4 @ourfinland <a href=\"https:\/\/www.instagram.com\/ourfinland\/\">VisitFinland (@ourfinland) \u2022 Instagram-kuvat ja -videot<\/a> Viitattu 20.11.2023<\/p>\n\n\n\n<p>Voyaged, Instagram k\u00e4ytt\u00e4j\u00e4 @voyaged <a href=\"https:\/\/www.instagram.com\/voyaged\/\">VOYAGED by 9GAG (@voyaged) \u2022 Instagram-kuvat ja -videot<\/a> Viitattu 20.11.2023<\/p>\n\n\n\n<p><strong>The Savoy<\/strong><\/p>\n\n\n\n<p>The Savoy: kurkistus huippuhotelliin 2020. Dokumenttisarja. Tuotanto ITV. MTV Katsomo- verkkopalvelu. <\/p>\n\n\n\n<p><a href=\"https:\/\/www.mtv.fi\/ohjelma\/376d956047491de23c31\/the-savoy-kurkistus-huippuhotelliin?tab=episodes\">The Savoy: kurkistus huippuhotelliin &#8211; Katso MTV Katsomossa<\/a> Viitattu 7.11.2023.<\/p>\n\n\n\n<p><strong>Venetsian uppoaminen.<\/strong><\/p>\n\n\n\n<p>Helsingin sanomat 2023. Venetsia alkaa peri\u00e4 turisteilta p\u00e4\u00e4symaksua historialliseen keskustaan -Ulkomaat Italia. Verkkojulkaisu. HS.fi Uutinen p\u00e4ivitetty 12.9.2023 23:05 <a href=\"https:\/\/www.hs.fi\/ulkomaat\/art-2000009850706.html\">Venetsia alkaa peri\u00e4 turisteilta p\u00e4\u00e4symaksua historialliseen keskustaan &#8211; Ulkomaat | HS.fi<\/a> Viitattu 31.10.2023<\/p>\n","protected":false},"excerpt":{"rendered":"<p>Islannin h\u00e4t\u00e4tila ja vulkaaninen toiminta YLE 2023. Uutiset. Video: Grindavikin p\u00e4\u00e4katu halki- Islannissa valmistaudutaan l\u00e4hip\u00e4ivien tulivuorenpurkaukseen. Verkkojulkaisu. YLE\/uutiset.fi Uutinen. P\u00e4ivitetty&nbsp;19.11. 12:46. Video: Grindavikin p\u00e4\u00e4katu halki \u2013 Islannissa valmistaudutaan l\u00e4hip\u00e4ivien tulivuorenpurkaukseen | Yle Uutiset Viitattu 21.11.2023. Matkailun edist\u00e4misen tietovisa. Visit Finland&#8230; <a class=\"more-link\" href=\"https:\/\/blogi.savonia.fi\/s2304947\/lahteet\/\">Continue Reading &rarr;<\/a><\/p>\n","protected":false},"author":10471,"featured_media":0,"parent":0,"menu_order":3,"comment_status":"closed","ping_status":"closed","template":"","meta":{"footnotes":""},"class_list":["post-13","page","type-page","status-publish","hentry"],"_links":{"self":[{"href":"https:\/\/blogi.savonia.fi\/s2304947\/wp-json\/wp\/v2\/pages\/13","targetHints":{"allow":["GET"]}}],"collection":[{"href":"https:\/\/blogi.savonia.fi\/s2304947\/wp-json\/wp\/v2\/pages"}],"about":[{"href":"https:\/\/blogi.savonia.fi\/s2304947\/wp-json\/wp\/v2\/types\/page"}],"author":[{"embeddable":true,"href":"https:\/\/blogi.savonia.fi\/s2304947\/wp-json\/wp\/v2\/users\/10471"}],"replies":[{"embeddable":true,"href":"https:\/\/blogi.savonia.fi\/s2304947\/wp-json\/wp\/v2\/comments?post=13"}],"version-history":[{"count":15,"href":"https:\/\/blogi.savonia.fi\/s2304947\/wp-json\/wp\/v2\/pages\/13\/revisions"}],"predecessor-version":[{"id":124,"href":"https:\/\/blogi.savonia.fi\/s2304947\/wp-json\/wp\/v2\/pages\/13\/revisions\/124"}],"wp:attachment":[{"href":"https:\/\/blogi.savonia.fi\/s2304947\/wp-json\/wp\/v2\/media?parent=13"}],"curies":[{"name":"wp","href":"https:\/\/api.w.org\/{rel}","templated":true}]}}