{"id":151,"date":"2024-04-21T14:28:20","date_gmt":"2024-04-21T11:28:20","guid":{"rendered":"https:\/\/blogi.savonia.fi\/s2304947\/?page_id=151"},"modified":"2024-04-25T14:47:05","modified_gmt":"2024-04-25T11:47:05","slug":"poimintoja-opintojen-varrelta","status":"publish","type":"page","link":"https:\/\/blogi.savonia.fi\/s2304947\/poimintoja-opintojen-varrelta\/","title":{"rendered":"Poimintoja opintojen varrelta"},"content":{"rendered":"\n<p>Ensimm\u00e4inen syksy restonomin opintoja on takana ja kev\u00e4tlukukausi on t\u00e4ytt\u00e4 h\u00e4k\u00e4\u00e4 p\u00e4\u00e4ll\u00e4. Syksy meni opetellessa perusasioita ja opiskelijan arkea, aikataulutusta ja uusia toimintamekanismeja. Kev\u00e4\u00e4n lukuj\u00e4rjestys on ollutkin melkoinen sekametelisoppa ja ty\u00f6m\u00e4\u00e4r\u00e4t tuntuvat moninkertaisilta syksyyn verrattuna, mutta onneksi on my\u00f6s monia keinoja taklata haasteet ja aikataulutus on niist\u00e4 ykk\u00f6nen.<\/p>\n\n\n\n<p>T\u00e4lle sivulle kokoan muutamia poimintoja matkan varrelta jotka ovat j\u00e4\u00e4neet mieleen ja tehneet vaikutuksen jollain osa-alueella.<\/p>\n\n\n\n<figure class=\"wp-block-image size-large is-resized is-style-rounded\"><img loading=\"lazy\" decoding=\"async\" width=\"768\" height=\"1024\" src=\"https:\/\/blogi.savonia.fi\/s2304947\/wp-content\/uploads\/sites\/12356\/2024\/04\/IMG_20231021_104132-768x1024.jpg\" alt=\"\" class=\"wp-image-164\" style=\"width:324px;height:auto\" srcset=\"https:\/\/blogi.savonia.fi\/s2304947\/wp-content\/uploads\/sites\/12356\/2024\/04\/IMG_20231021_104132-768x1024.jpg 768w, https:\/\/blogi.savonia.fi\/s2304947\/wp-content\/uploads\/sites\/12356\/2024\/04\/IMG_20231021_104132-225x300.jpg 225w, https:\/\/blogi.savonia.fi\/s2304947\/wp-content\/uploads\/sites\/12356\/2024\/04\/IMG_20231021_104132-1152x1536.jpg 1152w, https:\/\/blogi.savonia.fi\/s2304947\/wp-content\/uploads\/sites\/12356\/2024\/04\/IMG_20231021_104132-1536x2048.jpg 1536w, https:\/\/blogi.savonia.fi\/s2304947\/wp-content\/uploads\/sites\/12356\/2024\/04\/IMG_20231021_104132-600x800.jpg 600w, https:\/\/blogi.savonia.fi\/s2304947\/wp-content\/uploads\/sites\/12356\/2024\/04\/IMG_20231021_104132-945x1260.jpg 945w, https:\/\/blogi.savonia.fi\/s2304947\/wp-content\/uploads\/sites\/12356\/2024\/04\/IMG_20231021_104132-scaled.jpg 1920w\" sizes=\"auto, (max-width: 768px) 100vw, 768px\" \/><figcaption class=\"wp-element-caption\">Syysmarkkinat Nurmeksessa (Kuva 1, Kortelainen 2023)<\/figcaption><\/figure>\n\n\n\n<p><strong>Tallinna 17.04-19.04.2024<\/strong><\/p>\n\n\n\n<p>Vierailimme Tallinnassa kahden y\u00f6n verran huhtikuun puolessa v\u00e4liss\u00e4 koko luokan opintomatkan merkeiss\u00e4. Matkalla meill\u00e4 oli ensimm\u00e4inen esittely Ecker\u00f6 linesta laivalla matkalla Tallinnan puolelle. Esittelij\u00e4n\u00e4 toimi kaksi laivan henkil\u00f6kuntaan kuuluvia henkil\u00f6it\u00e4 ja meid\u00e4n ryhm\u00e4\u00e4mme kierr\u00e4tti Simopekka Silventola, joka hallinnoi esiintyji\u00e4 ja viihdepuolta. Kiersimme laivan ravintolat ja kaupat sek\u00e4 saimme kuulla tietoa yleisesti koko laivan toiminnasta ja siell\u00e4 ty\u00f6skentelyst\u00e4.<\/p>\n\n\n\n<figure class=\"wp-block-image size-large is-resized is-style-rounded\"><img loading=\"lazy\" decoding=\"async\" width=\"2560\" height=\"1600\" src=\"https:\/\/blogi.savonia.fi\/s2304947\/wp-content\/uploads\/sites\/12356\/2024\/04\/IMG_20240417_192225-edited-scaled.jpg\" alt=\"\" class=\"wp-image-163\" style=\"width:587px;height:auto\" srcset=\"https:\/\/blogi.savonia.fi\/s2304947\/wp-content\/uploads\/sites\/12356\/2024\/04\/IMG_20240417_192225-edited-scaled.jpg 2560w, https:\/\/blogi.savonia.fi\/s2304947\/wp-content\/uploads\/sites\/12356\/2024\/04\/IMG_20240417_192225-edited-300x188.jpg 300w, https:\/\/blogi.savonia.fi\/s2304947\/wp-content\/uploads\/sites\/12356\/2024\/04\/IMG_20240417_192225-edited-1024x640.jpg 1024w, https:\/\/blogi.savonia.fi\/s2304947\/wp-content\/uploads\/sites\/12356\/2024\/04\/IMG_20240417_192225-edited-768x480.jpg 768w, https:\/\/blogi.savonia.fi\/s2304947\/wp-content\/uploads\/sites\/12356\/2024\/04\/IMG_20240417_192225-edited-1536x960.jpg 1536w, https:\/\/blogi.savonia.fi\/s2304947\/wp-content\/uploads\/sites\/12356\/2024\/04\/IMG_20240417_192225-edited-2048x1280.jpg 2048w, https:\/\/blogi.savonia.fi\/s2304947\/wp-content\/uploads\/sites\/12356\/2024\/04\/IMG_20240417_192225-edited-600x375.jpg 600w, https:\/\/blogi.savonia.fi\/s2304947\/wp-content\/uploads\/sites\/12356\/2024\/04\/IMG_20240417_192225-edited-945x591.jpg 945w\" sizes=\"auto, (max-width: 2560px) 100vw, 2560px\" \/><figcaption class=\"wp-element-caption\">Vanhan kaupungin sivukujilta aukesi uusia kauniita rakennuksia joita ihastella (Kuva 2. Kortelainen 2024)<\/figcaption><\/figure>\n\n\n\n<p>Saavuimme Tallinnaan noin viiden j\u00e4lkeen iltap\u00e4iv\u00e4ll\u00e4 ja suuntasimme suoraan hotellille.<\/p>\n\n\n\n<p>Tallinnan puolella ensimm\u00e4inen ilta meni osalla ryhm\u00e4st\u00e4 seuraavan p\u00e4iv\u00e4n aktiviteetin, rastikierroksen valmisteluun ja kiert\u00e4miseen ennakkoon. Kierros tapahtui vanhassa kaupungissa, jonne oli vajaa kaksi kilometri\u00e4 matkaa hotelliltamme. Kiersimme vanhaa kaupunkia, joka her\u00e4si uuteen eloon pime\u00e4n laskeuduttua kausivalojen loisteessa. K\u00e4vimme keskiaikaisessa ravintolassa sy\u00f6m\u00e4ss\u00e4 ja yll\u00e4tyimme kun ruokailun yhteyteen kuului esitys henkil\u00f6kunnan toimesta. Ravintola oli Peppersack ja aivan vanhan kaupungin syd\u00e4mess\u00e4.<\/p>\n\n\n\n<figure class=\"wp-block-image size-large is-resized is-style-rounded\"><img loading=\"lazy\" decoding=\"async\" width=\"768\" height=\"1024\" src=\"https:\/\/blogi.savonia.fi\/s2304947\/wp-content\/uploads\/sites\/12356\/2024\/04\/IMG_20240417_205652-768x1024.jpg\" alt=\"\" class=\"wp-image-165\" style=\"width:384px;height:auto\" srcset=\"https:\/\/blogi.savonia.fi\/s2304947\/wp-content\/uploads\/sites\/12356\/2024\/04\/IMG_20240417_205652-768x1024.jpg 768w, https:\/\/blogi.savonia.fi\/s2304947\/wp-content\/uploads\/sites\/12356\/2024\/04\/IMG_20240417_205652-225x300.jpg 225w, https:\/\/blogi.savonia.fi\/s2304947\/wp-content\/uploads\/sites\/12356\/2024\/04\/IMG_20240417_205652-1152x1536.jpg 1152w, https:\/\/blogi.savonia.fi\/s2304947\/wp-content\/uploads\/sites\/12356\/2024\/04\/IMG_20240417_205652-1536x2048.jpg 1536w, https:\/\/blogi.savonia.fi\/s2304947\/wp-content\/uploads\/sites\/12356\/2024\/04\/IMG_20240417_205652-600x800.jpg 600w, https:\/\/blogi.savonia.fi\/s2304947\/wp-content\/uploads\/sites\/12356\/2024\/04\/IMG_20240417_205652-945x1260.jpg 945w, https:\/\/blogi.savonia.fi\/s2304947\/wp-content\/uploads\/sites\/12356\/2024\/04\/IMG_20240417_205652-scaled.jpg 1920w\" sizes=\"auto, (max-width: 768px) 100vw, 768px\" \/><figcaption class=\"wp-element-caption\">Peppersackin herkullisia ruokia (Kuva 3. Kortelainen 2024)<\/figcaption><\/figure>\n\n\n\n<p> Hotellimme Hotel Hestia Europa, sijaitsi puolen kilometrin p\u00e4\u00e4ss\u00e4 sataman terminaalista, mik\u00e4 s\u00e4\u00e4sti aikaa huomattavasti. Hotellimme oli keskitasoinen ja iloinen yll\u00e4tys oli hintaan kuuluva aamusauna, johon huonekaverini kanssa menimme kumpanakin aamuna sen auetessa klo 6:30.<\/p>\n\n\n\n<p>Toinen p\u00e4iv\u00e4 Tallinnassa sis\u00e4lsi vierailuja ja omatoimista kiertely\u00e4. Yritysesittely VR teknologian avulla j\u00e4rjestetyst\u00e4 kulttuurikierroksesta sodan ajan Tallinnan kaduille tapahtui klo 11 aikaan ja halukkaat saivat j\u00e4\u00e4d\u00e4 kierrokselle esittelyn j\u00e4lkeen. Itse k\u00e4vin kidutusmuseossa vanhan kaupungin puolella, jonka j\u00e4lkeen k\u00e4vimme lounaalla italialaisessa ravintolassa.<\/p>\n\n\n\n<figure class=\"wp-block-image size-large is-resized is-style-rounded\"><img loading=\"lazy\" decoding=\"async\" width=\"768\" height=\"1024\" src=\"https:\/\/blogi.savonia.fi\/s2304947\/wp-content\/uploads\/sites\/12356\/2024\/04\/IMG_20240418_123905-768x1024.jpg\" alt=\"\" class=\"wp-image-166\" style=\"width:467px;height:auto\" srcset=\"https:\/\/blogi.savonia.fi\/s2304947\/wp-content\/uploads\/sites\/12356\/2024\/04\/IMG_20240418_123905-768x1024.jpg 768w, https:\/\/blogi.savonia.fi\/s2304947\/wp-content\/uploads\/sites\/12356\/2024\/04\/IMG_20240418_123905-225x300.jpg 225w, https:\/\/blogi.savonia.fi\/s2304947\/wp-content\/uploads\/sites\/12356\/2024\/04\/IMG_20240418_123905-1152x1536.jpg 1152w, https:\/\/blogi.savonia.fi\/s2304947\/wp-content\/uploads\/sites\/12356\/2024\/04\/IMG_20240418_123905-1536x2048.jpg 1536w, https:\/\/blogi.savonia.fi\/s2304947\/wp-content\/uploads\/sites\/12356\/2024\/04\/IMG_20240418_123905-600x800.jpg 600w, https:\/\/blogi.savonia.fi\/s2304947\/wp-content\/uploads\/sites\/12356\/2024\/04\/IMG_20240418_123905-945x1260.jpg 945w, https:\/\/blogi.savonia.fi\/s2304947\/wp-content\/uploads\/sites\/12356\/2024\/04\/IMG_20240418_123905-scaled.jpg 1920w\" sizes=\"auto, (max-width: 768px) 100vw, 768px\" \/><figcaption class=\"wp-element-caption\">Kidutusmuseon esineist\u00f6\u00e4, rautarouva. (Kuva 4. Kortelainen 2024)<\/figcaption><\/figure>\n\n\n\n<p>Kello 14 oli aika hotelliesittelylle jossa oli kaksi vaihtoehtoa. Valitsin Sdhl\u00f6sse hotel, keskiaikaisessa rakennuksessa sijaitseva hotelli vanhassa kaupungissa. Hotelli oli upea, 24 huonetta sis\u00e4lt\u00e4v\u00e4 tunnelmallinen paikka jossa asiakaspalvelu ja laatu huokui kaikesta. Esittelij\u00e4n\u00e4 toimi taas kaksi henkil\u00f6\u00e4, jotka kierr\u00e4ttiv\u00e4t meit\u00e4 ensin kellarikerroksen ravintolan ja kokoustilat ja sitten yl\u00e4kerrosten huoneet.  T\u00e4m\u00e4 vierailu teki vaikutuksen ja henkil\u00f6kunnan omistautumisen ty\u00f6lleen huomasi ja olo oli tervetullut koko vierailun ajan.<\/p>\n\n\n\n<p>Illalla kello 18 meille oli varattu ruokailu Farm- nimisess\u00e4 ravintolassa, joka my\u00f6s sijaitsi vanhassa kaupungissa. Kolmen ruokalajin illallinen oli herkullinen ja omakustanteisesti sai juoda alkoholia lis\u00e4ksi. Itse pysyin vesilinjalla, sill\u00e4 monien kilometrien k\u00e4velyp\u00e4ivien j\u00e4lkeen jaksaminen oli kortilla.<\/p>\n\n\n\n<figure class=\"wp-block-image size-large is-resized is-style-rounded\"><img loading=\"lazy\" decoding=\"async\" width=\"768\" height=\"1024\" src=\"https:\/\/blogi.savonia.fi\/s2304947\/wp-content\/uploads\/sites\/12356\/2024\/04\/IMG_20240418_133841-768x1024.jpg\" alt=\"\" class=\"wp-image-167\" style=\"width:449px;height:auto\" srcset=\"https:\/\/blogi.savonia.fi\/s2304947\/wp-content\/uploads\/sites\/12356\/2024\/04\/IMG_20240418_133841-768x1024.jpg 768w, https:\/\/blogi.savonia.fi\/s2304947\/wp-content\/uploads\/sites\/12356\/2024\/04\/IMG_20240418_133841-225x300.jpg 225w, https:\/\/blogi.savonia.fi\/s2304947\/wp-content\/uploads\/sites\/12356\/2024\/04\/IMG_20240418_133841-1152x1536.jpg 1152w, https:\/\/blogi.savonia.fi\/s2304947\/wp-content\/uploads\/sites\/12356\/2024\/04\/IMG_20240418_133841-1536x2048.jpg 1536w, https:\/\/blogi.savonia.fi\/s2304947\/wp-content\/uploads\/sites\/12356\/2024\/04\/IMG_20240418_133841-600x800.jpg 600w, https:\/\/blogi.savonia.fi\/s2304947\/wp-content\/uploads\/sites\/12356\/2024\/04\/IMG_20240418_133841-945x1260.jpg 945w, https:\/\/blogi.savonia.fi\/s2304947\/wp-content\/uploads\/sites\/12356\/2024\/04\/IMG_20240418_133841-scaled.jpg 1920w\" sizes=\"auto, (max-width: 768px) 100vw, 768px\" \/><figcaption class=\"wp-element-caption\">Hotel sch\u00f6lssen vanhassa kaupungissa. (Kuva 5. Kortelainen 2024)<\/figcaption><\/figure>\n\n\n\n<p>L\u00e4ht\u00f6p\u00e4iv\u00e4n\u00e4 meille esitt\u00e4ytyi viel\u00e4 aamiaisen j\u00e4lkeen Hotel Hestian ty\u00f6ntekij\u00e4 myynnin puolelta ja kertoi hotellity\u00f6st\u00e4 ja yleisesti hotellitoiminnan mahdollisuuksista ja haasteista.<\/p>\n\n\n\n<p>T\u00e4ss\u00e4 vaiheessa luokka oli jo valmis palaamaan kotiin, laivan tax freen kautta tietenkin. Kaiken kaikkiaan matka oli ikimuistoinen, hauska ja raskas, niin kuin reissut kaikkiin kohteisiin, jonne ei kaksi p\u00e4iv\u00e4\u00e4 riit\u00e4. Tallinna yll\u00e4tti kulttuurillaan ja monikerroksisella el\u00e4myksell\u00e4\u00e4n. Voin kuvitella kuinka pikkukujien k\u00e4tk\u00f6\u00f6n j\u00e4i viel\u00e4 paljon selvitett\u00e4v\u00e4\u00e4 ja nautittavaa seuraavia reissuja varten.<\/p>\n","protected":false},"excerpt":{"rendered":"<p>Ensimm\u00e4inen syksy restonomin opintoja on takana ja kev\u00e4tlukukausi on t\u00e4ytt\u00e4 h\u00e4k\u00e4\u00e4 p\u00e4\u00e4ll\u00e4. Syksy meni opetellessa perusasioita ja opiskelijan arkea, aikataulutusta ja uusia toimintamekanismeja. Kev\u00e4\u00e4n lukuj\u00e4rjestys on ollutkin melkoinen sekametelisoppa ja ty\u00f6m\u00e4\u00e4r\u00e4t tuntuvat moninkertaisilta syksyyn verrattuna, mutta onneksi on my\u00f6s monia&#8230; <a class=\"more-link\" href=\"https:\/\/blogi.savonia.fi\/s2304947\/poimintoja-opintojen-varrelta\/\">Continue Reading &rarr;<\/a><\/p>\n","protected":false},"author":10471,"featured_media":0,"parent":0,"menu_order":0,"comment_status":"closed","ping_status":"closed","template":"","meta":{"footnotes":""},"class_list":["post-151","page","type-page","status-publish","hentry"],"_links":{"self":[{"href":"https:\/\/blogi.savonia.fi\/s2304947\/wp-json\/wp\/v2\/pages\/151","targetHints":{"allow":["GET"]}}],"collection":[{"href":"https:\/\/blogi.savonia.fi\/s2304947\/wp-json\/wp\/v2\/pages"}],"about":[{"href":"https:\/\/blogi.savonia.fi\/s2304947\/wp-json\/wp\/v2\/types\/page"}],"author":[{"embeddable":true,"href":"https:\/\/blogi.savonia.fi\/s2304947\/wp-json\/wp\/v2\/users\/10471"}],"replies":[{"embeddable":true,"href":"https:\/\/blogi.savonia.fi\/s2304947\/wp-json\/wp\/v2\/comments?post=151"}],"version-history":[{"count":3,"href":"https:\/\/blogi.savonia.fi\/s2304947\/wp-json\/wp\/v2\/pages\/151\/revisions"}],"predecessor-version":[{"id":182,"href":"https:\/\/blogi.savonia.fi\/s2304947\/wp-json\/wp\/v2\/pages\/151\/revisions\/182"}],"wp:attachment":[{"href":"https:\/\/blogi.savonia.fi\/s2304947\/wp-json\/wp\/v2\/media?parent=151"}],"curies":[{"name":"wp","href":"https:\/\/api.w.org\/{rel}","templated":true}]}}