{"id":156,"date":"2024-02-10T14:09:53","date_gmt":"2024-02-10T12:09:53","guid":{"rendered":"https:\/\/blogi.savonia.fi\/s2304947\/?page_id=156"},"modified":"2024-04-21T14:36:13","modified_gmt":"2024-04-21T11:36:13","slug":"ruotsinkielinen-tyonhakuvideo","status":"publish","type":"page","link":"https:\/\/blogi.savonia.fi\/s2304947\/esimerkkisivu\/ruotsinkielinen-tyonhakuvideo\/","title":{"rendered":"Ruotsinkielinen ty\u00f6nhakuvideo"},"content":{"rendered":"\n<p>T\u00e4ss\u00e4 on linkki ruotsinkieliseen ty\u00f6nhakuvideoon, joka kuuluu osana opintokokonaisuutta virkamiesruotsin suorittamiseen.<\/p>\n\n\n\n<p><a href=\"https:\/\/media.savonia.fi\/View.aspx?id=84912~5l~EukVm8Sfrc\" target=\"_blank\" rel=\"noreferrer noopener\">https:\/\/media.savonia.fi\/View.aspx?id=84912~5l~EukVm8Sfrc<\/a><\/p>\n","protected":false},"excerpt":{"rendered":"<p>T\u00e4ss\u00e4 on linkki ruotsinkieliseen ty\u00f6nhakuvideoon, joka kuuluu osana opintokokonaisuutta virkamiesruotsin suorittamiseen. https:\/\/media.savonia.fi\/View.aspx?id=84912~5l~EukVm8Sfrc<\/p>\n","protected":false},"author":10471,"featured_media":0,"parent":2,"menu_order":0,"comment_status":"closed","ping_status":"closed","template":"","meta":{"footnotes":""},"class_list":["post-156","page","type-page","status-publish","hentry"],"_links":{"self":[{"href":"https:\/\/blogi.savonia.fi\/s2304947\/wp-json\/wp\/v2\/pages\/156","targetHints":{"allow":["GET"]}}],"collection":[{"href":"https:\/\/blogi.savonia.fi\/s2304947\/wp-json\/wp\/v2\/pages"}],"about":[{"href":"https:\/\/blogi.savonia.fi\/s2304947\/wp-json\/wp\/v2\/types\/page"}],"author":[{"embeddable":true,"href":"https:\/\/blogi.savonia.fi\/s2304947\/wp-json\/wp\/v2\/users\/10471"}],"replies":[{"embeddable":true,"href":"https:\/\/blogi.savonia.fi\/s2304947\/wp-json\/wp\/v2\/comments?post=156"}],"version-history":[{"count":3,"href":"https:\/\/blogi.savonia.fi\/s2304947\/wp-json\/wp\/v2\/pages\/156\/revisions"}],"predecessor-version":[{"id":159,"href":"https:\/\/blogi.savonia.fi\/s2304947\/wp-json\/wp\/v2\/pages\/156\/revisions\/159"}],"up":[{"embeddable":true,"href":"https:\/\/blogi.savonia.fi\/s2304947\/wp-json\/wp\/v2\/pages\/2"}],"wp:attachment":[{"href":"https:\/\/blogi.savonia.fi\/s2304947\/wp-json\/wp\/v2\/media?parent=156"}],"curies":[{"name":"wp","href":"https:\/\/api.w.org\/{rel}","templated":true}]}}