{"id":180,"date":"2024-04-25T14:44:34","date_gmt":"2024-04-25T11:44:34","guid":{"rendered":"https:\/\/blogi.savonia.fi\/s2304947\/?page_id=180"},"modified":"2024-04-25T14:45:02","modified_gmt":"2024-04-25T11:45:02","slug":"matkailukeskus-rauhanlahti-vierailijat","status":"publish","type":"page","link":"https:\/\/blogi.savonia.fi\/s2304947\/poimintoja-opintojen-varrelta\/matkailukeskus-rauhanlahti-vierailijat\/","title":{"rendered":"Matkailukeskus Rauhanlahti vierailijat"},"content":{"rendered":"\n<p>Meill\u00e4 k\u00e4vi esitt\u00e4ytym\u00e4ss\u00e4 Jenna Julkunen ja Annika Taskinen, jotka esitteliv\u00e4t matkailukeskus Rauhalahdesta ja Ekokompassin k\u00e4ytt\u00f6\u00f6notosta. Vierailu oli osa vastuullisuus- ja turvallisuus kurssia 2024- vuoden alkupuolella, Savonia ammattikorkeakoulun Restonomi opintolinjaa.<\/p>\n\n\n\n<p>Rauhanlahti on perinteik\u00e4s kylpyl\u00e4 ja matkailualue Kuopion Lev\u00e4sen alueella, jonka kylpyl\u00e4- ja hotellipalvelut ovat eriytetty matkailualueen toiminnasta. Vierailijamme olivat matkailualueen puolelta, entisi\u00e4 Savonian opiskelijoita itsekin. Kylpyl\u00e4\u00e4 on luonnehdittu jo hieman vanhentuneeksi, mutta matkailu- ja caravan puoli oli esityksen mukaan modernisoitu ja johdonmukaisen kehitysty\u00f6n tulos vastuullisuudessa.<\/p>\n\n\n\n<p>Vierailijoiden esitys Ekokompassista, sen vaatimuksista ja k\u00e4ytt\u00f6\u00f6noton vaiheista ja kriteereist\u00e4, avasi erinomaisesti sertifikaattity\u00f6h\u00f6n liittyv\u00e4\u00e4 konkreettista ty\u00f6t\u00e4 ja sit\u00e4 seuraavia tuloksia, taloudellisia ja ymp\u00e4rist\u00f6llisi\u00e4. Ekokompassi on laajin ohjelmaltaan ja ehdottomasti palkitsevin sertifikaatti, jonka saatuaan on yrityksen helppo tavoitella muitakin matkailun ja kest\u00e4v\u00e4n kehityksen sertifikaatteja.<\/p>\n\n\n\n<p>Esitys teki selv\u00e4sti vaikutuksen, koska luokastamme muutama haki ja sai rauhanlahdesta kes\u00e4ty\u00f6 ja harjoittelupaikan. Esitys loi hyv\u00e4n kuvan matkailualan mahdollisuuksista ja on aina mukava oppia uutta erilaisista paikallisista toimijoista.<\/p>\n","protected":false},"excerpt":{"rendered":"<p>Meill\u00e4 k\u00e4vi esitt\u00e4ytym\u00e4ss\u00e4 Jenna Julkunen ja Annika Taskinen, jotka esitteliv\u00e4t matkailukeskus Rauhalahdesta ja Ekokompassin k\u00e4ytt\u00f6\u00f6notosta. Vierailu oli osa vastuullisuus- ja turvallisuus kurssia 2024- vuoden alkupuolella, Savonia ammattikorkeakoulun Restonomi opintolinjaa. Rauhanlahti on perinteik\u00e4s kylpyl\u00e4 ja matkailualue Kuopion Lev\u00e4sen alueella, jonka kylpyl\u00e4-&#8230; <a class=\"more-link\" href=\"https:\/\/blogi.savonia.fi\/s2304947\/poimintoja-opintojen-varrelta\/matkailukeskus-rauhanlahti-vierailijat\/\">Continue Reading &rarr;<\/a><\/p>\n","protected":false},"author":10471,"featured_media":0,"parent":151,"menu_order":0,"comment_status":"closed","ping_status":"closed","template":"","meta":{"footnotes":""},"class_list":["post-180","page","type-page","status-publish","hentry"],"_links":{"self":[{"href":"https:\/\/blogi.savonia.fi\/s2304947\/wp-json\/wp\/v2\/pages\/180","targetHints":{"allow":["GET"]}}],"collection":[{"href":"https:\/\/blogi.savonia.fi\/s2304947\/wp-json\/wp\/v2\/pages"}],"about":[{"href":"https:\/\/blogi.savonia.fi\/s2304947\/wp-json\/wp\/v2\/types\/page"}],"author":[{"embeddable":true,"href":"https:\/\/blogi.savonia.fi\/s2304947\/wp-json\/wp\/v2\/users\/10471"}],"replies":[{"embeddable":true,"href":"https:\/\/blogi.savonia.fi\/s2304947\/wp-json\/wp\/v2\/comments?post=180"}],"version-history":[{"count":1,"href":"https:\/\/blogi.savonia.fi\/s2304947\/wp-json\/wp\/v2\/pages\/180\/revisions"}],"predecessor-version":[{"id":181,"href":"https:\/\/blogi.savonia.fi\/s2304947\/wp-json\/wp\/v2\/pages\/180\/revisions\/181"}],"up":[{"embeddable":true,"href":"https:\/\/blogi.savonia.fi\/s2304947\/wp-json\/wp\/v2\/pages\/151"}],"wp:attachment":[{"href":"https:\/\/blogi.savonia.fi\/s2304947\/wp-json\/wp\/v2\/media?parent=180"}],"curies":[{"name":"wp","href":"https:\/\/api.w.org\/{rel}","templated":true}]}}