{"id":2,"date":"2023-09-12T19:41:23","date_gmt":"2023-09-12T16:41:23","guid":{"rendered":"https:\/\/blogi.savonia.fi\/s2304947\/?page_id=2"},"modified":"2024-04-21T14:41:12","modified_gmt":"2024-04-21T11:41:12","slug":"esimerkkisivu","status":"publish","type":"page","link":"https:\/\/blogi.savonia.fi\/s2304947\/","title":{"rendered":"Esittely Riina Kortelainen"},"content":{"rendered":"\n<blockquote class=\"wp-block-quote is-layout-flow wp-block-quote-is-layout-flow\">\n<p class=\"has-white-background-color has-background has-large-font-size\">Olan 33-vuotias Restonomiopiskelija Kuopiosta. Harrastan k\u00e4sit\u00f6it\u00e4 ja maalausta, sek\u00e4 pelaamista ja mummojumppia. Olen el\u00e4inrakas ja perhe sek\u00e4 yst\u00e4v\u00e4t ovat minulle t\u00e4rkeimpi\u00e4 asioita maailmassa. Jaan el\u00e4m\u00e4ni avopuolisoni kanssa ja yhdess\u00e4 teemme usein pieni\u00e4 reissuja l\u00e4hialueille tai kauemmaksikin. Kohokohtina pohjois-Norjassa vietetty viikon kiertoajelu ja Savonlinnan oopperajuhlissa Wardunan konsertti.<\/p>\n\n\n<div class=\"wp-block-image\">\n<figure class=\"aligncenter is-resized\"><img decoding=\"async\" src=\"https:\/\/blogi.savonia.fi\/s2304947\/wp-content\/uploads\/sites\/12356\/2023\/11\/image.jpeg\" alt=\"T\u00e4m\u00e4n kuvan alt-attribuutti on tyhj\u00e4; Tiedoston nimi on IMG-20230801-WA0031-768x1024.jpg\" style=\"aspect-ratio:0.75;width:622px;height:auto\" \/><figcaption class=\"wp-element-caption\">Kuva 1, Kes\u00e4ll\u00e4 2023 Kolin reissulta helteess\u00e4 liikaa vaatetta p\u00e4\u00e4ll\u00e4 (Kortelainen 2023).<\/figcaption><\/figure>\n<\/div><\/blockquote>\n\n\n\n<p class=\"has-large-font-size\">T\u00e4m\u00e4 sivusto on blogityyppinen esitelm\u00e4 matkallani kohti restonomin tutkinnon suorittamista. Olen jo hyv\u00e4n ik\u00e4inen opiskelija, t\u00e4m\u00e4n koulun ollessa viides suorittamani tutkinto. Ensimm\u00e4inen korkeakouluni, tosin. N\u00e4ill\u00e4 sivuilla kerron ajankohtaisista asioista matkailuun liittyen omassa el\u00e4m\u00e4ss\u00e4ni ja yleisesti. Avaan hieman historiaani aiheen ymp\u00e4rill\u00e4 ja kuinka tiedonhaku ja matkalle l\u00e4htemiseen liittyv\u00e4t asiat ja kanavat ovat muuttuneet minun elinik\u00e4ni aikana. <\/p>\n\n\n\n<figure class=\"wp-block-image size-large\"><img loading=\"lazy\" decoding=\"async\" width=\"2560\" height=\"1440\" src=\"https:\/\/blogi.savonia.fi\/s2304947\/wp-content\/uploads\/sites\/12356\/2024\/04\/20130824_151709-edited-scaled.jpg\" alt=\"\" class=\"wp-image-175\" srcset=\"https:\/\/blogi.savonia.fi\/s2304947\/wp-content\/uploads\/sites\/12356\/2024\/04\/20130824_151709-edited-scaled.jpg 2560w, https:\/\/blogi.savonia.fi\/s2304947\/wp-content\/uploads\/sites\/12356\/2024\/04\/20130824_151709-edited-300x169.jpg 300w, https:\/\/blogi.savonia.fi\/s2304947\/wp-content\/uploads\/sites\/12356\/2024\/04\/20130824_151709-edited-1024x576.jpg 1024w, https:\/\/blogi.savonia.fi\/s2304947\/wp-content\/uploads\/sites\/12356\/2024\/04\/20130824_151709-edited-768x432.jpg 768w, https:\/\/blogi.savonia.fi\/s2304947\/wp-content\/uploads\/sites\/12356\/2024\/04\/20130824_151709-edited-1536x864.jpg 1536w, https:\/\/blogi.savonia.fi\/s2304947\/wp-content\/uploads\/sites\/12356\/2024\/04\/20130824_151709-edited-2048x1152.jpg 2048w, https:\/\/blogi.savonia.fi\/s2304947\/wp-content\/uploads\/sites\/12356\/2024\/04\/20130824_151709-edited-600x338.jpg 600w, https:\/\/blogi.savonia.fi\/s2304947\/wp-content\/uploads\/sites\/12356\/2024\/04\/20130824_151709-edited-945x532.jpg 945w\" sizes=\"auto, (max-width: 2560px) 100vw, 2560px\" \/><figcaption class=\"wp-element-caption\">Kuva 2. Omenia mummoni kotipaikalta Kiuruvedelt\u00e4, jossa nyky\u00e4\u00e4n asuu nuorin siskomme perheineen (Kortelainen 2023).<\/figcaption><\/figure>\n\n\n\n<figure class=\"wp-block-image size-large\"><img loading=\"lazy\" decoding=\"async\" width=\"2560\" height=\"1440\" src=\"https:\/\/blogi.savonia.fi\/s2304947\/wp-content\/uploads\/sites\/12356\/2024\/04\/IMG_20231206_143532-edited-scaled.jpg\" alt=\"\" class=\"wp-image-174\" srcset=\"https:\/\/blogi.savonia.fi\/s2304947\/wp-content\/uploads\/sites\/12356\/2024\/04\/IMG_20231206_143532-edited-scaled.jpg 2560w, https:\/\/blogi.savonia.fi\/s2304947\/wp-content\/uploads\/sites\/12356\/2024\/04\/IMG_20231206_143532-edited-300x169.jpg 300w, https:\/\/blogi.savonia.fi\/s2304947\/wp-content\/uploads\/sites\/12356\/2024\/04\/IMG_20231206_143532-edited-1024x576.jpg 1024w, https:\/\/blogi.savonia.fi\/s2304947\/wp-content\/uploads\/sites\/12356\/2024\/04\/IMG_20231206_143532-edited-768x432.jpg 768w, https:\/\/blogi.savonia.fi\/s2304947\/wp-content\/uploads\/sites\/12356\/2024\/04\/IMG_20231206_143532-edited-1536x864.jpg 1536w, https:\/\/blogi.savonia.fi\/s2304947\/wp-content\/uploads\/sites\/12356\/2024\/04\/IMG_20231206_143532-edited-2048x1152.jpg 2048w, https:\/\/blogi.savonia.fi\/s2304947\/wp-content\/uploads\/sites\/12356\/2024\/04\/IMG_20231206_143532-edited-600x338.jpg 600w, https:\/\/blogi.savonia.fi\/s2304947\/wp-content\/uploads\/sites\/12356\/2024\/04\/IMG_20231206_143532-edited-945x532.jpg 945w\" sizes=\"auto, (max-width: 2560px) 100vw, 2560px\" \/><figcaption class=\"wp-element-caption\">Kuva 3. Talven ihmemaa Kiuruvedell\u00e4 itsen\u00e4isyysp\u00e4iv\u00e4n\u00e4 (Kortelainen 2023).<\/figcaption><\/figure>\n","protected":false},"excerpt":{"rendered":"<p>T\u00e4m\u00e4 sivusto on blogityyppinen esitelm\u00e4 matkallani kohti restonomin tutkinnon suorittamista. Olen jo hyv\u00e4n ik\u00e4inen opiskelija, t\u00e4m\u00e4n koulun ollessa viides suorittamani tutkinto. Ensimm\u00e4inen korkeakouluni, tosin. N\u00e4ill\u00e4 sivuilla kerron ajankohtaisista asioista matkailuun liittyen omassa el\u00e4m\u00e4ss\u00e4ni ja yleisesti. Avaan hieman historiaani aiheen ymp\u00e4rill\u00e4&#8230; <a class=\"more-link\" href=\"https:\/\/blogi.savonia.fi\/s2304947\/\">Continue Reading &rarr;<\/a><\/p>\n","protected":false},"author":10471,"featured_media":0,"parent":0,"menu_order":1,"comment_status":"closed","ping_status":"closed","template":"","meta":{"footnotes":""},"class_list":["post-2","page","type-page","status-publish","hentry"],"_links":{"self":[{"href":"https:\/\/blogi.savonia.fi\/s2304947\/wp-json\/wp\/v2\/pages\/2","targetHints":{"allow":["GET"]}}],"collection":[{"href":"https:\/\/blogi.savonia.fi\/s2304947\/wp-json\/wp\/v2\/pages"}],"about":[{"href":"https:\/\/blogi.savonia.fi\/s2304947\/wp-json\/wp\/v2\/types\/page"}],"author":[{"embeddable":true,"href":"https:\/\/blogi.savonia.fi\/s2304947\/wp-json\/wp\/v2\/users\/10471"}],"replies":[{"embeddable":true,"href":"https:\/\/blogi.savonia.fi\/s2304947\/wp-json\/wp\/v2\/comments?post=2"}],"version-history":[{"count":11,"href":"https:\/\/blogi.savonia.fi\/s2304947\/wp-json\/wp\/v2\/pages\/2\/revisions"}],"predecessor-version":[{"id":176,"href":"https:\/\/blogi.savonia.fi\/s2304947\/wp-json\/wp\/v2\/pages\/2\/revisions\/176"}],"wp:attachment":[{"href":"https:\/\/blogi.savonia.fi\/s2304947\/wp-json\/wp\/v2\/media?parent=2"}],"curies":[{"name":"wp","href":"https:\/\/api.w.org\/{rel}","templated":true}]}}