{"id":70,"date":"2023-10-31T16:23:38","date_gmt":"2023-10-31T14:23:38","guid":{"rendered":"https:\/\/blogi.savonia.fi\/s2304947\/?page_id=70"},"modified":"2023-11-21T21:45:40","modified_gmt":"2023-11-21T19:45:40","slug":"visit-finlandin-matkailun-edistamisen-tietovisa","status":"publish","type":"page","link":"https:\/\/blogi.savonia.fi\/s2304947\/maailma-niin-lahella-ja-kuitenkin-niin-kaukana\/visit-finlandin-matkailun-edistamisen-tietovisa\/","title":{"rendered":"Visit Finlandin matkailun edist\u00e4misen tietovisa"},"content":{"rendered":"\n<p>Visit Finland-sivustolla on 8.5.2023 julkaistu tietovisa liittyen Matkailun edist\u00e4miskeskuksen 50-vuotisen taipaleen juhlavuoteen. Testiss\u00e4 on viisi kysymyst\u00e4, joista sain yhden oikein. Tiet\u00e4mykseni matkailusta on siis vastasyntyneen t\u00f6pp\u00f6siss\u00e4. Kysymykset py\u00f6riv\u00e4t Visit Finlandin toiminnan, historian, matkustajam\u00e4\u00e4rien ja kansainv\u00e4lisyyden ymp\u00e4rill\u00e4 (Visit Finland 2023).<\/p>\n\n\n\n<p>Selailin Visit Finlandin sivuja etsiess\u00e4ni mielenkiintoisia uutisia ja kaikista lukuihin ja dataan pohjautuvista tutkimusartikkeleista pomppasi hauskan n\u00e4k\u00f6inen tietovisa. L\u00e4hdin testi\u00e4 tekem\u00e4\u00e4n uteliaan varmalla otteella, olenhan jo muutaman kuukauden opiskellut matkailuun liittyen. Kysymykset olivat mielest\u00e4ni kuivakkaita, eih\u00e4n minua kiinnosta t\u00e4m\u00e4 yksitt\u00e4inen palveluntarjoaja vaan matkailu, ja se n\u00e4kyy vastausten oikeellisuusprosentissa, yksi oikein viidest\u00e4. <\/p>\n\n\n\n<p>Korkealta tippuu kovaa, sen huomasin. Olkoon t\u00e4m\u00e4 opetuksena vanhasta viisaudesta, mit\u00e4 enemm\u00e4n oppii, ymm\u00e4rt\u00e4\u00e4, ettei tied\u00e4k\u00e4\u00e4n mit\u00e4\u00e4n. N\u00f6yrin mielin jatkan maankamaralta taivallustani kohti maltillisempaa ymm\u00e4rryst\u00e4 ja tietoa matkailun maailmasta.<\/p>\n\n\n\n<p>Ei riit\u00e4 en\u00e4\u00e4, ett\u00e4 k\u00e4yn kerran vuoteen kylpyl\u00e4ss\u00e4 tai katselen influenssereiden raharikkaita matkoja valkeiden hiekkarantojen ja sinisten vesien \u00e4\u00e4relle. Matkailu, sen tulevaisuus ja maailman kasvava ahdinko vaikuttaa kokonaisvaltaisesti meihin restonomiopiskelijoina ja tilanne on nyt viel\u00e4 h\u00e4din tuskin siedett\u00e4v\u00e4. Jatkuva kasvu ja luonnonvarojen kuluttaminen on vuosien saatossa kohonnut siihen pisteeseen, ett\u00e4 vastuullisuus ja kest\u00e4vyys ovat nykyp\u00e4iv\u00e4n oletuskohtaisia arvoja ja tuhlailevaisuus perisynti. <\/p>\n\n\n\n<p>Mielest\u00e4ni kovien toimien k\u00e4ytt\u00f6\u00f6notto ja her\u00e4\u00e4minen tilanteeseen on tapahtunut liian my\u00f6h\u00e4\u00e4n. Olemme kasvaneet maailmassa jossa varallisuuden ja luonnonvarojen omistajuus on luonut menestystarinoita ja ep\u00e4sopusuhtaisia valta-asemia maailmalla. T\u00e4n\u00e4 p\u00e4iv\u00e4n\u00e4 kehitysmaat kupataan tyhjiin l\u00e4nsimaisten ja rikkaiden valtioiden ja globaalien yritysten toimesta. N\u00e4l\u00e4nh\u00e4t\u00e4 on jatkuva ilmi\u00f6, mik\u00e4 tuntuu uskomattomalta viel\u00e4 vuonna 2023. <\/p>\n\n\n\n<p>Uskon ja toivon meid\u00e4n olevan osa ratkaisua tulevaisuudessa ja jokap\u00e4iv\u00e4iset valintamme viev\u00e4t meit\u00e4 kohti kansanlaajuista ymm\u00e4rryst\u00e4 ja uusia toimintatapoja, joilla luoda kest\u00e4v\u00e4mp\u00e4\u00e4 el\u00e4mist\u00e4 ja matkailua.<\/p>\n","protected":false},"excerpt":{"rendered":"<p>Visit Finland-sivustolla on 8.5.2023 julkaistu tietovisa liittyen Matkailun edist\u00e4miskeskuksen 50-vuotisen taipaleen juhlavuoteen. Testiss\u00e4 on viisi kysymyst\u00e4, joista sain yhden oikein. Tiet\u00e4mykseni matkailusta on siis vastasyntyneen t\u00f6pp\u00f6siss\u00e4. Kysymykset py\u00f6riv\u00e4t Visit Finlandin toiminnan, historian, matkustajam\u00e4\u00e4rien ja kansainv\u00e4lisyyden ymp\u00e4rill\u00e4 (Visit Finland 2023). Selailin&#8230; <a class=\"more-link\" href=\"https:\/\/blogi.savonia.fi\/s2304947\/maailma-niin-lahella-ja-kuitenkin-niin-kaukana\/visit-finlandin-matkailun-edistamisen-tietovisa\/\">Continue Reading &rarr;<\/a><\/p>\n","protected":false},"author":10471,"featured_media":0,"parent":11,"menu_order":1,"comment_status":"closed","ping_status":"closed","template":"","meta":{"footnotes":""},"class_list":["post-70","page","type-page","status-publish","hentry"],"_links":{"self":[{"href":"https:\/\/blogi.savonia.fi\/s2304947\/wp-json\/wp\/v2\/pages\/70","targetHints":{"allow":["GET"]}}],"collection":[{"href":"https:\/\/blogi.savonia.fi\/s2304947\/wp-json\/wp\/v2\/pages"}],"about":[{"href":"https:\/\/blogi.savonia.fi\/s2304947\/wp-json\/wp\/v2\/types\/page"}],"author":[{"embeddable":true,"href":"https:\/\/blogi.savonia.fi\/s2304947\/wp-json\/wp\/v2\/users\/10471"}],"replies":[{"embeddable":true,"href":"https:\/\/blogi.savonia.fi\/s2304947\/wp-json\/wp\/v2\/comments?post=70"}],"version-history":[{"count":2,"href":"https:\/\/blogi.savonia.fi\/s2304947\/wp-json\/wp\/v2\/pages\/70\/revisions"}],"predecessor-version":[{"id":137,"href":"https:\/\/blogi.savonia.fi\/s2304947\/wp-json\/wp\/v2\/pages\/70\/revisions\/137"}],"up":[{"embeddable":true,"href":"https:\/\/blogi.savonia.fi\/s2304947\/wp-json\/wp\/v2\/pages\/11"}],"wp:attachment":[{"href":"https:\/\/blogi.savonia.fi\/s2304947\/wp-json\/wp\/v2\/media?parent=70"}],"curies":[{"name":"wp","href":"https:\/\/api.w.org\/{rel}","templated":true}]}}