{"id":77,"date":"2023-10-31T17:43:19","date_gmt":"2023-10-31T15:43:19","guid":{"rendered":"https:\/\/blogi.savonia.fi\/s2304947\/?page_id=77"},"modified":"2023-10-31T17:54:53","modified_gmt":"2023-10-31T15:54:53","slug":"paasymaksu-venetsiaan","status":"publish","type":"page","link":"https:\/\/blogi.savonia.fi\/s2304947\/maailma-niin-lahella-ja-kuitenkin-niin-kaukana\/paasymaksu-venetsiaan\/","title":{"rendered":"P\u00e4\u00e4symaksu Venetsiaan."},"content":{"rendered":"\n<p>Helsingin sanomat on julkaissut artikkelin 12.9. liittyen Venetsian historialliseen keskustaan haluaville turisteille asetettavasta viiden euron p\u00e4\u00e4symaksusta. Artikkeli on julkaistu t\u00e4m\u00e4n vuoden syyskuussa ja p\u00e4\u00e4symaksun julkaisun mukaan suunnitellaan alkavaksi ensi kev\u00e4\u00e4n\u00e4. Hanke on kokeilu, jonka toivotaan hillitsev\u00e4n massaturismia ja v\u00e4hent\u00e4v\u00e4n haittoja Venetsian keskustaa ja ymp\u00e4r\u00f6iv\u00e4\u00e4 laguunia kohtaan. P\u00e4\u00e4symaksu peritt\u00e4isiin p\u00e4iv\u00e4turisteilta. Helsingin sanomat on k\u00e4ytt\u00e4nyt l\u00e4hteen\u00e4 kirjoitukselle uutistoimisto AFP:t\u00e4 (Helsingin Sanomat 2023).<\/p>\n\n\n\n<p>Artikkelia lukiessani olin jo aiemmin silm\u00e4illyt samasta aiheesta kertovia otsikoita. Olen aina halunnut k\u00e4yd\u00e4 Venetsiassa, eik\u00e4 kaipuutani helpottanut pari viikkoa sitten ilmestynyt elokuva Venetsian aaveet, jonka katsoimme teatterissa avopuolisoni kanssa. Mieleeni hiipii synkk\u00e4 ajatus, onko kohta liian my\u00f6h\u00e4ist\u00e4?<\/p>\n\n\n\n<p>Suunniteltu p\u00e4\u00e4symaksu on hyv\u00e4 asia. Toki se varmasti verottaa turismin tuomia euroja, mutta uskon ett\u00e4 pitk\u00e4ll\u00e4 t\u00e4ht\u00e4imell\u00e4 ne rihkamakauppiaatkin arvostavat, ett\u00e4 kojun alla on kuivaa maata, kuin ett\u00e4 koko kaupunki olisi vajonnut eurot taskuissa mereen. Ja onhan p\u00e4\u00e4symaksukin turismin tuomaa tuloa.<\/p>\n\n\n\n<p>Olen koko ik\u00e4ni tiennyt Venetsian uppoamisesta. Milloin siihen on havahduttu ja ruvettu reagoimaan, en tied\u00e4, todenn\u00e4k\u00f6isesti paljon ennen syntym\u00e4\u00e4ni 90-luvulla.<\/p>\n\n\n\n<p>Lapsuuteni uhkakuvat, Bermudan kolmio, Venetsian uppoaminen, juoksuhiekka ja suon silm\u00e4t. N\u00e4m\u00e4 kaikki asiat ja ilmi\u00f6t ovat muuttuneet mystisist\u00e4, henke\u00e4 ja kulttuuria uhkaavista vaaroista arkisiksi ja vain liev\u00e4\u00e4 mielipahaa aiheuttaviksi satunnaisnostoiksi p\u00e4ivitt\u00e4isess\u00e4 informaatiotulvassa. Bermudan kolmionkin mysteeri on ratkennut, eik\u00e4 onnettomuusaltis alue ole edes kolmion mallinen. Juoksuhiekkaa ei ole kuin elokuvissa ja jos on, se upottaa parikymment\u00e4 sentti\u00e4. Suonsilm\u00e4t toki viel\u00e4 kuumottavat, mutta sen hengenvaaran v\u00e4ltt\u00e4\u00e4 kun ei mene suolle. Ostaa lakat ja hillat kaupasta. <\/p>\n\n\n\n<p>Venetsian uppoaminen ei kuitenkaan katoa. Toki aktiivinen ty\u00f6 rakennelmien s\u00e4ilytt\u00e4miseksi tuottanee tulosta, on viel\u00e4 kaupunki josta haaveilla ja katsoa elokuvia. N\u00e4ht\u00e4v\u00e4ksi j\u00e4\u00e4 riitt\u00e4\u00e4k\u00f6 p\u00e4\u00e4symaksu hillitsem\u00e4\u00e4n massoja ja helpottamaan ty\u00f6t\u00e4 Venetsian pelastamiseksi. Ep\u00e4ilen, mutta olenkin kyyninen ys\u00e4rin lapsi, joka pelk\u00e4\u00e4 suon silmi\u00e4.<\/p>\n","protected":false},"excerpt":{"rendered":"<p>Helsingin sanomat on julkaissut artikkelin 12.9. liittyen Venetsian historialliseen keskustaan haluaville turisteille asetettavasta viiden euron p\u00e4\u00e4symaksusta. Artikkeli on julkaistu t\u00e4m\u00e4n vuoden syyskuussa ja p\u00e4\u00e4symaksun julkaisun mukaan suunnitellaan alkavaksi ensi kev\u00e4\u00e4n\u00e4. Hanke on kokeilu, jonka toivotaan hillitsev\u00e4n massaturismia ja v\u00e4hent\u00e4v\u00e4n haittoja&#8230; <a class=\"more-link\" href=\"https:\/\/blogi.savonia.fi\/s2304947\/maailma-niin-lahella-ja-kuitenkin-niin-kaukana\/paasymaksu-venetsiaan\/\">Continue Reading &rarr;<\/a><\/p>\n","protected":false},"author":10471,"featured_media":0,"parent":11,"menu_order":2,"comment_status":"closed","ping_status":"closed","template":"","meta":{"footnotes":""},"class_list":["post-77","page","type-page","status-publish","hentry"],"_links":{"self":[{"href":"https:\/\/blogi.savonia.fi\/s2304947\/wp-json\/wp\/v2\/pages\/77","targetHints":{"allow":["GET"]}}],"collection":[{"href":"https:\/\/blogi.savonia.fi\/s2304947\/wp-json\/wp\/v2\/pages"}],"about":[{"href":"https:\/\/blogi.savonia.fi\/s2304947\/wp-json\/wp\/v2\/types\/page"}],"author":[{"embeddable":true,"href":"https:\/\/blogi.savonia.fi\/s2304947\/wp-json\/wp\/v2\/users\/10471"}],"replies":[{"embeddable":true,"href":"https:\/\/blogi.savonia.fi\/s2304947\/wp-json\/wp\/v2\/comments?post=77"}],"version-history":[{"count":1,"href":"https:\/\/blogi.savonia.fi\/s2304947\/wp-json\/wp\/v2\/pages\/77\/revisions"}],"predecessor-version":[{"id":78,"href":"https:\/\/blogi.savonia.fi\/s2304947\/wp-json\/wp\/v2\/pages\/77\/revisions\/78"}],"up":[{"embeddable":true,"href":"https:\/\/blogi.savonia.fi\/s2304947\/wp-json\/wp\/v2\/pages\/11"}],"wp:attachment":[{"href":"https:\/\/blogi.savonia.fi\/s2304947\/wp-json\/wp\/v2\/media?parent=77"}],"curies":[{"name":"wp","href":"https:\/\/api.w.org\/{rel}","templated":true}]}}