{"id":97,"date":"2023-11-20T14:20:57","date_gmt":"2023-11-20T12:20:57","guid":{"rendered":"https:\/\/blogi.savonia.fi\/s2304947\/?page_id=97"},"modified":"2023-11-20T14:21:16","modified_gmt":"2023-11-20T12:21:16","slug":"our-finland-northern-norway-ja-voyaged","status":"publish","type":"page","link":"https:\/\/blogi.savonia.fi\/s2304947\/maailma-niin-lahella-ja-kuitenkin-niin-kaukana\/our-finland-northern-norway-ja-voyaged\/","title":{"rendered":"Our Finland, Northern Norway ja Voyaged"},"content":{"rendered":"\n<p>Olen parin vuoden ajan seurannut instagramissa k\u00e4ytt\u00e4j\u00e4\u00e4 nimelt\u00e4 Our Finland. Profiili esittelee ajankohtaisesti suomea joko yleisesti tai eri henkil\u00f6iden profiilil\u00e4ht\u00f6isesti. K\u00e4ytt\u00e4j\u00e4ll\u00e4 on 406000 seuraajaa marraskuussa 2023. Profiili toimii Visit Finlandin alaisuudessa ja onkin kevyt, visuaalinen versio matkailun edist\u00e4misen sivustosta. Profiilissa nostetaan aika ajoin esiin kampanja luontoisesti erilaisia k\u00e4ytt\u00e4ji\u00e4, jotka postaavat vuorollaan kuvia ja teksti\u00e4 liittyen profiilin luonteeseen ilmi\u00f6ist\u00e4, luonnosta ja tapahtumista. Kes\u00e4ll\u00e4 suomen rantakohteet ja kes\u00e4kaupungit saavat julkaisutilaa, syksyll\u00e4 ruskakohteet ja talvella korostuu talviurheilu, retkeily ja joulun odotus. Profiilin kohokohtiin on kiinnitetty mm. Inner Finn- kampanja, revontulet, Masterclass of happiness- kampanja, Helsingin alue, sek\u00e4 vuodenajat (@ourfinland 2023).<\/p>\n\n\n\n<p>T\u00e4m\u00e4 syksyn ehdottomasti lempipostaukseni profiilissa on kuvasarja suomen kummittelevimmista paikoista. K\u00e4ytt\u00e4jien @niko.laurila, @tontza_visuals, @tamperetaivaalta ja @hvehmanen ottamat kuvat historiallisista rakennuksista ovat upeita ja kuvia t\u00e4ydent\u00e4\u00e4 kuvatekstiss\u00e4 avautuva pieni tekstinp\u00e4tk\u00e4 jokaisen kohteen historiaa kuvaten. Teksteiss\u00e4 on mainittu kohteen lis\u00e4tietoja ja kerrottu parin kohteen kummituksista (@ourfinland 25.10.2023).<\/p>\n\n\n\n<p>Instagram tili nimelt\u00e4 @northernnorway kertoo biossaan olevansa paikallis- ja matkailusivusto, joka esittelee pohjois- Norjan alueita, kaupunkeja, tapahtumia ja yleisesti luontoa ja sen ilmi\u00f6it\u00e4. Sivustolla on 112000 seuraajaa marraskuussa 2023. Olen seurannut sivustoa pari vuotta, koska olen kiinnostunut pohjois- Norjasta matkailun ja ty\u00f6llisyysmahdollisuuksien takia. K\u00e4ytt\u00e4j\u00e4tili on aktiivinen ja postaa p\u00e4ivitt\u00e4in upeita ammattilaistason kuvia ja kertoo kuvien kohteista lyhyesti. Vierailullamme pohjois- Norjassa pari vuotta sitten bongailin sivustolta mielenkiintoisia kohteita matkamme varrelta (@northernnorway 2023).<\/p>\n\n\n\n<p>Voyaged on huumorisivusto 9gagin alaisuudessa toimiva matkailu tili, jolla on 3,4miljoonaa seuraajaa marraskuussa 2023. Kohokohtiin on nostettu maakohtaisia postauksia eri k\u00e4ytt\u00e4jilt\u00e4 ja k\u00e4ytt\u00e4m\u00e4ll\u00e4 hastagia @voyaged voi saada postauksensa sivustolle. Reelsit ja kuvat ovat upeita, kuitenkin usein filttereiden avulla korostettuja, mik\u00e4 on toki visuaalisesti vaikuttavaa mutta luo my\u00f6s todellisuutta vaikuttavamman kuvan kohteista (@voyaged 2023).<\/p>\n\n\n\n<p>Somen vaikutus matkakohteiden tutkimiseen on t\u00e4n\u00e4 p\u00e4iv\u00e4n\u00e4 yht\u00e4 t\u00e4rke\u00e4ss\u00e4 roolissa kuin lentolippujen vertailu eri yhti\u00f6iden v\u00e4lill\u00e4. Kipin\u00e4 matkailuun syntyy mainosten ja erin\u00e4isten postausten perusteella ja kohteista on l\u00f6ydett\u00e4viss\u00e4 runsaasti tietoa eri alustoilta. Somen avulla voi askel askeleelta muodostaa kokonaisvaltaisen kuvan kohteesta ja kuten aiemmin totesin, voi se kuva olla somen kautta glamorisoitu vahvastikin. Sen my\u00f6t\u00e4 ehk\u00e4 odotusten kohtaaminen ja ylitt\u00e4minen on harvinaisempaa ja yll\u00e4tyksellisyys j\u00e4\u00e4 usein kokematta. Some voi usein luoda my\u00f6s aivan v\u00e4\u00e4r\u00e4nlaisen kuvan kohteesta ja sen sis\u00e4lt\u00e4m\u00e4st\u00e4 toiminnasta. Usein tavan tallaajalle saatavilla olevat lis\u00e4palvelut ovat vajavaisempia kuin somet\u00e4hdille, joille kannattaa n\u00e4kyvyyden vuoksi tarjota aina ekstraa ja hienoimmat puitteet ja palvelut. <\/p>\n\n\n<div class=\"wp-block-image\">\n<figure class=\"aligncenter size-full is-resized\"><img loading=\"lazy\" decoding=\"async\" width=\"480\" height=\"480\" src=\"https:\/\/blogi.savonia.fi\/s2304947\/wp-content\/uploads\/sites\/12356\/2023\/11\/voyaged-kuva.jpg\" alt=\"\" class=\"wp-image-99\" style=\"aspect-ratio:1;width:454px;height:auto\" srcset=\"https:\/\/blogi.savonia.fi\/s2304947\/wp-content\/uploads\/sites\/12356\/2023\/11\/voyaged-kuva.jpg 480w, https:\/\/blogi.savonia.fi\/s2304947\/wp-content\/uploads\/sites\/12356\/2023\/11\/voyaged-kuva-300x300.jpg 300w, https:\/\/blogi.savonia.fi\/s2304947\/wp-content\/uploads\/sites\/12356\/2023\/11\/voyaged-kuva-150x150.jpg 150w\" sizes=\"auto, (max-width: 480px) 100vw, 480px\" \/><figcaption class=\"wp-element-caption\">Kuva 1. Coron, Palawan. Stillkuva videosta Filippiineill\u00e4 sijaitsevasta laguunista (Instagram @voyaged @agusleohalim 180viikkoa sitten)<\/figcaption><\/figure>\n<\/div>\n\n\n<p>T\u00e4st\u00e4kin voisi p\u00e4\u00e4tell\u00e4 piilotetun luokkayhteiskunnan vahvan vaikutuksen. Somet\u00e4hdet ovat filmit\u00e4htiin verrattavia ja usein varsin vaativia diivoja, joilla on oltava tietyn standardin mukaisia majoitus-, el\u00e4mys- ja ruokailukohteita. Perinteisten julkimoiden on my\u00f6s oltava someammattilaisia pysy\u00e4kseen relevantteina ja kiinnostavina t\u00e4n\u00e4 p\u00e4iv\u00e4n\u00e4. <\/p>\n\n\n\n<p>Some on mahtava ty\u00f6kalu ja yhdist\u00e4v\u00e4 maailmanlaajuinen tekij\u00e4. Somen avulla lahjakkaat ihmiset p\u00e4\u00e4sev\u00e4t esiin helpommin ja some luo uudenlaisia ty\u00f6paikkoja ja mahdollisuuksia tavallisillekin ihmisille. Mutta kuten monessa ilmi\u00f6ss\u00e4, on somenkin ymp\u00e4rill\u00e4 nurja puoli. Some nostaa esiin ihmistyyppej\u00e4, jotka hyv\u00e4ksik\u00e4ytt\u00e4v\u00e4t somen voimaa hankkiessaan yhteisty\u00f6kumppaneita ja voivat lokakampanjoillaan v\u00e4h\u00e4istenkin syiden vuoksi saada aikaan yrityksen boikotointia ja mittavaa taloudellista haittaa. Vastuuta somesis\u00e4ll\u00f6st\u00e4 ei liikoja per\u00e4\u00e4nkuuluteta ja erilaiset kehodysmorfian muodot kukoistavat, sek\u00e4 eristyneisyys ja yksin\u00e4isyys. <\/p>\n\n\n\n<p>Yrityksill\u00e4 on t\u00e4ll\u00e4 hetkell\u00e4 oltava hallussa perinteinen media ja mainostaminen, sek\u00e4 someosaamista. Someosaaminen on my\u00f6s myyntivaltti ty\u00f6el\u00e4m\u00e4ss\u00e4. Somen vaikutusta ei pid\u00e4 v\u00e4h\u00e4tell\u00e4 ja onkin viisasta valjastaa somen voima ja koittaa k\u00e4\u00e4nt\u00e4\u00e4 energia ja vaikutusvalta positiiviseen. <\/p>\n\n\n","protected":false},"excerpt":{"rendered":"<p>Olen parin vuoden ajan seurannut instagramissa k\u00e4ytt\u00e4j\u00e4\u00e4 nimelt\u00e4 Our Finland. Profiili esittelee ajankohtaisesti suomea joko yleisesti tai eri henkil\u00f6iden profiilil\u00e4ht\u00f6isesti. K\u00e4ytt\u00e4j\u00e4ll\u00e4 on 406000 seuraajaa marraskuussa 2023. Profiili toimii Visit Finlandin alaisuudessa ja onkin kevyt, visuaalinen versio matkailun edist\u00e4misen sivustosta. Profiilissa&#8230; <a class=\"more-link\" href=\"https:\/\/blogi.savonia.fi\/s2304947\/maailma-niin-lahella-ja-kuitenkin-niin-kaukana\/our-finland-northern-norway-ja-voyaged\/\">Continue Reading &rarr;<\/a><\/p>\n","protected":false},"author":10471,"featured_media":0,"parent":11,"menu_order":4,"comment_status":"closed","ping_status":"closed","template":"","meta":{"footnotes":""},"class_list":["post-97","page","type-page","status-publish","hentry"],"_links":{"self":[{"href":"https:\/\/blogi.savonia.fi\/s2304947\/wp-json\/wp\/v2\/pages\/97","targetHints":{"allow":["GET"]}}],"collection":[{"href":"https:\/\/blogi.savonia.fi\/s2304947\/wp-json\/wp\/v2\/pages"}],"about":[{"href":"https:\/\/blogi.savonia.fi\/s2304947\/wp-json\/wp\/v2\/types\/page"}],"author":[{"embeddable":true,"href":"https:\/\/blogi.savonia.fi\/s2304947\/wp-json\/wp\/v2\/users\/10471"}],"replies":[{"embeddable":true,"href":"https:\/\/blogi.savonia.fi\/s2304947\/wp-json\/wp\/v2\/comments?post=97"}],"version-history":[{"count":2,"href":"https:\/\/blogi.savonia.fi\/s2304947\/wp-json\/wp\/v2\/pages\/97\/revisions"}],"predecessor-version":[{"id":100,"href":"https:\/\/blogi.savonia.fi\/s2304947\/wp-json\/wp\/v2\/pages\/97\/revisions\/100"}],"up":[{"embeddable":true,"href":"https:\/\/blogi.savonia.fi\/s2304947\/wp-json\/wp\/v2\/pages\/11"}],"wp:attachment":[{"href":"https:\/\/blogi.savonia.fi\/s2304947\/wp-json\/wp\/v2\/media?parent=97"}],"curies":[{"name":"wp","href":"https:\/\/api.w.org\/{rel}","templated":true}]}}