{"id":128,"date":"2022-12-14T09:12:28","date_gmt":"2022-12-14T07:12:28","guid":{"rendered":"https:\/\/blogi.savonia.fi\/sadesosionomiksi\/?page_id=128"},"modified":"2023-12-07T14:32:23","modified_gmt":"2023-12-07T12:32:23","slug":"ssmhar-oppimispaivakirja","status":"publish","type":"page","link":"https:\/\/blogi.savonia.fi\/sadesosionomiksi\/harjoittelut\/ssmhar-oppimispaivakirja\/","title":{"rendered":"SSMHAR Asiakasty\u00f6n ty\u00f6menetelm\u00e4harjoittelu"},"content":{"rendered":"","protected":true},"excerpt":{"rendered":"","protected":true},"author":4165,"featured_media":0,"parent":114,"menu_order":1,"comment_status":"open","ping_status":"closed","template":"","meta":{"footnotes":""},"class_list":["post-128","page","type-page","status-publish","post-password-required","hentry"],"_links":{"self":[{"href":"https:\/\/blogi.savonia.fi\/sadesosionomiksi\/wp-json\/wp\/v2\/pages\/128","targetHints":{"allow":["GET"]}}],"collection":[{"href":"https:\/\/blogi.savonia.fi\/sadesosionomiksi\/wp-json\/wp\/v2\/pages"}],"about":[{"href":"https:\/\/blogi.savonia.fi\/sadesosionomiksi\/wp-json\/wp\/v2\/types\/page"}],"author":[{"embeddable":true,"href":"https:\/\/blogi.savonia.fi\/sadesosionomiksi\/wp-json\/wp\/v2\/users\/4165"}],"replies":[{"embeddable":true,"href":"https:\/\/blogi.savonia.fi\/sadesosionomiksi\/wp-json\/wp\/v2\/comments?post=128"}],"version-history":[{"count":13,"href":"https:\/\/blogi.savonia.fi\/sadesosionomiksi\/wp-json\/wp\/v2\/pages\/128\/revisions"}],"predecessor-version":[{"id":179,"href":"https:\/\/blogi.savonia.fi\/sadesosionomiksi\/wp-json\/wp\/v2\/pages\/128\/revisions\/179"}],"up":[{"embeddable":true,"href":"https:\/\/blogi.savonia.fi\/sadesosionomiksi\/wp-json\/wp\/v2\/pages\/114"}],"wp:attachment":[{"href":"https:\/\/blogi.savonia.fi\/sadesosionomiksi\/wp-json\/wp\/v2\/media?parent=128"}],"curies":[{"name":"wp","href":"https:\/\/api.w.org\/{rel}","templated":true}]}}