{"id":147,"date":"2023-03-15T18:18:55","date_gmt":"2023-03-15T16:18:55","guid":{"rendered":"https:\/\/blogi.savonia.fi\/sadesosionomiksi\/?page_id=147"},"modified":"2023-12-07T14:34:21","modified_gmt":"2023-12-07T12:34:21","slug":"hei-olen-sade","status":"publish","type":"page","link":"https:\/\/blogi.savonia.fi\/sadesosionomiksi\/hei-olen-sade\/","title":{"rendered":"ESITTELY"},"content":{"rendered":"\n<p><img loading=\"lazy\" decoding=\"async\" width=\"1920\" height=\"2560\" class=\"wp-image-170\" style=\"width: 250px\" src=\"https:\/\/blogi.savonia.fi\/sadesosionomiksi\/wp-content\/uploads\/sites\/11046\/2023\/05\/20230313_154635-scaled.jpg\" alt=\"\" srcset=\"https:\/\/blogi.savonia.fi\/sadesosionomiksi\/wp-content\/uploads\/sites\/11046\/2023\/05\/20230313_154635-scaled.jpg 1920w, https:\/\/blogi.savonia.fi\/sadesosionomiksi\/wp-content\/uploads\/sites\/11046\/2023\/05\/20230313_154635-225x300.jpg 225w, https:\/\/blogi.savonia.fi\/sadesosionomiksi\/wp-content\/uploads\/sites\/11046\/2023\/05\/20230313_154635-768x1024.jpg 768w, https:\/\/blogi.savonia.fi\/sadesosionomiksi\/wp-content\/uploads\/sites\/11046\/2023\/05\/20230313_154635-1152x1536.jpg 1152w, https:\/\/blogi.savonia.fi\/sadesosionomiksi\/wp-content\/uploads\/sites\/11046\/2023\/05\/20230313_154635-1536x2048.jpg 1536w, https:\/\/blogi.savonia.fi\/sadesosionomiksi\/wp-content\/uploads\/sites\/11046\/2023\/05\/20230313_154635-600x800.jpg 600w, https:\/\/blogi.savonia.fi\/sadesosionomiksi\/wp-content\/uploads\/sites\/11046\/2023\/05\/20230313_154635-945x1260.jpg 945w\" sizes=\"auto, (max-width: 1920px) 100vw, 1920px\" \/><\/p>\n\n\n\n<p>Hei! <\/p>\n\n\n\n<p>Olen Sade Lappalainen. Olen sosionomiopiskelija ryhm\u00e4ss\u00e4 SS22SP Savonia ammattikorkeakoulussa Iisalmessa.<\/p>\n\n\n\n<p>Olen aiemmalta koulutukseltani l\u00e4hihoitaja ja olen opiskellut Savonialla aiemmin sairaanhoitajan koulutusohjelmassa vajaan parin vuoden ajan. Sen my\u00f6t\u00e4 sain sosionomiopintojen alkuvaiheen opintoja melko paljon hyv\u00e4ksi luettua, kun vastaavuutta opintojaksojen sis\u00e4ll\u00f6iss\u00e4 l\u00f6ytyi paljon.<\/p>\n\n\n\n<p>Olen aiemmin ollut aikuis- ja monimuoto-opiskelija, joten nytkin olen opiskelijana eritt\u00e4in itseohjautuva ja omatoiminen. Olen rakentanut opiskelukokonaisuutta melko yksil\u00f6llistetyksi ja edennyt opinnoissa omaan tahtiin.<\/p>\n\n\n\n<p class=\"has-dark-gray-color has-text-color\">Suunnitelmani mukaan valmistun 12\/2024 sosionomiksi.<\/p>\n","protected":false},"excerpt":{"rendered":"<p>Hei! Olen Sade Lappalainen. Olen sosionomiopiskelija ryhm\u00e4ss\u00e4 SS22SP Savonia ammattikorkeakoulussa Iisalmessa. Olen aiemmalta koulutukseltani l\u00e4hihoitaja ja olen opiskellut Savonialla aiemmin sairaanhoitajan koulutusohjelmassa vajaan parin vuoden ajan. Sen my\u00f6t\u00e4 sain sosionomiopintojen alkuvaiheen opintoja melko paljon hyv\u00e4ksi luettua, kun vastaavuutta opintojaksojen sis\u00e4ll\u00f6iss\u00e4 l\u00f6ytyi paljon. Olen aiemmin ollut aikuis- ja monimuoto-opiskelija, joten nytkin olen opiskelijana eritt\u00e4in itseohjautuva ja &hellip; <a href=\"https:\/\/blogi.savonia.fi\/sadesosionomiksi\/hei-olen-sade\/\" class=\"more-link\">Jatka lukemista <span class=\"screen-reader-text\">ESITTELY<\/span> <span class=\"meta-nav\">&rarr;<\/span><\/a><\/p>\n","protected":false},"author":4165,"featured_media":0,"parent":0,"menu_order":0,"comment_status":"closed","ping_status":"closed","template":"","meta":{"footnotes":""},"class_list":["post-147","page","type-page","status-publish","hentry"],"_links":{"self":[{"href":"https:\/\/blogi.savonia.fi\/sadesosionomiksi\/wp-json\/wp\/v2\/pages\/147","targetHints":{"allow":["GET"]}}],"collection":[{"href":"https:\/\/blogi.savonia.fi\/sadesosionomiksi\/wp-json\/wp\/v2\/pages"}],"about":[{"href":"https:\/\/blogi.savonia.fi\/sadesosionomiksi\/wp-json\/wp\/v2\/types\/page"}],"author":[{"embeddable":true,"href":"https:\/\/blogi.savonia.fi\/sadesosionomiksi\/wp-json\/wp\/v2\/users\/4165"}],"replies":[{"embeddable":true,"href":"https:\/\/blogi.savonia.fi\/sadesosionomiksi\/wp-json\/wp\/v2\/comments?post=147"}],"version-history":[{"count":5,"href":"https:\/\/blogi.savonia.fi\/sadesosionomiksi\/wp-json\/wp\/v2\/pages\/147\/revisions"}],"predecessor-version":[{"id":337,"href":"https:\/\/blogi.savonia.fi\/sadesosionomiksi\/wp-json\/wp\/v2\/pages\/147\/revisions\/337"}],"wp:attachment":[{"href":"https:\/\/blogi.savonia.fi\/sadesosionomiksi\/wp-json\/wp\/v2\/media?parent=147"}],"curies":[{"name":"wp","href":"https:\/\/api.w.org\/{rel}","templated":true}]}}