{"id":173,"date":"2023-05-04T14:46:35","date_gmt":"2023-05-04T11:46:35","guid":{"rendered":"https:\/\/blogi.savonia.fi\/sadesosionomiksi\/?page_id=173"},"modified":"2024-03-21T23:19:30","modified_gmt":"2024-03-21T21:19:30","slug":"sskhar-syventava-kehittamistyon-harjoittelu","status":"publish","type":"page","link":"https:\/\/blogi.savonia.fi\/sadesosionomiksi\/harjoittelut\/sskhar-syventava-kehittamistyon-harjoittelu\/","title":{"rendered":"SSKHAR Syvent\u00e4v\u00e4 kehitt\u00e4misty\u00f6n harjoittelu"},"content":{"rendered":"","protected":true},"excerpt":{"rendered":"","protected":true},"author":4165,"featured_media":0,"parent":114,"menu_order":0,"comment_status":"closed","ping_status":"closed","template":"","meta":{"footnotes":""},"class_list":["post-173","page","type-page","status-publish","post-password-required","hentry"],"_links":{"self":[{"href":"https:\/\/blogi.savonia.fi\/sadesosionomiksi\/wp-json\/wp\/v2\/pages\/173","targetHints":{"allow":["GET"]}}],"collection":[{"href":"https:\/\/blogi.savonia.fi\/sadesosionomiksi\/wp-json\/wp\/v2\/pages"}],"about":[{"href":"https:\/\/blogi.savonia.fi\/sadesosionomiksi\/wp-json\/wp\/v2\/types\/page"}],"author":[{"embeddable":true,"href":"https:\/\/blogi.savonia.fi\/sadesosionomiksi\/wp-json\/wp\/v2\/users\/4165"}],"replies":[{"embeddable":true,"href":"https:\/\/blogi.savonia.fi\/sadesosionomiksi\/wp-json\/wp\/v2\/comments?post=173"}],"version-history":[{"count":7,"href":"https:\/\/blogi.savonia.fi\/sadesosionomiksi\/wp-json\/wp\/v2\/pages\/173\/revisions"}],"predecessor-version":[{"id":412,"href":"https:\/\/blogi.savonia.fi\/sadesosionomiksi\/wp-json\/wp\/v2\/pages\/173\/revisions\/412"}],"up":[{"embeddable":true,"href":"https:\/\/blogi.savonia.fi\/sadesosionomiksi\/wp-json\/wp\/v2\/pages\/114"}],"wp:attachment":[{"href":"https:\/\/blogi.savonia.fi\/sadesosionomiksi\/wp-json\/wp\/v2\/media?parent=173"}],"curies":[{"name":"wp","href":"https:\/\/api.w.org\/{rel}","templated":true}]}}