{"id":182,"date":"2023-09-04T20:41:22","date_gmt":"2023-09-04T17:41:22","guid":{"rendered":"https:\/\/blogi.savonia.fi\/sadesosionomiksi\/?page_id=182"},"modified":"2023-12-07T14:31:37","modified_gmt":"2023-12-07T12:31:37","slug":"toiminnalliset-ryhmatyon-menetelmat","status":"publish","type":"page","link":"https:\/\/blogi.savonia.fi\/sadesosionomiksi\/toiminnalliset-ryhmatyon-menetelmat\/","title":{"rendered":"TOIMINNALLISET RYHM\u00c4TY\u00d6N MENETELM\u00c4T"},"content":{"rendered":"","protected":true},"excerpt":{"rendered":"","protected":true},"author":4165,"featured_media":0,"parent":0,"menu_order":3,"comment_status":"open","ping_status":"closed","template":"","meta":{"footnotes":""},"class_list":["post-182","page","type-page","status-publish","post-password-required","hentry"],"_links":{"self":[{"href":"https:\/\/blogi.savonia.fi\/sadesosionomiksi\/wp-json\/wp\/v2\/pages\/182","targetHints":{"allow":["GET"]}}],"collection":[{"href":"https:\/\/blogi.savonia.fi\/sadesosionomiksi\/wp-json\/wp\/v2\/pages"}],"about":[{"href":"https:\/\/blogi.savonia.fi\/sadesosionomiksi\/wp-json\/wp\/v2\/types\/page"}],"author":[{"embeddable":true,"href":"https:\/\/blogi.savonia.fi\/sadesosionomiksi\/wp-json\/wp\/v2\/users\/4165"}],"replies":[{"embeddable":true,"href":"https:\/\/blogi.savonia.fi\/sadesosionomiksi\/wp-json\/wp\/v2\/comments?post=182"}],"version-history":[{"count":4,"href":"https:\/\/blogi.savonia.fi\/sadesosionomiksi\/wp-json\/wp\/v2\/pages\/182\/revisions"}],"predecessor-version":[{"id":308,"href":"https:\/\/blogi.savonia.fi\/sadesosionomiksi\/wp-json\/wp\/v2\/pages\/182\/revisions\/308"}],"wp:attachment":[{"href":"https:\/\/blogi.savonia.fi\/sadesosionomiksi\/wp-json\/wp\/v2\/media?parent=182"}],"curies":[{"name":"wp","href":"https:\/\/api.w.org\/{rel}","templated":true}]}}