{"id":209,"date":"2023-09-20T20:16:21","date_gmt":"2023-09-20T17:16:21","guid":{"rendered":"https:\/\/blogi.savonia.fi\/sadesosionomiksi\/?page_id=209"},"modified":"2023-12-20T17:30:09","modified_gmt":"2023-12-20T15:30:09","slug":"taidelahtoiset-menetelmat","status":"publish","type":"page","link":"https:\/\/blogi.savonia.fi\/sadesosionomiksi\/toiminnalliset-ryhmatyon-menetelmat\/taidelahtoiset-menetelmat\/","title":{"rendered":"Taidel\u00e4ht\u00f6iset ja muut luovat menetelm\u00e4t"},"content":{"rendered":"","protected":true},"excerpt":{"rendered":"","protected":true},"author":4165,"featured_media":0,"parent":182,"menu_order":2,"comment_status":"open","ping_status":"closed","template":"","meta":{"footnotes":""},"class_list":["post-209","page","type-page","status-publish","post-password-required","hentry"],"_links":{"self":[{"href":"https:\/\/blogi.savonia.fi\/sadesosionomiksi\/wp-json\/wp\/v2\/pages\/209","targetHints":{"allow":["GET"]}}],"collection":[{"href":"https:\/\/blogi.savonia.fi\/sadesosionomiksi\/wp-json\/wp\/v2\/pages"}],"about":[{"href":"https:\/\/blogi.savonia.fi\/sadesosionomiksi\/wp-json\/wp\/v2\/types\/page"}],"author":[{"embeddable":true,"href":"https:\/\/blogi.savonia.fi\/sadesosionomiksi\/wp-json\/wp\/v2\/users\/4165"}],"replies":[{"embeddable":true,"href":"https:\/\/blogi.savonia.fi\/sadesosionomiksi\/wp-json\/wp\/v2\/comments?post=209"}],"version-history":[{"count":11,"href":"https:\/\/blogi.savonia.fi\/sadesosionomiksi\/wp-json\/wp\/v2\/pages\/209\/revisions"}],"predecessor-version":[{"id":361,"href":"https:\/\/blogi.savonia.fi\/sadesosionomiksi\/wp-json\/wp\/v2\/pages\/209\/revisions\/361"}],"up":[{"embeddable":true,"href":"https:\/\/blogi.savonia.fi\/sadesosionomiksi\/wp-json\/wp\/v2\/pages\/182"}],"wp:attachment":[{"href":"https:\/\/blogi.savonia.fi\/sadesosionomiksi\/wp-json\/wp\/v2\/media?parent=209"}],"curies":[{"name":"wp","href":"https:\/\/api.w.org\/{rel}","templated":true}]}}