{"id":453,"date":"2024-09-10T08:48:58","date_gmt":"2024-09-10T05:48:58","guid":{"rendered":"https:\/\/blogi.savonia.fi\/sadesosionomiksi\/?page_id=453"},"modified":"2024-09-10T08:51:27","modified_gmt":"2024-09-10T05:51:27","slug":"tyoikaisten-palvelut-ja-tyollistaminen","status":"publish","type":"page","link":"https:\/\/blogi.savonia.fi\/sadesosionomiksi\/tyoikaisten-palvelut-ja-tyollistaminen\/","title":{"rendered":"TY\u00d6IK\u00c4ISTEN PALVELUT JA TY\u00d6LLIST\u00c4MINEN"},"content":{"rendered":"","protected":true},"excerpt":{"rendered":"","protected":true},"author":4165,"featured_media":0,"parent":0,"menu_order":6,"comment_status":"closed","ping_status":"closed","template":"","meta":{"footnotes":""},"class_list":["post-453","page","type-page","status-publish","post-password-required","hentry"],"_links":{"self":[{"href":"https:\/\/blogi.savonia.fi\/sadesosionomiksi\/wp-json\/wp\/v2\/pages\/453","targetHints":{"allow":["GET"]}}],"collection":[{"href":"https:\/\/blogi.savonia.fi\/sadesosionomiksi\/wp-json\/wp\/v2\/pages"}],"about":[{"href":"https:\/\/blogi.savonia.fi\/sadesosionomiksi\/wp-json\/wp\/v2\/types\/page"}],"author":[{"embeddable":true,"href":"https:\/\/blogi.savonia.fi\/sadesosionomiksi\/wp-json\/wp\/v2\/users\/4165"}],"replies":[{"embeddable":true,"href":"https:\/\/blogi.savonia.fi\/sadesosionomiksi\/wp-json\/wp\/v2\/comments?post=453"}],"version-history":[{"count":3,"href":"https:\/\/blogi.savonia.fi\/sadesosionomiksi\/wp-json\/wp\/v2\/pages\/453\/revisions"}],"predecessor-version":[{"id":457,"href":"https:\/\/blogi.savonia.fi\/sadesosionomiksi\/wp-json\/wp\/v2\/pages\/453\/revisions\/457"}],"wp:attachment":[{"href":"https:\/\/blogi.savonia.fi\/sadesosionomiksi\/wp-json\/wp\/v2\/media?parent=453"}],"curies":[{"name":"wp","href":"https:\/\/api.w.org\/{rel}","templated":true}]}}