{"id":114,"date":"2025-01-28T14:27:01","date_gmt":"2025-01-28T12:27:01","guid":{"rendered":"https:\/\/blogi.savonia.fi\/sairaanhoitajaksi2026\/?page_id=114"},"modified":"2025-01-28T14:41:26","modified_gmt":"2025-01-28T12:41:26","slug":"lahtotaso-ja-tavoitteet","status":"publish","type":"page","link":"https:\/\/blogi.savonia.fi\/sairaanhoitajaksi2026\/lasten-ja-nuorten-ja-perheiden-hoitotyon-harjoittelu\/lahtotaso-ja-tavoitteet\/","title":{"rendered":"L\u00e4ht\u00f6taso ja tavoitteet"},"content":{"rendered":"\n<p><\/p>\n\n\n\n<p>Oppimisen taidot:&nbsp;<\/p>\n\n\n\n<p>Oppimisen taidoista mainitsen sen, ett\u00e4 olen nopea oppimaan ja osaan hyvin reflektoida sanallisesti oppimistani ja pohdin paljon asioita ja oppimaani monelta kantilta. Pohjana harjoittelujaksolle minulla on koulusta saatu teoriatieto ja harjoittelutunnit, sek\u00e4 omakohtaista kokemusta liittyen lasten, nuorten ja perheiden hoitoty\u00f6h\u00f6n. Osaan vastaanottaa hyvin palautetta ja hy\u00f6dynt\u00e4\u00e4 sit\u00e4 oppimiseni kannalta.&nbsp;<\/p>\n\n\n\n<p>Harjoittelujakson tavoitteisiin pyrin p\u00e4\u00e4sem\u00e4\u00e4n hakeutumalla monipuolisiin oppimistilanteisiin, joissa p\u00e4\u00e4sen hy\u00f6dynt\u00e4m\u00e4\u00e4n ja syvent\u00e4m\u00e4\u00e4n oppimaani.&nbsp;<\/p>\n\n\n\n<p>Eettinen osaaminen ja ammatillisuus:&nbsp;<\/p>\n\n\n\n<p>Eettisen osaamisen kohdallani katson olevan hyv\u00e4. Olen jo ty\u00f6ni puolesta tutustunut ja toiminut terveydenhuollon eettisten ohjeiden mukaan, ja jokaisen kohderyhm\u00e4n kohdalla tutustunut n\u00e4ihin ohjeisiin. Ammatillinen ty\u00f6ote ja asiallisuus on tuttua ja toimin n\u00e4iden mukaan.&nbsp;<\/p>\n\n\n\n<p>Harjoittelujaksolla haluan pohtia ja soveltaa lasten oikeuksia ja n\u00e4ihin liittyvi\u00e4 hoitoty\u00f6n eettisi\u00e4 ohjeita, joita harjoittelujakson aikana voi eteen tulla, sek\u00e4 tunnistaa mahdollisia ristiriitatilanteita ja kuinka niit\u00e4 voisi rakentavasti k\u00e4sitell\u00e4 ja ottaa esille&nbsp;<\/p>\n\n\n\n<p>Ty\u00f6yhteis\u00f6osaaminen:&nbsp;<\/p>\n\n\n\n<p>Osaan ty\u00f6skennell\u00e4 ty\u00f6yhteis\u00f6iss\u00e4 ja tunnistan roolini opiskelijana. Olen avoin ja innokas ja otan vastuun omista tekemisist\u00e4ni. Noudatan ty\u00f6yhteis\u00f6n s\u00e4\u00e4nt\u00f6j\u00e4 ja ty\u00f6aikoja.&nbsp;<\/p>\n\n\n\n<p>Tavoitteena harjoittelujaksolle on tulla hyvin ty\u00f6yhteis\u00f6\u00f6n mukaan. P\u00e4\u00e4st\u00e4 toiminaan mahdollisuuksien mukaan moniammatillisesti, noudattaa sovittuja s\u00e4\u00e4nt\u00f6j\u00e4 ja ohjeita sek\u00e4 ty\u00f6aikoja ja toimia osana tiimi\u00e4 ja ottaa vastuuta omista toimistani, sek\u00e4 osata perustella ne.&nbsp;<\/p>\n\n\n\n<p>Asiakasl\u00e4ht\u00f6isyys:&nbsp;<\/p>\n\n\n\n<p>Asiakasl\u00e4ht\u00f6inen ty\u00f6ote ja asiakasl\u00e4ht\u00f6isyys on minusta itselle hoitoty\u00f6ss\u00e4 yksi t\u00e4rkeimmist\u00e4 seikoista ja ty\u00f6skennelless\u00e4ni pyrin t\u00e4t\u00e4 noudattamaan. Koen osaavani toimia asiakkaan oikeuksien ja t\u00e4m\u00e4n toiveiden mukaan, erilaiset kulttuurilliset seikat mukaan huomioiden.&nbsp;<\/p>\n\n\n\n<p>Harjoittelun aikana haluankin ottaa ty\u00f6skentelyss\u00e4ni erityisesti lapsil\u00e4ht\u00f6isyyden, ja lapsien oikeudet huomioon ja tunnistaa ty\u00f6skentelyss\u00e4ni n\u00e4m\u00e4 seikat.&nbsp;<\/p>\n\n\n\n<p>N\u00e4ytt\u00f6\u00f6n perustuva toiminta ja p\u00e4\u00e4t\u00f6ksen teko:&nbsp;<\/p>\n\n\n\n<p>Minulla on teoria tietoa ja n\u00e4ytt\u00f6\u00f6n perustuvaa tietoa lapsen kasvun vaiheista niin koulun teorian, kuin k\u00e4yt\u00e4nn\u00f6nkin kautta. Omia lapsia minulla on kolme kappaletta ja lapsen kasvun ja kehityksen seuranta ja jonkin verran k\u00e4yt\u00e4nn\u00f6n tietoa lasten yleisimmist\u00e4 sairauksista ja niiden hoidosta. Uskon ett\u00e4 osaan&nbsp;hy\u00f6dynt\u00e4\u00e4 oppimaani ja kokemuspohjaista tietoutta asiakasty\u00f6ss\u00e4.&nbsp;<\/p>\n\n\n\n<p>Tavoitteisiin p\u00e4\u00e4semiseksi haluan p\u00e4\u00e4st\u00e4 mahdollisimman monipuolisesti osallistumaan hoitoty\u00f6h\u00f6n ja kartoittaa koko perheen tilanteen lapsen hoitoty\u00f6n kannalta sek\u00e4 oppia analysoimaan ja tunnistamaan paremmin mahdollisia terveysongelmia ja uhkia, ja p\u00e4\u00e4st\u00e4 suunnittelemaan lapsen ja perheen hoitoty\u00f6t\u00e4 prosessin mukaisesti sek\u00e4 toteuttaa perheen voimavaral\u00e4ht\u00f6isesti omaa ty\u00f6skentely\u00e4ni.&nbsp;<\/p>\n\n\n\n<p>Kliininen hoitoty\u00f6:&nbsp;<\/p>\n\n\n\n<p>Kliinisen hoitoty\u00f6n osuudesta minulla on suoritettuna hyv\u00e4ksytysti lasten l\u00e4\u00e4kelaskut ja kliiniset harjoittelutunnit, joilla on k\u00e4sitelty lapsen elvytyst\u00e4 ja hoitotoimenpiteit\u00e4. &nbsp;Vitaalielintoimintojen mittauksessa osaan ottaa huomioon lapsien ik\u00e4tason mukaiset arvot ja raportoida n\u00e4ist\u00e4 asian mukaisesti. K\u00e4yt\u00e4nn\u00f6ss\u00e4 erilaisten hoidossa k\u00e4ytett\u00e4vi\u00e4 laitteita en sin\u00e4ll\u00e4\u00e4n ole p\u00e4\u00e4ssyt kokeilemaan kuin koululla, mutta n\u00e4m\u00e4kin tuttuja. Otan ty\u00f6skentelyss\u00e4ni huomioon aseptiikan ja yrit\u00e4n toimia itselleni mahdollisimman ergonomisesti, toki t\u00e4m\u00e4 ei aina ihan onnistu. &nbsp;<\/p>\n\n\n\n<p>Tavoitteiden saavuttamiseksi haluaisin toteuttaa lapsen vitaalielintoimintojen tarkkailua ja toteuttaa mahdollisimman monipuolisesti lapsen hoitoty\u00f6t\u00e4 ja hoitoty\u00f6n toimia, sek\u00e4 ottaa ty\u00f6skentelyss\u00e4 my\u00f6s ergonomia huomioon. \u00a0Vauvojen kanssa ty\u00f6skentelyss\u00e4 haluaisin p\u00e4\u00e4st\u00e4 seuraamaan\/osallistumaan imetysohjaukseen.<\/p>\n","protected":false},"excerpt":{"rendered":"<p>Oppimisen taidot:&nbsp; Oppimisen taidoista mainitsen sen, ett\u00e4 olen nopea oppimaan ja osaan hyvin reflektoida sanallisesti oppimistani ja pohdin paljon asioita ja oppimaani monelta kantilta. Pohjana harjoittelujaksolle minulla on koulusta saatu teoriatieto ja harjoittelutunnit, sek\u00e4 omakohtaista kokemusta liittyen lasten, nuorten ja perheiden hoitoty\u00f6h\u00f6n. Osaan vastaanottaa hyvin palautetta ja hy\u00f6dynt\u00e4\u00e4 sit\u00e4 oppimiseni &#8230; <a class=\"continue-reading-link\" href=\"https:\/\/blogi.savonia.fi\/sairaanhoitajaksi2026\/lasten-ja-nuorten-ja-perheiden-hoitotyon-harjoittelu\/lahtotaso-ja-tavoitteet\/\"> Continue reading<\/a><\/p>\n","protected":false},"author":10856,"featured_media":0,"parent":112,"menu_order":0,"comment_status":"open","ping_status":"closed","template":"","meta":{"footnotes":""},"class_list":["post-114","page","type-page","status-publish","hentry"],"_links":{"self":[{"href":"https:\/\/blogi.savonia.fi\/sairaanhoitajaksi2026\/wp-json\/wp\/v2\/pages\/114","targetHints":{"allow":["GET"]}}],"collection":[{"href":"https:\/\/blogi.savonia.fi\/sairaanhoitajaksi2026\/wp-json\/wp\/v2\/pages"}],"about":[{"href":"https:\/\/blogi.savonia.fi\/sairaanhoitajaksi2026\/wp-json\/wp\/v2\/types\/page"}],"author":[{"embeddable":true,"href":"https:\/\/blogi.savonia.fi\/sairaanhoitajaksi2026\/wp-json\/wp\/v2\/users\/10856"}],"replies":[{"embeddable":true,"href":"https:\/\/blogi.savonia.fi\/sairaanhoitajaksi2026\/wp-json\/wp\/v2\/comments?post=114"}],"version-history":[{"count":2,"href":"https:\/\/blogi.savonia.fi\/sairaanhoitajaksi2026\/wp-json\/wp\/v2\/pages\/114\/revisions"}],"predecessor-version":[{"id":116,"href":"https:\/\/blogi.savonia.fi\/sairaanhoitajaksi2026\/wp-json\/wp\/v2\/pages\/114\/revisions\/116"}],"up":[{"embeddable":true,"href":"https:\/\/blogi.savonia.fi\/sairaanhoitajaksi2026\/wp-json\/wp\/v2\/pages\/112"}],"wp:attachment":[{"href":"https:\/\/blogi.savonia.fi\/sairaanhoitajaksi2026\/wp-json\/wp\/v2\/media?parent=114"}],"curies":[{"name":"wp","href":"https:\/\/api.w.org\/{rel}","templated":true}]}}