{"id":118,"date":"2025-02-21T12:34:54","date_gmt":"2025-02-21T10:34:54","guid":{"rendered":"https:\/\/blogi.savonia.fi\/sairaanhoitajaksi2026\/?page_id=118"},"modified":"2025-02-21T12:34:54","modified_gmt":"2025-02-21T10:34:54","slug":"viikkoreflektio-1","status":"publish","type":"page","link":"https:\/\/blogi.savonia.fi\/sairaanhoitajaksi2026\/lasten-ja-nuorten-ja-perheiden-hoitotyon-harjoittelu\/viikkoreflektio-1\/","title":{"rendered":"Viikkoreflektio 1."},"content":{"rendered":"\n<p>Ensimm\u00e4inen harjoitteluviikko j\u00e4i hieman tyng\u00e4ksi sairastelun vuoksi, mutta onneksi p\u00e4\u00e4sin sitten viel\u00e4 loppuviikosta tulemaan ja kerkesin siin\u00e4 yhden iltavuoron ja y\u00f6vuoron tekem\u00e4\u00e4n. Oma ohjaaja oli my\u00f6s sairaana, niin olin nuo pari p\u00e4iv\u00e4\u00e4 sitten toisen ty\u00f6ntekij\u00e4n mukana.<\/p>\n\n\n\n<p>Kivasti omasta mielest\u00e4 l\u00e4htenyt kuitenkin k\u00e4yntiin, ja alkuasioiden j\u00e4lkeen olenkin kivasti p\u00e4\u00e4ssyt itsekkin osallistumaan hyvin vauvojen ja \u00e4itien hoitoon ja ohjaamiseen. Sairaalan ohjeistuksiin ja vastasyntyneen hoitoon olen perehtynyt ja omakohtaista hoitokokemustakin l\u00f6ytyy, joten olen kokenut t\u00e4\u00e4ll\u00e4 olon ja ty\u00f6skentelyn luontevaksi ja helpoksi itselle. <\/p>\n\n\n\n<p>Oppimismieless\u00e4 ensimm\u00e4isell\u00e4 viikolla mieleen j\u00e4i matalasokeristen vauvojen seuranta ja hoito, sek\u00e4 p\u00e4\u00e4sin tekem\u00e4\u00e4n \u00e4idille kohdun painelua ohjaajan kanssa, jolla arvioidaan kohdun supistumista ja ett\u00e4 kohdusta ei painellessa tulisi en\u00e4\u00e4 runsasta vuotoa tai hyytym\u00e4\u00e4. Y\u00f6vuoron aikana hoidin vauvoja jotta \u00e4idit saivat lev\u00e4tty\u00e4, jos takana oli rankka synnytys. Lis\u00e4maidon l\u00e4mmitt\u00e4mist\u00e4 ja m\u00e4\u00e4rien arviointia tullut my\u00f6s harjoiteltua. <\/p>\n\n\n\n<p>Perheiden kohtaaminen ja vuorovaikutus mielest\u00e4ni sujunut hyvin ja luontevasti. T\u00e4st\u00e4 onkin hyv\u00e4 jatkaa seuraavalle viikolle, kun tilat ja toimintatavat alkavat tulla tutuiksi \ud83d\ude42<\/p>\n","protected":false},"excerpt":{"rendered":"<p>Ensimm\u00e4inen harjoitteluviikko j\u00e4i hieman tyng\u00e4ksi sairastelun vuoksi, mutta onneksi p\u00e4\u00e4sin sitten viel\u00e4 loppuviikosta tulemaan ja kerkesin siin\u00e4 yhden iltavuoron ja y\u00f6vuoron tekem\u00e4\u00e4n. Oma ohjaaja oli my\u00f6s sairaana, niin olin nuo pari p\u00e4iv\u00e4\u00e4 sitten toisen ty\u00f6ntekij\u00e4n mukana. Kivasti omasta mielest\u00e4 l\u00e4htenyt kuitenkin k\u00e4yntiin, ja alkuasioiden j\u00e4lkeen olenkin kivasti p\u00e4\u00e4ssyt itsekkin osallistumaan &#8230; <a class=\"continue-reading-link\" href=\"https:\/\/blogi.savonia.fi\/sairaanhoitajaksi2026\/lasten-ja-nuorten-ja-perheiden-hoitotyon-harjoittelu\/viikkoreflektio-1\/\"> Continue reading<\/a><\/p>\n","protected":false},"author":10856,"featured_media":0,"parent":112,"menu_order":0,"comment_status":"open","ping_status":"closed","template":"","meta":{"footnotes":""},"class_list":["post-118","page","type-page","status-publish","hentry"],"_links":{"self":[{"href":"https:\/\/blogi.savonia.fi\/sairaanhoitajaksi2026\/wp-json\/wp\/v2\/pages\/118","targetHints":{"allow":["GET"]}}],"collection":[{"href":"https:\/\/blogi.savonia.fi\/sairaanhoitajaksi2026\/wp-json\/wp\/v2\/pages"}],"about":[{"href":"https:\/\/blogi.savonia.fi\/sairaanhoitajaksi2026\/wp-json\/wp\/v2\/types\/page"}],"author":[{"embeddable":true,"href":"https:\/\/blogi.savonia.fi\/sairaanhoitajaksi2026\/wp-json\/wp\/v2\/users\/10856"}],"replies":[{"embeddable":true,"href":"https:\/\/blogi.savonia.fi\/sairaanhoitajaksi2026\/wp-json\/wp\/v2\/comments?post=118"}],"version-history":[{"count":1,"href":"https:\/\/blogi.savonia.fi\/sairaanhoitajaksi2026\/wp-json\/wp\/v2\/pages\/118\/revisions"}],"predecessor-version":[{"id":119,"href":"https:\/\/blogi.savonia.fi\/sairaanhoitajaksi2026\/wp-json\/wp\/v2\/pages\/118\/revisions\/119"}],"up":[{"embeddable":true,"href":"https:\/\/blogi.savonia.fi\/sairaanhoitajaksi2026\/wp-json\/wp\/v2\/pages\/112"}],"wp:attachment":[{"href":"https:\/\/blogi.savonia.fi\/sairaanhoitajaksi2026\/wp-json\/wp\/v2\/media?parent=118"}],"curies":[{"name":"wp","href":"https:\/\/api.w.org\/{rel}","templated":true}]}}