{"id":145,"date":"2025-12-31T13:12:27","date_gmt":"2025-12-31T11:12:27","guid":{"rendered":"https:\/\/blogi.savonia.fi\/sairaanhoitajaksi2026\/?page_id=145"},"modified":"2025-12-31T13:12:53","modified_gmt":"2025-12-31T11:12:53","slug":"loppuarvio","status":"publish","type":"page","link":"https:\/\/blogi.savonia.fi\/sairaanhoitajaksi2026\/osaamisen-taydentaminen\/loppuarvio\/","title":{"rendered":"Loppuarvio"},"content":{"rendered":"\n<p><strong>Oppimisen taidot<\/strong><\/p>\n\n\n\n<p>Olen huomannut kehittyneeni oppijana t\u00e4ss\u00e4 viimeisen parin kuukauden aikana. Asioiden ja oman ty\u00f6n suunnitelelminen ja organisointi, sek\u00e4 haasteellisissa tilanteissa toimiminen ja oman ammatillisen itsetunnon kasvamisen olen huomannut my\u00f6s. Olen saanut apua tarvittaessa tiimilt\u00e4 ja rohkaisevaa palautetta, mink\u00e4 uskon auttaneen paljon asiassa. Olen my\u00f6s huomannut, kuinka itse olen paremmin osannut antaa ohjeita. Oppimisen kannalta ty\u00f6h\u00f6n on tullut paljon uusia toimintamalleja, joiden parissa oli hieman haastetta, koska jo itsen\u00e4iseen ty\u00f6h\u00f6n orientoituminen opiskelijana toi oman hidastavan haasteensa, mutta koen sselviytyneeni ja suoriutuneeni hyvin sek\u00e4 sis\u00e4ist\u00e4neeni nopeasti uudetkin toimintamallit.<\/p>\n\n\n\n<p><\/p>\n\n\n\n<p><strong>Asiakasl\u00e4ht\u00f6isyys ja Kliininen osaaminen<\/strong>&nbsp;<\/p>\n\n\n\n<p>L\u00e4ht\u00f6taso:&nbsp;<\/p>\n\n\n\n<p>Asiakasl\u00e4ht\u00f6inen toiminta ja asiakkaiden kotona p\u00e4rj\u00e4\u00e4misen arvointia on tullut paljon ja haastavistakin tilanteissa olen mielest\u00e4ni suoriutunut hyvin ja saanut positiivista palautetta ty\u00f6st\u00e4ni. Kliinisen osaamisen ja l\u00e4\u00e4kehoidon osalta olen huomannut monessa asiassa oppineeni paljon. huomaan monessa asiassa kuinka asiat selke\u00e4mmin tulee mieleen ja kookonaiskuvan ja tilanteen hahmottaminen, sek\u00e4 tarvittavien toimien suunnittelu on selkeytynyt. Olen ty\u00f6ss\u00e4ollessani kohdannut jonkin verran haasteellisiakin tilanteita, joissa olen joutunut pohtimaan paljon tilannetta niin hoidollisen kuin eettisen n\u00e4k\u00f6kulman kautta. Voinnin arviointia ja erillaisia mittauksia on tullut p\u00e4ivitt\u00e4in vastaan, olen l\u00e4\u00e4k\u00e4rin kanssa yhdess\u00e4 pohtinut asiakkaan hoitoon liittyvi\u00e4 asioita .<\/p>\n\n\n\n<p>Omaisten kanssa yhteisty\u00f6 on sujunut luontevasti ja olen t\u00e4m\u00e4n ottanut huomioon ty\u00f6skennelless\u00e4ni.<\/p>\n\n\n\n<p><\/p>\n\n\n\n<p><strong>N\u00e4ytt\u00f6\u00f6n perustuva toiminta ja p\u00e4\u00e4t\u00f6ksenteko<\/strong><\/p>\n\n\n\n<p>Olen ty\u00f6ss\u00e4ollessani kohdannut jonkin verran haasteellisiakin tilanteita, joissa olen joutunut pohtimaan paljon tilannetta niin hoidollisen kuin eettisen n\u00e4k\u00f6kulman kautta. Voinnin arviointia ja erillaisia mittauksia on tullut p\u00e4ivitt\u00e4in vastaan, olen l\u00e4\u00e4k\u00e4rin kanssa yhdess\u00e4 pohtinut asiakkaan hoitoon liittyvi\u00e4 asioita .<\/p>\n\n\n\n<p>Olen p\u00e4\u00e4t\u00f6ksi\u00e4 ja hoitoa tehdess\u00e4ni pystynyt asiakkaille ja omaisille perustelemaan p\u00e4\u00e4t\u00f6ksi\u00e4 tarvittaessa, ja hy\u00f6dynt\u00e4nyt n\u00e4iss\u00e4 n\u00e4ytt\u00f6\u00f6n perustuvaa toimintaa ja tietoa.<\/p>\n\n\n\n<p>P\u00e4\u00e4t\u00f6ksien teko ei ole aina ollut helppoa, ja olenkin paljon j\u00e4nnitt\u00e4nyt, ottaa enemm\u00e4n vastuuta ja tehd\u00e4 p\u00e4\u00e4t\u00f6ksi\u00e4, mutta harjoittelun aikana olen t\u00e4ss\u00e4 kehittynyt paljon, ja saanut p\u00e4\u00e4t\u00f6senteossa apua ja tukea ohjaajalta ja muulta tiimilt\u00e4, sek\u00e4 positiivista ja kannustavaa palautetta. <\/p>\n\n\n\n<p><\/p>\n\n\n\n<p><strong>Sosiaali- ja terveyspalveluiden laatu ja turvallisuus<\/strong><\/p>\n\n\n\n<p>Olne oppinut ottamaan vastuun ty\u00f6skentelyst\u00e4ni ja toiminnastani ja ottanut ty\u00f6skennelless\u00e4 huomioon mit\u00e4 oikeuksia ja velvollisuuksia minulla on vastuualueellani ja kuinka pystyn takaamaan asiakkailleni laadullisesti ja turvallisesti mahdollisimmana hyv\u00e4\u00e4 hoitoa. <\/p>\n\n\n\n<p>Olen kuitenkin huomannut, ett\u00e4 v\u00e4lill\u00e4 kiire ja nopeasti muuttuvat tilanteet on jonkin verran hidastanut joidenkin asioiden etenemist\u00e4, mutta selke\u00e4ll\u00e4 ja j\u00e4rjestelm\u00e4llisell\u00e4 tekemisell\u00e4, olen mielest\u00e4ni n\u00e4in harkan loppua kohden saanut organisoitua asiat t\u00e4rkeysj\u00e4rjestyksess\u00e4 kiireellisyyden mukaan, jolloin asiakkaiden hoito ja hoidon laatu ei ole k\u00e4rsinyt kiireen vuoksi. <\/p>\n","protected":false},"excerpt":{"rendered":"<p>Oppimisen taidot Olen huomannut kehittyneeni oppijana t\u00e4ss\u00e4 viimeisen parin kuukauden aikana. Asioiden ja oman ty\u00f6n suunnitelelminen ja organisointi, sek\u00e4 haasteellisissa tilanteissa toimiminen ja oman ammatillisen itsetunnon kasvamisen olen huomannut my\u00f6s. Olen saanut apua tarvittaessa tiimilt\u00e4 ja rohkaisevaa palautetta, mink\u00e4 uskon auttaneen paljon asiassa. Olen my\u00f6s huomannut, kuinka itse olen paremmin &#8230; <a class=\"continue-reading-link\" href=\"https:\/\/blogi.savonia.fi\/sairaanhoitajaksi2026\/osaamisen-taydentaminen\/loppuarvio\/\"> Continue reading<\/a><\/p>\n","protected":false},"author":10856,"featured_media":0,"parent":132,"menu_order":4,"comment_status":"open","ping_status":"closed","template":"","meta":{"footnotes":""},"class_list":["post-145","page","type-page","status-publish","hentry"],"_links":{"self":[{"href":"https:\/\/blogi.savonia.fi\/sairaanhoitajaksi2026\/wp-json\/wp\/v2\/pages\/145","targetHints":{"allow":["GET"]}}],"collection":[{"href":"https:\/\/blogi.savonia.fi\/sairaanhoitajaksi2026\/wp-json\/wp\/v2\/pages"}],"about":[{"href":"https:\/\/blogi.savonia.fi\/sairaanhoitajaksi2026\/wp-json\/wp\/v2\/types\/page"}],"author":[{"embeddable":true,"href":"https:\/\/blogi.savonia.fi\/sairaanhoitajaksi2026\/wp-json\/wp\/v2\/users\/10856"}],"replies":[{"embeddable":true,"href":"https:\/\/blogi.savonia.fi\/sairaanhoitajaksi2026\/wp-json\/wp\/v2\/comments?post=145"}],"version-history":[{"count":1,"href":"https:\/\/blogi.savonia.fi\/sairaanhoitajaksi2026\/wp-json\/wp\/v2\/pages\/145\/revisions"}],"predecessor-version":[{"id":146,"href":"https:\/\/blogi.savonia.fi\/sairaanhoitajaksi2026\/wp-json\/wp\/v2\/pages\/145\/revisions\/146"}],"up":[{"embeddable":true,"href":"https:\/\/blogi.savonia.fi\/sairaanhoitajaksi2026\/wp-json\/wp\/v2\/pages\/132"}],"wp:attachment":[{"href":"https:\/\/blogi.savonia.fi\/sairaanhoitajaksi2026\/wp-json\/wp\/v2\/media?parent=145"}],"curies":[{"name":"wp","href":"https:\/\/api.w.org\/{rel}","templated":true}]}}