{"id":147,"date":"2025-12-31T13:21:03","date_gmt":"2025-12-31T11:21:03","guid":{"rendered":"https:\/\/blogi.savonia.fi\/sairaanhoitajaksi2026\/?page_id=147"},"modified":"2025-12-31T13:21:18","modified_gmt":"2025-12-31T11:21:18","slug":"viikkoreflektiot-4-5","status":"publish","type":"page","link":"https:\/\/blogi.savonia.fi\/sairaanhoitajaksi2026\/mielenterveys-ja-paihdetyon-harjoittelu\/viikkoreflektiot-4-5\/","title":{"rendered":"Viikkoreflektiot 4-5"},"content":{"rendered":"\n<p>Viikko 4<\/p>\n\n\n\n<p>Loppua kohden olen huomannut, ett\u00e4 uusien toimintamallien sis\u00e4ist\u00e4minen on edennyt, ja olen saanut kuukausiraportteja paremmin vauhtiin, my\u00f6s omien t\u00f6iden suunnittelu on parantunut. <\/p>\n\n\n\n<p>Haastavien asiakkaiden kanssa on mennyt paljon aikaa ja on ollut tapauksia, joita olen v\u00e4lill\u00e4 j\u00e4\u00e4nyt pohtimaan pidemm\u00e4ksi aikaa, olenko varmasti muistanut ottaa kaiken huomioon tilanteessa, mutta n\u00e4m\u00e4kin ratkenneet. T\u00e4mm\u00f6isten tilanteiden j\u00e4lkeen oma ammatillinen itsetunto on paarantunut huimasti, sill\u00e4 p\u00e4\u00e4t\u00f6ksenteko ja vastuun ottamisen haasteellisuus ja siin\u00e4 onnistuminen on palkitsevaa, varsinkin kun takana on viel\u00e4 niin lyhyt ty\u00f6ura t\u00e4ll\u00e4 saralla.<\/p>\n\n\n\n<p><\/p>\n\n\n\n<p>Viikko 5. <\/p>\n\n\n\n<p>Huomaamatta on aika mennyt ja tuntuu silt\u00e4 ett\u00e4 loppuajasta se tietty varmuus toiminnassa , jota olen koko harjoittelun ajan hakenut on huomaamatta hiipinyt minuun \ud83d\ude42 Oman toiminnan selkeytyminen ja tilenteiden hallinta sek\u00e4 positiivinen palaute on luonut sopivasti itsevarmuutta, mik\u00e4 on mielest\u00e4ni n\u00e4kyny my\u00f6s ty\u00f6skentelyss\u00e4ni.<\/p>\n\n\n\n<p>Asiakkaiden kohtaaminen on helpompaa, kun tuntuu, ett\u00e4 osaan paremmin vastata heid\u00e4n tarpeisiinsa ja tunnistan nopeammin ja selke\u00e4mmin ep\u00e4kohtia ja lis\u00e4hoidon tarvetta. Varsinkin kun asiakkaan vointi oman toiminnan my\u00f6t\u00e4 l\u00e4hteekin paranemaan, on se jotenkin palkitsevaa my\u00f6s itselle.<\/p>\n\n\n\n<p>Melkoisen opettavaista on ollut olla t\u00f6iss\u00e4, ja haastellistakin, mutta tilanteet selvinneet ja sekin on ollut palkitsevaa.<\/p>\n","protected":false},"excerpt":{"rendered":"<p>Viikko 4 Loppua kohden olen huomannut, ett\u00e4 uusien toimintamallien sis\u00e4ist\u00e4minen on edennyt, ja olen saanut kuukausiraportteja paremmin vauhtiin, my\u00f6s omien t\u00f6iden suunnittelu on parantunut. Haastavien asiakkaiden kanssa on mennyt paljon aikaa ja on ollut tapauksia, joita olen v\u00e4lill\u00e4 j\u00e4\u00e4nyt pohtimaan pidemm\u00e4ksi aikaa, olenko varmasti muistanut ottaa kaiken huomioon tilanteessa, mutta &#8230; <a class=\"continue-reading-link\" href=\"https:\/\/blogi.savonia.fi\/sairaanhoitajaksi2026\/mielenterveys-ja-paihdetyon-harjoittelu\/viikkoreflektiot-4-5\/\"> Continue reading<\/a><\/p>\n","protected":false},"author":10856,"featured_media":0,"parent":86,"menu_order":4,"comment_status":"open","ping_status":"closed","template":"","meta":{"footnotes":""},"class_list":["post-147","page","type-page","status-publish","hentry"],"_links":{"self":[{"href":"https:\/\/blogi.savonia.fi\/sairaanhoitajaksi2026\/wp-json\/wp\/v2\/pages\/147","targetHints":{"allow":["GET"]}}],"collection":[{"href":"https:\/\/blogi.savonia.fi\/sairaanhoitajaksi2026\/wp-json\/wp\/v2\/pages"}],"about":[{"href":"https:\/\/blogi.savonia.fi\/sairaanhoitajaksi2026\/wp-json\/wp\/v2\/types\/page"}],"author":[{"embeddable":true,"href":"https:\/\/blogi.savonia.fi\/sairaanhoitajaksi2026\/wp-json\/wp\/v2\/users\/10856"}],"replies":[{"embeddable":true,"href":"https:\/\/blogi.savonia.fi\/sairaanhoitajaksi2026\/wp-json\/wp\/v2\/comments?post=147"}],"version-history":[{"count":1,"href":"https:\/\/blogi.savonia.fi\/sairaanhoitajaksi2026\/wp-json\/wp\/v2\/pages\/147\/revisions"}],"predecessor-version":[{"id":148,"href":"https:\/\/blogi.savonia.fi\/sairaanhoitajaksi2026\/wp-json\/wp\/v2\/pages\/147\/revisions\/148"}],"up":[{"embeddable":true,"href":"https:\/\/blogi.savonia.fi\/sairaanhoitajaksi2026\/wp-json\/wp\/v2\/pages\/86"}],"wp:attachment":[{"href":"https:\/\/blogi.savonia.fi\/sairaanhoitajaksi2026\/wp-json\/wp\/v2\/media?parent=147"}],"curies":[{"name":"wp","href":"https:\/\/api.w.org\/{rel}","templated":true}]}}