{"id":39,"date":"2023-11-24T11:22:09","date_gmt":"2023-11-24T09:22:09","guid":{"rendered":"https:\/\/blogi.savonia.fi\/sairaanhoitajaksi2026\/?page_id=39"},"modified":"2023-12-05T13:46:01","modified_gmt":"2023-12-05T11:46:01","slug":"viikkoreflektio-1","status":"publish","type":"page","link":"https:\/\/blogi.savonia.fi\/sairaanhoitajaksi2026\/sisatautien-harjoittelu\/viikkoreflektio-1\/","title":{"rendered":"Viikkoreflektio 1."},"content":{"rendered":"\n<p>Ensimm\u00e4inen harjoitteluviikko alkaa olemaan pikkuhiljaa purkissa. Huomaan olevani normaalia v\u00e4syneempi kotonakin ja ty\u00f6p\u00e4ivien j\u00e4lkeen huomaan, kuinka kuormittavaa uuteen paikkaan meno ja uusien asioiden opettelu on. <\/p>\n\n\n\n<p>Ensimm\u00e4isell\u00e4 viikolla olen l\u00e4hinn\u00e4 ollut seuraamassa, mutta olen my\u00f6s ohjaajan valvomana saanut tehd\u00e4 useita minulle uusia asioita. Olen my\u00f6s saanut itsen\u00e4isesti mittailla vitaaleja ohjaajan minulle osoittamista potilaista ja annoin yhdelle potilaalle itsen\u00e4isesti kotona suoritettavan PEF-mittauksen ohjeistuksen. <\/p>\n\n\n\n<p>Ensimm\u00e4iselt\u00e4 viikolta mieleen j\u00e4i ehk\u00e4 eniten tilanne, jossa sain laittaa potilaalle i.m pistoksen. Tilanne sin\u00e4ns\u00e4 j\u00e4nnitti, kun koulussa viimeksi teoriassa ja k\u00e4yt\u00e4nn\u00f6ss\u00e4 n\u00e4it\u00e4 tehnyt, mutta ohjaajan kanssa katsottiin oikea kohta ja sitten varmistin viel\u00e4 ett\u00e4 minulla on oikea potilas ja oikea l\u00e4\u00e4ke, ja pistokohta. Omasta mielest\u00e4ni sain onnistuneesti tehty\u00e4 pistoksen ja ohjaajalta sain samanlaisen palautteen my\u00f6s. <\/p>\n\n\n\n<p>Yleisesti ottaen viikko on mennyt ihan hyvin, ainoana asiana, joka hieman harmittaa on se, kun minulle m\u00e4\u00e4r\u00e4tyty ohjaajat (3kpl) ovat osa ollut poissa, osastolla ollut kiirett\u00e4  ja olen nyt ollut joka p\u00e4iv\u00e4 eri hoitajan mukana. Torstai taisi olla ainoa p\u00e4iv\u00e4, kun minulla oli oma ohjaaja. <\/p>\n\n\n\n<p>Olen kuitenkin p\u00e4\u00e4ssyt annostelemaan ja antamaan l\u00e4\u00e4kkeit\u00e4, huuhtelemaan kanyyleja (my\u00f6s CVK) katetrin huuhtomista, moniammatillista ty\u00f6skentely\u00e4, vitaalien ottamista ja kirjaamista. My\u00f6s ty\u00f6paikan toimintaan perehtymist\u00e4 ja ty\u00f6njakoa olen opetellut.<\/p>\n","protected":false},"excerpt":{"rendered":"<p>Ensimm\u00e4inen harjoitteluviikko alkaa olemaan pikkuhiljaa purkissa. Huomaan olevani normaalia v\u00e4syneempi kotonakin ja ty\u00f6p\u00e4ivien j\u00e4lkeen huomaan, kuinka kuormittavaa uuteen paikkaan meno ja uusien asioiden opettelu on. Ensimm\u00e4isell\u00e4 viikolla olen l\u00e4hinn\u00e4 ollut seuraamassa, mutta olen my\u00f6s ohjaajan valvomana saanut tehd\u00e4 useita minulle uusia asioita. Olen my\u00f6s saanut itsen\u00e4isesti mittailla vitaaleja ohjaajan minulle &#8230; <a class=\"continue-reading-link\" href=\"https:\/\/blogi.savonia.fi\/sairaanhoitajaksi2026\/sisatautien-harjoittelu\/viikkoreflektio-1\/\"> Continue reading<\/a><\/p>\n","protected":false},"author":10856,"featured_media":0,"parent":31,"menu_order":2,"comment_status":"open","ping_status":"closed","template":"","meta":{"footnotes":""},"class_list":["post-39","page","type-page","status-publish","hentry"],"_links":{"self":[{"href":"https:\/\/blogi.savonia.fi\/sairaanhoitajaksi2026\/wp-json\/wp\/v2\/pages\/39","targetHints":{"allow":["GET"]}}],"collection":[{"href":"https:\/\/blogi.savonia.fi\/sairaanhoitajaksi2026\/wp-json\/wp\/v2\/pages"}],"about":[{"href":"https:\/\/blogi.savonia.fi\/sairaanhoitajaksi2026\/wp-json\/wp\/v2\/types\/page"}],"author":[{"embeddable":true,"href":"https:\/\/blogi.savonia.fi\/sairaanhoitajaksi2026\/wp-json\/wp\/v2\/users\/10856"}],"replies":[{"embeddable":true,"href":"https:\/\/blogi.savonia.fi\/sairaanhoitajaksi2026\/wp-json\/wp\/v2\/comments?post=39"}],"version-history":[{"count":3,"href":"https:\/\/blogi.savonia.fi\/sairaanhoitajaksi2026\/wp-json\/wp\/v2\/pages\/39\/revisions"}],"predecessor-version":[{"id":42,"href":"https:\/\/blogi.savonia.fi\/sairaanhoitajaksi2026\/wp-json\/wp\/v2\/pages\/39\/revisions\/42"}],"up":[{"embeddable":true,"href":"https:\/\/blogi.savonia.fi\/sairaanhoitajaksi2026\/wp-json\/wp\/v2\/pages\/31"}],"wp:attachment":[{"href":"https:\/\/blogi.savonia.fi\/sairaanhoitajaksi2026\/wp-json\/wp\/v2\/media?parent=39"}],"curies":[{"name":"wp","href":"https:\/\/api.w.org\/{rel}","templated":true}]}}