{"id":44,"date":"2023-12-04T20:00:54","date_gmt":"2023-12-04T18:00:54","guid":{"rendered":"https:\/\/blogi.savonia.fi\/sairaanhoitajaksi2026\/?page_id=44"},"modified":"2023-12-05T13:46:10","modified_gmt":"2023-12-05T11:46:10","slug":"viikkoreflektio-2","status":"publish","type":"page","link":"https:\/\/blogi.savonia.fi\/sairaanhoitajaksi2026\/sisatautien-harjoittelu\/viikkoreflektio-2\/","title":{"rendered":"Viikkoreflektio 2."},"content":{"rendered":"\n<p>Toinen harjoitteluviikko alkoi toiminnallisesti. Heti iltavuoroon tullessa meill\u00e4 oli ohjaan kanssa potilas, jonka news-pisteet nousi koko ajan ja l\u00e4\u00e4k\u00e4ri olikin sanonut, ett\u00e4 herk\u00e4sti MET- ryhm\u00e4\u00e4 paikalle. Lopulta MET h\u00e4lyytetty ja l\u00e4hdettiin ohjaajan kanssa potilaan mukaan TT-kuviin ja teho-osastolle. Mielest\u00e4ni t\u00e4m\u00e4 oli hyv\u00e4 esimerkki elintoimintojen ja potilaan tarkkailun hy\u00f6dyist\u00e4, joissa pystyt\u00e4\u00e4n nopealla vasteella toimimaan, kun potilaan tila huononee. Raporttia lukiessa kiinnitiin potilaan kohdalla huomiota aamuvuoron merkint\u00f6ihin, joiden pohjalta osasin omasta mielest\u00e4ni jo tarkkailla potilaan vointia paremmin. Samaisella vuorolla oli my\u00f6s useampi saattohoito potilas, joista toinen menehtyikin juuri vuoron vaihdon aikana.<\/p>\n\n\n\n<p>Toisen harkkaviikon aikana olin my\u00f6s l\u00e4\u00e4kkeenjako vuorossa, jolloin sain letkuttaa ja antaa i.v nesteit\u00e4 ja l\u00e4\u00e4kkeit\u00e4 ohjaajan valvomana. Mielest\u00e4ni ensimm\u00e4iset kerrat j\u00e4nnitti hieman, ett\u00e4 osaanko oikein, mutta ohjaajan l\u00e4sn\u00e4olo helpotti, ja nyt koen t\u00e4m\u00e4n sujuvan jo paljon helpommiin. Yhden kerran p\u00e4\u00e4sin kokeilemaan kanylointia, mutta se ei onnistunut. Tilanteessa potilas halusi ehdottomasti, ett\u00e4 kanyyli laitettaisiin kyyn\u00e4rtaipeeseen, josta oli aiemmin p\u00e4iv\u00e4ll\u00e4 otettu verikoe. Mielest\u00e4ni potilaalla olisi ollut k\u00e4mmensel\u00e4ss\u00e4 eritt\u00e4in hyv\u00e4 suoni, mutta kielsi sinne laittamasta, koska tekee kipe\u00e4\u00e4. P\u00e4\u00e4tin sitten kokeilla kanyloida kyyn\u00e4rtaipeeseen, sain kanyylin menem\u00e4\u00e4n suoneen, mutta kun yritin uittaa sit\u00e4 syvemm\u00e4lle, se ei en\u00e4\u00e4 ollutkaan suonessa, vaikka hieman yritin korjata sen asentoa siell\u00e4. Toista kertaa potilas ei antanut kokeilla, mutta ohjaaja laittoi kanyylin k\u00e4mmenselk\u00e4\u00e4n, potilas ei t\u00e4st\u00e4 ollut mieliss\u00e4\u00e4n. Tilanteen j\u00e4lkeen ohjaaja kertoi, ett\u00e4 t\u00e4ss\u00e4 oli hyv\u00e4 esimerkki siit\u00e4, ett\u00e4 aina ei kannata menn\u00e4 niinkun potilas haluaa, koska kyynertaipeeseenn on haastavampi laittaa, ja potilaalla oli loistava suoni k\u00e4mmensel\u00e4ss\u00e4, johon sai helposti. Minusta t\u00e4ss\u00e4 oli hyv\u00e4 esimerkki. Opiskelijana en vain aina koe ett\u00e4 minulla riitt\u00e4isi ns. arvovalta alkaa tekem\u00e4\u00e4n asioita potilaan tahdon vastaisesti, vaikka kokisinkin sen paremmaksi vaihtoehdoksi.<\/p>\n","protected":false},"excerpt":{"rendered":"<p>Toinen harjoitteluviikko alkoi toiminnallisesti. Heti iltavuoroon tullessa meill\u00e4 oli ohjaan kanssa potilas, jonka news-pisteet nousi koko ajan ja l\u00e4\u00e4k\u00e4ri olikin sanonut, ett\u00e4 herk\u00e4sti MET- ryhm\u00e4\u00e4 paikalle. Lopulta MET h\u00e4lyytetty ja l\u00e4hdettiin ohjaajan kanssa potilaan mukaan TT-kuviin ja teho-osastolle. Mielest\u00e4ni t\u00e4m\u00e4 oli hyv\u00e4 esimerkki elintoimintojen ja potilaan tarkkailun hy\u00f6dyist\u00e4, joissa pystyt\u00e4\u00e4n &#8230; <a class=\"continue-reading-link\" href=\"https:\/\/blogi.savonia.fi\/sairaanhoitajaksi2026\/sisatautien-harjoittelu\/viikkoreflektio-2\/\"> Continue reading<\/a><\/p>\n","protected":false},"author":10856,"featured_media":0,"parent":31,"menu_order":3,"comment_status":"open","ping_status":"closed","template":"","meta":{"footnotes":""},"class_list":["post-44","page","type-page","status-publish","hentry"],"_links":{"self":[{"href":"https:\/\/blogi.savonia.fi\/sairaanhoitajaksi2026\/wp-json\/wp\/v2\/pages\/44","targetHints":{"allow":["GET"]}}],"collection":[{"href":"https:\/\/blogi.savonia.fi\/sairaanhoitajaksi2026\/wp-json\/wp\/v2\/pages"}],"about":[{"href":"https:\/\/blogi.savonia.fi\/sairaanhoitajaksi2026\/wp-json\/wp\/v2\/types\/page"}],"author":[{"embeddable":true,"href":"https:\/\/blogi.savonia.fi\/sairaanhoitajaksi2026\/wp-json\/wp\/v2\/users\/10856"}],"replies":[{"embeddable":true,"href":"https:\/\/blogi.savonia.fi\/sairaanhoitajaksi2026\/wp-json\/wp\/v2\/comments?post=44"}],"version-history":[{"count":1,"href":"https:\/\/blogi.savonia.fi\/sairaanhoitajaksi2026\/wp-json\/wp\/v2\/pages\/44\/revisions"}],"predecessor-version":[{"id":45,"href":"https:\/\/blogi.savonia.fi\/sairaanhoitajaksi2026\/wp-json\/wp\/v2\/pages\/44\/revisions\/45"}],"up":[{"embeddable":true,"href":"https:\/\/blogi.savonia.fi\/sairaanhoitajaksi2026\/wp-json\/wp\/v2\/pages\/31"}],"wp:attachment":[{"href":"https:\/\/blogi.savonia.fi\/sairaanhoitajaksi2026\/wp-json\/wp\/v2\/media?parent=44"}],"curies":[{"name":"wp","href":"https:\/\/api.w.org\/{rel}","templated":true}]}}