{"id":53,"date":"2023-12-19T13:02:50","date_gmt":"2023-12-19T11:02:50","guid":{"rendered":"https:\/\/blogi.savonia.fi\/sairaanhoitajaksi2026\/?page_id=53"},"modified":"2023-12-19T20:09:00","modified_gmt":"2023-12-19T18:09:00","slug":"yhteenveto","status":"publish","type":"page","link":"https:\/\/blogi.savonia.fi\/sairaanhoitajaksi2026\/sisatautien-harjoittelu\/yhteenveto\/","title":{"rendered":"Yhteenveto"},"content":{"rendered":"\n<p>Kirjoitan t\u00e4h\u00e4n nyt yhteenvetoa ja vertailen olenko p\u00e4\u00e4ssyt asettamiini tavoitteisiin, joita itselleni l\u00e4ht\u00f6tasossa asetin. Laitan l\u00e4ht\u00f6tason my\u00f6s t\u00e4h\u00e4n rinnalle, jotta pystyn helpommin ja nopeammin vertailemaan, olenko saavuttanut tavoitteeni ja mit\u00e4 olen mielest\u00e4ni oppinut ja miss\u00e4 olisi viel\u00e4 kehitett\u00e4v\u00e4\u00e4.<\/p>\n\n\n\n<p>OPPIMISEN TAIDOT&nbsp;<\/p>\n\n\n\n<p><strong>L\u00e4ht\u00f6taso ja tavoitteet: <\/strong>\u00a0<\/p>\n\n\n\n<p>Koen, ett\u00e4 aikaisemman hoitoalan kokemuksen ansiosta minun on helpompi ymm\u00e4rt\u00e4\u00e4 ja oppia hoitoty\u00f6n teoriaa ja soveltaa oppimaani k\u00e4yt\u00e4nn\u00f6ss\u00e4. Olen avoin ja utelias ja koen vahvuudekseni sen, ett\u00e4 osaan ja uskallan kysell\u00e4 asioista, jotka ovat minulle vieraita tai haluan tiet\u00e4\u00e4 niist\u00e4 ja oppia enemm\u00e4n. Ty\u00f6vuorojen noudattaminen ja ty\u00f6yhteis\u00f6ss\u00e4 toimiminen on minulle tuttua ja helppoa, tulen kaikkien kanssa toimeen ja pyrin omalta osaltani vaikuttamaan ty\u00f6ilmapiiriin positiivisesti. Osaan ja haluan saada palautetta ty\u00f6skentelyst\u00e4ni, oli se sitten positiivista tai rakentavaa. Kehitett\u00e4viksi asioiksi itsell\u00e4ni koen asioiden\/ t\u00f6iden suunnittelun ja valmistautumisen, kuten vaikka hoitotilanteessa, ett\u00e4 miss\u00e4 j\u00e4rjestyksess\u00e4 ja mit\u00e4 tarvikkeita tarvitsee valmiiksi ennen kuin aloittaa. Haluaisinkin ottaa tavoitteeksi harjoittelun aikana, ett\u00e4 kiinnit\u00e4n n\u00e4ihin asioihin huomiota ty\u00f6skentely\u00e4 suunnitellessani ja toivoisin ohjaajankin kiinnitt\u00e4v\u00e4n t\u00e4h\u00e4n huomiota. Tied\u00e4n ja tunnistan roolini opiskelijana ty\u00f6yksik\u00f6ss\u00e4.&nbsp;L\u00e4ht\u00f6tason ja muutenkin t\u00e4llaisten kirjallisten itsereflektioiden kirjoittaminen on haastavaa ja haluan harjaantua ja kehitty\u00e4 niiden tekemisess\u00e4.&nbsp;<\/p>\n\n\n\n<p><strong>Yhteenveto:<\/strong><\/p>\n\n\n\n<p>Omasta mielest\u00e4ni, olen ty\u00f6skennelless\u00e4 alkanut kiinnitt\u00e4\u00e4 enemm\u00e4n huomiota siihen, mit\u00e4 toimien aikana tarvitsin ja suurimmaksi osaksi tarvittavat tavarat ovatkin olleet mukana. Toki kaikkia tilanteita ei pysty ennakoimaankaan, mutta mielest\u00e4ni n\u00e4ist\u00e4kin olen selvinnyt hyvin. Ty\u00f6skentely on nopeutunut ja helpottunut,  ja olen saanut hyvi\u00e4 vinkkej\u00e4 niiden helpottamiseen\/nopeuttamiseen, esimerkiksi i.v l\u00e4\u00e4kkeiden letkutuksessa. Olen t\u00e4ss\u00e4 harjoittelun aikana my\u00f6s opetellut enemm\u00e4n reflektoinnin tekoa, toki oman oppimisen arviointi on haastavaa, mutta kehityst\u00e4 on tapahtunut. Palautetta ty\u00f6skentelyst\u00e4 ja p\u00e4iv\u00e4st\u00e4 olen pyyt\u00e4nyt, ja olen sit\u00e4 saanutkin. Monia uusia asioita olen saanut tiet\u00e4\u00e4 ja omasta mielest\u00e4ni tietynlainen kokonaisuuksien hahmottaminen ja ymm\u00e4rrys on tullut. <\/p>\n\n\n\n<p>EETTINEN OSAAMINEN JA AMMATTITAITO<\/p>\n\n\n\n<p><strong>L\u00e4ht\u00f6taso ja tavoitteet:\u00a0<\/strong><\/p>\n\n\n\n<p>Aikaisempien ty\u00f6kokemusten my\u00f6t\u00e4 olen oppinut ty\u00f6skentelem\u00e4\u00e4n eettisten arvojen mukaan. Nykyisess\u00e4 ty\u00f6yksik\u00f6ss\u00e4 vanhuspuolella kohtaa usein asiakkaita ja heid\u00e4n omaisiaan, joten vuorovaikutustilanteet ovat minulle luonnollisia ja mielest\u00e4ni osaan toimia n\u00e4iss\u00e4 tilanteissa. Tied\u00e4n ja toimin ty\u00f6ss\u00e4ni eettisten periaatteiden mukaan. Jokainen potilas on yksil\u00f6 ja erilaisia, ja t\u00e4m\u00e4n otan huomioon ty\u00f6skennelless\u00e4ni. &nbsp;<\/p>\n\n\n\n<p>Tavoitteeksi asettaisin itselleni ty\u00f6yksik\u00f6n k\u00e4yt\u00e4nteisiin ja tapoihin perehtymisen ja potilaiden ja omaisten kohtaamisen erilaisissa tilanteissa, koska aina voi kehitt\u00e4\u00e4 itse\u00e4\u00e4n ja dialogisia ja vuorovaikutustaitojaan.&nbsp;<\/p>\n\n\n\n<p><strong>Yhteenveto<\/strong><\/p>\n\n\n\n<p>Harjoittelun aikana olen kohdannut tilanteita, joissa olen itse pohtinut asioiden eettist\u00e4 puolta ja sit\u00e4 mitk\u00e4 minun arvoni hoitajana ja yksil\u00f6n\u00e4 ovat, ja kuinka n\u00e4m\u00e4 heijastuvat toimintaani ja ajattelutapaan. Olen huomannut ett\u00e4 aina kaikki n\u00e4m\u00e4 eiv\u00e4t kohtaa, ja eri ammattikunnilla saattaa olla erilaiset k\u00e4yt\u00e4nteet ja arvot joiden mukaan toimia. Harjoittelun aikana k\u00e4vimme toisen opiskelijan kanssa KYSin j\u00e4rjest\u00e4m\u00e4ss\u00e4 etiikkapajassa, joka oli minusta hyv\u00e4 ja avartava kokemus. Oli mukavaa p\u00e4\u00e4st\u00e4 keskustelemaan muiden opiskelijoiden ja vet\u00e4j\u00e4n kanssa erilaisista tilanteista ja tapauksista.<\/p>\n\n\n\n<p>KLIININEN OSAAMINEN<\/p>\n\n\n\n<p><strong>L\u00e4ht\u00f6taso ja tavoitteet:\u00a0<\/strong><\/p>\n\n\n\n<p>Pohjana on hoitoty\u00f6n osaaminen ja sis\u00e4tautipotilaan hoitoon ja erilaisiin sis\u00e4tauteihin liittyv\u00e4t teoriaopinnot. Perusasiat koen hallitsevani hyvin, kuten vitaalielintoimintojen mittaus ja niiden merkitys potilaan voinnissa sek\u00e4 perushoitoon liittyv\u00e4t asiat. Koen osaavani jonkin verran tunnistaa oireita ja niihin sopivia hoitoty\u00f6nkeinoja. N\u00e4m\u00e4 asiat ovat kuitenkin sin\u00e4ll\u00e4\u00e4n uusia, ja koenkin tarvitsevani siin\u00e4 viel\u00e4 harjoitusta. Rakenteellinen kirjaaminen on tuttua, mutta uskon t\u00e4ss\u00e4kin olevan tarvetta kehitt\u00e4\u00e4 itse\u00e4\u00e4n, varsinkin jos ty\u00f6yksik\u00f6n dokumentointiohjelma on eri mit\u00e4 aiemmin olen k\u00e4ytt\u00e4nyt. Nestehoidot ja muut i.v tapahtuva l\u00e4\u00e4kitseminen ja hoito on uutta ja siit\u00e4 minulla on vain koulun teoriapohja ja periaatteet hallussa, sek\u00e4 muutama k\u00e4yt\u00e4nn\u00f6n harjoittelu. Haluan n\u00e4ihin paneutua ja p\u00e4\u00e4st\u00e4 toteuttamaan ohjaajan avulla, jotta saisin ty\u00f6skentelyyn varmuutta ja taitoa. L\u00e4\u00e4kehoito kiinnostaa ja l\u00e4\u00e4kelaskuissa ei ole ollut hankaluuksia. Kehitett\u00e4v\u00e4n\u00e4 asiana l\u00e4\u00e4kehoidossa haluan syvent\u00e4\u00e4 tietoa eri l\u00e4\u00e4kkeiden k\u00e4yt\u00f6st\u00e4 ja miksi niit\u00e4 k\u00e4ytet\u00e4\u00e4n, sek\u00e4 miksi ne vaikuttaa. Tied\u00e4n ergonomisen ty\u00f6skentelyn periaatteet, mutta koen tarvitsevani harjoitusta, ett\u00e4 muistaisin my\u00f6s ty\u00f6skennell\u00e4 ergonomisesti. Harjoittelujakson aikana haluankin syvent\u00e4\u00e4 jo opittuja asioita ja oppia lis\u00e4\u00e4 sis\u00e4tautipotilaan hoidosta k\u00e4yt\u00e4nn\u00f6n ty\u00f6ss\u00e4.<\/p>\n\n\n\n<p><strong>Yhteenveto:<\/strong><\/p>\n\n\n\n<p>Kliinisen osaamisen tavoitteeni ovat mielest\u00e4ni t\u00e4yttyneet ja jopa tullut opittua sellaisiakin asioita, joita en ollut edes asettanut itselleni tavoitteeksi viel\u00e4. Perushoidolliset asiat koen itselleni helpoiksi, ja osaan tunnistaa ja ohjautua tekem\u00e4\u00e4n niit\u00e4 itsen\u00e4istesti. NEWS-pisteiden mittaaminen onnistuu, ja koen oppineeni ymm\u00e4rt\u00e4m\u00e4\u00e4n ja sis\u00e4ist\u00e4m\u00e4\u00e4n syyn, miksi niit\u00e4 seuraillaan. Kirjaamista ja l\u00e4\u00e4kehoitoa on ollut joka vuorossa. Kirjaaminen onnistuu mielest\u00e4ni jo hyvin ja koen osaavani kirjata  potilaan hoidossa keskeiset asiat ja havainnot, laatia hoitoisuusluokituksia ja katsoa potilaan tiedoista l\u00e4\u00e4kityksist\u00e4 ja m\u00e4\u00e4r\u00e4yksist\u00e4 tarvittavat tiedot. Tavoitteenani oli oppia ja onnistua i.v hoidossa. Olen saanut ja oppinut letkuttamaan perusnesteit\u00e4, l\u00e4\u00e4kkeit\u00e4 ja verivalmisteita. Mielest\u00e4ni t\u00e4m\u00e4 onnistuu jo hyvin, olen tarvittaessa kysellyt apuja ja neuvoja, jos jokin asia ollut ep\u00e4selv\u00e4\u00e4. Kanyylin laitossakin onnistuin kolmannella kerralla. Olen oppinut antamaan i.v nesteit\u00e4, suunnitellut ty\u00f6skentelyni niin ett\u00e4 homma menee jouhevasti ja aseptisesti oikein. Olen my\u00f6s saanut laittaa pistoksia i.m sek\u00e4 s.c. Puhdistella ja hoitaa haavoja, asentaa kestokatetreja ja paljon muuta. Tuntuu ett\u00e4 kliinisten taitojen osata osaamiseni ja tiet\u00e4mykseni on kasvanut huimasti siihen mit\u00e4 se oli harjoittelun alussa.<\/p>\n\n\n\n<p>TERVEYDEN JA TOIMINTAKYVYN EDIST\u00c4MINEN<\/p>\n\n\n\n<p><strong>L\u00e4ht\u00f6taso ja tavoitteet:\u00a0<\/strong><\/p>\n\n\n\n<p>Teoriapohja ja ty\u00f6el\u00e4m\u00e4n k\u00e4yt\u00e4nn\u00f6n kokemusta terveyden ja hyvinvoinnin edist\u00e4misest\u00e4 ja potilaiden ohjauksesta. Koen tarvitsevani kuitenkin harjoitusta t\u00e4h\u00e4n, jotta osaisin vakuuttavasti seist\u00e4 asiantuntijuuteni takana ja saada potilaan itsekin kiinnostumaan omiin elintapoihin ja omaan terveyteen liittyv\u00e4\u00e4n ohjaukseen ja edist\u00e4miseen. Harjoittelun aikana haluaisinkin saada lis\u00e4\u00e4 ammattitaitoa ja osaamista asian esille ottamiseksi potilaan kanssa.\u00a0<\/p>\n\n\n\n<p><strong>Yhteenveto:<\/strong><\/p>\n\n\n\n<p>Mielest\u00e4ni minulla on kuntouttava ty\u00f6ote, jonka tavoite on saada potilaan omatoimisuus ja toimintakyky palautumaan sen verran, ett\u00e4 h\u00e4n p\u00e4\u00e4sisi kotiutumaan tai jatkohoitopaikkaan. Osaan ottaa my\u00f6s huomioon potilaan sen hetkisen tilanteen ja arvioimaan sen mukaan, miten toimin. Potilasohjausta ja heid\u00e4n kannustamistaan omaan hoitoonsa, mm. diabeetikoilla on tullut jonkin verran vastaan ja olen p\u00e4\u00e4ssyt my\u00f6s ohjeistamaan potilasta kotona teht\u00e4v\u00e4\u00e4n PEF mittaukseen. Koen saaneeni sen verran itseluottamusta, ett\u00e4 osaan ja pystyn kertomaan potilaalle ammattimaisesti, miksi h\u00e4nen tulisi esimerkiksi l\u00e4hte\u00e4 liikkeelle, jos h\u00e4nen fyysinen vointinsa sen sallii, vaikka potilas olisikin sit\u00e4 mielt\u00e4 ett\u00e4 h\u00e4n ei siihen kykene. Kannustan potilasta, kuuntelen heid\u00e4nkin toiveita, mutta osaan my\u00f6s perustella heille miksi n\u00e4in toimitaan jossain tilanteessa joka on h\u00e4nen parhaaksi.<\/p>\n\n\n\n<p>OHJAUS JA OPETUSOSAAMINEN<\/p>\n\n\n\n<p><strong>L\u00e4ht\u00f6taso ja tavoitteet:\u00a0<\/strong><\/p>\n\n\n\n<p>Potilaan ohjauksessa osaan ottaa huomioon mielest\u00e4ni jokaisella potilaalla heid\u00e4n yksil\u00f6lliset tarpeensa ja mahdolliset rajoitteet. Haluan kehitty\u00e4 potilasohjauksessa ja kyet\u00e4 hy\u00f6dynt\u00e4m\u00e4\u00e4n erilaisia ohjauksen keinoja k\u00e4yt\u00e4nn\u00f6ss\u00e4. Potilasohjauksessa haasteellisinta mielest\u00e4ni on saada itselle oikeanlaista itsevarmuutta potilaan oikeanlaiseen ja my\u00f6nteiseen ohjaukseen, kuulostamatta puuduttavan luennoivalta tai ep\u00e4varmalta. Haluaisin oppia l\u00f6yt\u00e4m\u00e4\u00e4n tilanteisiin sopivat ohjauskeinot yksil\u00f6llisesti jokaisen potilaan kohdalla.&nbsp;<\/p>\n\n\n\n<p>Yhteenveto:<\/p>\n\n\n\n<p>Mielest\u00e4ni t\u00e4h\u00e4n kohtaan on samat asiat kuin yll\u00e4olevaan. Koen kehittyneeni potilasohjauksessa, mutta toki lis\u00e4\u00e4 ohjaustilanteita haluaisin seuraavassa harkassa, jotta p\u00e4\u00e4sisin harjoittelemaan viel\u00e4 lis\u00e4\u00e4.<\/p>\n","protected":false},"excerpt":{"rendered":"<p>Kirjoitan t\u00e4h\u00e4n nyt yhteenvetoa ja vertailen olenko p\u00e4\u00e4ssyt asettamiini tavoitteisiin, joita itselleni l\u00e4ht\u00f6tasossa asetin. Laitan l\u00e4ht\u00f6tason my\u00f6s t\u00e4h\u00e4n rinnalle, jotta pystyn helpommin ja nopeammin vertailemaan, olenko saavuttanut tavoitteeni ja mit\u00e4 olen mielest\u00e4ni oppinut ja miss\u00e4 olisi viel\u00e4 kehitett\u00e4v\u00e4\u00e4. OPPIMISEN TAIDOT&nbsp; L\u00e4ht\u00f6taso ja tavoitteet: \u00a0 Koen, ett\u00e4 aikaisemman hoitoalan kokemuksen ansiosta &#8230; <a class=\"continue-reading-link\" href=\"https:\/\/blogi.savonia.fi\/sairaanhoitajaksi2026\/sisatautien-harjoittelu\/yhteenveto\/\"> Continue reading<\/a><\/p>\n","protected":false},"author":10856,"featured_media":0,"parent":31,"menu_order":5,"comment_status":"open","ping_status":"closed","template":"","meta":{"footnotes":""},"class_list":["post-53","page","type-page","status-publish","hentry"],"_links":{"self":[{"href":"https:\/\/blogi.savonia.fi\/sairaanhoitajaksi2026\/wp-json\/wp\/v2\/pages\/53","targetHints":{"allow":["GET"]}}],"collection":[{"href":"https:\/\/blogi.savonia.fi\/sairaanhoitajaksi2026\/wp-json\/wp\/v2\/pages"}],"about":[{"href":"https:\/\/blogi.savonia.fi\/sairaanhoitajaksi2026\/wp-json\/wp\/v2\/types\/page"}],"author":[{"embeddable":true,"href":"https:\/\/blogi.savonia.fi\/sairaanhoitajaksi2026\/wp-json\/wp\/v2\/users\/10856"}],"replies":[{"embeddable":true,"href":"https:\/\/blogi.savonia.fi\/sairaanhoitajaksi2026\/wp-json\/wp\/v2\/comments?post=53"}],"version-history":[{"count":4,"href":"https:\/\/blogi.savonia.fi\/sairaanhoitajaksi2026\/wp-json\/wp\/v2\/pages\/53\/revisions"}],"predecessor-version":[{"id":64,"href":"https:\/\/blogi.savonia.fi\/sairaanhoitajaksi2026\/wp-json\/wp\/v2\/pages\/53\/revisions\/64"}],"up":[{"embeddable":true,"href":"https:\/\/blogi.savonia.fi\/sairaanhoitajaksi2026\/wp-json\/wp\/v2\/pages\/31"}],"wp:attachment":[{"href":"https:\/\/blogi.savonia.fi\/sairaanhoitajaksi2026\/wp-json\/wp\/v2\/media?parent=53"}],"curies":[{"name":"wp","href":"https:\/\/api.w.org\/{rel}","templated":true}]}}