{"id":74,"date":"2024-05-07T10:16:37","date_gmt":"2024-05-07T07:16:37","guid":{"rendered":"https:\/\/blogi.savonia.fi\/sairaanhoitajaksi2026\/?page_id=74"},"modified":"2024-05-07T10:57:23","modified_gmt":"2024-05-07T07:57:23","slug":"viikkoreflektio-1","status":"publish","type":"page","link":"https:\/\/blogi.savonia.fi\/sairaanhoitajaksi2026\/perioperatiivisen-hoitotyon-harjoittelu\/viikkoreflektio-1\/","title":{"rendered":"Viikkoreflektio 1."},"content":{"rendered":"\n<p>Ensimm\u00e4isen ja toisen harkkaviikkoni aikana olen p\u00e4\u00e4ssyt tutustumaan osaston toimintaan ja osallistumaan potilaan kokonaisvaltaiseen hoitoon. Ensimm\u00e4isen\u00e4 p\u00e4iv\u00e4n\u00e4 olin ohjaajani mukana hakemassa teholta potilaita osastolle. K\u00e4vimme ohjaajan kanssa tavoitteitani l\u00e4pi ja kattavasti syd\u00e4nleikatun potilaan postoperatiivista hoidon toteutusta. Ohjaajan mukana olenkin p\u00e4\u00e4ssyt syvent\u00e4m\u00e4\u00e4n tiet\u00e4myst\u00e4 syd\u00e4nsairauksista ja niiden leikkaushoidoista, ja havainnoimaan tarvittavia toimenpiteit\u00e4, joita potilaalle tulee tehd\u00e4 ja mit\u00e4 seuratan. <\/p>\n\n\n\n<p>Olen saanut toteuttaa l\u00e4\u00e4kehoitoa ja tilata potilaalle tutkimuksia. n\u00e4iss\u00e4 mielest\u00e4ni on olllut loistavaa, kun ohjaajani on kysellyt minulta l\u00e4\u00e4kityksist\u00e4 ja antanut minun kokeilla ensin, mit\u00e4 osaan niist\u00e4 sanoa ja mit\u00e4 mahdollisia kokeita potilaalle pit\u00e4si tilata. T\u00e4m\u00e4 auttaa hahmottamaan ja selkiyttamaan potilaan kokonaisvointia ja sit\u00e4, miksi mit\u00e4kin koetta tarvitaan ja mihin mik\u00e4kin arvo potilaalla voi vaikuttaa, kuten matala kalium, joka varsinkion syd\u00e4npotilailla on runsaan nestelastin ja nesteenpoistol\u00e4\u00e4kityksen vuoksi helposti liian matalalla ja voi vaikuttaa syd\u00e4nmen rytmiin. <\/p>\n\n\n\n<p>Ekan viikon lopulla p\u00e4\u00e4sin kotiuttamaan potilaita. Sain ohjeistuksen koituttamiseen ja sen j\u00e4lkeen toteutin itsen\u00e4isesti kahden potilaan kotiutuksen. Tulostin potilaalle mukaan kotihoito-ohjeet toimenpiteen mukaan ja ohjeistin ne potilaalle sanallisesti, p\u00e4ivitin ohjaajan valvomana heid\u00e4n kotil\u00e4\u00e4kelistan l\u00e4\u00e4k\u00e4rin m\u00e4\u00e4r\u00e4yksien mukaan ja poistin kanyylit. sitten tilasin toiselle kelataksi-kyydin ja selvittelin h\u00e4nelle sairaslomatodistuksen mukaan. Kaiken kaikkiaan tilanne meni minusta hyvin, potilaat olivat helposti ohjattavissa ja osasin selke\u00e4sti kertoa ja ohjeistaa heille kotihoito-ohjeet, sek\u00e4 vastailla heid\u00e4n esitt\u00e4miin kysymyksiin haavanhoidosta tai kotil\u00e4\u00e4kityksist\u00e4. Potilaat olivat tyytyv\u00e4si\u00e4 ja kiitollisia hoidosta ja ohjauksesta, ja sain lopuksi my\u00f6s ohjaajalta positiivista palautetta kotiutusohjauksestani. <\/p>\n\n\n\n<p>Toisella viikolla p\u00e4\u00e4sin osallistumaan potilaan toimenpiteeseen, jossa h\u00e4nelle tehtiin oikeaan jalkaan pallolaajennus. Se, ett\u00e4 p\u00e4\u00e4see n\u00e4kem\u00e4\u00e4n my\u00f6s potilaan toimenpidett\u00e4, auttoi hahmottamaan ja ymm\u00e4rt\u00e4m\u00e4\u00e4n toimenpiteen, siihen valmistautumisen ja j\u00e4lkihoidon kokonaiskuvaa, miksi n\u00e4in toimitaan miss\u00e4kin tilanteessa. <\/p>\n\n\n\n<p>Haastavia tai haasteellisia tilanteita ei oikeastaan ole onneksi tullut viel\u00e4 vastaan, mik\u00e4 olisi j\u00e4\u00e4nyt mietitytt\u00e4m\u00e4\u00e4n. Potilaan kohtaaminen ja hoitoty\u00f6 on entuudestaan tuttua ja luontevaa, samoin perushoito. Osastolla on kaikenkaikkiaan mukava henkil\u00f6kunta ja pystyn kysym\u00e4\u00e4n asioista helposti kenelt\u00e4 vaan, jos tarvitsen ohjausta tai neuvoa jossaikin asiassa.<\/p>\n","protected":false},"excerpt":{"rendered":"<p>Ensimm\u00e4isen ja toisen harkkaviikkoni aikana olen p\u00e4\u00e4ssyt tutustumaan osaston toimintaan ja osallistumaan potilaan kokonaisvaltaiseen hoitoon. Ensimm\u00e4isen\u00e4 p\u00e4iv\u00e4n\u00e4 olin ohjaajani mukana hakemassa teholta potilaita osastolle. K\u00e4vimme ohjaajan kanssa tavoitteitani l\u00e4pi ja kattavasti syd\u00e4nleikatun potilaan postoperatiivista hoidon toteutusta. Ohjaajan mukana olenkin p\u00e4\u00e4ssyt syvent\u00e4m\u00e4\u00e4n tiet\u00e4myst\u00e4 syd\u00e4nsairauksista ja niiden leikkaushoidoista, ja havainnoimaan tarvittavia toimenpiteit\u00e4, &#8230; <a class=\"continue-reading-link\" href=\"https:\/\/blogi.savonia.fi\/sairaanhoitajaksi2026\/perioperatiivisen-hoitotyon-harjoittelu\/viikkoreflektio-1\/\"> Continue reading<\/a><\/p>\n","protected":false},"author":10856,"featured_media":0,"parent":66,"menu_order":1,"comment_status":"open","ping_status":"closed","template":"","meta":{"footnotes":""},"class_list":["post-74","page","type-page","status-publish","hentry"],"_links":{"self":[{"href":"https:\/\/blogi.savonia.fi\/sairaanhoitajaksi2026\/wp-json\/wp\/v2\/pages\/74","targetHints":{"allow":["GET"]}}],"collection":[{"href":"https:\/\/blogi.savonia.fi\/sairaanhoitajaksi2026\/wp-json\/wp\/v2\/pages"}],"about":[{"href":"https:\/\/blogi.savonia.fi\/sairaanhoitajaksi2026\/wp-json\/wp\/v2\/types\/page"}],"author":[{"embeddable":true,"href":"https:\/\/blogi.savonia.fi\/sairaanhoitajaksi2026\/wp-json\/wp\/v2\/users\/10856"}],"replies":[{"embeddable":true,"href":"https:\/\/blogi.savonia.fi\/sairaanhoitajaksi2026\/wp-json\/wp\/v2\/comments?post=74"}],"version-history":[{"count":1,"href":"https:\/\/blogi.savonia.fi\/sairaanhoitajaksi2026\/wp-json\/wp\/v2\/pages\/74\/revisions"}],"predecessor-version":[{"id":75,"href":"https:\/\/blogi.savonia.fi\/sairaanhoitajaksi2026\/wp-json\/wp\/v2\/pages\/74\/revisions\/75"}],"up":[{"embeddable":true,"href":"https:\/\/blogi.savonia.fi\/sairaanhoitajaksi2026\/wp-json\/wp\/v2\/pages\/66"}],"wp:attachment":[{"href":"https:\/\/blogi.savonia.fi\/sairaanhoitajaksi2026\/wp-json\/wp\/v2\/media?parent=74"}],"curies":[{"name":"wp","href":"https:\/\/api.w.org\/{rel}","templated":true}]}}