{"id":76,"date":"2024-05-07T10:22:04","date_gmt":"2024-05-07T07:22:04","guid":{"rendered":"https:\/\/blogi.savonia.fi\/sairaanhoitajaksi2026\/?page_id=76"},"modified":"2024-05-07T10:56:48","modified_gmt":"2024-05-07T07:56:48","slug":"viikkoreflektio-2-valiarvio","status":"publish","type":"page","link":"https:\/\/blogi.savonia.fi\/sairaanhoitajaksi2026\/perioperatiivisen-hoitotyon-harjoittelu\/viikkoreflektio-2-valiarvio\/","title":{"rendered":"Viikkoreflektio 2\/ v\u00e4liarvio"},"content":{"rendered":"\n<p>Tarkastelin t\u00e4n\u00e4\u00e4n tavoitteitani ja kuinka hyvin olen p\u00e4\u00e4ssyt jo toteuttamaan niit\u00e4. <\/p>\n\n\n\n<p>Alle olen kopioinut kursivoituna ennen harjoittelua pohtimiani keinoja tavoitteisiin p\u00e4\u00e4semiseksi ja per\u00e4\u00e4n laitan reflektiota siit\u00e4, olenko saavuttanut jo tavoitteen ja kuinka olen siihen p\u00e4\u00e4tynyt.<\/p>\n\n\n\n<p>OPPIMISEN TAIDOT<\/p>\n\n\n\n<p><em>Potilaan hoidon kokonaisuuden opetteluun haluaisin mahdollisimman paljon p\u00e4\u00e4st\u00e4 hoitamaan potilaita kokonaisuutena, niin perushoidon, voinnin ja l\u00e4\u00e4kityksen osalta, jotta oppisin lis\u00e4\u00e4m\u00e4\u00e4n ja hahmottamaan asioiden merkityksi\u00e4 paremmin.\u00a0<\/em><strong>Olen p\u00e4ivitt\u00e4in ollut mukana potilasraportilla, jossa k\u00e4yd\u00e4\u00e4n oman alueen potilaiden tilanne l\u00e4pi. L\u00e4\u00e4kehoitoa olen p\u00e4\u00e4ssyt toteuttamaan melkein joka p\u00e4iv\u00e4. Olen tarkastanut potilaan l\u00e4\u00e4kkeit\u00e4 ja antanut niit\u00e4 potilaalle, niin p.o, s.c kuin i.v. N\u00e4iss\u00e4 olen onnistunut mielest\u00e4ni hyvin ja aseptisesti sek\u00e4 potilasturvallisesti. Mielest\u00e4ni potilaan tilanteen ja sairauksien kokonaiskuvan hahmottaminen l\u00e4\u00e4kityksen ja leikkauksen osalta ja niiden indikaatiosta alkaa sujumaan ja ohjaajan kanssa n\u00e4it\u00e4 olemme melkein jokaisen potilaan kohdalla k\u00e4yneet l\u00e4pi selke\u00e4sti.<\/strong> <\/p>\n\n\n\n<p><em>Haluaisin saada palautetta p\u00e4ivitt\u00e4in, vaikka ty\u00f6vuoron p\u00e4\u00e4tteeksi ty\u00f6skentelyst\u00e4ni, mutta my\u00f6s tilanteiden ja toimien aikana, varsinkin jos olen unohtanut jotain. My\u00f6s rakentavaa palautetta, sill\u00e4 vain sill\u00e4 tavoin voi oppia virheist\u00e4\u00e4n.\u00a0<\/em><strong>Olen saanut  p\u00e4ivitt\u00e4in palautetta ty\u00f6skentelyst\u00e4ni<\/strong> <strong>ja minulta on hyvin kyselty asioista, joihin olen itse joutunut l\u00f6yt\u00e4m\u00e4\u00e4n vastauksen ja olenkin yll\u00e4ttynyt miten hyvin alkaa jo muistamaan, miksi ja mihink\u00e4 vaikka mit\u00e4kin l\u00e4\u00e4kett\u00e4 potilaalla k\u00e4ytet\u00e4\u00e4n. Palaute on ollut kannustavaa ja minulle on hyvin neuvottu ja ohjeistettu, kuinka tilanteessa toimitaan ja olen p\u00e4\u00e4ssyt itse hyvin n\u00e4it\u00e4 harjoittelemaan.<\/strong><\/p>\n\n\n\n<p><em>Haluaisin perehty\u00e4 l\u00e4\u00e4kehoitoon, ja osallistua p\u00e4ivitt\u00e4in potilaiden l\u00e4\u00e4kehoitoon, ja tutustua mahdollisuuksien mukaan osaston farmaseutin ty\u00f6skentelyyn.\u00a0<\/em><strong>P\u00e4ivitt\u00e4in olen jollain tavalla osallitunut l\u00e4\u00e4kehoitoon, mutta farmaseutin mukana en ole viel\u00e4 kerennyt olemaan muuta kuin potilaan marevanhoidon ohjauksessa. Minulla oli osaston farmaseutin kanssa puhetta, ett\u00e4 menisin sinne joku p\u00e4iv\u00e4 viel\u00e4 harkan aikana.<\/strong><\/p>\n\n\n\n<p><em>Potilaan leikkauskelpoisuuden arviointiin haluaisin osallistua, jos sit\u00e4 harjoittelupaikassa tehd\u00e4\u00e4n ja p\u00e4\u00e4st\u00e4 ainakin kerran mukaan potilaan hoidossa pre,intra ja postoperatiiviseen vaiheeseen, jotta n\u00e4kisin kokonaiskuvan potilaan koko hoidosta.\u00a0<\/em><strong>Olen p\u00e4\u00e4ssyt mukaan potilaan toimenpiteeseen valmisteluun sek\u00e4 toimenpiteen j\u00e4lkeiseen hoitoon. Olen my\u00f6s kysellyt ohjaajalta ja ottanut selv\u00e4\u00e4, mit\u00e4 mik\u00e4kin toimenpide pit\u00e4\u00e4 sis\u00e4ll\u00e4\u00e4n ja lukenut toimintaohjeita eri operaatioista ja niihin valmistautumisesta. Potilaan tiedoista olen p\u00e4\u00e4ssyt katsomaan m\u00e4\u00e4r\u00e4ykset, mit\u00e4 potilaalle tehd\u00e4\u00e4n ennen toimenpiteeseen menoa. Olen p\u00e4\u00e4ssyt my\u00f6s mukaan seuraamaan yht\u00e4 toimenpidett\u00e4.<\/strong><\/p>\n\n\n\n<p>EETTISET TAIDOT&nbsp;<\/p>\n\n\n\n<p><em>Haastavien tilanteissa ty\u00f6skentely ja niiden l\u00e4pik\u00e4yminen harjoittelun aikana. Jos tilanteita tulee kohdalle, haluaisin p\u00e4\u00e4st\u00e4 mukaan tilanteen hoitamiseen ja\/tai sen k\u00e4sittelyyn ohjaajan kanssa ja saada perusteluja, miksi ja miten toimia tilanteissa.<\/em>\u00a0<strong>Sin\u00e4ns\u00e4 haastavia tilanteita ei ole viel\u00e4 ainakaan sattunut kohdalle, jossa olisin joutunut pohtimaan tai j\u00e4lkik\u00e4teen l\u00e4pik\u00e4ym\u00e4\u00e4n tilannetta. Perusteluja tilanteissa toimintaan, vaikka ei olisikaan haasteellinen olen kyll\u00e4 saanut ja kysynytkin ohjaajalta ja l\u00e4\u00e4k\u00e4rilt\u00e4 l\u00e4\u00e4k\u00e4rinkierrolla.<\/strong><\/p>\n\n\n\n<p>TY\u00d6YHTEIS\u00d6OSAAMINEN&nbsp;<\/p>\n\n\n\n<p><em>Aikataulutan ty\u00f6vuorot paremmin ja opettelen organisoimaan ja ennakoimaan tilanteita, joiden takia koen haastetta olla ajallaan. Toki t\u00e4t\u00e4 asiaa hankaloittaa p\u00e4iv\u00e4kodin aukeamisaika, ja miehen vuoroty\u00f6, mutta koetan paremmin aikatauluttaa n\u00e4m\u00e4 sopimaan ty\u00f6vuorojen kanssa. Harjoittelupaikan kanssa sopia sopivat ty\u00f6vuorot, joka mahdollistaa ja helpottaa aikatauluttamista ja harjoittelun yhteensovittamista perheen kanssa. \u00a0<\/em><strong>Ty\u00f6yhteis\u00f6ss\u00e4 toimiminen on mielest\u00e4ni mennyt hyvin. Olen saanut suurimmat haasteet aikataulutuksen suhteen suurin piirtein hallintaan ja saanut sovittua ty\u00f6vuoroista melko ongelmitta. <\/strong><\/p>\n\n\n\n<p>SOSIAALI- JA TERVEYDENHUOLLON TOIMINTAYMP\u00c4RIST\u00d6&nbsp;<\/p>\n\n\n\n<p><em>Tutustua harjoittelupaikassa erilaisiin toimintaymp\u00e4rist\u00f6ihin ja hoitopolkuihin, sek\u00e4 kysy\u00e4 ja hakea tietoa mit\u00e4 kaikkea on tarjolla, esimerkiksi osastosihteereilt\u00e4, heill\u00e4 on aika kattavaa tietoa n\u00e4iss\u00e4 asioissa.\u00a0<\/em><strong>Olen selvitellyt osaston ja potilaan hoitoon liittyvi\u00e4 erilaisia toimintaymp\u00e4rist\u00f6j\u00e4 ja mahdollisia hoitopolkuja harjoittelun aikana jo<\/strong>. <strong>Potilaan tilanteen salliessa, tai kun potilaalla ei ole en\u00e4\u00e4 akuuttia erikoissairaanhoidon tarvetta, mutta kotona p\u00e4rj\u00e4\u00e4minen ei viel\u00e4 onnistu tai potilaalla ei ole kotona tukihenkil\u00f6\u00e4 potilaalle haetaan UOMA-j\u00e4rjestelm\u00e4n avulla osastohoitopaikkaa hyvinvointialueen vuodeosastoilta, tai jos potilas on toisen hyvinvointialueen asiakas, voidaan h\u00e4nelle hakea paikkaa oman hyvinvointialueen piirist\u00e4. Potilaita tulee kirurgisiin toimenpiteisiin erilaisien hoitopolkujen kautta. Monet toimenpiteet on suunniteltuja ja potilas on tutkittu ja haastateltu ennen osastolle tuloa. T\u00e4\u00e4ll\u00e4 on ollut LEIKO-potilaita, mutta my\u00f6s p\u00e4ivystyksen kauttat tulleita akuuttivaivan vuoksi kirurgisen toimenpiteen k\u00e4yneit\u00e4.<\/strong><\/p>\n\n\n\n<p>KLIININEN OSAAMINEN&nbsp;<\/p>\n\n\n\n<p><em>K\u00e4yt\u00e4nn\u00f6n osaamisen lis\u00e4\u00e4minen osallistumalla potilaan hoitoon, kysym\u00e4ll\u00e4 ohjaajalta, jos jokin on ep\u00e4selv\u00e4\u00e4. Seuraamalla ammattilaisten toimintaa. Kliinisen osaamisen alueella koen voivan kehitty\u00e4 vain tekem\u00e4ll\u00e4, kysym\u00e4ll\u00e4 ja kokemalla itse. Siksi haluankin osallistua mahdollisimman paljon erilaisiin hoitotoimenpiteisiin, erityisesti potilaan toimenpiteeseen valmisteluun, haavanhoitoon, l\u00e4\u00e4kitykseen, nestetasapainoon, toimintakyvyn tukemiseen ja jos mahdollista, p\u00e4\u00e4st\u00e4 mukaan leikkaukseen katsomaan, miten siell\u00e4 asiat k\u00e4yt\u00e4nn\u00f6ss\u00e4 toimii. \u00a0<\/em><strong>Osaan ja tykk\u00e4\u00e4n kysell\u00e4 paljon ja olenkin saanut paljon lis\u00e4\u00e4 kliinist\u00e4 tietoa niin sairauksista kuin niiden hoidosta ohjaajiltani. Olen p\u00e4\u00e4ssyt hyvin tekem\u00e4\u00e4n itsekkin ja varmuus tekemiseen on parantunut. Olen p\u00e4\u00e4ssyt valmistelemaan potilasta, osallistumaan VAC-, ja muuhunkin haavanhoitoon, toteuttanut ja arvioinut potilaan nestetasapainoa ja l\u00e4\u00e4kehoitoa<\/strong><strong>. Leikkauksessa haluaisin viel\u00e4 p\u00e4\u00e4st\u00e4 k\u00e4ym\u00e4\u00e4n katsomassa jotakin toimenpidett\u00e4. <\/strong><\/p>\n\n\n\n<p><em>Haluaisin p\u00e4\u00e4st\u00e4 mahdollisimman paljon kertaamaan jo opittua, kuten mm. Kanyloimaan ja haavanhoitoihin osallistumaan, sek\u00e4 arviomaan hoidon onnistumista ja vastetta.\u00a0<\/em><strong>Kanylointia on tullut v\u00e4hemm\u00e4n, mutta olen p\u00e4\u00e4ssyt sit\u00e4kin kokeilemaan kerran. En siin\u00e4 vain onnistunut, mutta lohdutuksena voin sanoa, ett\u00e4 potilaalla oli haastavat suonet, joten sin\u00e4ns\u00e4 siit\u00e4 ei j\u00e4\u00e4nyt huonoa fiilist\u00e4, vaikka ei onnistunutkaan. Olen osallistunut my\u00f6s perushoitoon, perusmittausten ottoon, sek\u00e4 kuntoutukseen ja haavanhoitoon. Olen saanut hoitaa putkeen samoja potilaita osastolla, joten olen p\u00e4\u00e4ssyt jo jonkin verran arvioimaan my\u00f6s hoidon vastetta.<\/strong><\/p>\n\n\n\n<p><em>L\u00e4\u00e4ke- ja nestehoitoa haluan p\u00e4\u00e4st\u00e4 harjoittelemaan p\u00e4ivitt\u00e4in, jotta tulee varmuutta siihen.\u00a0<\/em><strong>T\u00e4t\u00e4 olenkin p\u00e4\u00e4ssyt toteuttamaan hyvin, ja siihen alkaakin tulemaan hyvin jo varmuutta ja tiet\u00e4myst\u00e4. Mutta aina on vara parantaa.<\/strong><\/p>\n\n\n\n<p>OHJAUS JA OPETUSOSAAMINEN&nbsp;<\/p>\n\n\n\n<p><em>Haluan p\u00e4\u00e4st\u00e4 haastattelemaan ja ohjaamaan potilasta tilanteessa, jossa p\u00e4\u00e4sisin hy\u00f6dynt\u00e4m\u00e4\u00e4n ja harjoittelemaan positiivisen keskustelun taitoja. Kotihoito ohjaukseen mukaan p\u00e4\u00e4seminen.\u00a0<\/em><strong>Olen jo p\u00e4\u00e4ssyt kotiuttamaan potilaita ja haastattelemaan heit\u00e4. Toki tilanteita, jossa positiivisen keskustelun taitoja olisi p\u00e4\u00e4ssyt kertaamaan tai harjoittelemaan ei oikeastaan ole tullut, tai sitten en vain ole tiedostanut sit\u00e4. Potilaan kohtaaminen ja keskustelu sin\u00e4ns\u00e4 muuten on mielest\u00e4ni helppoa ja luontevaa.<\/strong><\/p>\n\n\n\n<p>SOSIAALI- JA TERVEYSPALVELUIDEN LAATU JA TURVALLISUUS&nbsp;<\/p>\n\n\n\n<p><em>Haluan harjoittelun aikana perehty\u00e4 potilaan turvallisuuteen liittyviin seikkoihin, jotka ty\u00f6paikalla on otettava huomioon ja toteuttaa hoitoty\u00f6t\u00e4 potilasturvallisesti ja laadullisesti hyvin. Toimin ty\u00f6paikalla opiskelijan roolissa ja otan t\u00e4m\u00e4n huomioon ty\u00f6skentelyni aikana.\u00a0<\/em><strong>Aseptiikkaan olen kiinnitt\u00e4nyt kohdallani huomiota ja kun ty\u00f6skentelen. Potilasturvallisuuteen olen kiinnitt\u00e4nyt huomiota muistamalla laskea vuodetta ja tarkkailla potilaan vointia j edet\u00e4 voinnin mukaan. <\/strong><\/p>\n","protected":false},"excerpt":{"rendered":"<p>Tarkastelin t\u00e4n\u00e4\u00e4n tavoitteitani ja kuinka hyvin olen p\u00e4\u00e4ssyt jo toteuttamaan niit\u00e4. Alle olen kopioinut kursivoituna ennen harjoittelua pohtimiani keinoja tavoitteisiin p\u00e4\u00e4semiseksi ja per\u00e4\u00e4n laitan reflektiota siit\u00e4, olenko saavuttanut jo tavoitteen ja kuinka olen siihen p\u00e4\u00e4tynyt. OPPIMISEN TAIDOT Potilaan hoidon kokonaisuuden opetteluun haluaisin mahdollisimman paljon p\u00e4\u00e4st\u00e4 hoitamaan potilaita kokonaisuutena, niin perushoidon, &#8230; <a class=\"continue-reading-link\" href=\"https:\/\/blogi.savonia.fi\/sairaanhoitajaksi2026\/perioperatiivisen-hoitotyon-harjoittelu\/viikkoreflektio-2-valiarvio\/\"> Continue reading<\/a><\/p>\n","protected":false},"author":10856,"featured_media":0,"parent":66,"menu_order":2,"comment_status":"open","ping_status":"closed","template":"","meta":{"footnotes":""},"class_list":["post-76","page","type-page","status-publish","hentry"],"_links":{"self":[{"href":"https:\/\/blogi.savonia.fi\/sairaanhoitajaksi2026\/wp-json\/wp\/v2\/pages\/76","targetHints":{"allow":["GET"]}}],"collection":[{"href":"https:\/\/blogi.savonia.fi\/sairaanhoitajaksi2026\/wp-json\/wp\/v2\/pages"}],"about":[{"href":"https:\/\/blogi.savonia.fi\/sairaanhoitajaksi2026\/wp-json\/wp\/v2\/types\/page"}],"author":[{"embeddable":true,"href":"https:\/\/blogi.savonia.fi\/sairaanhoitajaksi2026\/wp-json\/wp\/v2\/users\/10856"}],"replies":[{"embeddable":true,"href":"https:\/\/blogi.savonia.fi\/sairaanhoitajaksi2026\/wp-json\/wp\/v2\/comments?post=76"}],"version-history":[{"count":2,"href":"https:\/\/blogi.savonia.fi\/sairaanhoitajaksi2026\/wp-json\/wp\/v2\/pages\/76\/revisions"}],"predecessor-version":[{"id":79,"href":"https:\/\/blogi.savonia.fi\/sairaanhoitajaksi2026\/wp-json\/wp\/v2\/pages\/76\/revisions\/79"}],"up":[{"embeddable":true,"href":"https:\/\/blogi.savonia.fi\/sairaanhoitajaksi2026\/wp-json\/wp\/v2\/pages\/66"}],"wp:attachment":[{"href":"https:\/\/blogi.savonia.fi\/sairaanhoitajaksi2026\/wp-json\/wp\/v2\/media?parent=76"}],"curies":[{"name":"wp","href":"https:\/\/api.w.org\/{rel}","templated":true}]}}