{"id":80,"date":"2024-05-13T13:04:40","date_gmt":"2024-05-13T10:04:40","guid":{"rendered":"https:\/\/blogi.savonia.fi\/sairaanhoitajaksi2026\/?page_id=80"},"modified":"2024-05-13T13:05:16","modified_gmt":"2024-05-13T10:05:16","slug":"viikkoreflektio-3","status":"publish","type":"page","link":"https:\/\/blogi.savonia.fi\/sairaanhoitajaksi2026\/perioperatiivisen-hoitotyon-harjoittelu\/viikkoreflektio-3\/","title":{"rendered":"Viikkoreflektio 3"},"content":{"rendered":"\n<p>Viimeviikolla olin perjantaip\u00e4iv\u00e4n polilla, mik\u00e4 oli mukava katsaus hieman erilaiseen toimintaan. Samana p\u00e4iv\u00e4n\u00e4 pidettiin v\u00e4liarvio, josta sainkin positiivista palautetta ja harkan eteneminen on mennyt suunnitellusti. Sovittiin ohjaajan ja opettajan kanssa, ett\u00e4 j\u00e4ljell\u00e4 olevan harkan aikana k\u00e4visin viel\u00e4 leikkaussalissa ja sopisimme ohjaajan kanssa joku vuoro minullekkin ns. omat potilaat, joiden hoidosta vastaisin ohjaaja tukena.<\/p>\n\n\n\n<p>Nyt nelj\u00e4nten\u00e4 harkkaviikkona p\u00e4\u00e4sinkin aloittamaan viikon mukavasti heti leikkaussali p\u00e4iv\u00e4ll\u00e4. Leikkaus alkoi jo aamusta, ja oli kaiken kaikkiaan monipuolinen ja iso operaatio, sill\u00e4 potilaalle tehtiin saman leikkauksen aikana useita eri toimenpiteit\u00e4. Leikkaus suoritettiin avosyd\u00e4n leikkauksena, ja potilas oli leikkauksen ajan perfuusio-laitteessa, joka huolehti veren kierron ja hapetuksen turvaamisesta, kun syd\u00e4nt\u00e4 operoitiin. P\u00e4\u00e4sin seuraamaan leikkausta l\u00e4helt\u00e4 ja vaikka leikkaus kestikin yli puolen p\u00e4iv\u00e4n, aika meni nopeasti, sill\u00e4 se oli mielenkiintoinen ja opin paljon toimenpiteen kulusta ja ihmisen rakenteesta. Teoriassa ymm\u00e4rr\u00e4n, kuinka ohitusleikkaukset ja l\u00e4pp\u00e4leikkauksia tehd\u00e4\u00e4n, mutta kun n\u00e4kee sen anatomisesti edess\u00e4, vaatii hieman aikaa hahmottaa, miss\u00e4 osissa ollaan menossa. <\/p>\n\n\n\n<p>Operaatio sujui hyvin ja toivonkin huomenna p\u00e4\u00e4sev\u00e4ni viel\u00e4 osallistumaan kyseisen potilaan hoitoon, kun h\u00e4n palautuu teho-osastolta.<\/p>\n","protected":false},"excerpt":{"rendered":"<p>Viimeviikolla olin perjantaip\u00e4iv\u00e4n polilla, mik\u00e4 oli mukava katsaus hieman erilaiseen toimintaan. Samana p\u00e4iv\u00e4n\u00e4 pidettiin v\u00e4liarvio, josta sainkin positiivista palautetta ja harkan eteneminen on mennyt suunnitellusti. Sovittiin ohjaajan ja opettajan kanssa, ett\u00e4 j\u00e4ljell\u00e4 olevan harkan aikana k\u00e4visin viel\u00e4 leikkaussalissa ja sopisimme ohjaajan kanssa joku vuoro minullekkin ns. omat potilaat, joiden hoidosta &#8230; <a class=\"continue-reading-link\" href=\"https:\/\/blogi.savonia.fi\/sairaanhoitajaksi2026\/perioperatiivisen-hoitotyon-harjoittelu\/viikkoreflektio-3\/\"> Continue reading<\/a><\/p>\n","protected":false},"author":10856,"featured_media":0,"parent":66,"menu_order":4,"comment_status":"open","ping_status":"closed","template":"","meta":{"footnotes":""},"class_list":["post-80","page","type-page","status-publish","hentry"],"_links":{"self":[{"href":"https:\/\/blogi.savonia.fi\/sairaanhoitajaksi2026\/wp-json\/wp\/v2\/pages\/80","targetHints":{"allow":["GET"]}}],"collection":[{"href":"https:\/\/blogi.savonia.fi\/sairaanhoitajaksi2026\/wp-json\/wp\/v2\/pages"}],"about":[{"href":"https:\/\/blogi.savonia.fi\/sairaanhoitajaksi2026\/wp-json\/wp\/v2\/types\/page"}],"author":[{"embeddable":true,"href":"https:\/\/blogi.savonia.fi\/sairaanhoitajaksi2026\/wp-json\/wp\/v2\/users\/10856"}],"replies":[{"embeddable":true,"href":"https:\/\/blogi.savonia.fi\/sairaanhoitajaksi2026\/wp-json\/wp\/v2\/comments?post=80"}],"version-history":[{"count":1,"href":"https:\/\/blogi.savonia.fi\/sairaanhoitajaksi2026\/wp-json\/wp\/v2\/pages\/80\/revisions"}],"predecessor-version":[{"id":81,"href":"https:\/\/blogi.savonia.fi\/sairaanhoitajaksi2026\/wp-json\/wp\/v2\/pages\/80\/revisions\/81"}],"up":[{"embeddable":true,"href":"https:\/\/blogi.savonia.fi\/sairaanhoitajaksi2026\/wp-json\/wp\/v2\/pages\/66"}],"wp:attachment":[{"href":"https:\/\/blogi.savonia.fi\/sairaanhoitajaksi2026\/wp-json\/wp\/v2\/media?parent=80"}],"curies":[{"name":"wp","href":"https:\/\/api.w.org\/{rel}","templated":true}]}}