{"id":83,"date":"2024-05-22T13:20:16","date_gmt":"2024-05-22T10:20:16","guid":{"rendered":"https:\/\/blogi.savonia.fi\/sairaanhoitajaksi2026\/?page_id=83"},"modified":"2024-05-22T13:20:16","modified_gmt":"2024-05-22T10:20:16","slug":"loppuarviointi","status":"publish","type":"page","link":"https:\/\/blogi.savonia.fi\/sairaanhoitajaksi2026\/perioperatiivisen-hoitotyon-harjoittelu\/loppuarviointi\/","title":{"rendered":"Loppuarviointi"},"content":{"rendered":"\n<p>OPPIMISEN TAIDOT<\/p>\n\n\n\n<p>Harjoittelun aikana olen edennyt tavoitteiden mukaan, sek\u00e4 saavuttanut ne ja tunnistan omat vahvuudet ja tarvittavat kehitt\u00e4misalueet. Olen mielest\u00e4ni aktiivisesti ottanut osaa hoitotilanteisiin ja uusiin asioihin, sek\u00e4 kysellyt ja hakenut tietoa, jos jokin asia ep\u00e4selv\u00e4\u00e4 ja osoittanut kiinnostusta oppia. Koenkin olevani motivoitunut oppimaan uutta ja t\u00e4m\u00e4n v\u00e4littyv\u00e4n my\u00f6s ohjaajilleni. Osaan vastaanottaa palautetta, saanut sit\u00e4 , ja olen sit\u00e4 my\u00f6s osannut pyyt\u00e4\u00e4. Toki sit\u00e4 voisi viel\u00e4 aktiivisemmin oppia pyyt\u00e4m\u00e4\u00e4n.<\/p>\n\n\n\n<p>EETTINEN OSAAMINEN JA AMMATILLISUUS<\/p>\n\n\n\n<p>Tied\u00e4n ja tunnistan  hoitoty\u00f6n arvot ja periaatteet ja ty\u00f6skentelen niiden mukaan. Otan toiminnassani huomioon potilaan yksil\u00f6llisesti ja kohtelen heit\u00e4 kunnioittavasti sek\u00e4 ammatillisesti sek\u00e4 eettisten arvojen mukaan.<\/p>\n\n\n\n<p>TY\u00d6YHTEIS\u00d6OSAAMINEN<\/p>\n\n\n\n<p>Blogia olen tasaisesti t\u00e4ytt\u00e4nyt ja sinne tarvittavat reflektoinnit yms. tehnyt. Noudatan ty\u00f6paikan ja yhteis\u00f6n s\u00e4\u00e4nt\u00f6j\u00e4 ja poissaoloista olen ilmoittanut niinkuin kuuluukin. Olen harjoittelun aikana seurannut moniammatillista toimintaa ja ollut mm. farmaseutin ja fysioterapeutinkin mukana. Tunnistan opiskelijan roolini ty\u00f6paikalla ja olen mielest\u00e4ni onnistunut pit\u00e4ytym\u00e4\u00e4n siin\u00e4 hyvin.<\/p>\n\n\n\n<p>SOSIAALI- JA TERVEYDENHUOLLON TOIMINTAYMP\u00c4RIST\u00d6<\/p>\n\n\n\n<p>Tunnistan potilaan hoitopolun vaiheet ja tied\u00e4n sairaanhoitajan roolin n\u00e4iss\u00e4 vaiheissa. Olen ollut mukana vastaanottamassa, valmistelussa, leikkauksessa, postoperatiivisessa ja kotiutusvaiheessa. Tunnistan elektiivisen ja p\u00e4ivystyspotilaan erot ja erilaisten leikkaussuunnitelmien eroja.<\/p>\n\n\n\n<p>KLIININEN OSAAMINEN <\/p>\n\n\n\n<p>Ohjaajan kanssa olen tulohaastatellut potilasta ja tehnyt tarvittavat mittaukset ja valmistelut. Intraoperatiivisesta vaiheesta tunnistin vaiheet ja ymm\u00e4rsin miksi ja miten asioita tehd\u00e4\u00e4n. Harjoittelujaksolla en itese p\u00e4\u00e4ssyt toteuttamaan intraoperatiivista hoitoty\u00f6t\u00e4, vaan olin seuraamassa leikkausta. Tunnistan kuitenkin perusinstrumentit ja niiden k\u00e4ytt\u00f6tarkoituksen ja steriiliyden ja aseptiikan merkityksen. Postoperatiivisen hoidon osalta olen p\u00e4\u00e4ssyt enenmm\u00e4n oppimaan. Osaan seurata ja arvioida mielest\u00e4ni potilaan vitaaliarvoja ja niiden merkityst\u00e4. Ty\u00f6skentelen aseptisesti. Tunnistan potilaan kipua ja osaan kysell\u00e4 ja kaytt\u00e4\u00e4 kipumittaria ja hy\u00f6dynt\u00e4\u00e4 sit\u00e4 ja arvioida mahdollista kivunlievityst\u00e4. Ohjaajan kanssa olemme k\u00e4yneet l\u00e4\u00e4kityksi\u00e4 ja komplikaatioriskej\u00e4 l\u00e4pi usein ja olen harjaantunut tunnistamaan keskeisi\u00e4 l\u00e4\u00e4kkeit\u00e4 ja niiden k\u00e4ytt\u00f6tarkoituksia sek\u00e4 tunnistamaan mahdollisia komplikaatioriskej\u00e4 potilaan tilanteen mukaan. <\/p>\n\n\n\n<p>N\u00c4YTT\u00d6\u00d6N PERUSTUVA TOIMINTA JA P\u00c4\u00c4T\u00d6KSENTEKO<\/p>\n\n\n\n<p>Olen tutustunut potilaan hoidossa k\u00e4ytett\u00e4viin ohjeistuksiin ja hoitosuosituksiin ja osaan ohjattuna niiden perusteella hy\u00f6dynt\u00e4\u00e4 niit\u00e4 ty\u00f6skentelyss\u00e4ni.<\/p>\n\n\n\n<p>OHJAUS JA OPETUOSAAMINEN<\/p>\n\n\n\n<p>Olen p\u00e4\u00e4ssyt ohjaamaan potilaita ja haastattelemaan heit\u00e4 tulovaiheessa. Osaan ohjeistaa potilaita mielest\u00e4ni hyvin ja selke\u00e4sti.<\/p>\n\n\n\n<p>SOSIAALI- JA TERVEYSPALVELUJEN LAATU JA TURVALLISUUS<\/p>\n\n\n\n<p>Osaan ohjattuna toteuttaa hoitoyksik\u00f6n hoitoty\u00f6n toimintoja, kuten l\u00e4\u00e4ke-ja nestehoitoa. L\u00e4\u00e4kelaskuissa ei ole ongelmaa. Osaan toimia potilasturvallisesti ja tunnista mahdolliset tilanteet joissa potilasturvallisuus voisi vaarantua, ja v\u00e4ltt\u00e4\u00e4 niit\u00e4. ABCDE-luonnistuu ja ymm\u00e4rr\u00e4n mielest\u00e4ni jo hyvin, mit\u00e4 merkityst\u00e4 n\u00e4ill\u00e4 on potilaan hoidon kannalta, ett\u00e4 raportoinnissa. Olen tehnyt kirjauksia potilaan hoidosta ja osaan havainnoida tarvittavia seikkoja, joilla on potilaan hoidon kannalta merkityst\u00e4. Ergonomiaan voisi enemm\u00e4n kiinnitt\u00e4\u00e4 huomiota, mutta muuten ty\u00f6turvallisuus tulee otettua huomioon. <\/p>\n","protected":false},"excerpt":{"rendered":"<p>OPPIMISEN TAIDOT Harjoittelun aikana olen edennyt tavoitteiden mukaan, sek\u00e4 saavuttanut ne ja tunnistan omat vahvuudet ja tarvittavat kehitt\u00e4misalueet. Olen mielest\u00e4ni aktiivisesti ottanut osaa hoitotilanteisiin ja uusiin asioihin, sek\u00e4 kysellyt ja hakenut tietoa, jos jokin asia ep\u00e4selv\u00e4\u00e4 ja osoittanut kiinnostusta oppia. Koenkin olevani motivoitunut oppimaan uutta ja t\u00e4m\u00e4n v\u00e4littyv\u00e4n my\u00f6s ohjaajilleni. &#8230; <a class=\"continue-reading-link\" href=\"https:\/\/blogi.savonia.fi\/sairaanhoitajaksi2026\/perioperatiivisen-hoitotyon-harjoittelu\/loppuarviointi\/\"> Continue reading<\/a><\/p>\n","protected":false},"author":10856,"featured_media":0,"parent":66,"menu_order":0,"comment_status":"open","ping_status":"closed","template":"","meta":{"footnotes":""},"class_list":["post-83","page","type-page","status-publish","hentry"],"_links":{"self":[{"href":"https:\/\/blogi.savonia.fi\/sairaanhoitajaksi2026\/wp-json\/wp\/v2\/pages\/83","targetHints":{"allow":["GET"]}}],"collection":[{"href":"https:\/\/blogi.savonia.fi\/sairaanhoitajaksi2026\/wp-json\/wp\/v2\/pages"}],"about":[{"href":"https:\/\/blogi.savonia.fi\/sairaanhoitajaksi2026\/wp-json\/wp\/v2\/types\/page"}],"author":[{"embeddable":true,"href":"https:\/\/blogi.savonia.fi\/sairaanhoitajaksi2026\/wp-json\/wp\/v2\/users\/10856"}],"replies":[{"embeddable":true,"href":"https:\/\/blogi.savonia.fi\/sairaanhoitajaksi2026\/wp-json\/wp\/v2\/comments?post=83"}],"version-history":[{"count":1,"href":"https:\/\/blogi.savonia.fi\/sairaanhoitajaksi2026\/wp-json\/wp\/v2\/pages\/83\/revisions"}],"predecessor-version":[{"id":84,"href":"https:\/\/blogi.savonia.fi\/sairaanhoitajaksi2026\/wp-json\/wp\/v2\/pages\/83\/revisions\/84"}],"up":[{"embeddable":true,"href":"https:\/\/blogi.savonia.fi\/sairaanhoitajaksi2026\/wp-json\/wp\/v2\/pages\/66"}],"wp:attachment":[{"href":"https:\/\/blogi.savonia.fi\/sairaanhoitajaksi2026\/wp-json\/wp\/v2\/media?parent=83"}],"curies":[{"name":"wp","href":"https:\/\/api.w.org\/{rel}","templated":true}]}}