{"id":86,"date":"2024-09-30T12:11:46","date_gmt":"2024-09-30T09:11:46","guid":{"rendered":"https:\/\/blogi.savonia.fi\/sairaanhoitajaksi2026\/?page_id=86"},"modified":"2024-11-12T12:52:36","modified_gmt":"2024-11-12T10:52:36","slug":"mielenterveys-ja-paihdetyon-harjoittelu","status":"publish","type":"page","link":"https:\/\/blogi.savonia.fi\/sairaanhoitajaksi2026\/mielenterveys-ja-paihdetyon-harjoittelu\/","title":{"rendered":"Mielenterveys ja p\u00e4ihdety\u00f6n harjoittelu"},"content":{"rendered":"\n<p>Harjoittelujakso KYS-Lainesairaalassa nuorisopsykiatrian osasto, moduuli G<\/p>\n\n\n\n<p>14.10-17.11.2024<\/p>\n\n\n\n<p>OSAAMISTAVOITTEET:<\/p>\n\n\n\n<ul class=\"wp-block-list\">\n<li>Osaa ty\u00f6skennell\u00e4 ammattieettisten periaatteiden mukaisesti ja analysoida asenteiden ja tunteiden merkityst\u00e4 mielenterveys- ja p\u00e4ihdety\u00f6ss\u00e4 <\/li>\n\n\n\n<li>Osaa arvioida ja kehitt\u00e4\u00e4 mielenterveys- ja p\u00e4ihdety\u00f6n osaamistaan<\/li>\n\n\n\n<li>Osaa ty\u00f6skennell\u00e4 ammattieettisten periaatteiden mukaisesti ja analysoida asenteiden ja tunteiden merkityst\u00e4 mielenterveys- ja p\u00e4ihdety\u00f6ss\u00e4<\/li>\n\n\n\n<li>Osaa arvioida ja kehitt\u00e4\u00e4 mielenterveys- ja p\u00e4ihdety\u00f6n osaamistaan<\/li>\n\n\n\n<li>Osaa toimia moniammatillisen ty\u00f6ryhm\u00e4n j\u00e4senen\u00e4 ja kuvata harjoitteluyksik\u00f6n keskeiset yhteisty\u00f6kumppanit <\/li>\n\n\n\n<li>Osaa selitt\u00e4\u00e4 potilaan hoitopolun ja palveluj\u00e4rjestelm\u00e4n sek\u00e4 sen toiminnan<\/li>\n\n\n\n<li>Osaa hy\u00f6dynt\u00e4\u00e4 ty\u00f6skentelyss\u00e4\u00e4n mielenterveys- ja p\u00e4ihdety\u00f6h\u00f6n liittyv\u00e4\u00e4 n\u00e4ytt\u00f6\u00f6n perustuvaa ja kokemuksellista tietoa \u00a0<\/li>\n\n\n\n<li>Osaa tehd\u00e4 p\u00e4\u00e4t\u00f6ksi\u00e4 mielenterveys- ja p\u00e4ihdehoitoty\u00f6n prosessin eri vaiheissa \u00a0<\/li>\n\n\n\n<li>Osaa kohdata ammatillisesti eri kulttuuritaustaisia ihmisi\u00e4<\/li>\n\n\n\n<li>Osaa k\u00e4ytt\u00e4\u00e4 turvallisesti keskeisi\u00e4 mielenterveys- ja p\u00e4ihdety\u00f6n auttamismenetelmi\u00e4<\/li>\n\n\n\n<li>Osaa toteuttaa turvallisesti mielenterveys- ja p\u00e4ihdehoitoty\u00f6n l\u00e4\u00e4kehoitoa<\/li>\n<\/ul>\n\n\n\n<p><br><\/p>\n","protected":false},"excerpt":{"rendered":"<p>Harjoittelujakso KYS-Lainesairaalassa nuorisopsykiatrian osasto, moduuli G 14.10-17.11.2024 OSAAMISTAVOITTEET: <a class=\"continue-reading-link\" href=\"https:\/\/blogi.savonia.fi\/sairaanhoitajaksi2026\/mielenterveys-ja-paihdetyon-harjoittelu\/\"> Continue reading<\/a><\/p>\n","protected":false},"author":10856,"featured_media":0,"parent":0,"menu_order":4,"comment_status":"open","ping_status":"closed","template":"","meta":{"footnotes":""},"class_list":["post-86","page","type-page","status-publish","hentry"],"_links":{"self":[{"href":"https:\/\/blogi.savonia.fi\/sairaanhoitajaksi2026\/wp-json\/wp\/v2\/pages\/86","targetHints":{"allow":["GET"]}}],"collection":[{"href":"https:\/\/blogi.savonia.fi\/sairaanhoitajaksi2026\/wp-json\/wp\/v2\/pages"}],"about":[{"href":"https:\/\/blogi.savonia.fi\/sairaanhoitajaksi2026\/wp-json\/wp\/v2\/types\/page"}],"author":[{"embeddable":true,"href":"https:\/\/blogi.savonia.fi\/sairaanhoitajaksi2026\/wp-json\/wp\/v2\/users\/10856"}],"replies":[{"embeddable":true,"href":"https:\/\/blogi.savonia.fi\/sairaanhoitajaksi2026\/wp-json\/wp\/v2\/comments?post=86"}],"version-history":[{"count":4,"href":"https:\/\/blogi.savonia.fi\/sairaanhoitajaksi2026\/wp-json\/wp\/v2\/pages\/86\/revisions"}],"predecessor-version":[{"id":107,"href":"https:\/\/blogi.savonia.fi\/sairaanhoitajaksi2026\/wp-json\/wp\/v2\/pages\/86\/revisions\/107"}],"wp:attachment":[{"href":"https:\/\/blogi.savonia.fi\/sairaanhoitajaksi2026\/wp-json\/wp\/v2\/media?parent=86"}],"curies":[{"name":"wp","href":"https:\/\/api.w.org\/{rel}","templated":true}]}}