{"id":91,"date":"2024-10-21T18:15:08","date_gmt":"2024-10-21T15:15:08","guid":{"rendered":"https:\/\/blogi.savonia.fi\/sairaanhoitajaksi2026\/?page_id=91"},"modified":"2024-10-21T18:15:08","modified_gmt":"2024-10-21T15:15:08","slug":"viikkoreflektio-1","status":"publish","type":"page","link":"https:\/\/blogi.savonia.fi\/sairaanhoitajaksi2026\/mielenterveys-ja-paihdetyon-harjoittelu\/viikkoreflektio-1\/","title":{"rendered":"Viikkoreflektio 1."},"content":{"rendered":"\n<p>Ensimm\u00e4inen harjoittelu viikko meni melkein kokonaan sairastellessa, joten hirve\u00e4sti kosketuspintaa tai oppimiskokemuksia en kerennyt saamaan. Tutustuin osastoon ja osittain p\u00e4iv\u00e4ohjelmaan, sek\u00e4 raporttihetkiin. <\/p>\n\n\n\n<p>Oman ajatusmaailman ja toimintamallin hakemista viel\u00e4, tottua ns. kiireett\u00f6myyteen ja tarkkailuun, ja mit\u00e4 kuuluisi tarkkailla. Potilaan hoitoon osallistumisen kannalta kokisin helpommaksi, jos p\u00e4\u00e4sisi alusta saakka, eli siit\u00e4 kun potilas saapuu, niin osallistumaan ja jututtamaan, jolloin oltaisiin ns. molemmat vieraita toisillemme ja olisi alusta saakka hahmottunut tavoitteet jaksolle ja se mit\u00e4 tarkkailla.<\/p>\n\n\n\n<p>Uskon, ett\u00e4 t\u00e4m\u00e4n tulevan viikon aikana alkaa paremmin jo hahmottumaan toiminta ja selkiytym\u00e4\u00e4n, jolloin on helpompi alkaa toteuttamaan itselle asettamiani tavoitteita harjottelulle.<\/p>\n","protected":false},"excerpt":{"rendered":"<p>Ensimm\u00e4inen harjoittelu viikko meni melkein kokonaan sairastellessa, joten hirve\u00e4sti kosketuspintaa tai oppimiskokemuksia en kerennyt saamaan. Tutustuin osastoon ja osittain p\u00e4iv\u00e4ohjelmaan, sek\u00e4 raporttihetkiin. Oman ajatusmaailman ja toimintamallin hakemista viel\u00e4, tottua ns. kiireett\u00f6myyteen ja tarkkailuun, ja mit\u00e4 kuuluisi tarkkailla. Potilaan hoitoon osallistumisen kannalta kokisin helpommaksi, jos p\u00e4\u00e4sisi alusta saakka, eli siit\u00e4 kun &#8230; <a class=\"continue-reading-link\" href=\"https:\/\/blogi.savonia.fi\/sairaanhoitajaksi2026\/mielenterveys-ja-paihdetyon-harjoittelu\/viikkoreflektio-1\/\"> Continue reading<\/a><\/p>\n","protected":false},"author":10856,"featured_media":0,"parent":86,"menu_order":2,"comment_status":"open","ping_status":"closed","template":"","meta":{"footnotes":""},"class_list":["post-91","page","type-page","status-publish","hentry"],"_links":{"self":[{"href":"https:\/\/blogi.savonia.fi\/sairaanhoitajaksi2026\/wp-json\/wp\/v2\/pages\/91","targetHints":{"allow":["GET"]}}],"collection":[{"href":"https:\/\/blogi.savonia.fi\/sairaanhoitajaksi2026\/wp-json\/wp\/v2\/pages"}],"about":[{"href":"https:\/\/blogi.savonia.fi\/sairaanhoitajaksi2026\/wp-json\/wp\/v2\/types\/page"}],"author":[{"embeddable":true,"href":"https:\/\/blogi.savonia.fi\/sairaanhoitajaksi2026\/wp-json\/wp\/v2\/users\/10856"}],"replies":[{"embeddable":true,"href":"https:\/\/blogi.savonia.fi\/sairaanhoitajaksi2026\/wp-json\/wp\/v2\/comments?post=91"}],"version-history":[{"count":1,"href":"https:\/\/blogi.savonia.fi\/sairaanhoitajaksi2026\/wp-json\/wp\/v2\/pages\/91\/revisions"}],"predecessor-version":[{"id":92,"href":"https:\/\/blogi.savonia.fi\/sairaanhoitajaksi2026\/wp-json\/wp\/v2\/pages\/91\/revisions\/92"}],"up":[{"embeddable":true,"href":"https:\/\/blogi.savonia.fi\/sairaanhoitajaksi2026\/wp-json\/wp\/v2\/pages\/86"}],"wp:attachment":[{"href":"https:\/\/blogi.savonia.fi\/sairaanhoitajaksi2026\/wp-json\/wp\/v2\/media?parent=91"}],"curies":[{"name":"wp","href":"https:\/\/api.w.org\/{rel}","templated":true}]}}