{"id":1391,"date":"2025-08-31T12:16:44","date_gmt":"2025-08-31T09:16:44","guid":{"rendered":"https:\/\/blogi.savonia.fi\/sairaanhyvaksihoitajaksi\/?page_id=1391"},"modified":"2025-08-31T12:58:23","modified_gmt":"2025-08-31T09:58:23","slug":"kotihoito-ja-gerontologinen-hoitotyo","status":"publish","type":"page","link":"https:\/\/blogi.savonia.fi\/sairaanhyvaksihoitajaksi\/harjoittelut\/kotihoito-ja-gerontologinen-hoitotyo\/","title":{"rendered":"KOTIHOITO JA GERONTOLOGINEN HOITOTY\u00d6"},"content":{"rendered":"\n<h3 class=\"wp-block-heading\"><strong>Osaamistavoitteet<\/strong><\/h3>\n\n\n\n<p>Opintojakson suoritettuaan opiskelija osaa<\/p>\n\n\n\n<p><br>-soveltaa voimavaral\u00e4ht\u00f6isesti ja terveytt\u00e4 edist\u00e4en n\u00e4ytt\u00f6\u00f6n perustuvaa gerontologisen hoitoty\u00f6n ja kotihoidon osaamista asiakkaan kotona ja kodinomaisissa ymp\u00e4rist\u00f6iss\u00e4<br>-huomioida ik\u00e4ihmisten moninaisuuden, monikulttuurisuuden sek\u00e4 el\u00e4m\u00e4nhistorian merkityksen hoidossa ja ohjauksessa<br>-toimia eettisten periaatteiden mukaisesti<br>-verkostoitua ja ohjata ik\u00e4ihmist\u00e4 ja h\u00e4nen l\u00e4heisi\u00e4\u00e4n k\u00e4ytt\u00e4m\u00e4\u00e4n tarkoituksenmukaisia, my\u00f6s digitaalisia, sosiaali- ja terveydenhuollon sek\u00e4 kolmannen sektorin palveluita<br>-soveltaa kuntoutumista edist\u00e4v\u00e4n hoitoty\u00f6n tietoja ja taitoja asiakkaan vastuuhoitajana<br>-selitt\u00e4\u00e4 moniammatillisen ty\u00f6skentelyn merkityksen asiakkaan toimintakyvyn ja terveyden edist\u00e4misess\u00e4<br>-selitt\u00e4\u00e4 sairaanhoitajan vastuut ja velvollisuudet l\u00e4\u00e4kehoidon toteutuksessa ja arvioinnissa<br>-arvioida l\u00e4\u00e4kehoidon vaikuttavuutta, l\u00e4\u00e4kkeiden haitta-, sivu- ja yhteisvaikutuksia sek\u00e4 tunnistaa keskeisimpi\u00e4 riskil\u00e4\u00e4kkeit\u00e4<br>-dokumentoida oleelliset asiat ja k\u00e4sitell\u00e4 terveyskertomuksia tietosuojan sek\u00e4 tietoturvan ohjeiden mukaisesti<br>-toimia aseptisesti ja ty\u00f6skennell\u00e4 ergonomisesti eri toimintaymp\u00e4rist\u00f6iss\u00e4<br>-soveltaa ja kehitt\u00e4\u00e4 gerontologian osaamista erilaisissa toimintaymp\u00e4rist\u00f6iss\u00e4<br>-ohjata ja hy\u00f6dynt\u00e4\u00e4 hyvinvointiteknologiaa erilasissa toimintaymp\u00e4rist\u00f6iss\u00e4<br>-ohjata ja tukea omaisten hoitoon osallistumista asiakkaan n\u00e4kemyksi\u00e4 ja voimavaroja kunnioittaen &#8211;toteuttaa hoitoty\u00f6t\u00e4 i\u00e4kk\u00e4\u00e4n itsem\u00e4\u00e4r\u00e4\u00e4misoikeutta ja omatoimisuutta tukien eri toimintaymp\u00e4rist\u00f6iss\u00e4<br>-reflektoida omaa oppimistaan ja osaamistaan<\/p>\n\n\n\n<h3 class=\"wp-block-heading\">Sis\u00e4lt\u00f6<\/h3>\n\n\n\n<p>Harjoittelu erilaisissa toimintaymp\u00e4rist\u00f6iss\u00e4 (esimerkiksi kotihoito\/kotisairaanhoito) Henkil\u00f6kohtainen oppimisymp\u00e4rist\u00f6.<\/p>\n","protected":false},"excerpt":{"rendered":"<p>Osaamistavoitteet Opintojakson suoritettuaan opiskelija osaa -soveltaa voimavaral\u00e4ht\u00f6isesti ja terveytt\u00e4 edist\u00e4en n\u00e4ytt\u00f6\u00f6n perustuvaa gerontologisen hoitoty\u00f6n ja kotihoidon osaamista asiakkaan kotona ja kodinomaisissa ymp\u00e4rist\u00f6iss\u00e4-huomioida ik\u00e4ihmisten moninaisuuden, monikulttuurisuuden sek\u00e4 el\u00e4m\u00e4nhistorian merkityksen hoidossa ja ohjauksessa-toimia eettisten periaatteiden mukaisesti-verkostoitua ja ohjata ik\u00e4ihmist\u00e4 ja h\u00e4nen l\u00e4heisi\u00e4\u00e4n k\u00e4ytt\u00e4m\u00e4\u00e4n tarkoituksenmukaisia, my\u00f6s digitaalisia, sosiaali- ja terveydenhuollon sek\u00e4 kolmannen sektorin palveluita-soveltaa kuntoutumista edist\u00e4v\u00e4n hoitoty\u00f6n tietoja &hellip; <\/p>\n<p class=\"link-more\"><a href=\"https:\/\/blogi.savonia.fi\/sairaanhyvaksihoitajaksi\/harjoittelut\/kotihoito-ja-gerontologinen-hoitotyo\/\" class=\"more-link\">Jatka lukemista<span class=\"screen-reader-text\"> &#8221;KOTIHOITO JA GERONTOLOGINEN HOITOTY\u00d6&#8221;<\/span><\/a><\/p>\n","protected":false},"author":9690,"featured_media":0,"parent":170,"menu_order":6,"comment_status":"open","ping_status":"closed","template":"","meta":{"footnotes":""},"class_list":["post-1391","page","type-page","status-publish","hentry"],"_links":{"self":[{"href":"https:\/\/blogi.savonia.fi\/sairaanhyvaksihoitajaksi\/wp-json\/wp\/v2\/pages\/1391","targetHints":{"allow":["GET"]}}],"collection":[{"href":"https:\/\/blogi.savonia.fi\/sairaanhyvaksihoitajaksi\/wp-json\/wp\/v2\/pages"}],"about":[{"href":"https:\/\/blogi.savonia.fi\/sairaanhyvaksihoitajaksi\/wp-json\/wp\/v2\/types\/page"}],"author":[{"embeddable":true,"href":"https:\/\/blogi.savonia.fi\/sairaanhyvaksihoitajaksi\/wp-json\/wp\/v2\/users\/9690"}],"replies":[{"embeddable":true,"href":"https:\/\/blogi.savonia.fi\/sairaanhyvaksihoitajaksi\/wp-json\/wp\/v2\/comments?post=1391"}],"version-history":[{"count":3,"href":"https:\/\/blogi.savonia.fi\/sairaanhyvaksihoitajaksi\/wp-json\/wp\/v2\/pages\/1391\/revisions"}],"predecessor-version":[{"id":1409,"href":"https:\/\/blogi.savonia.fi\/sairaanhyvaksihoitajaksi\/wp-json\/wp\/v2\/pages\/1391\/revisions\/1409"}],"up":[{"embeddable":true,"href":"https:\/\/blogi.savonia.fi\/sairaanhyvaksihoitajaksi\/wp-json\/wp\/v2\/pages\/170"}],"wp:attachment":[{"href":"https:\/\/blogi.savonia.fi\/sairaanhyvaksihoitajaksi\/wp-json\/wp\/v2\/media?parent=1391"}],"curies":[{"name":"wp","href":"https:\/\/api.w.org\/{rel}","templated":true}]}}