{"id":1600,"date":"2026-03-10T15:11:53","date_gmt":"2026-03-10T13:11:53","guid":{"rendered":"https:\/\/blogi.savonia.fi\/sairaanhyvaksihoitajaksi\/?page_id=1600"},"modified":"2026-03-24T11:54:17","modified_gmt":"2026-03-24T09:54:17","slug":"sairaanhoitajan-osaamisen-taydentaminen","status":"publish","type":"page","link":"https:\/\/blogi.savonia.fi\/sairaanhyvaksihoitajaksi\/harjoittelut\/sairaanhoitajan-osaamisen-taydentaminen\/","title":{"rendered":"SAIRAANHOITAJAN OSAAMISEN T\u00c4YDENT\u00c4MINEN"},"content":{"rendered":"\n<h3 class=\"wp-block-heading\"><strong>Osaamistavoitteet<\/strong><\/h3>\n\n\n\n<p>Opintojakson suoritettuaan opiskelija osaa:<\/p>\n\n\n\n<ul class=\"wp-block-list\">\n<li>soveltaa eettisi\u00e4 ohjeita ja lains\u00e4\u00e4d\u00e4nt\u00f6\u00e4 toimiessaan erilaisissa hoitoty\u00f6n tilanteissa ja toimintaymp\u00e4rist\u00f6iss\u00e4<\/li>\n\n\n\n<li> ty\u00f6skennell\u00e4 potilasturvallisuutta edist\u00e4en potilaan hoitoprosessin kaikissa vaiheissa<\/li>\n\n\n\n<li> k\u00e4ytt\u00e4\u00e4 s\u00e4hk\u00f6isi\u00e4 terveydenhuollon palveluja osana potilaan kokonaishoitoa<\/li>\n\n\n\n<li>ty\u00f6skennell\u00e4 asiakasl\u00e4ht\u00f6isesti huomioiden potilaan voimavarat ja tarpeet hoito- ja ohjaustilanteissa sek\u00e4 toimia potilaan ja hoitoty\u00f6n edustajana erilaisissa ty\u00f6ryhmiss\u00e4<\/li>\n\n\n\n<li> tavanomaiset l\u00e4\u00e4kkeiden antotavat, l\u00e4\u00e4kehoidon ohjauksen ja osaa arvioida potilaan hoidossa k\u00e4ytett\u00e4vien l\u00e4\u00e4kkeiden vaikuttavuutta sek\u00e4 l\u00e4\u00e4kkeiden haitta-, sivu- ja yhteisvaikutuksia ja arvioida l\u00e4\u00e4kehoidon kokonaisuutta<\/li>\n\n\n\n<li> k\u00e4ytt\u00e4\u00e4 potilastietoj\u00e4rjestelm\u00e4\u00e4 ja dokumentoida asianmukaisesti sovittujen ohjeiden mukaisesti<\/li>\n\n\n\n<li>tehd\u00e4 hoitoty\u00f6n p\u00e4\u00e4t\u00f6ksi\u00e4 ja perustella ratkaisunsa luotettavalla n\u00e4ytt\u00f6\u00f6n perustuvalla tiedolla<\/li>\n\n\n\n<li>ty\u00f6skennell\u00e4 oman ammattiroolinsa mukaisesti monialaisessa ty\u00f6ryhm\u00e4ss\u00e4<\/li>\n\n\n\n<li>arvioida ammatillista osaamistaan ja vastaanottaa kehitt\u00e4v\u00e4\u00e4 palautetta<\/li>\n\n\n\n<li>sek\u00e4 tiet\u00e4\u00e4 varautumissuunnitelmat terveydenhuollon erityistilanteisiin ja poikkeusoloihin Suomessa<\/li>\n<\/ul>\n\n\n\n<h3 class=\"wp-block-heading\">Sis\u00e4lt\u00f6<\/h3>\n\n\n\n<p>Potilasturvallinen hoitoty\u00f6, s\u00e4hk\u00f6iset palvelut, l\u00e4\u00e4kehoito, poikkeusolojen terveydenhuolto, varautumissuunnitelmat. Oman osaamisen reflektointi ja kehitt\u00e4v\u00e4 palaute. YleSH (180 op.) koe (teoria-ja l\u00e4\u00e4kelaskukoe).<\/p>\n","protected":false},"excerpt":{"rendered":"<p>Osaamistavoitteet Opintojakson suoritettuaan opiskelija osaa: Sis\u00e4lt\u00f6 Potilasturvallinen hoitoty\u00f6, s\u00e4hk\u00f6iset palvelut, l\u00e4\u00e4kehoito, poikkeusolojen terveydenhuolto, varautumissuunnitelmat. Oman osaamisen reflektointi ja kehitt\u00e4v\u00e4 palaute. YleSH (180 op.) koe (teoria-ja l\u00e4\u00e4kelaskukoe).<\/p>\n","protected":false},"author":9690,"featured_media":0,"parent":170,"menu_order":0,"comment_status":"open","ping_status":"closed","template":"","meta":{"footnotes":""},"class_list":["post-1600","page","type-page","status-publish","hentry"],"_links":{"self":[{"href":"https:\/\/blogi.savonia.fi\/sairaanhyvaksihoitajaksi\/wp-json\/wp\/v2\/pages\/1600","targetHints":{"allow":["GET"]}}],"collection":[{"href":"https:\/\/blogi.savonia.fi\/sairaanhyvaksihoitajaksi\/wp-json\/wp\/v2\/pages"}],"about":[{"href":"https:\/\/blogi.savonia.fi\/sairaanhyvaksihoitajaksi\/wp-json\/wp\/v2\/types\/page"}],"author":[{"embeddable":true,"href":"https:\/\/blogi.savonia.fi\/sairaanhyvaksihoitajaksi\/wp-json\/wp\/v2\/users\/9690"}],"replies":[{"embeddable":true,"href":"https:\/\/blogi.savonia.fi\/sairaanhyvaksihoitajaksi\/wp-json\/wp\/v2\/comments?post=1600"}],"version-history":[{"count":2,"href":"https:\/\/blogi.savonia.fi\/sairaanhyvaksihoitajaksi\/wp-json\/wp\/v2\/pages\/1600\/revisions"}],"predecessor-version":[{"id":1604,"href":"https:\/\/blogi.savonia.fi\/sairaanhyvaksihoitajaksi\/wp-json\/wp\/v2\/pages\/1600\/revisions\/1604"}],"up":[{"embeddable":true,"href":"https:\/\/blogi.savonia.fi\/sairaanhyvaksihoitajaksi\/wp-json\/wp\/v2\/pages\/170"}],"wp:attachment":[{"href":"https:\/\/blogi.savonia.fi\/sairaanhyvaksihoitajaksi\/wp-json\/wp\/v2\/media?parent=1600"}],"curies":[{"name":"wp","href":"https:\/\/api.w.org\/{rel}","templated":true}]}}