{"id":834,"date":"2024-02-23T13:30:56","date_gmt":"2024-02-23T11:30:56","guid":{"rendered":"https:\/\/blogi.savonia.fi\/sairaanhyvaksihoitajaksi\/?page_id=834"},"modified":"2024-02-23T13:32:31","modified_gmt":"2024-02-23T11:32:31","slug":"lasten-ja-nuorten-hoitotyo","status":"publish","type":"page","link":"https:\/\/blogi.savonia.fi\/sairaanhyvaksihoitajaksi\/harjoittelut\/lasten-ja-nuorten-hoitotyo\/","title":{"rendered":"LASTEN, NUORTEN JA PERHEIDEN HOITOTY\u00d6"},"content":{"rendered":"\n<h4 class=\"wp-block-heading\">Osaamistavoitteet<\/h4>\n\n\n\n<p>Opintojakson suoritettuaan opiskelija osaa<br>-soveltaa lasten oikeuksia, lasten ja nuorten hoitoty\u00f6h\u00f6n liittyvi\u00e4 eettisi\u00e4 ohjeita ja lains\u00e4\u00e4d\u00e4nt\u00f6\u00e4<br>-ty\u00f6skennell\u00e4 ottaen huomioon lapsil\u00e4ht\u00f6isyyden ja kulttuurisuuden hoitoty\u00f6ss\u00e4<br>-soveltaa n\u00e4ytt\u00f6\u00f6n perustuvaa tietoa lasten ja nuorten kasvusta ja kehityksest\u00e4, niihin vaikuttavista tekij\u00f6ist\u00e4, perhehoitoty\u00f6st\u00e4 ja lasten sairauksista<br>-analysoida lasten ja nuorten terveysongelmia ja -uhkia sek\u00e4 suunnitella lapsen ja nuoren hoitoa hoitoty\u00f6n prosessin mukaisesti<br>-toteuttaa lasten ja nuorten hoitoty\u00f6t\u00e4 ja ohjata lasta\/nuorta ja perhett\u00e4<br>-lasten l\u00e4\u00e4ke- ja nestehoidossa tarvittavat laskutoimitukset sek\u00e4 osaa ohjattuna annostella ja toteuttaa lasten l\u00e4\u00e4ke- ja nestehoitoa turvallisesti<br>-toteuttaa voimavaral\u00e4ht\u00f6ist\u00e4 perheen hoitoty\u00f6t\u00e4<br>-arvioida ja kehitt\u00e4\u00e4 lasten ja nuorten hoitoty\u00f6n osaamistaan opintojakson arviointikriteereiden mukaisesti<br>-ty\u00f6skennell\u00e4 tiimiss\u00e4 ja ottaa vastuuta omasta tekemisest\u00e4\u00e4n<br>-reflektoida omaa oppimistaan ja osaamistaan.<\/p>\n\n\n\n<h4 class=\"wp-block-heading\">Sis\u00e4lt\u00f6<\/h4>\n\n\n\n<p>Leikki ja luovuus osana lasten hoitoty\u00f6t\u00e4. Lasten akuuttitilanteita ja vauvan ja leikki-ik\u00e4isen hoitoelvytys. Vastasyntyneen ja imev\u00e4isen perushoito. Vanhemmuuden tukeminen. Lasten ja nuorten hoitoty\u00f6n erityisluonne ja sit\u00e4 ohjaava lains\u00e4\u00e4d\u00e4nt\u00f6 ja eettinen perusta. Eri-ik\u00e4isten lasten ja nuorten kasvu ja kehitys sek\u00e4 niiden vaikutus lasten ja nuorten tarpeisiin. Eri-ik\u00e4isten lasten ja nuorten ravitsemus. Perhehoitoty\u00f6: vanhempien ja sisarusten reaktiot lapsen sairastumiseen, perheen voimavarat. Lasten l\u00e4\u00e4ke- ja nestehoito, l\u00e4\u00e4kkeiden annostelu ja lasten l\u00e4\u00e4kelaskenta. Lapsen ja nuoren kivun ja pelkojen arviointi ja erilaiset kivunhoitomenetelm\u00e4t. Leikki osana lasten hoitoty\u00f6t\u00e4. Erilaiset lasten ja nuorten hoitoty\u00f6n toiminnot, vauvan ja leikki-ik\u00e4isen elvytys, moniammatillisuus ja tiimity\u00f6skentely.<\/p>\n\n\n\n<h4 class=\"wp-block-heading\">Lis\u00e4tiedot<\/h4>\n\n\n\n<p>Harjoittelun voi suorittaa kansainv\u00e4lisess\u00e4 vaihdossa.<\/p>\n\n\n\n<h4 class=\"wp-block-heading\">Esitietovaatimukset<\/h4>\n\n\n\n<p>Hoitotaito teoria, Hoitotaidon kliininen osaaminen, L\u00e4\u00e4kehoidon perusteet, Sis\u00e4tautia sairastavan hoitoty\u00f6 teoria, Perioperatiivinen hoitoty\u00f6 teoria. Lis\u00e4ksi tulee olla suoritettuna 2 ohjattua harjoittelua edell\u00e4 mainituista opinnoista (hoitotaito, sis\u00e4taudit ja perioperatiivinen hoitoty\u00f6).<br><br>Ennen ohjatun harjoittelun aloittamista:<br>Lasten, nuorten ja perheiden hoitoty\u00f6n teoriaopintojakson tulee olla hyv\u00e4ksytysti suoritettu l\u00e4\u00e4kelaskuja ja l\u00e4\u00e4ketieteen tentti\u00e4 lukuun ottamatta. Opiskelijan on kuitenkin pit\u00e4nyt osallistua lasten ja nuorten hoitoty\u00f6n l\u00e4\u00e4kelaskukokeeseen ja l\u00e4\u00e4ketieteen tenttiin. Lasten, nuorten ja perheiden hoitoty\u00f6n harjoitteluopintojaksosta tulee olla suoritettuna taitopajat.<\/p>\n","protected":false},"excerpt":{"rendered":"<p>Osaamistavoitteet Opintojakson suoritettuaan opiskelija osaa-soveltaa lasten oikeuksia, lasten ja nuorten hoitoty\u00f6h\u00f6n liittyvi\u00e4 eettisi\u00e4 ohjeita ja lains\u00e4\u00e4d\u00e4nt\u00f6\u00e4-ty\u00f6skennell\u00e4 ottaen huomioon lapsil\u00e4ht\u00f6isyyden ja kulttuurisuuden hoitoty\u00f6ss\u00e4-soveltaa n\u00e4ytt\u00f6\u00f6n perustuvaa tietoa lasten ja nuorten kasvusta ja kehityksest\u00e4, niihin vaikuttavista tekij\u00f6ist\u00e4, perhehoitoty\u00f6st\u00e4 ja lasten sairauksista-analysoida lasten ja nuorten terveysongelmia ja -uhkia sek\u00e4 suunnitella lapsen ja nuoren hoitoa hoitoty\u00f6n prosessin mukaisesti-toteuttaa lasten ja &hellip; <\/p>\n<p class=\"link-more\"><a href=\"https:\/\/blogi.savonia.fi\/sairaanhyvaksihoitajaksi\/harjoittelut\/lasten-ja-nuorten-hoitotyo\/\" class=\"more-link\">Jatka lukemista<span class=\"screen-reader-text\"> &#8221;LASTEN, NUORTEN JA PERHEIDEN HOITOTY\u00d6&#8221;<\/span><\/a><\/p>\n","protected":false},"author":9690,"featured_media":0,"parent":170,"menu_order":0,"comment_status":"open","ping_status":"closed","template":"","meta":{"footnotes":""},"class_list":["post-834","page","type-page","status-publish","hentry"],"_links":{"self":[{"href":"https:\/\/blogi.savonia.fi\/sairaanhyvaksihoitajaksi\/wp-json\/wp\/v2\/pages\/834","targetHints":{"allow":["GET"]}}],"collection":[{"href":"https:\/\/blogi.savonia.fi\/sairaanhyvaksihoitajaksi\/wp-json\/wp\/v2\/pages"}],"about":[{"href":"https:\/\/blogi.savonia.fi\/sairaanhyvaksihoitajaksi\/wp-json\/wp\/v2\/types\/page"}],"author":[{"embeddable":true,"href":"https:\/\/blogi.savonia.fi\/sairaanhyvaksihoitajaksi\/wp-json\/wp\/v2\/users\/9690"}],"replies":[{"embeddable":true,"href":"https:\/\/blogi.savonia.fi\/sairaanhyvaksihoitajaksi\/wp-json\/wp\/v2\/comments?post=834"}],"version-history":[{"count":3,"href":"https:\/\/blogi.savonia.fi\/sairaanhyvaksihoitajaksi\/wp-json\/wp\/v2\/pages\/834\/revisions"}],"predecessor-version":[{"id":838,"href":"https:\/\/blogi.savonia.fi\/sairaanhyvaksihoitajaksi\/wp-json\/wp\/v2\/pages\/834\/revisions\/838"}],"up":[{"embeddable":true,"href":"https:\/\/blogi.savonia.fi\/sairaanhyvaksihoitajaksi\/wp-json\/wp\/v2\/pages\/170"}],"wp:attachment":[{"href":"https:\/\/blogi.savonia.fi\/sairaanhyvaksihoitajaksi\/wp-json\/wp\/v2\/media?parent=834"}],"curies":[{"name":"wp","href":"https:\/\/api.w.org\/{rel}","templated":true}]}}