{"id":114,"date":"2022-09-23T20:34:50","date_gmt":"2022-09-23T17:34:50","guid":{"rendered":"https:\/\/blogi.savonia.fi\/sannamommo\/?page_id=114"},"modified":"2022-09-23T20:48:42","modified_gmt":"2022-09-23T17:48:42","slug":"perioperatiivinen-hoitotyo","status":"publish","type":"page","link":"https:\/\/blogi.savonia.fi\/sannamommo\/esimerkkisivu\/perioperatiivinen-hoitotyo\/","title":{"rendered":"Perioperatiivinen hoitoty\u00f6"},"content":{"rendered":"\n<p><strong>Harjoittelun tavoitteet: <\/strong><\/p>\n\n\n\n<ul class=\"wp-block-list\"><li>soveltaa hoitoty\u00f6n arvoja ja periaatteita perioperatiivisessa hoitoty\u00f6ss\u00e4<\/li><li>soveltaa tietoja perioperatiivisen potilaan hoidon tarpeenm\u00e4\u00e4rittelyss\u00e4, suunnittelussa, toteutuksessa ja arvioinnissa<\/li><li>selitt\u00e4\u00e4 ja analysoida olennaiset potilaan elintoimintojen tutkimiseen, tarkkailuun ja yll\u00e4pitoon liittyv\u00e4t asiat<\/li><li>tunnistaa tavallisimmat kirurgiset sairaudet ja niiden oireet sek\u00e4 kuvaa niiden keskeisi\u00e4 tutkimus- ja hoitomenetelmi\u00e4<\/li><li>soveltaa aseptisen toiminnan periaatteita perioperatiivisessa hoitoty\u00f6ss\u00e4 ja arvioida aseptiikan puutteista johtuvia haittoja<\/li><li>soveltaa tietoja potilaan toimenpiteeseen valmistamisessa ja ohjauksessa keskeisiss\u00e4 leikkaus- ja anestesiahoitoty\u00f6n toiminnoissa sek\u00e4 toimenpiteen j\u00e4lkeisess\u00e4 tarkkailussa ja hoidossa<\/li><li>selitt\u00e4\u00e4 potilaan turvallisen l\u00e4\u00e4kehoidon ja nestehoidon perusteet esimerkkej\u00e4 antaen sek\u00e4 laskee perioperatiivisen hoitoty\u00f6n l\u00e4\u00e4kelaskut virheett\u00f6m\u00e4sti<br>-selitt\u00e4\u00e4 ravitsemushoidon merkityksen perioperatiivisen potilaan hoitoty\u00f6ss\u00e4<\/li><li>arvioida moniammatillisen yhteisty\u00f6n merkityst\u00e4 perioperatiivisen potilaan hoidossa.<\/li><\/ul>\n","protected":false},"excerpt":{"rendered":"<p>Harjoittelun tavoitteet: soveltaa hoitoty\u00f6n arvoja ja periaatteita perioperatiivisessa hoitoty\u00f6ss\u00e4 soveltaa tietoja perioperatiivisen potilaan hoidon tarpeenm\u00e4\u00e4rittelyss\u00e4, suunnittelussa, toteutuksessa ja arvioinnissa selitt\u00e4\u00e4 ja analysoida olennaiset potilaan elintoimintojen tutkimiseen, tarkkailuun ja yll\u00e4pitoon liittyv\u00e4t asiat tunnistaa tavallisimmat kirurgiset sairaudet ja niiden oireet sek\u00e4 kuvaa niiden keskeisi\u00e4 tutkimus- ja hoitomenetelmi\u00e4 soveltaa aseptisen toiminnan periaatteita perioperatiivisessa hoitoty\u00f6ss\u00e4 ja arvioida aseptiikan puutteista &hellip; <a href=\"https:\/\/blogi.savonia.fi\/sannamommo\/esimerkkisivu\/perioperatiivinen-hoitotyo\/\" class=\"more-link\">Jatka lukemista <span class=\"screen-reader-text\">Perioperatiivinen hoitoty\u00f6<\/span> <span class=\"meta-nav\">&rarr;<\/span><\/a><\/p>\n","protected":false},"author":9122,"featured_media":0,"parent":2,"menu_order":3,"comment_status":"closed","ping_status":"closed","template":"","meta":{"footnotes":""},"class_list":["post-114","page","type-page","status-publish","hentry"],"_links":{"self":[{"href":"https:\/\/blogi.savonia.fi\/sannamommo\/wp-json\/wp\/v2\/pages\/114","targetHints":{"allow":["GET"]}}],"collection":[{"href":"https:\/\/blogi.savonia.fi\/sannamommo\/wp-json\/wp\/v2\/pages"}],"about":[{"href":"https:\/\/blogi.savonia.fi\/sannamommo\/wp-json\/wp\/v2\/types\/page"}],"author":[{"embeddable":true,"href":"https:\/\/blogi.savonia.fi\/sannamommo\/wp-json\/wp\/v2\/users\/9122"}],"replies":[{"embeddable":true,"href":"https:\/\/blogi.savonia.fi\/sannamommo\/wp-json\/wp\/v2\/comments?post=114"}],"version-history":[{"count":2,"href":"https:\/\/blogi.savonia.fi\/sannamommo\/wp-json\/wp\/v2\/pages\/114\/revisions"}],"predecessor-version":[{"id":122,"href":"https:\/\/blogi.savonia.fi\/sannamommo\/wp-json\/wp\/v2\/pages\/114\/revisions\/122"}],"up":[{"embeddable":true,"href":"https:\/\/blogi.savonia.fi\/sannamommo\/wp-json\/wp\/v2\/pages\/2"}],"wp:attachment":[{"href":"https:\/\/blogi.savonia.fi\/sannamommo\/wp-json\/wp\/v2\/media?parent=114"}],"curies":[{"name":"wp","href":"https:\/\/api.w.org\/{rel}","templated":true}]}}