{"id":153,"date":"2023-02-27T12:41:43","date_gmt":"2023-02-27T10:41:43","guid":{"rendered":"https:\/\/blogi.savonia.fi\/sannamommo\/?page_id=153"},"modified":"2023-02-27T12:42:57","modified_gmt":"2023-02-27T10:42:57","slug":"lasten-nuorten-ja-perheiden-hoitotyo","status":"publish","type":"page","link":"https:\/\/blogi.savonia.fi\/sannamommo\/esimerkkisivu\/lasten-nuorten-ja-perheiden-hoitotyo\/","title":{"rendered":"Lasten, nuorten ja perheiden hoitoty\u00f6"},"content":{"rendered":"\n<p><strong>Harjoittelun tavoitteet:<\/strong><\/p>\n\n\n\n<p>-soveltaa lasten oikeuksia, lasten ja nuorten hoitoty\u00f6h\u00f6n liittyvi\u00e4 eettisi\u00e4 ohjeita ja lains\u00e4\u00e4d\u00e4nt\u00f6\u00e4 sek\u00e4<br>-ty\u00f6skennell\u00e4 ottaen huomioon lapsil\u00e4ht\u00f6isyyden ja kulttuurisuuden hoitoty\u00f6ss\u00e4<br>-soveltaa n\u00e4ytt\u00f6\u00f6n perustuvaa tietoa lasten ja nuorten kasvusta ja kehityksest\u00e4, niihin vaikuttavista tekij\u00f6ist\u00e4, perhehoitoty\u00f6st\u00e4 ja lasten sairauksista<br>-analysoida lasten ja nuorten terveysongelmia ja -uhkia sek\u00e4 suunnitella lapsen ja nuoren hoitoa hoitoty\u00f6n prosessin mukaisesti<br>-toteuttaa lasten ja nuorten hoitoty\u00f6t\u00e4 ja ohjata lasta\/nuorta ja perhett\u00e4<br>-lasten l\u00e4\u00e4ke- ja nestehoidossa tarvittavat laskutoimitukset sek\u00e4 osaa ohjattuna annostella ja toteuttaa lasten l\u00e4\u00e4ke- ja nestehoitoa turvallisesti<br>-toteuttaa voimavaral\u00e4ht\u00f6ist\u00e4 perheen hoitoty\u00f6t\u00e4<br>-arvioida ja kehitt\u00e4\u00e4 lasten ja nuorten hoitoty\u00f6n osaamistaan opintojakson arviointikriteereiden mukaisesti<br>-ty\u00f6skennell\u00e4 tiimiss\u00e4 ja ottaa vastuuta omasta tekemisest\u00e4\u00e4n<br>-reflektoida omaa oppimistaan ja osaamistaan.<\/p>\n","protected":false},"excerpt":{"rendered":"<p>Harjoittelun tavoitteet: -soveltaa lasten oikeuksia, lasten ja nuorten hoitoty\u00f6h\u00f6n liittyvi\u00e4 eettisi\u00e4 ohjeita ja lains\u00e4\u00e4d\u00e4nt\u00f6\u00e4 sek\u00e4-ty\u00f6skennell\u00e4 ottaen huomioon lapsil\u00e4ht\u00f6isyyden ja kulttuurisuuden hoitoty\u00f6ss\u00e4-soveltaa n\u00e4ytt\u00f6\u00f6n perustuvaa tietoa lasten ja nuorten kasvusta ja kehityksest\u00e4, niihin vaikuttavista tekij\u00f6ist\u00e4, perhehoitoty\u00f6st\u00e4 ja lasten sairauksista-analysoida lasten ja nuorten terveysongelmia ja -uhkia sek\u00e4 suunnitella lapsen ja nuoren hoitoa hoitoty\u00f6n prosessin mukaisesti-toteuttaa lasten ja nuorten &hellip; <a href=\"https:\/\/blogi.savonia.fi\/sannamommo\/esimerkkisivu\/lasten-nuorten-ja-perheiden-hoitotyo\/\" class=\"more-link\">Jatka lukemista <span class=\"screen-reader-text\">Lasten, nuorten ja perheiden hoitoty\u00f6<\/span> <span class=\"meta-nav\">&rarr;<\/span><\/a><\/p>\n","protected":false},"author":9122,"featured_media":0,"parent":2,"menu_order":0,"comment_status":"closed","ping_status":"closed","template":"","meta":{"footnotes":""},"class_list":["post-153","page","type-page","status-publish","hentry"],"_links":{"self":[{"href":"https:\/\/blogi.savonia.fi\/sannamommo\/wp-json\/wp\/v2\/pages\/153","targetHints":{"allow":["GET"]}}],"collection":[{"href":"https:\/\/blogi.savonia.fi\/sannamommo\/wp-json\/wp\/v2\/pages"}],"about":[{"href":"https:\/\/blogi.savonia.fi\/sannamommo\/wp-json\/wp\/v2\/types\/page"}],"author":[{"embeddable":true,"href":"https:\/\/blogi.savonia.fi\/sannamommo\/wp-json\/wp\/v2\/users\/9122"}],"replies":[{"embeddable":true,"href":"https:\/\/blogi.savonia.fi\/sannamommo\/wp-json\/wp\/v2\/comments?post=153"}],"version-history":[{"count":2,"href":"https:\/\/blogi.savonia.fi\/sannamommo\/wp-json\/wp\/v2\/pages\/153\/revisions"}],"predecessor-version":[{"id":155,"href":"https:\/\/blogi.savonia.fi\/sannamommo\/wp-json\/wp\/v2\/pages\/153\/revisions\/155"}],"up":[{"embeddable":true,"href":"https:\/\/blogi.savonia.fi\/sannamommo\/wp-json\/wp\/v2\/pages\/2"}],"wp:attachment":[{"href":"https:\/\/blogi.savonia.fi\/sannamommo\/wp-json\/wp\/v2\/media?parent=153"}],"curies":[{"name":"wp","href":"https:\/\/api.w.org\/{rel}","templated":true}]}}