{"id":19,"date":"2022-03-28T09:12:59","date_gmt":"2022-03-28T06:12:59","guid":{"rendered":"https:\/\/blogi.savonia.fi\/sannamommo\/?page_id=19"},"modified":"2022-03-28T10:46:02","modified_gmt":"2022-03-28T07:46:02","slug":"hoidon-tarpeen-arviointi-ja-hoitotyon-toiminnot","status":"publish","type":"page","link":"https:\/\/blogi.savonia.fi\/sannamommo\/esimerkkisivu\/hoidon-tarpeen-arviointi-ja-hoitotyon-toiminnot\/","title":{"rendered":"Hoitotaito (hyv\u00e4ksiluettu)"},"content":{"rendered":"\n<p>Harjoittelu on hyv\u00e4ksiluettu.<\/p>\n\n\n\n<p>&#8211; toimia hoitoty\u00f6n arvojen ja periaatteiden sek\u00e4 s\u00e4\u00e4d\u00f6sten mukaisesti<br>&#8211; toimia ymm\u00e4rt\u00e4en vastuunsa rajat<br>&#8211; toimia ammatillisessa vuorovaikutuksessa kunnioittaen asiakkaan\/potilaan yksil\u00f6llisyytt\u00e4 ja erilaisuutta<br>&#8211; tunnistaa asiakkaan\/potilaan perusravitsemuksen, p\u00e4ivitt\u00e4isen toimintakyvyn ja hoidon tarpeita<br>&#8211; ohjata asiakkaita\/potilaita p\u00e4ivitt\u00e4isen toimintakyvyn yll\u00e4pit\u00e4misess\u00e4 sek\u00e4 perusravitsemukseen liittyviss\u00e4 kysymyksiss\u00e4 ja toteuttaa kuntouttavaa hoitoty\u00f6t\u00e4<br>&#8211; toimia aseptisesti infektioiden torjunnan periaatteita noudattaen<br>&#8211; k\u00e4ytt\u00e4\u00e4 keskeisi\u00e4 hoitoty\u00f6n menetelmi\u00e4 ja v\u00e4lineit\u00e4<br>-tunnistaa dialogisen vuorovaikutuksen periaatteet<\/p>\n","protected":false},"excerpt":{"rendered":"<p>Harjoittelu on hyv\u00e4ksiluettu. &#8211; toimia hoitoty\u00f6n arvojen ja periaatteiden sek\u00e4 s\u00e4\u00e4d\u00f6sten mukaisesti&#8211; toimia ymm\u00e4rt\u00e4en vastuunsa rajat&#8211; toimia ammatillisessa vuorovaikutuksessa kunnioittaen asiakkaan\/potilaan yksil\u00f6llisyytt\u00e4 ja erilaisuutta&#8211; tunnistaa asiakkaan\/potilaan perusravitsemuksen, p\u00e4ivitt\u00e4isen toimintakyvyn ja hoidon tarpeita&#8211; ohjata asiakkaita\/potilaita p\u00e4ivitt\u00e4isen toimintakyvyn yll\u00e4pit\u00e4misess\u00e4 sek\u00e4 perusravitsemukseen liittyviss\u00e4 kysymyksiss\u00e4 ja toteuttaa kuntouttavaa hoitoty\u00f6t\u00e4&#8211; toimia aseptisesti infektioiden torjunnan periaatteita noudattaen&#8211; k\u00e4ytt\u00e4\u00e4 keskeisi\u00e4 hoitoty\u00f6n menetelmi\u00e4 &hellip; <a href=\"https:\/\/blogi.savonia.fi\/sannamommo\/esimerkkisivu\/hoidon-tarpeen-arviointi-ja-hoitotyon-toiminnot\/\" class=\"more-link\">Jatka lukemista <span class=\"screen-reader-text\">Hoitotaito (hyv\u00e4ksiluettu)<\/span> <span class=\"meta-nav\">&rarr;<\/span><\/a><\/p>\n","protected":false},"author":9122,"featured_media":0,"parent":2,"menu_order":1,"comment_status":"closed","ping_status":"closed","template":"","meta":{"footnotes":""},"class_list":["post-19","page","type-page","status-publish","hentry"],"_links":{"self":[{"href":"https:\/\/blogi.savonia.fi\/sannamommo\/wp-json\/wp\/v2\/pages\/19","targetHints":{"allow":["GET"]}}],"collection":[{"href":"https:\/\/blogi.savonia.fi\/sannamommo\/wp-json\/wp\/v2\/pages"}],"about":[{"href":"https:\/\/blogi.savonia.fi\/sannamommo\/wp-json\/wp\/v2\/types\/page"}],"author":[{"embeddable":true,"href":"https:\/\/blogi.savonia.fi\/sannamommo\/wp-json\/wp\/v2\/users\/9122"}],"replies":[{"embeddable":true,"href":"https:\/\/blogi.savonia.fi\/sannamommo\/wp-json\/wp\/v2\/comments?post=19"}],"version-history":[{"count":3,"href":"https:\/\/blogi.savonia.fi\/sannamommo\/wp-json\/wp\/v2\/pages\/19\/revisions"}],"predecessor-version":[{"id":50,"href":"https:\/\/blogi.savonia.fi\/sannamommo\/wp-json\/wp\/v2\/pages\/19\/revisions\/50"}],"up":[{"embeddable":true,"href":"https:\/\/blogi.savonia.fi\/sannamommo\/wp-json\/wp\/v2\/pages\/2"}],"wp:attachment":[{"href":"https:\/\/blogi.savonia.fi\/sannamommo\/wp-json\/wp\/v2\/media?parent=19"}],"curies":[{"name":"wp","href":"https:\/\/api.w.org\/{rel}","templated":true}]}}