{"id":2,"date":"2022-03-28T08:27:34","date_gmt":"2022-03-28T05:27:34","guid":{"rendered":"https:\/\/blogi.savonia.fi\/sannamommo\/?page_id=2"},"modified":"2026-05-14T03:44:09","modified_gmt":"2026-05-14T00:44:09","slug":"esimerkkisivu","status":"publish","type":"page","link":"https:\/\/blogi.savonia.fi\/sannamommo\/esimerkkisivu\/","title":{"rendered":"Harjoittelut"},"content":{"rendered":"\n<p><\/p>\n\n\n\n<p><\/p>\n\n\n\n<blockquote class=\"wp-block-quote is-layout-flow wp-block-quote-is-layout-flow\">\n<p>&#8211; Hoitoty\u00f6 (hyv\u00e4ksiluettu)<\/p>\n\n\n\n<p>&#8211; Sis\u00e4tautia sairastavan hoitoty\u00f6<\/p>\n\n\n\n<p>&#8211; Perioperatiivinen hoitoty\u00f6<\/p>\n\n\n\n<p>&#8211; Lasten, nuorten ja perheiden hoitoty\u00f6<\/p>\n\n\n\n<p>&#8211; Mielenterveys- ja p\u00e4ihdehoitoty\u00f6<\/p>\n\n\n\n<p>&#8211;  Sairaanhoitajan osaamisen t\u00e4ydent\u00e4minen<\/p>\n\n\n\n<p>&#8211; Syvent\u00e4v\u00e4: Perioperatiivinen hoitoty\u00f6 eri toimintaymp\u00e4rist\u00f6iss\u00e4<\/p>\n<\/blockquote>\n\n\n\n<p><\/p>\n","protected":false},"excerpt":{"rendered":"<p>&#8211; Hoitoty\u00f6 (hyv\u00e4ksiluettu) &#8211; Sis\u00e4tautia sairastavan hoitoty\u00f6 &#8211; Perioperatiivinen hoitoty\u00f6 &#8211; Lasten, nuorten ja perheiden hoitoty\u00f6 &#8211; Mielenterveys- ja p\u00e4ihdehoitoty\u00f6 &#8211; Sairaanhoitajan osaamisen t\u00e4ydent\u00e4minen &#8211; Syvent\u00e4v\u00e4: Perioperatiivinen hoitoty\u00f6 eri toimintaymp\u00e4rist\u00f6iss\u00e4<\/p>\n","protected":false},"author":9122,"featured_media":0,"parent":0,"menu_order":1,"comment_status":"closed","ping_status":"closed","template":"","meta":{"footnotes":""},"class_list":["post-2","page","type-page","status-publish","hentry"],"_links":{"self":[{"href":"https:\/\/blogi.savonia.fi\/sannamommo\/wp-json\/wp\/v2\/pages\/2","targetHints":{"allow":["GET"]}}],"collection":[{"href":"https:\/\/blogi.savonia.fi\/sannamommo\/wp-json\/wp\/v2\/pages"}],"about":[{"href":"https:\/\/blogi.savonia.fi\/sannamommo\/wp-json\/wp\/v2\/types\/page"}],"author":[{"embeddable":true,"href":"https:\/\/blogi.savonia.fi\/sannamommo\/wp-json\/wp\/v2\/users\/9122"}],"replies":[{"embeddable":true,"href":"https:\/\/blogi.savonia.fi\/sannamommo\/wp-json\/wp\/v2\/comments?post=2"}],"version-history":[{"count":6,"href":"https:\/\/blogi.savonia.fi\/sannamommo\/wp-json\/wp\/v2\/pages\/2\/revisions"}],"predecessor-version":[{"id":336,"href":"https:\/\/blogi.savonia.fi\/sannamommo\/wp-json\/wp\/v2\/pages\/2\/revisions\/336"}],"wp:attachment":[{"href":"https:\/\/blogi.savonia.fi\/sannamommo\/wp-json\/wp\/v2\/media?parent=2"}],"curies":[{"name":"wp","href":"https:\/\/api.w.org\/{rel}","templated":true}]}}