{"id":21,"date":"2022-03-28T09:14:16","date_gmt":"2022-03-28T06:14:16","guid":{"rendered":"https:\/\/blogi.savonia.fi\/sannamommo\/?page_id=21"},"modified":"2022-03-28T10:33:12","modified_gmt":"2022-03-28T07:33:12","slug":"sisatautia-sairastavan-hoitotyo","status":"publish","type":"page","link":"https:\/\/blogi.savonia.fi\/sannamommo\/esimerkkisivu\/sisatautia-sairastavan-hoitotyo\/","title":{"rendered":"Sis\u00e4tautia sairastavan hoitoty\u00f6"},"content":{"rendered":"\n<p><strong>Harjoittelun tavoitteet:<\/strong><br>-osaa toimia sairaanhoitajan eettisten ohjeiden ja hoitoty\u00f6n arvojen sek\u00e4 periaatteiden mukaisesti<br>-osaa toimia vastuukysymykset huomioiden sis\u00e4tautia ja sy\u00f6p\u00e4\u00e4 sairastavan potilaan hoidossa sairauden eri vaiheissa ja kohdatessaan parantumattomasti sairaan tai kuolevan potilaan sek\u00e4 heid\u00e4n l\u00e4heisens\u00e4<br>-osaa k\u00e4ytt\u00e4\u00e4 n\u00e4ytt\u00f6\u00f6n perustuvaa tietoa hoitoty\u00f6ss\u00e4<br>-tunnistaa sis\u00e4- ja sy\u00f6p\u00e4tauteja sairastavan oireet ja valita tarkoituksenmukaiset hoitoty\u00f6n toimet hoidon tarpeen arvioinnissa ja hoitamisessa<br>-osaa suunnitella, toteuttaa ja arvioida sek\u00e4 dokumentoida hoitoa yhteisty\u00f6ss\u00e4 potilaan ja omaisten kanssa<br>-tiet\u00e4\u00e4 turvallisen keskeisen sis\u00e4tautia sairastavan potilaan l\u00e4\u00e4ke- ja nestehoidon sek\u00e4 verensiirron periaatteet. Osaa l\u00e4\u00e4kelaskut.<br>-harjaantuu elintapamuutosten puheeksi ottamisessa ja terveyden edist\u00e4misen tukemisessa voimavaral\u00e4ht\u00f6isesti<br>-harjaantuu toimimaan moniammatillisen yhteisty\u00f6ss\u00e4<br>-osaa toimia ergonomisesti ja aseptisesti oikein<br>-osaa perifeerisen laskimon kanyloinnin<br>-osaa arvioida ja kehitt\u00e4\u00e4 sis\u00e4tautia sairastavan hoitoty\u00f6n osaamistaan<br>-arvioida ja kehitt\u00e4\u00e4 osaamistaan ja oppimistapojaan<br>-osaa tehd\u00e4 perusteltuja opintovalintoja sek\u00e4 yhdist\u00e4\u00e4 niihin kansainv\u00e4listymisen, alan ammatillisten vaihtoehtojen ja urasuunnittelun n\u00e4k\u00f6kulman.<\/p>\n","protected":false},"excerpt":{"rendered":"<p>Harjoittelun tavoitteet:-osaa toimia sairaanhoitajan eettisten ohjeiden ja hoitoty\u00f6n arvojen sek\u00e4 periaatteiden mukaisesti-osaa toimia vastuukysymykset huomioiden sis\u00e4tautia ja sy\u00f6p\u00e4\u00e4 sairastavan potilaan hoidossa sairauden eri vaiheissa ja kohdatessaan parantumattomasti sairaan tai kuolevan potilaan sek\u00e4 heid\u00e4n l\u00e4heisens\u00e4-osaa k\u00e4ytt\u00e4\u00e4 n\u00e4ytt\u00f6\u00f6n perustuvaa tietoa hoitoty\u00f6ss\u00e4-tunnistaa sis\u00e4- ja sy\u00f6p\u00e4tauteja sairastavan oireet ja valita tarkoituksenmukaiset hoitoty\u00f6n toimet hoidon tarpeen arvioinnissa ja hoitamisessa-osaa suunnitella, &hellip; <a href=\"https:\/\/blogi.savonia.fi\/sannamommo\/esimerkkisivu\/sisatautia-sairastavan-hoitotyo\/\" class=\"more-link\">Jatka lukemista <span class=\"screen-reader-text\">Sis\u00e4tautia sairastavan hoitoty\u00f6<\/span> <span class=\"meta-nav\">&rarr;<\/span><\/a><\/p>\n","protected":false},"author":9122,"featured_media":0,"parent":2,"menu_order":2,"comment_status":"closed","ping_status":"closed","template":"","meta":{"footnotes":""},"class_list":["post-21","page","type-page","status-publish","hentry"],"_links":{"self":[{"href":"https:\/\/blogi.savonia.fi\/sannamommo\/wp-json\/wp\/v2\/pages\/21","targetHints":{"allow":["GET"]}}],"collection":[{"href":"https:\/\/blogi.savonia.fi\/sannamommo\/wp-json\/wp\/v2\/pages"}],"about":[{"href":"https:\/\/blogi.savonia.fi\/sannamommo\/wp-json\/wp\/v2\/types\/page"}],"author":[{"embeddable":true,"href":"https:\/\/blogi.savonia.fi\/sannamommo\/wp-json\/wp\/v2\/users\/9122"}],"replies":[{"embeddable":true,"href":"https:\/\/blogi.savonia.fi\/sannamommo\/wp-json\/wp\/v2\/comments?post=21"}],"version-history":[{"count":2,"href":"https:\/\/blogi.savonia.fi\/sannamommo\/wp-json\/wp\/v2\/pages\/21\/revisions"}],"predecessor-version":[{"id":47,"href":"https:\/\/blogi.savonia.fi\/sannamommo\/wp-json\/wp\/v2\/pages\/21\/revisions\/47"}],"up":[{"embeddable":true,"href":"https:\/\/blogi.savonia.fi\/sannamommo\/wp-json\/wp\/v2\/pages\/2"}],"wp:attachment":[{"href":"https:\/\/blogi.savonia.fi\/sannamommo\/wp-json\/wp\/v2\/media?parent=21"}],"curies":[{"name":"wp","href":"https:\/\/api.w.org\/{rel}","templated":true}]}}