{"id":14,"date":"2023-08-17T14:23:09","date_gmt":"2023-08-17T11:23:09","guid":{"rendered":"https:\/\/blogi.savonia.fi\/santerikolehmainen\/?page_id=14"},"modified":"2026-03-16T15:41:51","modified_gmt":"2026-03-16T13:41:51","slug":"tietoja-minusta","status":"publish","type":"page","link":"https:\/\/blogi.savonia.fi\/santerikolehmainen\/tietoja-minusta\/","title":{"rendered":"Tietoja minusta"},"content":{"rendered":"\n<p>Hei. <br>Olen Santeri ja olen 24-vuotias l\u00e4hihoitaja Kuopiosta. L\u00e4hihoitajaksi valmistuin 2021 helmikuussa. T\u00f6it\u00e4 on tullut tehty\u00e4 t\u00f6it\u00e4 p\u00e4ihde- ja mielenterveysty\u00f6ss\u00e4. Harrastuksiini kuuluu laskettelu, py\u00f6r\u00e4ily ja tietokoneet. Luonteeltani olen avoin ja sosiaalinen sek\u00e4 tulen kaikkien kanssa hyvin toimeen.<br><br>Sairaanhoitaja koulun aikaiset harjoittelut.<br>Sis\u00e4tautien hoitoty\u00f6: KYS, Sis\u00e4tautien ja keuhkosairauksien osasto.<br>Perioperatiivinen hoitoity\u00f6: KYS Korva-, nen\u00e4- ja kurkkutautien poliklinikka.<br>Ik\u00e4\u00e4ntyneiden hoitoty\u00f6: Wellness center Savonia.<br>Mielenterveys- ja p\u00e4ihdety\u00f6: Niuvaniemen sairaala os10.<br>Lasten- ja nuorten hoitoty\u00f6: Niuvaniemen sairaala NEVA.<br>Sairaanhoitajan osaamisen t\u00e4ydent\u00e4minen: P\u00e4ihdepalvelus\u00e4\u00e4ti\u00f6n Kuntoutusosasto.<br>Akuutti ja tehoitoty\u00f6: KYS, P\u00e4ivystysyksikk\u00f6.<br><\/p>\n\n\n\n<p>Yhteystiedot.<br>Puh, 0453280508<br>S-posti, Santeri.Kolehmainen2@edu.savonia.fi<\/p>\n\n\n\n<figure class=\"wp-block-image size-large is-style-default\"><img loading=\"lazy\" decoding=\"async\" width=\"1024\" height=\"1018\" src=\"https:\/\/blogi.savonia.fi\/santerikolehmainen\/wp-content\/uploads\/sites\/12213\/2023\/08\/20230217_211905000_iOS-1-1024x1018.jpg\" alt=\"Meik\u00e4 mandoliini Nuorisoleirill\u00e4.\" class=\"wp-image-15\" srcset=\"https:\/\/blogi.savonia.fi\/santerikolehmainen\/wp-content\/uploads\/sites\/12213\/2023\/08\/20230217_211905000_iOS-1-1024x1018.jpg 1024w, https:\/\/blogi.savonia.fi\/santerikolehmainen\/wp-content\/uploads\/sites\/12213\/2023\/08\/20230217_211905000_iOS-1-300x298.jpg 300w, https:\/\/blogi.savonia.fi\/santerikolehmainen\/wp-content\/uploads\/sites\/12213\/2023\/08\/20230217_211905000_iOS-1-150x150.jpg 150w, https:\/\/blogi.savonia.fi\/santerikolehmainen\/wp-content\/uploads\/sites\/12213\/2023\/08\/20230217_211905000_iOS-1-768x764.jpg 768w, https:\/\/blogi.savonia.fi\/santerikolehmainen\/wp-content\/uploads\/sites\/12213\/2023\/08\/20230217_211905000_iOS-1-1000x995.jpg 1000w, https:\/\/blogi.savonia.fi\/santerikolehmainen\/wp-content\/uploads\/sites\/12213\/2023\/08\/20230217_211905000_iOS-1-230x229.jpg 230w, https:\/\/blogi.savonia.fi\/santerikolehmainen\/wp-content\/uploads\/sites\/12213\/2023\/08\/20230217_211905000_iOS-1-350x348.jpg 350w, https:\/\/blogi.savonia.fi\/santerikolehmainen\/wp-content\/uploads\/sites\/12213\/2023\/08\/20230217_211905000_iOS-1-480x477.jpg 480w, https:\/\/blogi.savonia.fi\/santerikolehmainen\/wp-content\/uploads\/sites\/12213\/2023\/08\/20230217_211905000_iOS-1.jpg 1284w\" sizes=\"auto, (max-width: 1024px) 100vw, 1024px\" \/><\/figure>\n","protected":false},"excerpt":{"rendered":"<p>Hei. Olen Santeri ja olen 24-vuotias l\u00e4hihoitaja Kuopiosta. L\u00e4hihoitajaksi valmistuin 2021 helmikuussa. T\u00f6it\u00e4 on tullut tehty\u00e4 t\u00f6it\u00e4 p\u00e4ihde- ja mielenterveysty\u00f6ss\u00e4. Harrastuksiini kuuluu laskettelu, py\u00f6r\u00e4ily ja tietokoneet. Luonteeltani olen avoin ja sosiaalinen sek\u00e4 tulen kaikkien kanssa hyvin toimeen. Sairaanhoitaja koulun aikaiset harjoittelut.Sis\u00e4tautien hoitoty\u00f6: KYS, Sis\u00e4tautien ja keuhkosairauksien osasto.Perioperatiivinen hoitoity\u00f6: KYS Korva-, nen\u00e4- ja kurkkutautien poliklinikka.Ik\u00e4\u00e4ntyneiden hoitoty\u00f6:\u2026 <span class=\"read-more\"><a href=\"https:\/\/blogi.savonia.fi\/santerikolehmainen\/tietoja-minusta\/\">Read More &raquo;<\/a><\/span><\/p>\n","protected":false},"author":10217,"featured_media":0,"parent":0,"menu_order":1,"comment_status":"closed","ping_status":"closed","template":"","meta":{"footnotes":""},"class_list":["post-14","page","type-page","status-publish","hentry"],"_links":{"self":[{"href":"https:\/\/blogi.savonia.fi\/santerikolehmainen\/wp-json\/wp\/v2\/pages\/14","targetHints":{"allow":["GET"]}}],"collection":[{"href":"https:\/\/blogi.savonia.fi\/santerikolehmainen\/wp-json\/wp\/v2\/pages"}],"about":[{"href":"https:\/\/blogi.savonia.fi\/santerikolehmainen\/wp-json\/wp\/v2\/types\/page"}],"author":[{"embeddable":true,"href":"https:\/\/blogi.savonia.fi\/santerikolehmainen\/wp-json\/wp\/v2\/users\/10217"}],"replies":[{"embeddable":true,"href":"https:\/\/blogi.savonia.fi\/santerikolehmainen\/wp-json\/wp\/v2\/comments?post=14"}],"version-history":[{"count":7,"href":"https:\/\/blogi.savonia.fi\/santerikolehmainen\/wp-json\/wp\/v2\/pages\/14\/revisions"}],"predecessor-version":[{"id":349,"href":"https:\/\/blogi.savonia.fi\/santerikolehmainen\/wp-json\/wp\/v2\/pages\/14\/revisions\/349"}],"wp:attachment":[{"href":"https:\/\/blogi.savonia.fi\/santerikolehmainen\/wp-json\/wp\/v2\/media?parent=14"}],"curies":[{"name":"wp","href":"https:\/\/api.w.org\/{rel}","templated":true}]}}