{"id":259,"date":"2025-04-30T16:57:23","date_gmt":"2025-04-30T13:57:23","guid":{"rendered":"https:\/\/blogi.savonia.fi\/santerikolehmainen\/?page_id=259"},"modified":"2025-05-20T12:20:30","modified_gmt":"2025-05-20T09:20:30","slug":"tavoitteet","status":"publish","type":"page","link":"https:\/\/blogi.savonia.fi\/santerikolehmainen\/harjoittelut\/harjoittelu-sairaanhoitajan-osaamisen-taydentaminen\/tavoitteet\/","title":{"rendered":"L\u00e4ht\u00f6taso ja keinot tavoitteisiin"},"content":{"rendered":"\n<p><strong>Opintojakson suoritettuaan opiskelija osaa<\/strong><br>\u00b7 soveltaa eettisi\u00e4 ohjeita ja lains\u00e4\u00e4d\u00e4nt\u00f6\u00e4 toimiessaan erilaisissa hoitoty\u00f6n tilanteissa ja toimintaymp\u00e4rist\u00f6iss\u00e4<br>\u00b7 ty\u00f6skennell\u00e4 potilasturvallisuutta edist\u00e4en potilaan hoitoprosessin kaikissa vaiheissa<br>\u00b7 k\u00e4ytt\u00e4\u00e4 s\u00e4hk\u00f6isi\u00e4 terveydenhuollon palveluja osana potilaan kokonaishoitoa<br>\u00b7 ty\u00f6skennell\u00e4 asiakasl\u00e4ht\u00f6isesti huomioiden potilaan voimavarat ja tarpeet hoito- ja ohjaustilanteissa sek\u00e4 toimia potilaan ja hoitoty\u00f6n edustajana erilaisissa ty\u00f6ryhmiss\u00e4<br>\u00b7 tavanomaiset l\u00e4\u00e4kkeiden antotavat, l\u00e4\u00e4kehoidon ohjauksen ja osaa arvioida potilaan hoidossa k\u00e4ytett\u00e4vien l\u00e4\u00e4kkeiden vaikuttavuutta sek\u00e4 l\u00e4\u00e4kkeiden haitta-, sivu- ja yhteisvaikutuksia ja arvioida l\u00e4\u00e4kehoidon kokonaisuutta<br>\u00b7 k\u00e4ytt\u00e4\u00e4 potilastietoj\u00e4rjestelm\u00e4\u00e4 ja dokumentoida asianmukaisesti sovittujen ohjeiden mukaisesti<br>\u00b7 tehd\u00e4 hoitoty\u00f6n p\u00e4\u00e4t\u00f6ksi\u00e4 ja perustella ratkaisunsa luotettavalla n\u00e4ytt\u00f6\u00f6n perustuvalla tiedolla<br>\u00b7 ty\u00f6skennell\u00e4 oman ammattiroolinsa mukaisesti monialaisessa ty\u00f6ryhm\u00e4ss\u00e4<br>\u00b7 arvioida ammatillista osaamistaan ja vastaanottaa kehitt\u00e4v\u00e4\u00e4 palautetta<br>\u00b7 sek\u00e4 tiet\u00e4\u00e4 varautumissuunnitelmat terveydenhuollon erityistilanteisiin ja poikkeusoloihin Suomessa<br><br><br><strong>Eettinen osaaminen ja ammatillisuus.  <\/strong><br><strong>L\u00e4ht\u00f6taso : <\/strong>Osaan ottaa vastuun omasta oppimisestani ja t\u00e4ydent\u00e4\u00e4 omaa tietotaitoa ja osaamista ty\u00f6paikan ymp\u00e4rist\u00f6ss\u00e4. Osaan reflektoida omaa osaamistani ja pyyt\u00e4\u00e4 palautetta sek\u00e4 kehitt\u00e4\u00e4 omaa toimintaani sen perusteella. Osaan eettiset ohjeet sek\u00e4 lains\u00e4\u00e4d\u00e4nn\u00f6lt erilaisissa hoitoty\u00f6n tilanteissa. Kokemusta p\u00e4ihde- ja mielenterveysty\u00f6st\u00e4 l\u00f6ytyy ja tied\u00e4n eettisen osaamisen ja ammatillisuuden t\u00e4rkeyden hoitoty\u00f6ss\u00e4.<br><br><strong>Keinot tavoitteisiin p\u00e4\u00e4semiseksi : <\/strong> Opiskelijana otan avoimen asenteen ty\u00f6h\u00f6n ja yrit\u00e4n sis\u00e4ist\u00e4\u00e4 kaiken tiedon ja kyselen paljon sairauksista, joita potilailla on ja erilaisista hoitotavoista joilla kyseisi\u00e4 sairauksia voidaan hoitaa. Kirjaan tavoitteet jokaiselle viikolle ja jokaisen viikon j\u00e4lkeen reflektoin blogiin sek\u00e4 ohjaajille omaa kehittymist\u00e4. Teen tiedonhakua erilaisista lakipyk\u00e4list\u00e4 ja informoin potilaita heid\u00e4n oikeuksistaan. Hy\u00f6dynn\u00e4n ty\u00f6ss\u00e4ni tasa-arvoista ty\u00f6otetta, mutta kuitenkin huomioin jokaisen asiakkaan oman yksil\u00f6llisen hoidon.<br><br><strong>Asiakasl\u00e4ht\u00f6isyys ja kliininen osaaminen.<\/strong> <br><strong>L\u00e4ht\u00f6taso : <\/strong>Osaan hoitoty\u00f6ss\u00e4 ottaa huomioon asiakkaat ja tehd\u00e4 t\u00f6it\u00e4 voimavara l\u00e4ht\u00f6isesti. Osaan toimia asiakkaan edustajana erilaisissa ty\u00f6ryhmiss\u00e4. Hallitsen tavanomaisten l\u00e4\u00e4kkeiden antotavat. Osaan arvioida potilaille annettavien l\u00e4\u00e4kkeiden haittavaikutuksia ja keskustella l\u00e4\u00e4k\u00e4rin kanssa, jos oma arvio on eri jostain l\u00e4\u00e4kkeest\u00e4. Osaan my\u00f6s antaa ohjeistusta l\u00e4\u00e4kkeiden ottamisen ja niiden tarkoituksen suhteen asiakkaille.<br><br><strong>Keinot tavoitteisiin p\u00e4\u00e4semiseksi : <\/strong> Otan hoitoty\u00f6ss\u00e4ni huomioon kaikki asiakkaat yksil\u00f6llisesti ja tasa-arvoisesti sek\u00e4 osaan tehd\u00e4 arviota mik\u00e4 olisi paras hoitolinja asiakkaan hoidon suhteen. Edustan asiakkasta raporteilla ja kerron h\u00e4nest\u00e4 l\u00e4\u00e4k\u00e4rille sek\u00e4 sosiaality\u00f6ntekij\u00e4lle, jos tarve on. J\u00e4rjestelen mahdollisia jatkokuntoutusjaksoja ja muita asioita, joita potilas voisi tarvita, kuten l\u00e4hetteet. Hoidan l\u00e4\u00e4kehoitoa p\u00e4ivitt\u00e4in kuntouttavassa ty\u00f6ss\u00e4. Jaan sek\u00e4 annan potilaille l\u00e4\u00e4kkeit\u00e4 tarpeen mukaan. Osaan my\u00f6s arvioida l\u00e4\u00e4kkeen vaikutusta ja antaa informaatiota mahdollisista haittavaikuksista.<br><br><br><strong>N\u00e4ytt\u00f6\u00f6\u00f6n perustuva toiminta ja p\u00e4\u00e4t\u00f6ksenteko. <\/strong><br><strong>L\u00e4ht\u00f6taso :<\/strong> Osaan reflektoida omaa oppimista sek\u00e4 osaamista. Osaan hy\u00f6dynt\u00e4\u00e4 s\u00e4hk\u00f6isi\u00e4 terveydenhuollon palveluja osana potilaan kokonaishoitoa. Oman kokemuksen pohjalta osaan hy\u00f6dynt\u00e4\u00e4 n\u00e4ytt\u00f6\u00f6n perustuvaa toimintaa kuntouttavassa hoitoty\u00f6ss\u00e4. P\u00e4\u00e4t\u00f6ksen tekoa my\u00f6s olen p\u00e4\u00e4ssyt tekem\u00e4\u00e4n, kuten millaisia ryhmi\u00e4 tulisi vet\u00e4\u00e4, t\u00e4h\u00e4nkin t\u00e4rke\u00e4n\u00e4 osana on n\u00e4ytt\u00f6\u00f6n perustuva toiminta, jolla taataan mahdollisimman vaikuttava hoito.<br><br><strong>Keinot tavoitteisiin p\u00e4\u00e4semiseksi :<\/strong> Pyyd\u00e4n palautetta ty\u00f6nteosta ja reflektion avulla kehit\u00e4n omaa toimintaa jatkuvasti. Osaan kertoa hoitosuosituksista ja erilaisista s\u00e4hk\u00f6isist\u00e4 palveluista. Kirjaan ja raportoin potilaiden voinnista muulle hoitoty\u00f6n ryhm\u00e4lle ja kerron omat mielipiteet, mit\u00e4 tulisi tehd\u00e4.<br><br><strong>Sosiaali- ja terveydenpalvelujen laatu ja turvallisuus. <\/strong><br><strong>L\u00e4ht\u00f6taso :<\/strong> Osaan hoitaa ty\u00f6het\u00e4v\u00e4ni potilasturvallisuuden huomioiden. Osaan tunnistaa erilaisia riskej\u00e4 ty\u00f6paikalla ja informoida muita siit\u00e4 ja tehd\u00e4 korjauksia asiaan, jos mahdollista. Hoidan l\u00e4\u00e4kehoidon rauhallisessa tilassa sek\u00e4 varmistan sen, ett\u00e4 kyseinen l\u00e4\u00e4ke on menossa oikealle potilaalle oikeaan aikaan.<br><br><strong>Keinot tavoitteisiin p\u00e4\u00e4semiseksi : <\/strong> Toteutan hoitoty\u00f6t\u00e4 sill\u00e4 perspektiivill\u00e4, ett\u00e4 huomioin kaikki turvallisuus riskit ja informoin hoitoryhm\u00e4\u00e4 niist\u00e4 ja ehk\u00e4isen v\u00e4litt\u00e4m\u00e4t riskit, joista voisi potilaalla aiheutua harmia. Osaan toteutta l\u00e4\u00e4kehoitoa turvallisesti ja varmistan aina, ett\u00e4 oikea l\u00e4\u00e4ke on menossa oikealle potilaalle.<\/p>\n\n\n\n<p><br><br><br><br><br><\/p>\n\n\n\n<div class=\"wp-block-comments\"><h2 id=\"comments\" class=\"wp-block-comments-title\">2 vastausta artikkeliin &#8220;L\u00e4ht\u00f6taso ja keinot tavoitteisiin&#8221;<\/h2>\n\n<ol class=\"wp-block-comment-template\"><li id=\"comment-22\" class=\"comment even thread-even depth-1\">\n\n<div class=\"wp-block-columns is-layout-flex wp-container-core-columns-is-layout-9d6595d7 wp-block-columns-is-layout-flex\">\n<div class=\"wp-block-column is-layout-flow wp-block-column-is-layout-flow\" style=\"flex-basis:40px\"><div class=\"wp-block-avatar\"><img alt='Marjo Heikkinen avatar' src='https:\/\/secure.gravatar.com\/avatar\/39b88be6add4905f2a51e7280e3924f7563b6a9ea5ee3b76abfd1f89d5390d1c?s=40&#038;d=mm&#038;r=g' srcset='https:\/\/secure.gravatar.com\/avatar\/39b88be6add4905f2a51e7280e3924f7563b6a9ea5ee3b76abfd1f89d5390d1c?s=80&#038;d=mm&#038;r=g 2x' class='avatar avatar-40 photo wp-block-avatar__image' height='40' width='40'  style=\"border-radius:20px;\"\/><\/div><\/div>\n\n\n\n<div class=\"wp-block-column is-layout-flow wp-block-column-is-layout-flow\"><div class=\"wp-block-comment-author-name has-small-font-size\">Marjo Heikkinen<\/div>\n\n\n<div class=\"wp-block-group is-layout-flex wp-block-group-is-layout-flex\" style=\"margin-top:0px;margin-bottom:0px\"><div class=\"wp-block-comment-date has-small-font-size\"><time datetime=\"2025-05-30T11:33:58+03:00\"><a href=\"https:\/\/blogi.savonia.fi\/santerikolehmainen\/harjoittelut\/harjoittelu-sairaanhoitajan-osaamisen-taydentaminen\/tavoitteet\/#comment-22\">30.5.2025<\/a><\/time><\/div>\n\n<\/div>\n\n\n<div class=\"wp-block-comment-content\"><p>Hei Santeri<\/p>\n<p>Nyt olet hyvin avannut t\u00e4m\u00e4n harjoittelun yleisi\u00e4 tavoitteita ja sis\u00e4lt\u00f6j\u00e4, ja varmasti ne viel\u00e4 t\u00e4ydentyv\u00e4t kun perehdyt toimintaan ja yhteis\u00f6\u00f6n. Kun teet harjoittelun opinnollistaen, otat vastuuta ty\u00f6ntekij\u00e4n tavoin, mutta saat olla my\u00f6s oppijana, ja siksi onkin hienoa, ett\u00e4 olet valmis k\u00e4ym\u00e4\u00e4n aktiivisesti keskusteluita t\u00e4m\u00e4n harjoittelun eri tavoitteiden ja sis\u00e4lt\u00f6jen n\u00e4k\u00f6kulmasta.  Perehdy my\u00f6s teoriaan ja hankki tietoa kokemusten rinnalle harjoittelun mittaan, se tukee kokonaisuutta ja oppimistasi monipuolisesti.<br \/>\nSe kokonaisuus varmasti rakentaa ammatillista kasvua.<\/p>\n<p>Olen varannut meille ja ohjaajallesi v\u00e4lipalaute tapaamisen 26.8. klo. 13  zoomissa <a href=\"https:\/\/savonia.zoom.us\/my\/marjo.heikkinen\" rel=\"nofollow ugc\">https:\/\/savonia.zoom.us\/my\/marjo.heikkinen<\/a><\/p>\n<p>Iloa ja oivalluksia harjoitteluun<\/p>\n<p>Marjo<br \/>\np. 044 7856549<\/p>\n<\/div>\n\n<div class=\"wp-block-comment-reply-link has-small-font-size\"><a rel=\"nofollow\" class=\"comment-reply-link\" href=\"https:\/\/blogi.savonia.fi\/santerikolehmainen\/harjoittelut\/harjoittelu-sairaanhoitajan-osaamisen-taydentaminen\/tavoitteet\/?replytocom=22#respond\" data-commentid=\"22\" data-postid=\"259\" data-belowelement=\"comment-22\" data-respondelement=\"respond\" data-replyto=\"Vastaa kommenttiin Marjo Heikkinen\" aria-label=\"Vastaa kommenttiin Marjo Heikkinen\">Vastaa<\/a><\/div><\/div>\n<\/div>\n\n<\/li><li id=\"comment-23\" class=\"comment odd alt thread-odd thread-alt depth-1\">\n\n<div class=\"wp-block-columns is-layout-flex wp-container-core-columns-is-layout-9d6595d7 wp-block-columns-is-layout-flex\">\n<div class=\"wp-block-column is-layout-flow wp-block-column-is-layout-flow\" style=\"flex-basis:40px\"><div class=\"wp-block-avatar\"><img alt='Marjo Heikkinen avatar' src='https:\/\/secure.gravatar.com\/avatar\/39b88be6add4905f2a51e7280e3924f7563b6a9ea5ee3b76abfd1f89d5390d1c?s=40&#038;d=mm&#038;r=g' srcset='https:\/\/secure.gravatar.com\/avatar\/39b88be6add4905f2a51e7280e3924f7563b6a9ea5ee3b76abfd1f89d5390d1c?s=80&#038;d=mm&#038;r=g 2x' class='avatar avatar-40 photo wp-block-avatar__image' height='40' width='40'  style=\"border-radius:20px;\"\/><\/div><\/div>\n\n\n\n<div class=\"wp-block-column is-layout-flow wp-block-column-is-layout-flow\"><div class=\"wp-block-comment-author-name has-small-font-size\">Marjo Heikkinen<\/div>\n\n\n<div class=\"wp-block-group is-layout-flex wp-block-group-is-layout-flex\" style=\"margin-top:0px;margin-bottom:0px\"><div class=\"wp-block-comment-date has-small-font-size\"><time datetime=\"2025-08-20T12:53:43+03:00\"><a href=\"https:\/\/blogi.savonia.fi\/santerikolehmainen\/harjoittelut\/harjoittelu-sairaanhoitajan-osaamisen-taydentaminen\/tavoitteet\/#comment-23\">20.8.2025<\/a><\/time><\/div>\n\n<\/div>\n\n\n<div class=\"wp-block-comment-content\"><p>Hei Santeri, napakasti olet kuvannut harjoittelusi ensimm\u00e4isen viikon t\u00e4\u00e4ll\u00e4 blogissa. Viikkoreflektio on osa harjoittelua, ole siis huolellinen, apuna voit k\u00e4ytt\u00e4\u00e4 harjoittelun tavoitteita ja sis\u00e4lt\u00f6j\u00e4. Mutta ennen kaikkea, miten osaamisesi syventyy ja monipuolistuu t\u00e4ss\u00e4 harjoittelussa? Mit\u00e4 itsest\u00e4si oivallat? Muistathan v\u00e4lill\u00e4 asettua oppimasi ja kokemasi \u00e4\u00e4reen ja kirjailla ajatuksia viikkoreflektioon.<br \/>\nAvaa my\u00f6s kommenttikent\u00e4t v\u00e4lilehdille, nyt saat ensimm\u00e4isen temppiviestin t\u00e4nne alkuun.<br \/>\nOivalluksia p\u00e4iviisi<br \/>\nMarjo<\/p>\n<\/div>\n\n<div class=\"wp-block-comment-reply-link has-small-font-size\"><a rel=\"nofollow\" class=\"comment-reply-link\" href=\"https:\/\/blogi.savonia.fi\/santerikolehmainen\/harjoittelut\/harjoittelu-sairaanhoitajan-osaamisen-taydentaminen\/tavoitteet\/?replytocom=23#respond\" data-commentid=\"23\" data-postid=\"259\" data-belowelement=\"comment-23\" data-respondelement=\"respond\" data-replyto=\"Vastaa kommenttiin Marjo Heikkinen\" aria-label=\"Vastaa kommenttiin Marjo Heikkinen\">Vastaa<\/a><\/div><\/div>\n<\/div>\n\n<\/li><\/ol>\n\n\n\n\t<div id=\"respond\" class=\"comment-respond wp-block-post-comments-form\">\n\t\t<h3 id=\"reply-title\" class=\"comment-reply-title\">Vastaa <small><a rel=\"nofollow\" id=\"cancel-comment-reply-link\" href=\"\/santerikolehmainen\/wp-json\/wp\/v2\/pages\/259#respond\" style=\"display:none;\">Peruuta vastaus<\/a><\/small><\/h3><form action=\"https:\/\/blogi.savonia.fi\/santerikolehmainen\/wp-comments-post.php\" method=\"post\" id=\"commentform\" class=\"comment-form\"><p class=\"comment-notes\"><span id=\"email-notes\">S\u00e4hk\u00f6postiosoitettasi ei julkaista.<\/span> <span class=\"required-field-message\">Pakolliset kent\u00e4t on merkitty <span class=\"required\">*<\/span><\/span><\/p><p class=\"comment-form-comment\"><label for=\"comment\">Kommentti <span class=\"required\">*<\/span><\/label> <textarea id=\"comment\" name=\"comment\" cols=\"45\" rows=\"8\" maxlength=\"65525\" required=\"required\"><\/textarea><\/p><p class=\"comment-form-author\"><label for=\"author\">Nimi <span class=\"required\">*<\/span><\/label> <input id=\"author\" name=\"author\" type=\"text\" value=\"\" size=\"30\" maxlength=\"245\" autocomplete=\"name\" required=\"required\" \/><\/p>\n<p class=\"comment-form-email\"><label for=\"email\">S\u00e4hk\u00f6postiosoite <span class=\"required\">*<\/span><\/label> <input id=\"email\" name=\"email\" type=\"text\" value=\"\" size=\"30\" maxlength=\"100\" aria-describedby=\"email-notes\" autocomplete=\"email\" required=\"required\" \/><\/p>\n<p class=\"comment-form-url\"><label for=\"url\">Verkkosivusto<\/label> <input id=\"url\" name=\"url\" type=\"text\" value=\"\" size=\"30\" maxlength=\"200\" autocomplete=\"url\" \/><\/p>\n<p class=\"comment-form-cookies-consent\"><input id=\"wp-comment-cookies-consent\" name=\"wp-comment-cookies-consent\" type=\"checkbox\" value=\"yes\" \/> <label for=\"wp-comment-cookies-consent\">Tallenna nimeni, s\u00e4hk\u00f6postiosoitteeni ja sivustoni t\u00e4h\u00e4n selaimeen seuraavaa kommentointikertaa varten.<\/label><\/p>\n<p class=\"form-submit\"><p class=\"be-mu-captcha-comment-image-p\"><label>Security Image:<\/label> <img decoding=\"async\" class=\"be-mu-captcha-image\" src=\"https:\/\/blogi.savonia.fi\/santerikolehmainen\/wp-content\/uploads\/sites\/12213\/be_mu_captcha\/pxgabfyl24vo2y84m6tbi6oo8vr8v8mwboqi5rb8.png\" \/> <input name=\"be-mu-captcha-request\" type=\"hidden\" value=\"pxgabfyl24vo2y84m6tbi6oo8vr8v8mwboqi5rb8\" \/><\/p><p class=\"be-mu-captcha-comment-answer-p\"><label for=\"be-mu-captcha-answer\">Security Text:<\/label> <input id=\"be-mu-captcha-answer\" autocomplete=\"off\" name=\"be-mu-captcha-answer\" size=\"9\" type=\"text\" \/><\/p><input name=\"submit\" type=\"submit\" id=\"submit\" class=\"submit\" value=\"L\u00e4het\u00e4 kommentti\" \/> <input type='hidden' name='comment_post_ID' value='259' id='comment_post_ID' \/>\n<input type='hidden' name='comment_parent' id='comment_parent' value='0' \/>\n<\/p><\/form>\t<\/div><!-- #respond -->\n\t<\/div>\n","protected":false},"excerpt":{"rendered":"<p>Opintojakson suoritettuaan opiskelija osaa\u00b7 soveltaa eettisi\u00e4 ohjeita ja lains\u00e4\u00e4d\u00e4nt\u00f6\u00e4 toimiessaan erilaisissa hoitoty\u00f6n tilanteissa ja toimintaymp\u00e4rist\u00f6iss\u00e4\u00b7 ty\u00f6skennell\u00e4 potilasturvallisuutta edist\u00e4en potilaan hoitoprosessin kaikissa vaiheissa\u00b7 k\u00e4ytt\u00e4\u00e4 s\u00e4hk\u00f6isi\u00e4 terveydenhuollon palveluja osana potilaan kokonaishoitoa\u00b7 ty\u00f6skennell\u00e4 asiakasl\u00e4ht\u00f6isesti huomioiden potilaan voimavarat ja tarpeet hoito- ja ohjaustilanteissa sek\u00e4 toimia potilaan ja hoitoty\u00f6n edustajana erilaisissa ty\u00f6ryhmiss\u00e4\u00b7 tavanomaiset l\u00e4\u00e4kkeiden antotavat, l\u00e4\u00e4kehoidon ohjauksen ja osaa arvioida\u2026 <span class=\"read-more\"><a href=\"https:\/\/blogi.savonia.fi\/santerikolehmainen\/harjoittelut\/harjoittelu-sairaanhoitajan-osaamisen-taydentaminen\/tavoitteet\/\">Read More &raquo;<\/a><\/span><\/p>\n","protected":false},"author":10217,"featured_media":0,"parent":257,"menu_order":1,"comment_status":"open","ping_status":"closed","template":"","meta":{"footnotes":""},"class_list":["post-259","page","type-page","status-publish","hentry"],"_links":{"self":[{"href":"https:\/\/blogi.savonia.fi\/santerikolehmainen\/wp-json\/wp\/v2\/pages\/259","targetHints":{"allow":["GET"]}}],"collection":[{"href":"https:\/\/blogi.savonia.fi\/santerikolehmainen\/wp-json\/wp\/v2\/pages"}],"about":[{"href":"https:\/\/blogi.savonia.fi\/santerikolehmainen\/wp-json\/wp\/v2\/types\/page"}],"author":[{"embeddable":true,"href":"https:\/\/blogi.savonia.fi\/santerikolehmainen\/wp-json\/wp\/v2\/users\/10217"}],"replies":[{"embeddable":true,"href":"https:\/\/blogi.savonia.fi\/santerikolehmainen\/wp-json\/wp\/v2\/comments?post=259"}],"version-history":[{"count":4,"href":"https:\/\/blogi.savonia.fi\/santerikolehmainen\/wp-json\/wp\/v2\/pages\/259\/revisions"}],"predecessor-version":[{"id":268,"href":"https:\/\/blogi.savonia.fi\/santerikolehmainen\/wp-json\/wp\/v2\/pages\/259\/revisions\/268"}],"up":[{"embeddable":true,"href":"https:\/\/blogi.savonia.fi\/santerikolehmainen\/wp-json\/wp\/v2\/pages\/257"}],"wp:attachment":[{"href":"https:\/\/blogi.savonia.fi\/santerikolehmainen\/wp-json\/wp\/v2\/media?parent=259"}],"curies":[{"name":"wp","href":"https:\/\/api.w.org\/{rel}","templated":true}]}}