{"id":270,"date":"2025-08-13T10:59:21","date_gmt":"2025-08-13T07:59:21","guid":{"rendered":"https:\/\/blogi.savonia.fi\/santerikolehmainen\/?page_id=270"},"modified":"2025-09-26T11:39:12","modified_gmt":"2025-09-26T08:39:12","slug":"reflektio","status":"publish","type":"page","link":"https:\/\/blogi.savonia.fi\/santerikolehmainen\/harjoittelut\/harjoittelu-sairaanhoitajan-osaamisen-taydentaminen\/reflektio\/","title":{"rendered":"Oppimisen reflektointi"},"content":{"rendered":"\n<p><strong>Viikko 32<\/strong><\/p>\n\n\n\n<p>Ensimm\u00e4isen viikon tavoitteiksi olin asettanut:<br>Paikkan k\u00e4yt\u00e4nteisiin tutustuminen, perehdytyskansion l\u00e4pik\u00e4yminen sek\u00e4 ryhmien seuraaminen ja mahdollinen vet\u00e4minen.<br><br>Ensimm\u00e4inen viikko takana ja mielest\u00e4ni tavoitteet onnistuivat hyvin. Hyvin alkanut harjoittelujakso ja ohjaajat ovat ahkerasti perehdytt\u00e4neet minua omiin ty\u00f6teht\u00e4viin. Olen ollut ryhmiss\u00e4 mukana  sek\u00e4 vet\u00e4nyt ryhmi\u00e4.  Kuntoutujia on hyv\u00e4 m\u00e4\u00e4r\u00e4 ja olen heid\u00e4nkin kanssa ehtinyt kesksutella el\u00e4m\u00e4n erilaisita asioista ja saanut hieman syvemp\u00e4\u00e4 ymm\u00e4ryst\u00e4 p\u00e4ihderiippuvuudesta. Oppimistilanteenta ehk\u00e4 kokonaisuudessa sellainen vuoron suunnitelu. Kuntoutujille pit\u00e4\u00e4 valmiiksi mietti\u00e4 erilaisia teht\u00e4vi\u00e4 ja aktiiviteettia p\u00e4iv\u00e4\u00e4n, jotta se sujuu sulavastii.<br><br>Toisen viikon tavoitteisiin kuntoutujien omahoitajakeskustelut sek\u00e4 ryhmien itsen\u00e4\u00e4n vet\u00e4minen.<\/p>\n\n\n\n<p><br><br><strong>Viikko 33.<\/strong><br>Viikko sujui hyviss\u00e4 merkeiss\u00e4, paikan k\u00e4yt\u00e4nn\u00f6t alkoivat sujua paremmin ja ryhmien vet\u00e4minen alkoi luostamaan hyvin. <br><br>Viikon tavoitteiisiin olin itselleni kirjannut, ett\u00e4 aikomuksena omahoitajakeskusteluiden pit\u00e4minen sek\u00e4 ryhmien itsen\u00e4inen vet\u00e4minen. N\u00e4iss\u00e4 onnistumiskokemuksia tullut enemm\u00e4n, olen my\u00f6s saanut ty\u00f6ntekij\u00f6ilt\u00e4 positiivista palautetta kirjauksista ja potilaiden kanssa kommunikoinnista. Viikko siis menyt omasta mielest\u00e4 positiivisissa merkeiss\u00e4 ja tekemist\u00e4 on riitt\u00e4nyt sopivasti. Olen p\u00e4\u00e4ssyt harjoittelussa keskustelemaan kuntoutujien kanssa ja olen saanut paljon uusia n\u00e4kemyksi\u00e4 p\u00e4ihde ja mielenterveyden aiheuttamiin haittoihin. Olen kuntoutujien kanssa keskustellessa my\u00f6s hy\u00f6dynt\u00e4nyt omia kokemuksiani ja ohjeistanut heit\u00e4 erilaisten palveluiden piiriin, joista kuntoutujilla ollut tietoa . <br><br>Viikon oppimiskokemus, <br>kuntoutuja tuli kuntoutukseen, mutta ty\u00f6ntekij\u00f6iden mielest\u00e4 t\u00e4m\u00e4n psyykkinen vointi oli heikolla voinnilla. Seurasin mitenk\u00e4 osaston hoitajat sek\u00e4 esimies jututtivat ja tekiv\u00e4t kartoitusta kuntoutujan psyykkisest\u00e4 voinnista. Kuntoutuja loppupeleiss\u00e4 joutui p\u00e4ivystykseen heikon psyykkisen voinnin vuoksi. Kuntoutusty\u00f6ss\u00e4 on siis t\u00e4rke\u00e4\u00e4 tarkkailla kuntoutujien vointia ja sopia jatkohoitoja sen suhteen, kuten erilaiset psykiatrian palvelut ja l\u00e4\u00e4kehoidon j\u00e4rjest\u00e4minen jatkon aikana. My\u00f6s kuntoutujien oman mielipiteen kuunteleminen on t\u00e4st\u00e4 syyst\u00e4 t\u00e4rke\u00e4\u00e4. <br><br>VIikko 34 tavoitteet. Kirjauksien sujuvuuden edist\u00e4minen ja j\u00e4rjestelm\u00e4llisyyden tarkennus. Kirjaukset v\u00e4lill\u00e4 meinaavat olla hieman ep\u00e4selvi\u00e4. My\u00f6s ryhmien parempi suunnittelu ja erilaisten apuv\u00e4lineiden k\u00e4ytt\u00e4minen ryhmiss\u00e4 yhten\u00e4 tavoitteena, v\u00e4lill\u00e4 kuntoutujilta pit\u00e4\u00e4 kysell\u00e4 lis\u00e4kysymyksi\u00e4 ja her\u00e4tt\u00e4\u00e4 keskustelua t\u00e4ll\u00e4tavalla.<br><br><strong>Viikko 34 v\u00e4liarvio<\/strong><br><br><strong>Viikko 35.<\/strong> <br>Viikko mennyt hyvinn, olen p\u00e4\u00e4ssyt tekem\u00e4\u00e4n enemm\u00e4n omatoimisesti kuntoutuksen ty\u00f6teht\u00e4vi\u00e4. Kirjaukset ovat l\u00e4hteneet sujumaan paljon sujuvammin. Ryhmien suunnittelu on viel\u00e4kin hakusessa, mutta ryhm\u00e4toiminta itsest\u00e4\u00e4n on alkanut sujua paljon paremmin, olen k\u00e4ytt\u00e4nyt ryhmiss\u00e4 paljon apukysymyksi\u00e4 ja jatkanut keskustelua. Olen my\u00f6s aktivoinut kuntoutujia kysym\u00e4ll\u00e4 lis\u00e4\u00e4 kysymyksi\u00e4, jos vastaus on j\u00e4\u00e4nyt avonaiseksi, my\u00f6s jos ei kuntoutuja ole keksinyt vastausta omalla vuorolla olen antanut kuntoutujan kuunnella muiden vastauksia ja t\u00e4m\u00e4n j\u00e4lkeen kertoa millaisia ajatuksia her\u00e4nnyt keskustelusta. Viikko 36 tavoitteena omahoitajakeskusteluihin syventyminen sek\u00e4 l\u00e4\u00e4kehoitoty\u00f6n parempi sis\u00e4ist\u00e4minen (tarkempi opettelu l\u00e4\u00e4keaineiden vaikutuksesta ja k\u00e4ytt\u00f6tarkoituksista)<br><br><br><strong>Viikko 36<\/strong><br>Viikko mennyt hyviss\u00e4 merkeiss\u00e4. Olen ehtinyt pit\u00e4m\u00e4\u00e4n muutaman kuntoutujan kanssa omahoitajakeskusteluita ja olen niiden avulla saanut uutta tietoa p\u00e4ihderiippuvuudesta, keskusteluissa my\u00f6s olen her\u00e4tellyt kuntoutujien mietteit\u00e4 omasta sairaudestaan ja keksi\u00e4 uusia keinoja raittiuden yll\u00e4pit\u00e4miseen.Viikon aikana my\u00f6s olen kuntoutujien kanssa miettinyt yhdess\u00e4 erilaisia ahdistuksen hallintakeinoja ja olemme kokeilleet joitakin niist\u00e4, kuten rentoutus tai ulkona pelailu. N\u00e4m\u00e4 edell\u00e4mainitut l\u00e4\u00e4kkeett\u00f6m\u00e4t ahdistuksen hallintakeinot ovat hyv\u00e4 osata ja muistaa omassa kuntouttavassa ty\u00f6otteessa.<br><br><strong>Viikko 37.<\/strong><br>Viimeinen viikko sujui hyviss\u00e4 merkeiss\u00e4. Viimeisen viikon tavoitteina oli vahistaa omaa ty\u00f6skentely\u00e4 ja motivoivaa ty\u00f6otetta. Pidin kuntoutujien kanssa hoitoneuvotteluita ulkoisten tahojen kanssa. Mielest\u00e4ni palaverit meniv\u00e4t hyvin ja saimme kuntoutujille hyvin jatkohoito kontakteja kuntoutuksesta l\u00e4htemisen j\u00e4lkeiselle ajalle. Motivoivaa ty\u00f6otetta hy\u00f6dynsin omahoitajakeskusteluissa ja huomasin sen t\u00e4rkeyden, kuntoutuja on paljon sitoutuneempi hoitoon, jos hoito on motivaatiol\u00e4ht\u00f6ist\u00e4. Harjoittelu on antanut minulla paljon uusia n\u00e4k\u00f6kulmia p\u00e4ihde- ja mielenterveysty\u00f6st\u00e4 ja olen kokenut vahvistaneeni omaa ammattidentiteetti\u00e4ni.<br><\/p>\n\n\n\n<p><\/p>\n\n\n\n<p><\/p>\n\n\n\n<div class=\"wp-block-comments\"><h2 id=\"comments\" class=\"wp-block-comments-title\">2 vastausta artikkeliin &#8220;Oppimisen reflektointi&#8221;<\/h2>\n\n<ol class=\"wp-block-comment-template\"><li id=\"comment-25\" class=\"comment even thread-even depth-1\">\n\n<div class=\"wp-block-columns is-layout-flex wp-container-core-columns-is-layout-9d6595d7 wp-block-columns-is-layout-flex\">\n<div class=\"wp-block-column is-layout-flow wp-block-column-is-layout-flow\" style=\"flex-basis:40px\"><div class=\"wp-block-avatar\"><img alt='Marjo Heikkinen avatar' src='https:\/\/secure.gravatar.com\/avatar\/39b88be6add4905f2a51e7280e3924f7563b6a9ea5ee3b76abfd1f89d5390d1c?s=40&#038;d=mm&#038;r=g' srcset='https:\/\/secure.gravatar.com\/avatar\/39b88be6add4905f2a51e7280e3924f7563b6a9ea5ee3b76abfd1f89d5390d1c?s=80&#038;d=mm&#038;r=g 2x' class='avatar avatar-40 photo wp-block-avatar__image' height='40' width='40'  style=\"border-radius:20px;\"\/><\/div><\/div>\n\n\n\n<div class=\"wp-block-column is-layout-flow wp-block-column-is-layout-flow\"><div class=\"wp-block-comment-author-name has-small-font-size\">Marjo Heikkinen<\/div>\n\n\n<div class=\"wp-block-group is-layout-flex wp-block-group-is-layout-flex\" style=\"margin-top:0px;margin-bottom:0px\"><div class=\"wp-block-comment-date has-small-font-size\"><time datetime=\"2025-09-04T08:45:25+03:00\"><a href=\"https:\/\/blogi.savonia.fi\/santerikolehmainen\/harjoittelut\/harjoittelu-sairaanhoitajan-osaamisen-taydentaminen\/reflektio\/#comment-25\">4.9.2025<\/a><\/time><\/div>\n\n<\/div>\n\n\n<div class=\"wp-block-comment-content\"><p>Hei Santeri, onpa varmaan toimiva oman oppimisen ohjauksen johtamisen ja arvioinnin menetelm\u00e4 tuo, ett\u00e4 teet itsellesi viikkotavoitteita. Silloin kiinnit\u00e4t huomiota varmaankin erityisesti juuri sen tavoitteen menetelmiin ja siihen, kuinka toimit hoitajana ja edist\u00e4t potilaan hoitoa. Ent\u00e4 miten itse koet? Millaiset tilanteet ja potilaat her\u00e4tt\u00e4v\u00e4t tunteita, miten ty\u00f6skentelet itsesi kanssa? Miss\u00e4 n\u00e4kyy ammatillinen kasvu?<br \/>\nMarjo<\/p>\n<\/div>\n\n<div class=\"wp-block-comment-reply-link has-small-font-size\"><a rel=\"nofollow\" class=\"comment-reply-link\" href=\"https:\/\/blogi.savonia.fi\/santerikolehmainen\/harjoittelut\/harjoittelu-sairaanhoitajan-osaamisen-taydentaminen\/reflektio\/?replytocom=25#respond\" data-commentid=\"25\" data-postid=\"270\" data-belowelement=\"comment-25\" data-respondelement=\"respond\" data-replyto=\"Vastaa kommenttiin Marjo Heikkinen\" aria-label=\"Vastaa kommenttiin Marjo Heikkinen\">Vastaa<\/a><\/div><\/div>\n<\/div>\n\n<\/li><li id=\"comment-26\" class=\"comment odd alt thread-odd thread-alt depth-1\">\n\n<div class=\"wp-block-columns is-layout-flex wp-container-core-columns-is-layout-9d6595d7 wp-block-columns-is-layout-flex\">\n<div class=\"wp-block-column is-layout-flow wp-block-column-is-layout-flow\" style=\"flex-basis:40px\"><div class=\"wp-block-avatar\"><img alt='Marjo Heikkinen avatar' src='https:\/\/secure.gravatar.com\/avatar\/39b88be6add4905f2a51e7280e3924f7563b6a9ea5ee3b76abfd1f89d5390d1c?s=40&#038;d=mm&#038;r=g' srcset='https:\/\/secure.gravatar.com\/avatar\/39b88be6add4905f2a51e7280e3924f7563b6a9ea5ee3b76abfd1f89d5390d1c?s=80&#038;d=mm&#038;r=g 2x' class='avatar avatar-40 photo wp-block-avatar__image' height='40' width='40'  style=\"border-radius:20px;\"\/><\/div><\/div>\n\n\n\n<div class=\"wp-block-column is-layout-flow wp-block-column-is-layout-flow\"><div class=\"wp-block-comment-author-name has-small-font-size\">Marjo Heikkinen<\/div>\n\n\n<div class=\"wp-block-group is-layout-flex wp-block-group-is-layout-flex\" style=\"margin-top:0px;margin-bottom:0px\"><div class=\"wp-block-comment-date has-small-font-size\"><time datetime=\"2025-10-01T13:26:19+03:00\"><a href=\"https:\/\/blogi.savonia.fi\/santerikolehmainen\/harjoittelut\/harjoittelu-sairaanhoitajan-osaamisen-taydentaminen\/reflektio\/#comment-26\">1.10.2025<\/a><\/time><\/div>\n\n<\/div>\n\n\n<div class=\"wp-block-comment-content\"><p>Hei Santeri, olet hienosti koonnut reflektoiden oppimaasi ja kokemaasi. Olet ohjannut ty\u00f6t\u00e4si itsen\u00e4isesti ja tehnyt siit\u00e4 hyv\u00e4n koonnin. Kommentoin sit\u00e4 t\u00e4\u00e4ll\u00e4, sill\u00e4 yhteenveto sivulla ei ole kommenttikentt\u00e4\u00e4 avoinna.  Oman oppimisen ohjaaminen onkin t\u00e4ss\u00e4 vaiheessa opintoja t\u00e4rke\u00e4\u00e4, niin ett\u00e4 ammatillinen kasvu ja osaaminen t\u00e4ydentyy ja syventyy. Etenkin, kun olet suorittanut harjoittelun opinnollistaen &#8211; siis samalla ty\u00f6suhteessa ja vastuussa kuin harjoittelussakin.<\/p>\n<p>Nyt harjoittelu tulee ohjeen mukaan viimeistell\u00e4 hyv\u00e4ksytyll\u00e4 ty\u00f6vuorolomakkeella s\u00e4hk\u00f6iseen j\u00e4rjestelm\u00e4\u00e4n sek\u00e4 ty\u00f6todistuksella (muista peitt\u00e4\u00e4 henkil\u00f6tunnus). <\/p>\n<p>Olen niit\u00e4 viel\u00e4 odotellut, mutta kun saat ne tallennettua, l\u00e4het\u00e4 minulle viesti, niin tied\u00e4n k\u00e4yd\u00e4 tarkastamassa ja p\u00e4\u00e4sen kirjaamaan suorituksen.<br \/>\nJa sin\u00e4 taas uusiin opinto- ja harjoittelujaksoihin kohti uutta ammattilaisuutta.<br \/>\nMarjo<\/p>\n<\/div>\n\n<div class=\"wp-block-comment-reply-link has-small-font-size\"><a rel=\"nofollow\" class=\"comment-reply-link\" href=\"https:\/\/blogi.savonia.fi\/santerikolehmainen\/harjoittelut\/harjoittelu-sairaanhoitajan-osaamisen-taydentaminen\/reflektio\/?replytocom=26#respond\" data-commentid=\"26\" data-postid=\"270\" data-belowelement=\"comment-26\" data-respondelement=\"respond\" data-replyto=\"Vastaa kommenttiin Marjo Heikkinen\" aria-label=\"Vastaa kommenttiin Marjo Heikkinen\">Vastaa<\/a><\/div><\/div>\n<\/div>\n\n<\/li><\/ol>\n\n\n\n\t<div id=\"respond\" class=\"comment-respond wp-block-post-comments-form\">\n\t\t<h3 id=\"reply-title\" class=\"comment-reply-title\">Vastaa <small><a rel=\"nofollow\" id=\"cancel-comment-reply-link\" href=\"\/santerikolehmainen\/wp-json\/wp\/v2\/pages\/270#respond\" style=\"display:none;\">Peruuta vastaus<\/a><\/small><\/h3><form action=\"https:\/\/blogi.savonia.fi\/santerikolehmainen\/wp-comments-post.php\" method=\"post\" id=\"commentform\" class=\"comment-form\"><p class=\"comment-notes\"><span id=\"email-notes\">S\u00e4hk\u00f6postiosoitettasi ei julkaista.<\/span> <span class=\"required-field-message\">Pakolliset kent\u00e4t on merkitty <span class=\"required\">*<\/span><\/span><\/p><p class=\"comment-form-comment\"><label for=\"comment\">Kommentti <span class=\"required\">*<\/span><\/label> <textarea id=\"comment\" name=\"comment\" cols=\"45\" rows=\"8\" maxlength=\"65525\" required=\"required\"><\/textarea><\/p><p class=\"comment-form-author\"><label for=\"author\">Nimi <span class=\"required\">*<\/span><\/label> <input id=\"author\" name=\"author\" type=\"text\" value=\"\" size=\"30\" maxlength=\"245\" autocomplete=\"name\" required=\"required\" \/><\/p>\n<p class=\"comment-form-email\"><label for=\"email\">S\u00e4hk\u00f6postiosoite <span class=\"required\">*<\/span><\/label> <input id=\"email\" name=\"email\" type=\"text\" value=\"\" size=\"30\" maxlength=\"100\" aria-describedby=\"email-notes\" autocomplete=\"email\" required=\"required\" \/><\/p>\n<p class=\"comment-form-url\"><label for=\"url\">Verkkosivusto<\/label> <input id=\"url\" name=\"url\" type=\"text\" value=\"\" size=\"30\" maxlength=\"200\" autocomplete=\"url\" \/><\/p>\n<p class=\"comment-form-cookies-consent\"><input id=\"wp-comment-cookies-consent\" name=\"wp-comment-cookies-consent\" type=\"checkbox\" value=\"yes\" \/> <label for=\"wp-comment-cookies-consent\">Tallenna nimeni, s\u00e4hk\u00f6postiosoitteeni ja sivustoni t\u00e4h\u00e4n selaimeen seuraavaa kommentointikertaa varten.<\/label><\/p>\n<p class=\"form-submit\"><p class=\"be-mu-captcha-comment-image-p\"><label>Security Image:<\/label> <img decoding=\"async\" class=\"be-mu-captcha-image\" src=\"https:\/\/blogi.savonia.fi\/santerikolehmainen\/wp-content\/uploads\/sites\/12213\/be_mu_captcha\/7n1ruzl9fm6qme8rfhutbll8m7ezqajesv6cpc19.png\" \/> <input name=\"be-mu-captcha-request\" type=\"hidden\" value=\"7n1ruzl9fm6qme8rfhutbll8m7ezqajesv6cpc19\" \/><\/p><p class=\"be-mu-captcha-comment-answer-p\"><label for=\"be-mu-captcha-answer\">Security Text:<\/label> <input id=\"be-mu-captcha-answer\" autocomplete=\"off\" name=\"be-mu-captcha-answer\" size=\"9\" type=\"text\" \/><\/p><input name=\"submit\" type=\"submit\" id=\"submit\" class=\"submit\" value=\"L\u00e4het\u00e4 kommentti\" \/> <input type='hidden' name='comment_post_ID' value='270' id='comment_post_ID' \/>\n<input type='hidden' name='comment_parent' id='comment_parent' value='0' \/>\n<\/p><\/form>\t<\/div><!-- #respond -->\n\t<\/div>\n","protected":false},"excerpt":{"rendered":"<p>Viikko 32 Ensimm\u00e4isen viikon tavoitteiksi olin asettanut:Paikkan k\u00e4yt\u00e4nteisiin tutustuminen, perehdytyskansion l\u00e4pik\u00e4yminen sek\u00e4 ryhmien seuraaminen ja mahdollinen vet\u00e4minen. Ensimm\u00e4inen viikko takana ja mielest\u00e4ni tavoitteet onnistuivat hyvin. Hyvin alkanut harjoittelujakso ja ohjaajat ovat ahkerasti perehdytt\u00e4neet minua omiin ty\u00f6teht\u00e4viin. Olen ollut ryhmiss\u00e4 mukana sek\u00e4 vet\u00e4nyt ryhmi\u00e4. Kuntoutujia on hyv\u00e4 m\u00e4\u00e4r\u00e4 ja olen heid\u00e4nkin kanssa ehtinyt kesksutella el\u00e4m\u00e4n erilaisita\u2026 <span class=\"read-more\"><a href=\"https:\/\/blogi.savonia.fi\/santerikolehmainen\/harjoittelut\/harjoittelu-sairaanhoitajan-osaamisen-taydentaminen\/reflektio\/\">Read More &raquo;<\/a><\/span><\/p>\n","protected":false},"author":10217,"featured_media":0,"parent":257,"menu_order":2,"comment_status":"open","ping_status":"closed","template":"","meta":{"footnotes":""},"class_list":["post-270","page","type-page","status-publish","hentry"],"_links":{"self":[{"href":"https:\/\/blogi.savonia.fi\/santerikolehmainen\/wp-json\/wp\/v2\/pages\/270","targetHints":{"allow":["GET"]}}],"collection":[{"href":"https:\/\/blogi.savonia.fi\/santerikolehmainen\/wp-json\/wp\/v2\/pages"}],"about":[{"href":"https:\/\/blogi.savonia.fi\/santerikolehmainen\/wp-json\/wp\/v2\/types\/page"}],"author":[{"embeddable":true,"href":"https:\/\/blogi.savonia.fi\/santerikolehmainen\/wp-json\/wp\/v2\/users\/10217"}],"replies":[{"embeddable":true,"href":"https:\/\/blogi.savonia.fi\/santerikolehmainen\/wp-json\/wp\/v2\/comments?post=270"}],"version-history":[{"count":6,"href":"https:\/\/blogi.savonia.fi\/santerikolehmainen\/wp-json\/wp\/v2\/pages\/270\/revisions"}],"predecessor-version":[{"id":297,"href":"https:\/\/blogi.savonia.fi\/santerikolehmainen\/wp-json\/wp\/v2\/pages\/270\/revisions\/297"}],"up":[{"embeddable":true,"href":"https:\/\/blogi.savonia.fi\/santerikolehmainen\/wp-json\/wp\/v2\/pages\/257"}],"wp:attachment":[{"href":"https:\/\/blogi.savonia.fi\/santerikolehmainen\/wp-json\/wp\/v2\/media?parent=270"}],"curies":[{"name":"wp","href":"https:\/\/api.w.org\/{rel}","templated":true}]}}