{"id":292,"date":"2025-09-26T11:20:06","date_gmt":"2025-09-26T08:20:06","guid":{"rendered":"https:\/\/blogi.savonia.fi\/santerikolehmainen\/?page_id=292"},"modified":"2026-01-12T10:23:48","modified_gmt":"2026-01-12T08:23:48","slug":"yhteenveto","status":"publish","type":"page","link":"https:\/\/blogi.savonia.fi\/santerikolehmainen\/harjoittelut\/harjoittelu-sairaanhoitajan-osaamisen-taydentaminen\/yhteenveto\/","title":{"rendered":"Yhteenveto"},"content":{"rendered":"\n<p><strong>Eettinen osaaminen ja ammatillisuus.  <\/strong><br><strong>L\u00e4ht\u00f6taso : <\/strong>Osaan ottaa vastuun omasta oppimisestani ja t\u00e4ydent\u00e4\u00e4 omaa tietotaitoa ja osaamista ty\u00f6paikan ymp\u00e4rist\u00f6ss\u00e4. Osaan reflektoida omaa osaamistani ja pyyt\u00e4\u00e4 palautetta sek\u00e4 kehitt\u00e4\u00e4 omaa toimintaani sen perusteella. Osaan eettiset ohjeet sek\u00e4 lains\u00e4\u00e4d\u00e4nn\u00f6lt erilaisissa hoitoty\u00f6n tilanteissa. Kokemusta p\u00e4ihde- ja mielenterveysty\u00f6st\u00e4 l\u00f6ytyy ja tied\u00e4n eettisen osaamisen ja ammatillisuuden t\u00e4rkeyden hoitoty\u00f6ss\u00e4.<br><br><strong>Harjoittelun p\u00e4\u00e4tytty\u00e4:<\/strong><br>Otin vastuun omasta oppimisestani ja kyselin sek\u00e4 tein tiedonhakua, jos en tiennyt jostain asista. Reflektoin viikottain omaan blogiini sek\u00e4 sain palautetta omasta ty\u00f6skentelyst\u00e4ni. Ty\u00f6t\u00e4 tein eettisten ohjeiden sek\u00e4 lains\u00e4\u00e4nd\u00e4nn\u00f6n rajoissa hyvin. Sain lis\u00e4\u00e4 kokemusta ja tiet\u00e4myst\u00e4 p\u00e4ihde- ja mielenterveysty\u00f6st\u00e4.<br><br><strong>Keinot tavoitteisiin p\u00e4\u00e4semiseksi : <\/strong> Opiskelijana otan avoimen asenteen ty\u00f6h\u00f6n ja yrit\u00e4n sis\u00e4ist\u00e4\u00e4 kaiken tiedon ja kyselen paljon sairauksista, joita potilailla on ja erilaisista hoitotavoista joilla kyseisi\u00e4 sairauksia voidaan hoitaa. Kirjaan tavoitteet jokaiselle viikolle ja jokaisen viikon j\u00e4lkeen reflektoin blogiin sek\u00e4 ohjaajille omaa kehittymist\u00e4. Teen tiedonhakua erilaisista lakipyk\u00e4list\u00e4 ja informoin potilaita heid\u00e4n oikeuksistaan. Hy\u00f6dynn\u00e4n ty\u00f6ss\u00e4ni tasa-arvoista ty\u00f6otetta, mutta kuitenkin huomioin jokaisen asiakkaan oman yksil\u00f6llisen hoidon.<br><br><strong>Harjoittelun p\u00e4\u00e4tytty\u00e4:<\/strong><br>Harjoittelujakso meni hyvin ja sain sis\u00e4lletty\u00e4 paljon uutta tietoa p\u00e4ihde- ja mielenterveysty\u00f6n kuntoututavasta puolesta. Kirjasin tavoitteet viikottain ja tavoittelin niit\u00e4 erilaisin keinoin. Ty\u00f6otteeni oli tasa-arvoinen ja hy\u00f6dynsin omaa aiempaa p\u00e4ihdety\u00f6n kokemusta harjoittelussani.<br><br><strong>Asiakasl\u00e4ht\u00f6isyys ja kliininen osaaminen.<\/strong> <br><strong>L\u00e4ht\u00f6taso : <\/strong>Osaan hoitoty\u00f6ss\u00e4 ottaa huomioon asiakkaat ja tehd\u00e4 t\u00f6it\u00e4 voimavara l\u00e4ht\u00f6isesti. Osaan toimia asiakkaan edustajana erilaisissa ty\u00f6ryhmiss\u00e4. Hallitsen tavanomaisten l\u00e4\u00e4kkeiden antotavat. Osaan arvioida potilaille annettavien l\u00e4\u00e4kkeiden haittavaikutuksia ja keskustella l\u00e4\u00e4k\u00e4rin kanssa, jos oma arvio on eri jostain l\u00e4\u00e4kkeest\u00e4. Osaan my\u00f6s antaa ohjeistusta l\u00e4\u00e4kkeiden ottamisen ja niiden tarkoituksen suhteen asiakkaille.<br><br><strong>Keinot tavoitteisiin p\u00e4\u00e4semiseksi : <\/strong> Otan hoitoty\u00f6ss\u00e4ni huomioon kaikki asiakkaat yksil\u00f6llisesti ja tasa-arvoisesti sek\u00e4 osaan tehd\u00e4 arviota mik\u00e4 olisi paras hoitolinja asiakkaan hoidon suhteen. Edustan asiakkasta raporteilla ja kerron h\u00e4nest\u00e4 l\u00e4\u00e4k\u00e4rille sek\u00e4 sosiaality\u00f6ntekij\u00e4lle, jos tarve on. J\u00e4rjestelen mahdollisia jatkokuntoutusjaksoja ja muita asioita, joita potilas voisi tarvita, kuten l\u00e4hetteet. Hoidan l\u00e4\u00e4kehoitoa p\u00e4ivitt\u00e4in kuntouttavassa ty\u00f6ss\u00e4. Jaan sek\u00e4 annan potilaille l\u00e4\u00e4kkeit\u00e4 tarpeen mukaan. Osaan my\u00f6s arvioida l\u00e4\u00e4kkeen vaikutusta ja antaa informaatiota mahdollisista haittavaikuksista.<br><br><strong>Harjoittelun p\u00e4\u00e4tytty\u00e4:<\/strong> Harjoittelussa otin jokaisen asiakkaan huomioon yksil\u00f6llisesti ja k\u00e4ytin motivoivaa ty\u00f6otetta, jossa hy\u00f6dynsin kuntoutujien mielenkiintoja kuntoutumiusessa. L\u00e4\u00e4kkeidenhoitoa tuli my\u00f6s toteutettua s\u00e4\u00e4nn\u00f6sten mukaisesti sek\u00e4 turvallisesti. Tuplatarkistus l\u00e4\u00e4kkeiden kohdalla ja my\u00f6s se, ett\u00e4 l\u00e4\u00e4ke menee oikealle kuntoutujalle. Annoin my\u00f6s ohjeistusta kuntoutujille milloin ja miten l\u00e4\u00e4kkeet pit\u00e4isi ottaa, kuten vatsansuojal\u00e4\u00e4kkeet.  Pidin hoitoneuvotteluita kuntoutujien ja muiden ulkoisten tahojen kanssa. Raportilla toin ilmi millainen hoitolinja ja jatkohoidot olisivat ajankohtaisia kuntoutujalle. Kuntoutujien kanssa k\u00e4vimme paljon erilaisia keskusteluita, joiden perusteella oli helpompi suunnitella jatkohoitoja ja erilaisia tarpeita, mitk\u00e4 olisi hyv\u00e4 huomioida jakson aikana. <br><br><br><br><strong>N\u00e4ytt\u00f6\u00f6\u00f6n perustuva toiminta ja p\u00e4\u00e4t\u00f6ksenteko. <\/strong><br><strong>L\u00e4ht\u00f6taso :<\/strong> Osaan reflektoida omaa oppimista sek\u00e4 osaamista. Osaan hy\u00f6dynt\u00e4\u00e4 s\u00e4hk\u00f6isi\u00e4 terveydenhuollon palveluja osana potilaan kokonaishoitoa. Oman kokemuksen pohjalta osaan hy\u00f6dynt\u00e4\u00e4 n\u00e4ytt\u00f6\u00f6n perustuvaa toimintaa kuntouttavassa hoitoty\u00f6ss\u00e4. P\u00e4\u00e4t\u00f6ksen tekoa my\u00f6s olen p\u00e4\u00e4ssyt tekem\u00e4\u00e4n, kuten millaisia ryhmi\u00e4 tulisi vet\u00e4\u00e4, t\u00e4h\u00e4nkin t\u00e4rke\u00e4n\u00e4 osana on n\u00e4ytt\u00f6\u00f6n perustuva toiminta, jolla taataan mahdollisimman vaikuttava hoito.<br><br><strong>Keinot tavoitteisiin p\u00e4\u00e4semiseksi :<\/strong> Pyyd\u00e4n palautetta ty\u00f6nteosta ja reflektion avulla kehit\u00e4n omaa toimintaa jatkuvasti. Osaan kertoa hoitosuosituksista ja erilaisista s\u00e4hk\u00f6isist\u00e4 palveluista. Kirjaan ja raportoin potilaiden voinnista muulle hoitoty\u00f6n ryhm\u00e4lle ja kerron omat mielipiteet, mit\u00e4 tulisi tehd\u00e4.<br><br><strong>Harjoittelun p\u00e4\u00e4tytty\u00e4:<\/strong> <br>Harjoittelussa hy\u00f6dynsin n\u00e4ytt\u00f6\u00f6n perustuvaa toimintaa ja osasin perustella kuntoutujille, miksi n\u00e4in tehd\u00e4\u00e4n. Myt\u00f6s p\u00e4\u00e4t\u00f6ksenteko oli t\u00e4rke\u00e4ss\u00e4 osassa, koska kuntoutuksessa oli vuoroja, jolloin olin yksin ja p\u00e4\u00e4t\u00f6kset piti tehd\u00e4 yksin. Mielest\u00e4ni p\u00e4\u00e4t\u00f6kset onnistuivat hyvin ja perustelin p\u00e4\u00e4t\u00f6ksi\u00e4ni hyvin. Pyysin palautetta omasta harjoittelustani ja kehitin toimintaani sen perusteella. Kuntoutujille kerroin erilaisita s\u00e4hk\u00f6isist\u00e4 palveluista ja kuinka niit\u00e4 k\u00e4ytet\u00e4\u00e4n. Avustin my\u00f6s erilaisten hakemuksien tekemisess\u00e4 kuntoutujia. Kirjasin kaikki tehdyt asiat ja ryhm\u00e4t, jotta omalle toiminnalle on todisteet ja seuraava vuoro osaa toimia kirjausten perusteella.<br><br><br><br><strong>Sosiaali- ja terveydenpalvelujen laatu ja turvallisuus. <\/strong><br><strong>L\u00e4ht\u00f6taso :<\/strong> Osaan hoitaa ty\u00f6het\u00e4v\u00e4ni potilasturvallisuuden huomioiden. Osaan tunnistaa erilaisia riskej\u00e4 ty\u00f6paikalla ja informoida muita siit\u00e4 ja tehd\u00e4 korjauksia asiaan, jos mahdollista. Hoidan l\u00e4\u00e4kehoidon rauhallisessa tilassa sek\u00e4 varmistan sen, ett\u00e4 kyseinen l\u00e4\u00e4ke on menossa oikealle potilaalle oikeaan aikaan.<br><br><strong>Keinot tavoitteisiin p\u00e4\u00e4semiseksi : <\/strong> Toteutan hoitoty\u00f6t\u00e4 sill\u00e4 perspektiivill\u00e4, ett\u00e4 huomioin kaikki turvallisuus riskit ja informoin hoitoryhm\u00e4\u00e4 niist\u00e4 ja ehk\u00e4isen v\u00e4litt\u00e4m\u00e4t riskit, joista voisi potilaalla aiheutua harmia. Osaan toteutta l\u00e4\u00e4kehoitoa turvallisesti ja varmistan aina, ett\u00e4 oikea l\u00e4\u00e4ke on menossa oikealle potilaalle.<br><br><strong>Harjoittelun p\u00e4\u00e4tytty\u00e4:<\/strong> <br>Harjoittelun suoritin potilasturvallisuus edell\u00e4. Osasin tunnistaa erilaisia riskej\u00e4 ty\u00f6paikalla ja informoida siit\u00e4 muuta ty\u00f6ryhm\u00e4\u00e4, kompastumisvaarat jne. My\u00f6s osasin huomioida erilaiset l\u00e4\u00e4kkeist\u00e4 aiheutuvat haitat potilaalle ja huomioida ne hoidossa ennenkuin hoitovirheit\u00e4 tapahtui.<br><\/p>\n\n\n\n<div class=\"wp-block-comments\">\n\n\n\n\n\n\t<div id=\"respond\" class=\"comment-respond wp-block-post-comments-form\">\n\t\t<h3 id=\"reply-title\" class=\"comment-reply-title\">Vastaa <small><a rel=\"nofollow\" id=\"cancel-comment-reply-link\" href=\"\/santerikolehmainen\/wp-json\/wp\/v2\/pages\/292#respond\" style=\"display:none;\">Peruuta vastaus<\/a><\/small><\/h3><form action=\"https:\/\/blogi.savonia.fi\/santerikolehmainen\/wp-comments-post.php\" method=\"post\" id=\"commentform\" class=\"comment-form\"><p class=\"comment-notes\"><span id=\"email-notes\">S\u00e4hk\u00f6postiosoitettasi ei julkaista.<\/span> <span class=\"required-field-message\">Pakolliset kent\u00e4t on merkitty <span class=\"required\">*<\/span><\/span><\/p><p class=\"comment-form-comment\"><label for=\"comment\">Kommentti <span class=\"required\">*<\/span><\/label> <textarea id=\"comment\" name=\"comment\" cols=\"45\" rows=\"8\" maxlength=\"65525\" required=\"required\"><\/textarea><\/p><p class=\"comment-form-author\"><label for=\"author\">Nimi <span class=\"required\">*<\/span><\/label> <input id=\"author\" name=\"author\" type=\"text\" value=\"\" size=\"30\" maxlength=\"245\" autocomplete=\"name\" required=\"required\" \/><\/p>\n<p class=\"comment-form-email\"><label for=\"email\">S\u00e4hk\u00f6postiosoite <span class=\"required\">*<\/span><\/label> <input id=\"email\" name=\"email\" type=\"text\" value=\"\" size=\"30\" maxlength=\"100\" aria-describedby=\"email-notes\" autocomplete=\"email\" required=\"required\" \/><\/p>\n<p class=\"comment-form-url\"><label for=\"url\">Verkkosivusto<\/label> <input id=\"url\" name=\"url\" type=\"text\" value=\"\" size=\"30\" maxlength=\"200\" autocomplete=\"url\" \/><\/p>\n<p class=\"comment-form-cookies-consent\"><input id=\"wp-comment-cookies-consent\" name=\"wp-comment-cookies-consent\" type=\"checkbox\" value=\"yes\" \/> <label for=\"wp-comment-cookies-consent\">Tallenna nimeni, s\u00e4hk\u00f6postiosoitteeni ja sivustoni t\u00e4h\u00e4n selaimeen seuraavaa kommentointikertaa varten.<\/label><\/p>\n<p class=\"form-submit\"><p class=\"be-mu-captcha-comment-image-p\"><label>Security Image:<\/label> <img decoding=\"async\" class=\"be-mu-captcha-image\" src=\"https:\/\/blogi.savonia.fi\/santerikolehmainen\/wp-content\/uploads\/sites\/12213\/be_mu_captcha\/suo9qzf112ata7iomat8jnwxmq7k4vhl9w64uvju.png\" \/> <input name=\"be-mu-captcha-request\" type=\"hidden\" value=\"suo9qzf112ata7iomat8jnwxmq7k4vhl9w64uvju\" \/><\/p><p class=\"be-mu-captcha-comment-answer-p\"><label for=\"be-mu-captcha-answer\">Security Text:<\/label> <input id=\"be-mu-captcha-answer\" autocomplete=\"off\" name=\"be-mu-captcha-answer\" size=\"9\" type=\"text\" \/><\/p><input name=\"submit\" type=\"submit\" id=\"submit\" class=\"submit\" value=\"L\u00e4het\u00e4 kommentti\" \/> <input type='hidden' name='comment_post_ID' value='292' id='comment_post_ID' \/>\n<input type='hidden' name='comment_parent' id='comment_parent' value='0' \/>\n<\/p><\/form>\t<\/div><!-- #respond -->\n\t<\/div>\n\n\n\n<p><\/p>\n\n\n\n<p><\/p>\n","protected":false},"excerpt":{"rendered":"<p>Eettinen osaaminen ja ammatillisuus. L\u00e4ht\u00f6taso : Osaan ottaa vastuun omasta oppimisestani ja t\u00e4ydent\u00e4\u00e4 omaa tietotaitoa ja osaamista ty\u00f6paikan ymp\u00e4rist\u00f6ss\u00e4. Osaan reflektoida omaa osaamistani ja pyyt\u00e4\u00e4 palautetta sek\u00e4 kehitt\u00e4\u00e4 omaa toimintaani sen perusteella. Osaan eettiset ohjeet sek\u00e4 lains\u00e4\u00e4d\u00e4nn\u00f6lt erilaisissa hoitoty\u00f6n tilanteissa. Kokemusta p\u00e4ihde- ja mielenterveysty\u00f6st\u00e4 l\u00f6ytyy ja tied\u00e4n eettisen osaamisen ja ammatillisuuden t\u00e4rkeyden hoitoty\u00f6ss\u00e4. Harjoittelun p\u00e4\u00e4tytty\u00e4:Otin\u2026 <span class=\"read-more\"><a href=\"https:\/\/blogi.savonia.fi\/santerikolehmainen\/harjoittelut\/harjoittelu-sairaanhoitajan-osaamisen-taydentaminen\/yhteenveto\/\">Read More &raquo;<\/a><\/span><\/p>\n","protected":false},"author":10217,"featured_media":0,"parent":257,"menu_order":5,"comment_status":"open","ping_status":"closed","template":"","meta":{"footnotes":""},"class_list":["post-292","page","type-page","status-publish","hentry"],"_links":{"self":[{"href":"https:\/\/blogi.savonia.fi\/santerikolehmainen\/wp-json\/wp\/v2\/pages\/292","targetHints":{"allow":["GET"]}}],"collection":[{"href":"https:\/\/blogi.savonia.fi\/santerikolehmainen\/wp-json\/wp\/v2\/pages"}],"about":[{"href":"https:\/\/blogi.savonia.fi\/santerikolehmainen\/wp-json\/wp\/v2\/types\/page"}],"author":[{"embeddable":true,"href":"https:\/\/blogi.savonia.fi\/santerikolehmainen\/wp-json\/wp\/v2\/users\/10217"}],"replies":[{"embeddable":true,"href":"https:\/\/blogi.savonia.fi\/santerikolehmainen\/wp-json\/wp\/v2\/comments?post=292"}],"version-history":[{"count":2,"href":"https:\/\/blogi.savonia.fi\/santerikolehmainen\/wp-json\/wp\/v2\/pages\/292\/revisions"}],"predecessor-version":[{"id":295,"href":"https:\/\/blogi.savonia.fi\/santerikolehmainen\/wp-json\/wp\/v2\/pages\/292\/revisions\/295"}],"up":[{"embeddable":true,"href":"https:\/\/blogi.savonia.fi\/santerikolehmainen\/wp-json\/wp\/v2\/pages\/257"}],"wp:attachment":[{"href":"https:\/\/blogi.savonia.fi\/santerikolehmainen\/wp-json\/wp\/v2\/media?parent=292"}],"curies":[{"name":"wp","href":"https:\/\/api.w.org\/{rel}","templated":true}]}}