{"id":331,"date":"2026-03-08T21:46:37","date_gmt":"2026-03-08T19:46:37","guid":{"rendered":"https:\/\/blogi.savonia.fi\/santerikolehmainen\/?page_id=331"},"modified":"2026-04-23T10:44:31","modified_gmt":"2026-04-23T07:44:31","slug":"akuutti-ja-tehoidon-harjoittelu","status":"publish","type":"page","link":"https:\/\/blogi.savonia.fi\/santerikolehmainen\/harjoittelut\/sa00ba95-harjoittelu-akuutti-ja-tehohoitotyo\/akuutti-ja-tehoidon-harjoittelu\/","title":{"rendered":"L\u00e4ht\u00f6taso ja keinot tavoitteisiin"},"content":{"rendered":"\n<p>Osaa soveltaa hoitoty\u00f6h\u00f6n liittyvi\u00e4 eettisi\u00e4 ohjeita ja lains\u00e4\u00e4d\u00e4nt\u00f6\u00e4.<br>Tunnistaa eettisi\u00e4 ristiriitatilanteita ja osaa tuoda niit\u00e4 esille rakentavalla tavalla.<br>Osaa toimia moniammatillisessa yhteisty\u00f6ss\u00e4 akuutisti sairastuneen potilaan hoitoty\u00f6ss\u00e4<br>Osaa selitt\u00e4\u00e4 peruselintoimintojen h\u00e4iri\u00f6iden syntymekanismit ja osaa tehd\u00e4 johtop\u00e4\u00e4t\u00f6ksi\u00e4 peruselintoimintojen h\u00e4iri\u00f6iden aiheuttamista muutoksista elimist\u00f6ss\u00e4.<br>Osaa analysoida ja tulkita eri tietol\u00e4hteiden avulla saamiaan tietoja potilaan tilasta.<br>Osaa selitt\u00e4\u00e4 akuutissa ja tehohoidossa hoidossa k\u00e4ytettyjen l\u00e4\u00e4kkeiden ja nesteiden vaikutusmekanismit ja turvallisen k\u00e4yt\u00f6n.<br>Osaa suunnitella ja toteuttaa ja arvioida eri ik\u00e4isten akuutisti sairastuneiden potilaiden hoitoa eri hoitoymp\u00e4rist\u00f6iss\u00e4.<br>Osaa soveltaa tutkittua tietoa potilaan hoidossa ja kuntoutumisessa ja kehitt\u00e4\u00e4 akuutti ja tehopotilaan hoitoty\u00f6t\u00e4 tutkitun tiedon ja suositusten avulla.<br>Osaa arvioida potilaan ja omaisten tuen tarvetta ja kykenee ohjaamaan heit\u00e4.<br>Osaa kuvata ammatillisen vastuunsa potilasturvallisuuden varmistamisessa ja edist\u00e4misess\u00e4.<br>Osoittaa vastuunsa hoitoty\u00f6n laadusta omassa toiminnassaan<br><br>Tietoja minusta:<br>Hei. Olen Santeri ja olen viimeisen vuoden sairaanhoitaja opiskelija ja syvennyn akuutti ja tehohoitoon.  Harrastuksiini kuuluu py\u00f6r\u00e4ily, airsoft, laskettelu sek\u00e4 lenkkeily. Opiskelijana olen ahkera sek\u00e4 sosiaalinen. Opin parhaiten tekem\u00e4ll\u00e4 itse ja n\u00e4kem\u00e4ll\u00e4 my\u00f6s miten hoitotoimia tehd\u00e4\u00e4n. <br><br><br><\/p>\n\n\n\n<p><strong>Eettinen osaaminen ja ammatillisuus<\/strong><\/p>\n\n\n\n<p><strong>L\u00e4ht\u00f6taso:<br><\/strong>Osaan ottaa vastuun omasta oppimisestani ja kehitt\u00e4\u00e4 osaamistani harjoittelun aikana. Reflektoin omaa toimintaani ja pyyd\u00e4n palautetta ohjaajilta. Tied\u00e4n hoitoty\u00f6t\u00e4 ohjaavat eettiset periaatteet ja lains\u00e4\u00e4d\u00e4nn\u00f6n sek\u00e4 ymm\u00e4rr\u00e4n niiden merkityksen potilasty\u00f6ss\u00e4. Minulla on aiempaa kokemusta p\u00e4ihde- ja mielenterveysty\u00f6st\u00e4, joten ymm\u00e4rr\u00e4n eettisen osaamisen ja ammatillisen toiminnan merkityksen asiakkaiden kohtaamisessa ja hoidossa.<\/p>\n\n\n\n<p><strong>Keinot tavoitteisiin p\u00e4\u00e4semiseksi:<\/strong><br>Harjoittelussa toimin avoimella asenteella ja pyrin oppimaan mahdollisimman paljon ty\u00f6yhteis\u00f6lt\u00e4 ja potilasty\u00f6st\u00e4. Kysyn aktiivisesti potilaiden sairauksista sek\u00e4 erilaisista hoitomuodoista. Asetan itselleni viikoittaisia tavoitteita ja reflektoin oppimistani blogissa sek\u00e4 keskusteluissa ohjaajien kanssa. Huomioin ty\u00f6ss\u00e4ni potilaiden oikeudet sek\u00e4 yksil\u00f6llisen ja tasa-arvoisen kohtelun. Tied\u00e4n lait potilaan asemasta ja oikeuksista sek\u00e4 kunnioitan niit\u00e4. Toiveena on kehitt\u00e4\u00e4 omaa osaamista eettisiss\u00e4 ristiriitatilanteissa p\u00e4\u00e4t\u00f6ksentekemisest\u00e4. <\/p>\n\n\n\n<p><strong>Ty\u00f6yhteis\u00f6osaaminen<\/strong><\/p>\n\n\n\n<p><strong>L\u00e4ht\u00f6taso:<\/strong><br>Osaan toimia osana moniammatillista ty\u00f6yhteis\u00f6\u00e4 ja ymm\u00e4rr\u00e4n yhteisty\u00f6n merkityksen potilaan kokonaisvaltaisessa hoidossa. Pystyn kommunikoimaan selke\u00e4sti ty\u00f6yhteis\u00f6n j\u00e4senten kanssa vastuuteht\u00e4v\u00e4t sek\u00e4 osallistumaan raportointiin. <\/p>\n\n\n\n<p><strong>Keinot tavoitteisiin p\u00e4\u00e4semiseksi:<\/strong><br>Osallistun aktiivisesti ty\u00f6yhteis\u00f6n toimintaan, kuten raportteihin ja moniammatillisiin keskusteluihin. Kysyn rohkeasti neuvoja ja hy\u00f6dynn\u00e4n kokeneempien ty\u00f6ntekij\u00f6iden osaamista oman oppimiseni tukena. Kehit\u00e4n vuorovaikutustaitojani sek\u00e4 tuon esiin havaintojani potilaiden tilanteesta, jotta hoito olisi mahdollisimman laadukasta. Harjoittelussa tavoitteena perehty\u00e4 kokonaisvaltaiesti potilaan hoitopolkuun ja antaa raportteja potilaiden tilanteista sek\u00e4 hoitosuunnitelmasta johdonmukaisesti.<\/p>\n\n\n\n<p><strong>Kliininen hoitoty\u00f6<\/strong><\/p>\n\n\n\n<p><strong>L\u00e4ht\u00f6taso:<\/strong><br>Osaan huomioida asiakkaan yksil\u00f6llisesti hoitoty\u00f6ss\u00e4 ja toimia voimavaral\u00e4ht\u00f6isesti. Hallitsen tavallisimpien l\u00e4\u00e4kkeiden antotavat ja ymm\u00e4rr\u00e4n l\u00e4\u00e4kehoidon perusteet. Osaan arvioida l\u00e4\u00e4kkeiden vaikutuksia sek\u00e4 mahdollisia haittavaikutuksia ja tarvittaessa keskustella havainnoistani ty\u00f6ryhm\u00e4n kanssa. Osaan my\u00f6s ohjata potilaita l\u00e4\u00e4kkeiden k\u00e4yt\u00f6ss\u00e4 ja kertoa miksi mit\u00e4kin l\u00e4\u00e4kett\u00e4 annetaan.<\/p>\n\n\n\n<p><strong>Keinot tavoitteisiin p\u00e4\u00e4semiseksi:<\/strong><br>Toteutan hoitoty\u00f6t\u00e4 p\u00e4ivitt\u00e4in ja osallistun potilaiden l\u00e4\u00e4kehoitoon ohjattuna. Havainnoin l\u00e4\u00e4kkeiden vaikutuksia ja kirjaan potilaiden vointia. Harjoittelen kliinisi\u00e4 taitoja k\u00e4yt\u00e4nn\u00f6n ty\u00f6ss\u00e4 sek\u00e4 kysyn ohjaajilta palautetta toiminnastani. Yrit\u00e4n hahmottamaan kokonaisuutena potilaan hoitopolun ja toimimaan potilaan edun mukaisesti. Harjoittelun aikana haluan toteutttaa potilaan l\u00e4\u00e4kehoitoty\u00f6t\u00e4 ja my\u00f6s saada selv\u00e4n ymm\u00e4rryksen n\u00e4ytt\u00f6\u00f6n perustuvasta toimminasta. Omassa ty\u00f6ss\u00e4 iv l\u00e4\u00e4kitysten antaminen on j\u00e4\u00e4nyt v\u00e4hemm\u00e4lle, joten tarkoituksena olisi perehty\u00e4 siihen enemm\u00e4n ja saada varmuutta toimintaan.<\/p>\n\n\n\n<p><strong>N\u00e4ytt\u00f6\u00f6n perustuva toiminta ja p\u00e4\u00e4t\u00f6ksenteko<\/strong><\/p>\n\n\n\n<p><strong>L\u00e4ht\u00f6taso:<\/strong><br>Osaan reflektoida omaa osaamistani ja kehitt\u00e4\u00e4 toimintaani palautteen avulla. Hy\u00f6dynn\u00e4n s\u00e4hk\u00f6isi\u00e4 terveydenhuollon j\u00e4rjestelmi\u00e4 ja palveluja osana potilaan hoitoa. Ymm\u00e4rr\u00e4n n\u00e4ytt\u00f6\u00f6n perustuvan toiminnan merkityksen hoitoty\u00f6ss\u00e4 ja osaan soveltaa sit\u00e4 esimerkiksi kuntouttavassa ty\u00f6ss\u00e4 sek\u00e4 ryhm\u00e4toiminnan suunnittelussa.<\/p>\n\n\n\n<p><strong>Keinot tavoitteisiin p\u00e4\u00e4semiseksi:<\/strong><br>Perehdyn hoitosuosituksiin ja haen tietoa luotettavista l\u00e4hteist\u00e4 potilaiden sairauksista ja hoitomenetelmist\u00e4. Osallistun potilaan hoitoa koskevaan p\u00e4\u00e4t\u00f6ksentekoon ohjatusti ja tuon esiin omia havaintojani potilaan voinnista. Kirjaan potilaiden tilanteesta s\u00e4hk\u00f6isiin j\u00e4rjestelmiin ja raportoin havainnoistani muulle hoitoty\u00f6n tiimille. Harjoittelun tavoitteena on osata perustella potilaalle miksi mit\u00e4kin hoitotoimia tehd\u00e4\u00e4n, jotka liittyv\u00e4t n\u00e4ytt\u00f6\u00f6n perustuvaan tietoon sek\u00e4 p\u00e4\u00e4t\u00f6ksentekoon. Tavoitteena saada varmuutta p\u00e4\u00e4t\u00f6ksentekemiseen ja hoitokokonaisuuden kartoittaminen. Hoidon tarpeen arviointi sek\u00e4 kiirellisyysluokituksen tekeminen ovat tuttuja l\u00e4\u00e4kint\u00e4mies ajoilta armeejasta, mutta sairaalassa en ole hoidon tarpeen arviointia tehnyt. Toiveissa p\u00e4\u00e4st\u00e4 mukaan seuraamaan ja tekem\u00e4\u00e4n hoidon tarpeen arviointia sek\u00e4 kiirellisyysluokituksen tekemist\u00e4.<\/p>\n\n\n\n<p><strong>Ohjaus- ja opetusosaaminen<\/strong><\/p>\n\n\n\n<p><strong>L\u00e4ht\u00f6taso:<\/strong><br>Osaan kohdata potilaat yksil\u00f6llisesti ja antaa heille perustason ohjausta esimerkiksi l\u00e4\u00e4kkeiden k\u00e4yt\u00f6st\u00e4 ja hoidon tarkoituksesta. Ymm\u00e4rr\u00e4n ohjauksen merkityksen potilaan kuntoutumisessa ja oman hoidon toteuttamisessa. Pyrin huomioimaan potilaan voimavarat, ymm\u00e4rryksen tason sek\u00e4 yksil\u00f6lliset tarpeet ohjaustilanteissa. Opiskelijana olen ahkera sek\u00e4 sosiaalinen. Opin parhaiten tekem\u00e4ll\u00e4 itse ja n\u00e4kem\u00e4ll\u00e4 my\u00f6s miten hoitotoimia tehd\u00e4\u00e4n. <\/p>\n\n\n\n<p><strong>Keinot tavoitteisiin p\u00e4\u00e4semiseksi:<\/strong><br>Harjoittelen potilaiden ohjaamista erilaisissa tilanteissa ohjaajan tuella. Kerron potilaille heid\u00e4n hoidostaan, l\u00e4\u00e4kkeist\u00e4\u00e4n ja mahdollisista jatkohoitomahdollisuuksista. Pyrin kehitt\u00e4m\u00e4\u00e4n vuorovaikutus- ja ohjaustaitojani sek\u00e4 varmistamaan, ett\u00e4 potilas ymm\u00e4rt\u00e4\u00e4 saamansa ohjeet. Harjoittelussa tavoitteena vahvistaa johdonmukaista raportointia sek\u00e4 psykoedukaation antamista potilaalle sairaudestaansa.<\/p>\n\n\n\n<p><strong>Sosiaali- ja terveyspalvelujen laatu ja turvallisuus<\/strong><\/p>\n\n\n\n<p><strong>L\u00e4ht\u00f6taso:<\/strong><br>Huomioin ty\u00f6ss\u00e4ni potilasturvallisuuden ja tunnistan mahdollisia riskej\u00e4 hoitoymp\u00e4rist\u00f6ss\u00e4. Osaan toimia turvallisesti l\u00e4\u00e4kehoidossa ja varmistan aina oikean l\u00e4\u00e4kkeen, oikean potilaan ja oikean ajankohdan. Tied\u00e4n, ett\u00e4 turvallinen ja laadukas hoitoty\u00f6 edellytt\u00e4\u00e4 huolellisuutta sek\u00e4 yhteisty\u00f6t\u00e4 muun hoitotiimin kanssa.<\/p>\n\n\n\n<p><strong>Keinot tavoitteisiin p\u00e4\u00e4semiseksi:<\/strong><br>Toteutan hoitoty\u00f6t\u00e4 turvallisuus edell\u00e4 ja pyrin tunnistamaan tilanteita, joissa potilasturvallisuus voisi vaarantua. Informoin ty\u00f6yhteis\u00f6\u00e4 havaitsemistani riskeist\u00e4 ja toimin ohjeiden mukaisesti niiden ehk\u00e4isemiseksi. Kehit\u00e4n omaa osaamistani turvallisessa l\u00e4\u00e4kehoidossa sek\u00e4 potilasturvallisuutta tukevissa toimintatavoissa. Harjoittelussa pyrin parhaani mukaan huolehtimaan potilasturvallisuudesta sek\u00e4 varmistamaan, ett\u00e4 hoito toteutuisi potilaan parhaimpien etujen mukaisesti.<\/p>\n\n\n\n<div class=\"wp-block-comments\"><h2 id=\"comments\" class=\"wp-block-comments-title\">Yksi vastaus artikkeliin &#8220;L\u00e4ht\u00f6taso ja keinot tavoitteisiin&#8221;<\/h2>\n\n<ol class=\"wp-block-comment-template\"><li id=\"comment-29\" class=\"comment even thread-even depth-1\">\n\n<div class=\"wp-block-columns is-layout-flex wp-container-core-columns-is-layout-9d6595d7 wp-block-columns-is-layout-flex\">\n<div class=\"wp-block-column is-layout-flow wp-block-column-is-layout-flow\" style=\"flex-basis:40px\"><div class=\"wp-block-avatar\"><img alt='Riikka Jehkinen avatar' src='https:\/\/secure.gravatar.com\/avatar\/aeef9fb253ce04069918f57bdbe3df3ea2321d34029c60964e875bf97b882908?s=40&#038;d=mm&#038;r=g' srcset='https:\/\/secure.gravatar.com\/avatar\/aeef9fb253ce04069918f57bdbe3df3ea2321d34029c60964e875bf97b882908?s=80&#038;d=mm&#038;r=g 2x' class='avatar avatar-40 photo wp-block-avatar__image' height='40' width='40'  style=\"border-radius:20px;\"\/><\/div><\/div>\n\n\n\n<div class=\"wp-block-column is-layout-flow wp-block-column-is-layout-flow\"><div class=\"wp-block-comment-author-name has-small-font-size\">Riikka Jehkinen<\/div>\n\n\n<div class=\"wp-block-group is-layout-flex wp-block-group-is-layout-flex\" style=\"margin-top:0px;margin-bottom:0px\"><div class=\"wp-block-comment-date has-small-font-size\"><time datetime=\"2026-03-17T10:57:03+02:00\"><a href=\"https:\/\/blogi.savonia.fi\/santerikolehmainen\/harjoittelut\/sa00ba95-harjoittelu-akuutti-ja-tehohoitotyo\/akuutti-ja-tehoidon-harjoittelu\/#comment-29\">17.3.2026<\/a><\/time><\/div>\n\n<\/div>\n\n\n<div class=\"wp-block-comment-content\"><p>Moi Santeri!<\/p>\n<p>Kirjoitat blogissa oppimasi tekem\u00e4ll\u00e4 itse ja n\u00e4kem\u00e4ll\u00e4, kuinka hoitotoimia tehd\u00e4\u00e4n. Sanoita t\u00e4m\u00e4 harjoittelussa ohjaajillesi, sill\u00e4 se helpottaa ohjaamistasi ja edist\u00e4\u00e4 oppimistasi.<\/p>\n<p>Olet asettanut tavoiteeksesi potilaan hoitopolun ymm\u00e4rt\u00e4misen. Suosittelen sinua tutustumaan hoidon tarpeen arvioinnissa HTA-hoitajan ty\u00f6nkuvaan harjoittelun alkuvaiheessa, jotta n\u00e4et konkreettisesti, miten kiireellisyysluokka sek\u00e4 mahdollinen erikoisala valitaan. Hoitoryhmiss\u00e4 p\u00e4\u00e4set sitten jatkamaan potilaan tilan arviointia sek\u00e4 haastattelemaan ja tutkimaan potilaita. Moduuliharjoittelussa kokonaisuus l\u00e4htee hahmottumaan entist\u00e4 selke\u00e4mmin, kun p\u00e4\u00e4set hoitamaan potilaita itsen\u00e4isesti ja harjaantumaan p\u00e4\u00e4t\u00f6ksenteossa (toki ohjaaja on taustalla tukena).<\/p>\n<p>Tavoitteitasi voit tarkentaa ja mietti\u00e4 yksitt\u00e4isi\u00e4, p\u00e4iv\u00e4kohtaisia tavoitteitakin, kun yksikk\u00f6 tulee tutummaksi.<\/p>\n<p>Blogisi on hyv\u00e4ksytty.<\/p>\n<p>Laitan viel\u00e4 l\u00e4hemp\u00e4n\u00e4 harjoittelua s\u00e4hk\u00f6postia yleisist\u00e4 k\u00e4yt\u00e4nn\u00f6ist\u00e4.<\/p>\n<p>Oppimisen iloa mielenkiintoiseen harjoitteluun toivottaa ohjaava opettaja Riikka (puh. 044 785 6305)<\/p>\n<\/div>\n\n<div class=\"wp-block-comment-reply-link has-small-font-size\"><a rel=\"nofollow\" class=\"comment-reply-link\" href=\"https:\/\/blogi.savonia.fi\/santerikolehmainen\/harjoittelut\/sa00ba95-harjoittelu-akuutti-ja-tehohoitotyo\/akuutti-ja-tehoidon-harjoittelu\/?replytocom=29#respond\" data-commentid=\"29\" data-postid=\"331\" data-belowelement=\"comment-29\" data-respondelement=\"respond\" data-replyto=\"Vastaa kommenttiin Riikka Jehkinen\" aria-label=\"Vastaa kommenttiin Riikka Jehkinen\">Vastaa<\/a><\/div><\/div>\n<\/div>\n\n<\/li><\/ol>\n\n\n\n\t<div id=\"respond\" class=\"comment-respond wp-block-post-comments-form\">\n\t\t<h3 id=\"reply-title\" class=\"comment-reply-title\">Vastaa <small><a rel=\"nofollow\" id=\"cancel-comment-reply-link\" href=\"\/santerikolehmainen\/wp-json\/wp\/v2\/pages\/331#respond\" style=\"display:none;\">Peruuta vastaus<\/a><\/small><\/h3><form action=\"https:\/\/blogi.savonia.fi\/santerikolehmainen\/wp-comments-post.php\" method=\"post\" id=\"commentform\" class=\"comment-form\"><p class=\"comment-notes\"><span id=\"email-notes\">S\u00e4hk\u00f6postiosoitettasi ei julkaista.<\/span> <span class=\"required-field-message\">Pakolliset kent\u00e4t on merkitty <span class=\"required\">*<\/span><\/span><\/p><p class=\"comment-form-comment\"><label for=\"comment\">Kommentti <span class=\"required\">*<\/span><\/label> <textarea id=\"comment\" name=\"comment\" cols=\"45\" rows=\"8\" maxlength=\"65525\" required=\"required\"><\/textarea><\/p><p class=\"comment-form-author\"><label for=\"author\">Nimi <span class=\"required\">*<\/span><\/label> <input id=\"author\" name=\"author\" type=\"text\" value=\"\" size=\"30\" maxlength=\"245\" autocomplete=\"name\" required=\"required\" \/><\/p>\n<p class=\"comment-form-email\"><label for=\"email\">S\u00e4hk\u00f6postiosoite <span class=\"required\">*<\/span><\/label> <input id=\"email\" name=\"email\" type=\"text\" value=\"\" size=\"30\" maxlength=\"100\" aria-describedby=\"email-notes\" autocomplete=\"email\" required=\"required\" \/><\/p>\n<p class=\"comment-form-url\"><label for=\"url\">Verkkosivusto<\/label> <input id=\"url\" name=\"url\" type=\"text\" value=\"\" size=\"30\" maxlength=\"200\" autocomplete=\"url\" \/><\/p>\n<p class=\"comment-form-cookies-consent\"><input id=\"wp-comment-cookies-consent\" name=\"wp-comment-cookies-consent\" type=\"checkbox\" value=\"yes\" \/> <label for=\"wp-comment-cookies-consent\">Tallenna nimeni, s\u00e4hk\u00f6postiosoitteeni ja sivustoni t\u00e4h\u00e4n selaimeen seuraavaa kommentointikertaa varten.<\/label><\/p>\n<p class=\"form-submit\"><p class=\"be-mu-captcha-comment-image-p\"><label>Security Image:<\/label> <img decoding=\"async\" class=\"be-mu-captcha-image\" src=\"https:\/\/blogi.savonia.fi\/santerikolehmainen\/wp-content\/uploads\/sites\/12213\/be_mu_captcha\/hbbk2go9avq0caqmjkmvwc1kq2lqkp66f33xgzzz.png\" \/> <input name=\"be-mu-captcha-request\" type=\"hidden\" value=\"hbbk2go9avq0caqmjkmvwc1kq2lqkp66f33xgzzz\" \/><\/p><p class=\"be-mu-captcha-comment-answer-p\"><label for=\"be-mu-captcha-answer\">Security Text:<\/label> <input id=\"be-mu-captcha-answer\" autocomplete=\"off\" name=\"be-mu-captcha-answer\" size=\"9\" type=\"text\" \/><\/p><input name=\"submit\" type=\"submit\" id=\"submit\" class=\"submit\" value=\"L\u00e4het\u00e4 kommentti\" \/> <input type='hidden' name='comment_post_ID' value='331' id='comment_post_ID' \/>\n<input type='hidden' name='comment_parent' id='comment_parent' value='0' \/>\n<\/p><\/form>\t<\/div><!-- #respond -->\n\t<\/div>\n\n\n\n<p><\/p>\n","protected":false},"excerpt":{"rendered":"<p>Osaa soveltaa hoitoty\u00f6h\u00f6n liittyvi\u00e4 eettisi\u00e4 ohjeita ja lains\u00e4\u00e4d\u00e4nt\u00f6\u00e4.Tunnistaa eettisi\u00e4 ristiriitatilanteita ja osaa tuoda niit\u00e4 esille rakentavalla tavalla.Osaa toimia moniammatillisessa yhteisty\u00f6ss\u00e4 akuutisti sairastuneen potilaan hoitoty\u00f6ss\u00e4Osaa selitt\u00e4\u00e4 peruselintoimintojen h\u00e4iri\u00f6iden syntymekanismit ja osaa tehd\u00e4 johtop\u00e4\u00e4t\u00f6ksi\u00e4 peruselintoimintojen h\u00e4iri\u00f6iden aiheuttamista muutoksista elimist\u00f6ss\u00e4.Osaa analysoida ja tulkita eri tietol\u00e4hteiden avulla saamiaan tietoja potilaan tilasta.Osaa selitt\u00e4\u00e4 akuutissa ja tehohoidossa hoidossa k\u00e4ytettyjen l\u00e4\u00e4kkeiden ja\u2026 <span class=\"read-more\"><a href=\"https:\/\/blogi.savonia.fi\/santerikolehmainen\/harjoittelut\/sa00ba95-harjoittelu-akuutti-ja-tehohoitotyo\/akuutti-ja-tehoidon-harjoittelu\/\">Read More &raquo;<\/a><\/span><\/p>\n","protected":false},"author":10217,"featured_media":0,"parent":335,"menu_order":0,"comment_status":"open","ping_status":"closed","template":"","meta":{"footnotes":""},"class_list":["post-331","page","type-page","status-publish","hentry"],"_links":{"self":[{"href":"https:\/\/blogi.savonia.fi\/santerikolehmainen\/wp-json\/wp\/v2\/pages\/331","targetHints":{"allow":["GET"]}}],"collection":[{"href":"https:\/\/blogi.savonia.fi\/santerikolehmainen\/wp-json\/wp\/v2\/pages"}],"about":[{"href":"https:\/\/blogi.savonia.fi\/santerikolehmainen\/wp-json\/wp\/v2\/types\/page"}],"author":[{"embeddable":true,"href":"https:\/\/blogi.savonia.fi\/santerikolehmainen\/wp-json\/wp\/v2\/users\/10217"}],"replies":[{"embeddable":true,"href":"https:\/\/blogi.savonia.fi\/santerikolehmainen\/wp-json\/wp\/v2\/comments?post=331"}],"version-history":[{"count":9,"href":"https:\/\/blogi.savonia.fi\/santerikolehmainen\/wp-json\/wp\/v2\/pages\/331\/revisions"}],"predecessor-version":[{"id":362,"href":"https:\/\/blogi.savonia.fi\/santerikolehmainen\/wp-json\/wp\/v2\/pages\/331\/revisions\/362"}],"up":[{"embeddable":true,"href":"https:\/\/blogi.savonia.fi\/santerikolehmainen\/wp-json\/wp\/v2\/pages\/335"}],"wp:attachment":[{"href":"https:\/\/blogi.savonia.fi\/santerikolehmainen\/wp-json\/wp\/v2\/media?parent=331"}],"curies":[{"name":"wp","href":"https:\/\/api.w.org\/{rel}","templated":true}]}}