{"id":335,"date":"2026-03-15T15:55:14","date_gmt":"2026-03-15T13:55:14","guid":{"rendered":"https:\/\/blogi.savonia.fi\/santerikolehmainen\/?page_id=335"},"modified":"2026-05-13T11:51:59","modified_gmt":"2026-05-13T08:51:59","slug":"sa00ba95-harjoittelu-akuutti-ja-tehohoitotyo","status":"publish","type":"page","link":"https:\/\/blogi.savonia.fi\/santerikolehmainen\/harjoittelut\/sa00ba95-harjoittelu-akuutti-ja-tehohoitotyo\/","title":{"rendered":"SA00BA95 Akuutti- ja tehohoitoty\u00f6"},"content":{"rendered":"\n<ul class=\"wp-block-list\">\n<li>Tavoitteet\u00a0Osaa soveltaa hoitoty\u00f6h\u00f6n liittyvi\u00e4 eettisi\u00e4 ohjeita ja lains\u00e4\u00e4d\u00e4nt\u00f6\u00e4.<br>Tunnistaa eettisi\u00e4 ristiriitatilanteita ja osaa tuoda niit\u00e4 esille rakentavalla tavalla.<br>Osaa toimia moniammatillisessa yhteisty\u00f6ss\u00e4 akuutisti sairastuneen potilaan hoitoty\u00f6ss\u00e4<br>Osaa selitt\u00e4\u00e4 peruselintoimintojen h\u00e4iri\u00f6iden syntymekanismit ja osaa tehd\u00e4 johtop\u00e4\u00e4t\u00f6ksi\u00e4 peruselintoimintojen h\u00e4iri\u00f6iden aiheuttamista muutoksista elimist\u00f6ss\u00e4.<br>Osaa analysoida ja tulkita eri tietol\u00e4hteiden avulla saamiaan tietoja potilaan tilasta.<br>Osaa selitt\u00e4\u00e4 akuutissa ja tehohoidossa hoidossa k\u00e4ytettyjen l\u00e4\u00e4kkeiden ja nesteiden vaikutusmekanismit ja turvallisen k\u00e4yt\u00f6n.<br>Osaa suunnitella ja toteuttaa ja arvioida eri ik\u00e4isten akuutisti sairastuneiden potilaiden hoitoa eri hoitoymp\u00e4rist\u00f6iss\u00e4.<br>Osaa soveltaa tutkittua tietoa potilaan hoidossa ja kuntoutumisessa ja kehitt\u00e4\u00e4 akuutti ja tehopotilaan hoitoty\u00f6t\u00e4 tutkitun tiedon ja suositusten avulla.<br>Osaa arvioida potilaan ja omaisten tuen tarvetta ja kykenee ohjaamaan heit\u00e4.<br>Osaa kuvata ammatillisen vastuunsa potilasturvallisuuden varmistamisessa ja edist\u00e4misess\u00e4.<br>Osoittaa vastuunsa hoitoty\u00f6n laadusta omassa toiminnassaan.<\/li>\n\n\n\n<li>Sis\u00e4lt\u00f6\u00a0Hoitoty\u00f6n filosofia ja etiikka. Ihmisoikeudet ja ihmisarvo, suvaitsevaisuus.<br>Sosiaali- ja terveydenhuollon lains\u00e4\u00e4d\u00e4nt\u00f6 sek\u00e4 muu ammattitoimintaa ohjaava lains\u00e4\u00e4d\u00e4nt\u00f6<br>Lapsen oikeudet sairaalassa.<br>Sairaanhoitajan ammatin oikeudet ja velvollisuudet<br>Erilaisuuden kohtaaminen hoitoty\u00f6ss\u00e4 (esim.kulttuurisuus, vammaisuus).<br>S\u00e4\u00e4d\u00f6sten ja ammatin edellytt\u00e4m\u00e4 kielitaito.<br>Moniammatillinen toiminta sek\u00e4 yhteisty\u00f6 harjoitteluyksik\u00f6n erilaisten verkostojen kanssa.<br>Toiminta poikkeusoloissa.<br>Eri-ik\u00e4isten ja erilailla akuutisti sairastuneiden\/tehohoito potilaiden hoitaminen.<br>Potilaan kliininen tutkiminen ja tilan arviointi ABCDE- protokollan mukaisesti.<br>Tutkimustulosten tulkinta, NEWS\/ PEWS- pisteytys.<br>L\u00e4\u00e4ke- ja nestehoito.<br>Eri-ik\u00e4isten ja erilailla akuutisti sairastuneiden\/tehohoito potilaiden hoitaminen.<br>Kirjaaminen ja raportointi.<br>Aseptinen toiminta.<br>Eri-ik\u00e4isten potilaiden ohjaus tarkoituksenmukaisin menetelmin.<br>Omaisten ohjaus.<br>Potilasturvallisuutta edist\u00e4v\u00e4t ty\u00f6menetelm\u00e4t.<br>Tietosuoja ja tietoturvallisuus.<br>Hoitoty\u00f6n laadun arviointi.<br>Laatupoikkeamien tunnistaminen ja ennaltaehk\u00e4isy.<\/li>\n<\/ul>\n","protected":false},"excerpt":{"rendered":"","protected":false},"author":10217,"featured_media":0,"parent":2,"menu_order":6,"comment_status":"closed","ping_status":"closed","template":"","meta":{"footnotes":""},"class_list":["post-335","page","type-page","status-publish","hentry"],"_links":{"self":[{"href":"https:\/\/blogi.savonia.fi\/santerikolehmainen\/wp-json\/wp\/v2\/pages\/335","targetHints":{"allow":["GET"]}}],"collection":[{"href":"https:\/\/blogi.savonia.fi\/santerikolehmainen\/wp-json\/wp\/v2\/pages"}],"about":[{"href":"https:\/\/blogi.savonia.fi\/santerikolehmainen\/wp-json\/wp\/v2\/types\/page"}],"author":[{"embeddable":true,"href":"https:\/\/blogi.savonia.fi\/santerikolehmainen\/wp-json\/wp\/v2\/users\/10217"}],"replies":[{"embeddable":true,"href":"https:\/\/blogi.savonia.fi\/santerikolehmainen\/wp-json\/wp\/v2\/comments?post=335"}],"version-history":[{"count":3,"href":"https:\/\/blogi.savonia.fi\/santerikolehmainen\/wp-json\/wp\/v2\/pages\/335\/revisions"}],"predecessor-version":[{"id":434,"href":"https:\/\/blogi.savonia.fi\/santerikolehmainen\/wp-json\/wp\/v2\/pages\/335\/revisions\/434"}],"up":[{"embeddable":true,"href":"https:\/\/blogi.savonia.fi\/santerikolehmainen\/wp-json\/wp\/v2\/pages\/2"}],"wp:attachment":[{"href":"https:\/\/blogi.savonia.fi\/santerikolehmainen\/wp-json\/wp\/v2\/media?parent=335"}],"curies":[{"name":"wp","href":"https:\/\/api.w.org\/{rel}","templated":true}]}}