{"id":339,"date":"2026-03-15T15:57:12","date_gmt":"2026-03-15T13:57:12","guid":{"rendered":"https:\/\/blogi.savonia.fi\/santerikolehmainen\/?page_id=339"},"modified":"2026-05-07T08:03:13","modified_gmt":"2026-05-07T05:03:13","slug":"oppimisen-reflektointi","status":"publish","type":"page","link":"https:\/\/blogi.savonia.fi\/santerikolehmainen\/harjoittelut\/sa00ba95-harjoittelu-akuutti-ja-tehohoitotyo\/oppimisen-reflektointi\/","title":{"rendered":"Oppimisen reflektointi"},"content":{"rendered":"\n<p>Viikko 1 (Vk14).<br>Ensimm\u00e4isen viikon tavoitteisiin kuuluivat, yksik\u00f6n k\u00e4yt\u00e4nteisiin perehtyminen sek\u00e4 ty\u00f6vuorojen suunnitteleminen. <br>Ehdin olemaan perehdytysp\u00e4iv\u00e4n sek\u00e4 yhden aamuvuoron harjoittelussa ennenkuin sairastuin ja olin loppuviikon poissa. P\u00e4\u00e4sin kuitenkin hyvin ensimm\u00e4isin\u00e4 p\u00e4ivin\u00e4 vauhtiin ja p\u00e4\u00e4sin laittamaan kanyyleita sek\u00e4 toteuttamaan iv antibioottien laittamista. Viikko 2 tavoitteiisin kuului tarkempi perehtyminen sairaanhoitajan teht\u00e4viin p\u00e4ivystyksess\u00e4, potilasaineistoon perehtyminen sek\u00e4 rutiinin saaminen ty\u00f6ntekemiseen.<br><br><br>Viikko 2 (Vk 15).<br>Viikon tavoitteina oli tarkempi perehtyminen sairaanhoitajan teht\u00e4viin p\u00e4ivystyksess\u00e4, potilasaineistoon perehtyminen sek\u00e4 rutiinin saaminen ty\u00f6ntekemiseen. <br>P\u00e4\u00e4sin hyvin kiinni ty\u00f6ntekoon ja otin muutaman potilaan itselleni per vuoro, ohjaajan kanssa yhteisty\u00f6ss\u00e4 hoidettiin potilaita ja tein itsen\u00e4isesti ne hoitoty\u00f6n toteutukset jotka olivat ennest\u00e4\u00e4n tuttuja, mutta pyysin apua asioissa jotka eiv\u00e4t olleet niin tuttuja tai en ollut aiemmin tehnyt. Perehdyin my\u00f6s tarkemmin, mit\u00e4 kaikkea tulee tehd\u00e4, kun potilas tulee p\u00e4ivystykseen. Olen saanut jo hieman rutiinia tuohon, mutta mit\u00e4 useammin tekee sit\u00e4 paremmaksi siin\u00e4 tulee. Viel\u00e4 on hieman opettelmista siin\u00e4, ett\u00e4 osaa tehd\u00e4 j\u00e4rjestelm\u00e4llisesti potilaan vitaalien mittaamisen sek\u00e4 sis\u00e4\u00e4nkirjauksen.<br><br>Harjoittelussa olen p\u00e4\u00e4ssyt tekem\u00e4n paljon erilaisia toimenpiteit\u00e4, kuten kanyloiminen, verikokeiden ottaminen, katetroiminen sek\u00e4 l\u00e4\u00e4kkeiden antaminen iv:sti sek\u00e4 i.m. Haasteellisena olen kokenut verikokeiden ottamisen sek\u00e4 kanyloimisen ja olen kysynyt siihen ohjaajilta apua. Harjoittelun aikana olen onnistunut muutamaan otteeseen onnistuneesti kanyloimaan, mutta muutamalla kerralla ei se ole onnistunut. Toivon jatkossakin, ett\u00e4 p\u00e4\u00e4sen runsaasti kanyloimaan sek\u00e4 ottamaan verikokeita, jotta saan siihen hyv\u00e4n otteen ja kokemusta jatkoa ajatellen.<br><br>Olen todella paljon nauttinut harjoittelusta ja oma kokemukseni harjoittelupaikasta on se, ett\u00e4 siell\u00e4 ty\u00f6skentelemiseen vaaditaan paljon tietoa, koska potilasaineisto on laaja eik\u00e4 kukaan potilas oireile samalla tavalla. Viikko 3 tavoitteina on saada itsen\u00e4istytty\u00e4 ty\u00f6ss\u00e4 sek\u00e4 opetella mit\u00e4 erilaisia tutkimuksia erilaisista potilaista tulee tilata, kun potilas tulee p\u00e4ivystykseen. My\u00f6s kirjaamiseen tarkennusta sek\u00e4 laajutta.<br><br>Viikko 3 (Vk16)<br>Viikko meni hyvin, ty\u00f6vuorot painoittuivat y\u00f6vuoroihin ja p\u00e4\u00e4sin n\u00e4kem\u00e4\u00e4n mit\u00e4 p\u00e4ivystyksess\u00e4 tapahtuu y\u00f6aikaan. Tavoitteena t\u00e4lle viikolle oli saada omatoimista ty\u00f6otetta tekemiseen sek\u00e4 se mit\u00e4 erilaisia tutkimuksia mink\u00e4kin ryhm\u00e4n potilaista otetaan. Otin jokaisessa vuorossa itselleni pari potilasta ja hoidin heit\u00e4 omatoimisesti oman vuoroni ajan. Mielest\u00e4ni t\u00e4m\u00e4 toimi hyvin ja ongelmien ilmenness\u00e4 kysyin apua omalta ohjaajaltani. Kokemukseni potilaiden omatoimisesta hoidosta oli hyv\u00e4 ja mielest\u00e4ni se vahvisti omia vahvuuksia toimia jatkossa potilaiden kanssa omatoimisesti. P\u00e4\u00e4sin my\u00f6s tilaamaan omista potilaistani labrakokeita ja se selkeytti kuvaa siit\u00e4, mit\u00e4 erilaisia tutkimuksia eri alojen potilaista tulee ottaa. T\u00e4ss\u00e4 on kuitenkin viel\u00e4 paljon opittavaa, mutta uskon harjoittelun edetess\u00e4 t\u00e4m\u00e4n selkeytyv\u00e4n.<\/p>\n\n\n\n<p>Viikko 4 (Vk17) (V\u00e4liarvio)<br><br>Viikko 5 (Vk18)<br>Viikko sujunut hyviss\u00e4 merkeiss\u00e4. V\u00e4liarvioissa puhetta oli, ett\u00e4 syventyisin loppuharjoittelun aikana neurologisiin potilaisiin sek\u00e4 olisin mukana potilaan hoitoty\u00f6ss\u00e4 kokonaisuutena viel\u00e4 enemm\u00e4n, jotta potilaan hoitopolku ja tutkimukset selkytyisiv\u00e4t. My\u00f6s puhetta oli verikokeiden sek\u00e4 kanyloinnin vahvistamisesta. Neurologisia tutkimuksia olen v\u00e4h\u00e4n p\u00e4\u00e4ssyt tekem\u00e4\u00e4n ja seuraamaan, potilaita ei ole ollut t\u00e4ll\u00e4viikolla, jotka olisivat vaatineet laajaa neurologista tutkimusta. <br><br>Verikokeita ja kanyloimisen suhteen olen p\u00e4\u00e4ssyt toteuttamaan niit\u00e4 mielest\u00e4ni runsaasti. Haasteellisen kanyloimisesta tekee potilaan kuivuminen \/ heikosti n\u00e4kyv\u00e4t verisuonet. Kuitenkin onnistumisprosentti ollut hyv\u00e4 kanyloinnissa ja verikokeiden ottamisessa. Mit\u00e4 enemm\u00e4n p\u00e4\u00e4see vahvistamaan k\u00e4dentaitoja sit\u00e4 paremmaksi siin\u00e4 tulee. Aion loppujaksolla perehty\u00e4 viel\u00e4 tarkemmin verikokeiden ottamiseen, esim. siihen mik\u00e4 tutkimus otetaan mihinkin putkiloon. Seuraavalla viikolla alkaa moduuli ja tuohon tavoitteeksi otan ty\u00f6teht\u00e4vien priorisoinnin sek\u00e4 tarkemmin potilaiden tutkiminen.<br><br>Viikko 6 (Vk19) (Moduuli)<br><br>Viikko mennyt hyviss\u00e4 merkeiss\u00e4, maanantain moduulin aloitus oli mukava, mutta kokemuksena suhteellisen haastava. Oman potilaan kokonaishoidon opettelussa meni alkuvuoro ja loppuvuorossa homma alkoi luistaa paremmin. Ty\u00f6ryhm\u00e4n kanssa ryhm\u00e4ty\u00f6 alkoi sujua hyvin p\u00e4iv\u00e4n edetess\u00e4. <br><br>Moduulissa olen p\u00e4\u00e4ssyt paljon tekem\u00e4\u00e4n ja n\u00e4kem\u00e4\u00e4n potilaan koko hoitopolun ajan. Kokemuksen ja oppimisen kannalta moduuli on hyv\u00e4, koska joudun tekem\u00e4\u00e4n p\u00e4\u00e4t\u00f6ksi\u00e4 potilaan hoidosta ja priorisaatiosta. Labroja ja erilaisia kokeita en ole aiemmissa harjoitteluissani p\u00e4\u00e4syt hirve\u00e4mmin tekem\u00e4\u00e4n ja nyt olen p\u00e4\u00e4ssyt ottamaan paljon, kun olen potilaan hoidosta vastuussa. Opin paremmin tekem\u00e4ll\u00e4 ja n\u00e4kem\u00e4ll\u00e4 joten toistojen kautta eri kokeiden ottaminen on alkanut sujumaan ja koeputkien v\u00e4ritkin mieleen muistumaan.<br><br>Viikko 7 (Vk20) (Moduuli)<br><\/p>\n\n\n\n<div class=\"wp-block-comments\">\n\n\n\n\n\n\t<div id=\"respond\" class=\"comment-respond wp-block-post-comments-form\">\n\t\t<h3 id=\"reply-title\" class=\"comment-reply-title\">Vastaa <small><a rel=\"nofollow\" id=\"cancel-comment-reply-link\" href=\"\/santerikolehmainen\/wp-json\/wp\/v2\/pages\/339#respond\" style=\"display:none;\">Peruuta vastaus<\/a><\/small><\/h3><form action=\"https:\/\/blogi.savonia.fi\/santerikolehmainen\/wp-comments-post.php\" method=\"post\" id=\"commentform\" class=\"comment-form\"><p class=\"comment-notes\"><span id=\"email-notes\">S\u00e4hk\u00f6postiosoitettasi ei julkaista.<\/span> <span class=\"required-field-message\">Pakolliset kent\u00e4t on merkitty <span class=\"required\">*<\/span><\/span><\/p><p class=\"comment-form-comment\"><label for=\"comment\">Kommentti <span class=\"required\">*<\/span><\/label> <textarea id=\"comment\" name=\"comment\" cols=\"45\" rows=\"8\" maxlength=\"65525\" required=\"required\"><\/textarea><\/p><p class=\"comment-form-author\"><label for=\"author\">Nimi <span class=\"required\">*<\/span><\/label> <input id=\"author\" name=\"author\" type=\"text\" value=\"\" size=\"30\" maxlength=\"245\" autocomplete=\"name\" required=\"required\" \/><\/p>\n<p class=\"comment-form-email\"><label for=\"email\">S\u00e4hk\u00f6postiosoite <span class=\"required\">*<\/span><\/label> <input id=\"email\" name=\"email\" type=\"text\" value=\"\" size=\"30\" maxlength=\"100\" aria-describedby=\"email-notes\" autocomplete=\"email\" required=\"required\" \/><\/p>\n<p class=\"comment-form-url\"><label for=\"url\">Verkkosivusto<\/label> <input id=\"url\" name=\"url\" type=\"text\" value=\"\" size=\"30\" maxlength=\"200\" autocomplete=\"url\" \/><\/p>\n<p class=\"comment-form-cookies-consent\"><input id=\"wp-comment-cookies-consent\" name=\"wp-comment-cookies-consent\" type=\"checkbox\" value=\"yes\" \/> <label for=\"wp-comment-cookies-consent\">Tallenna nimeni, s\u00e4hk\u00f6postiosoitteeni ja sivustoni t\u00e4h\u00e4n selaimeen seuraavaa kommentointikertaa varten.<\/label><\/p>\n<p class=\"form-submit\"><p class=\"be-mu-captcha-comment-image-p\"><label>Security Image:<\/label> <img decoding=\"async\" class=\"be-mu-captcha-image\" src=\"https:\/\/blogi.savonia.fi\/santerikolehmainen\/wp-content\/uploads\/sites\/12213\/be_mu_captcha\/ize5ir1576rzm6riu3nnytc022vjv3wsi607uy1p.png\" \/> <input name=\"be-mu-captcha-request\" type=\"hidden\" value=\"ize5ir1576rzm6riu3nnytc022vjv3wsi607uy1p\" \/><\/p><p class=\"be-mu-captcha-comment-answer-p\"><label for=\"be-mu-captcha-answer\">Security Text:<\/label> <input id=\"be-mu-captcha-answer\" autocomplete=\"off\" name=\"be-mu-captcha-answer\" size=\"9\" type=\"text\" \/><\/p><input name=\"submit\" type=\"submit\" id=\"submit\" class=\"submit\" value=\"L\u00e4het\u00e4 kommentti\" \/> <input type='hidden' name='comment_post_ID' value='339' id='comment_post_ID' \/>\n<input type='hidden' name='comment_parent' id='comment_parent' value='0' \/>\n<\/p><\/form>\t<\/div><!-- #respond -->\n\t<\/div>\n","protected":false},"excerpt":{"rendered":"<p>Viikko 1 (Vk14).Ensimm\u00e4isen viikon tavoitteisiin kuuluivat, yksik\u00f6n k\u00e4yt\u00e4nteisiin perehtyminen sek\u00e4 ty\u00f6vuorojen suunnitteleminen. Ehdin olemaan perehdytysp\u00e4iv\u00e4n sek\u00e4 yhden aamuvuoron harjoittelussa ennenkuin sairastuin ja olin loppuviikon poissa. P\u00e4\u00e4sin kuitenkin hyvin ensimm\u00e4isin\u00e4 p\u00e4ivin\u00e4 vauhtiin ja p\u00e4\u00e4sin laittamaan kanyyleita sek\u00e4 toteuttamaan iv antibioottien laittamista. Viikko 2 tavoitteiisin kuului tarkempi perehtyminen sairaanhoitajan teht\u00e4viin p\u00e4ivystyksess\u00e4, potilasaineistoon perehtyminen sek\u00e4 rutiinin saaminen ty\u00f6ntekemiseen.\u2026 <span class=\"read-more\"><a href=\"https:\/\/blogi.savonia.fi\/santerikolehmainen\/harjoittelut\/sa00ba95-harjoittelu-akuutti-ja-tehohoitotyo\/oppimisen-reflektointi\/\">Read More &raquo;<\/a><\/span><\/p>\n","protected":false},"author":10217,"featured_media":0,"parent":335,"menu_order":2,"comment_status":"open","ping_status":"closed","template":"","meta":{"footnotes":""},"class_list":["post-339","page","type-page","status-publish","hentry"],"_links":{"self":[{"href":"https:\/\/blogi.savonia.fi\/santerikolehmainen\/wp-json\/wp\/v2\/pages\/339","targetHints":{"allow":["GET"]}}],"collection":[{"href":"https:\/\/blogi.savonia.fi\/santerikolehmainen\/wp-json\/wp\/v2\/pages"}],"about":[{"href":"https:\/\/blogi.savonia.fi\/santerikolehmainen\/wp-json\/wp\/v2\/types\/page"}],"author":[{"embeddable":true,"href":"https:\/\/blogi.savonia.fi\/santerikolehmainen\/wp-json\/wp\/v2\/users\/10217"}],"replies":[{"embeddable":true,"href":"https:\/\/blogi.savonia.fi\/santerikolehmainen\/wp-json\/wp\/v2\/comments?post=339"}],"version-history":[{"count":11,"href":"https:\/\/blogi.savonia.fi\/santerikolehmainen\/wp-json\/wp\/v2\/pages\/339\/revisions"}],"predecessor-version":[{"id":378,"href":"https:\/\/blogi.savonia.fi\/santerikolehmainen\/wp-json\/wp\/v2\/pages\/339\/revisions\/378"}],"up":[{"embeddable":true,"href":"https:\/\/blogi.savonia.fi\/santerikolehmainen\/wp-json\/wp\/v2\/pages\/335"}],"wp:attachment":[{"href":"https:\/\/blogi.savonia.fi\/santerikolehmainen\/wp-json\/wp\/v2\/media?parent=339"}],"curies":[{"name":"wp","href":"https:\/\/api.w.org\/{rel}","templated":true}]}}