{"id":16,"date":"2023-11-25T13:36:38","date_gmt":"2023-11-25T11:36:38","guid":{"rendered":"https:\/\/blogi.savonia.fi\/siljarautiainen\/?page_id=16"},"modified":"2024-02-26T19:20:14","modified_gmt":"2024-02-26T17:20:14","slug":"cv","status":"publish","type":"page","link":"https:\/\/blogi.savonia.fi\/siljarautiainen\/cv\/","title":{"rendered":"CV"},"content":{"rendered":"\n<p class=\"has-pale-ocean-gradient-background has-background has-medium-font-size\"><strong>Silja Rautiainen<\/strong><\/p>\n\n\n\n<p class=\"has-pale-ocean-gradient-background has-background has-medium-font-size\"><strong>Education:<\/strong><\/p>\n\n\n\n<p class=\"has-small-font-size\"><br><strong>2004             Medical laboratory technologist,<\/strong> Savonia University of Applied Sciences<br><strong>2001             Matriculation examination,<\/strong> General upper secondary school of Lapinlahti<\/p>\n\n\n\n<p><\/p>\n\n\n\n<p class=\"has-pale-ocean-gradient-background has-background has-medium-font-size\"><strong>Work experience as medical laboratory technologist:<\/strong><\/p>\n\n\n\n<div class=\"wp-block-group\"><div class=\"wp-block-group__inner-container is-layout-constrained wp-block-group-is-layout-constrained\">\n<p><strong>2023 &#8211;           ISLAB Hyvinvointiyhtym\u00e4<\/strong> <\/p>\n\n\n\n<p><strong>2023 &#8211; 2010  ISLAB Laboratoriokeskuksen liikelaitos kuntayhtym\u00e4<\/strong>                                                                                                                                              <\/p>\n\n\n\n<p><strong>2010 &#8211; 2006<\/strong>  <strong>City of Nilsi\u00e4 <\/strong>                                                                                                                       <\/p>\n\n\n\n<p><strong>2006           <\/strong>  <strong>Kuopio University Hospital<\/strong> (3 months)                                                                             <\/p>\n\n\n\n<p><strong>2006 &#8211; 2004<\/strong>  <strong>City of Nilsi\u00e4<\/strong>                                                                                                                            <\/p>\n\n\n\n<p><strong>2004            <\/strong> <strong>Siilinj\u00e4rven ja Maaningan terveydenhuollon kuntayhtym\u00e4<\/strong>                                           <\/p>\n\n\n\n<p><strong>2003            <\/strong> <strong>City of Nilsi\u00e4<\/strong> (3 months)<\/p>\n<\/div><\/div>\n\n\n\n<h2 class=\"wp-block-heading has-pale-ocean-gradient-background has-background\">Languages:<\/h2>\n\n\n\n<p><strong>Finnish (native), English (good), Swedish (fair knowledge), French (basics) and Russian (basics)<\/strong><\/p>\n\n\n\n<h2 class=\"wp-block-heading has-pale-ocean-gradient-background has-background\">Hobbies: <\/h2>\n\n\n\n<p><strong>Gardening, jogging and pets (dogs, sheeps and chickens).<\/strong><\/p>\n","protected":false},"excerpt":{"rendered":"<p>Silja Rautiainen Education: 2004 Medical laboratory technologist, Savonia University of Applied Sciences2001 Matriculation examination, General upper secondary school of Lapinlahti Work experience as medical laboratory technologist: 2023 &#8211; ISLAB Hyvinvointiyhtym\u00e4 2023 &#8211; 2010 ISLAB Laboratoriokeskuksen liikelaitos kuntayhtym\u00e4 2010 &#8211; 2006 City of Nilsi\u00e4 2006 Kuopio University Hospital (3 months) 2006 &#8211; 2004 City of Nilsi\u00e4 [&hellip;]<\/p>\n","protected":false},"author":11100,"featured_media":0,"parent":0,"menu_order":5,"comment_status":"open","ping_status":"closed","template":"","meta":{"footnotes":""},"class_list":["post-16","page","type-page","status-publish","hentry"],"_links":{"self":[{"href":"https:\/\/blogi.savonia.fi\/siljarautiainen\/wp-json\/wp\/v2\/pages\/16","targetHints":{"allow":["GET"]}}],"collection":[{"href":"https:\/\/blogi.savonia.fi\/siljarautiainen\/wp-json\/wp\/v2\/pages"}],"about":[{"href":"https:\/\/blogi.savonia.fi\/siljarautiainen\/wp-json\/wp\/v2\/types\/page"}],"author":[{"embeddable":true,"href":"https:\/\/blogi.savonia.fi\/siljarautiainen\/wp-json\/wp\/v2\/users\/11100"}],"replies":[{"embeddable":true,"href":"https:\/\/blogi.savonia.fi\/siljarautiainen\/wp-json\/wp\/v2\/comments?post=16"}],"version-history":[{"count":11,"href":"https:\/\/blogi.savonia.fi\/siljarautiainen\/wp-json\/wp\/v2\/pages\/16\/revisions"}],"predecessor-version":[{"id":95,"href":"https:\/\/blogi.savonia.fi\/siljarautiainen\/wp-json\/wp\/v2\/pages\/16\/revisions\/95"}],"wp:attachment":[{"href":"https:\/\/blogi.savonia.fi\/siljarautiainen\/wp-json\/wp\/v2\/media?parent=16"}],"curies":[{"name":"wp","href":"https:\/\/api.w.org\/{rel}","templated":true}]}}